{"id":15885,"date":"2024-04-15T22:16:26","date_gmt":"2024-04-16T03:16:26","guid":{"rendered":"https:\/\/www.blupools.com\/?page_id=15885"},"modified":"2024-04-19T15:00:15","modified_gmt":"2024-04-19T20:00:15","slug":"noticias","status":"publish","type":"page","link":"https:\/\/www.blupools.com\/co\/noticias\/","title":{"rendered":"Noticias"},"content":{"rendered":"\t\t<div data-elementor-type=\"wp-page\" data-elementor-id=\"15885\" class=\"elementor elementor-15885\" data-elementor-post-type=\"page\">\n\t\t\t\t<div class=\"elementor-element elementor-element-8c3e46e e-flex e-con-boxed e-con e-parent\" data-id=\"8c3e46e\" data-element_type=\"container\" data-core-v316-plus=\"true\">\n\t\t\t\t\t<div class=\"e-con-inner\">\n\t\t\t\t<div class=\"elementor-element elementor-element-3230d29 elementor-widget elementor-widget-pix-blog-slider\" data-id=\"3230d29\" data-element_type=\"widget\" data-settings=\"{&quot;ekit_we_effect_on&quot;:&quot;none&quot;}\" data-widget_type=\"pix-blog-slider.default\">\n\t\t\t\t<div class=\"elementor-widget-container\">\n\t\t\t<div class=\" \"><div id=\"pix-slider-48186545\" class=\"pix-main-slider pix-fix-x2  pix-style-standard pix-effect-standard   pix-slider-3 pix-slider-dots  \" data-flickity='{\"autoPlay\":false,\"freeScroll\":false,\"prevNextButtons\":true,\"wrapAround\":true,\"pageDots\":true,\"adaptiveHeight\":true,\"rightToLeft\":false,\"cellAlign\":\"center\",\"contain\":true,\"slider_effect\":\"pix-effect-standard\",\"pix_id\":\"#pix-slider-48186545\"}'><div class=\"carousel-cell\"><div class=\"slide-inner pix-p-10\"><div class=\"pix-slider-effects\"><div class=\"pix-content-box pix-post-meta-element pix-post-meta-basic fly-sm2 d-flex align-content-between flex-wrap align-self-stretch rounded-0 overflow-hidden w-100  post-15444 post type-post status-publish format-standard has-post-thumbnail hentry category-tips\"  >\n\t\t\t\t<div class=\"d-flex align-items-start w-100\">\n\t\t\t\t\t<div class=\"w-100\"><div class=\"d-block \"><a href=\"https:\/\/www.blupools.com\/co\/6-razones-de-como-las-piscinas-duraderas-y-eficientes-benefician-a-instituciones-publicas-y-privadas\/\"><div class=\"rounded-0 overflow-hidden position-relative d-block pix-fit-cover\" style=\"height:200px;width:100%;\"><img loading=\"lazy\" decoding=\"async\" width=\"622\" height=\"400\" src=\"https:\/\/www.blupools.com\/co\/wp-content\/uploads\/2024\/03\/Blog_4-622x400.png\" class=\"img-fluid  card-img-top pix-fit-cover2\" alt=\"6 Razones de C\u00f3mo las Piscinas Duraderas y Eficientes Benefician a Instituciones P\u00fablicas y Privadas\" style=\"height:200px;width:100%;object-fit: cover;\" loading=\"lazy\" \/><\/div><\/a><\/div><div class=\"d-block pix-p-20 position-relative\">\n\t\t\t\t\t\t\t<span class=\"pix-post-meta-categories d-inline-block text-sm pb-1 mb-1\"><a href=\"https:\/\/www.blupools.com\/co\/category\/tips\/\" target=\"_self\"><span class=\"pix-badge-element custom d-inline-flex mr-1 \"  ><span class=\"badge font-weight-bold bg-primary-light  \" style=\"font-size:12px; padding:5px 10px;line-height:12px;margin-right:3px;\"><span class=\"text-primary\" style=\"\">Tips<\/span><\/span><\/span><\/a><\/span>\n\t\t\t\t\t\t\t<a class=\"text-heading-default\" href=\"https:\/\/www.blupools.com\/co\/6-razones-de-como-las-piscinas-duraderas-y-eficientes-benefician-a-instituciones-publicas-y-privadas\/\"><h5 class=\"card-title mb-2 secondary-font font-weight-bold\">6 Razones de C\u00f3mo las Piscinas Duraderas y Eficientes Benefician a Instituciones P\u00fablicas y Privadas<\/h5><\/a><a class=\"pix-post-meta-date text-sm mb-0 d-inline-block text-body-default svg-body-default\" href=\"https:\/\/www.blupools.com\/co\/6-razones-de-como-las-piscinas-duraderas-y-eficientes-benefician-a-instituciones-publicas-y-privadas\/\"><span class=\"pr-1\">\n\t\t\t\t\t\t\t\t<svg xmlns=\"http:\/\/www.w3.org\/2000\/svg\" width=\"18\" height=\"18\" viewBox=\"0 0 18 18\">\n  <path d=\"M9,0 C13.95,0 18,4.05 18,9 C18,13.95 13.95,18 9,18 C4.05,18 0,13.95 0,9 C0,4.05 4.05,0 9,0 Z M9,16.2 C12.96,16.2 16.2,12.96 16.2,9 C16.2,5.04 12.96,1.8 9,1.8 C5.04,1.8 1.8,5.04 1.8,9 C1.8,12.96 5.04,16.2 9,16.2 Z M12.6,9.4 C13.26,9.4 13.8,9.64 13.8,10.3 C13.8,10.96 13.26,11.2 12.6,11.2 L7.8,11.2 L7.8,5.8 C7.8,5.14 8.04,4.6 8.7,4.6 C9.36,4.6 9.6,5.14 9.6,5.8 L9.6,9.4 L12.6,9.4 Z\"\/>\n<\/svg>\n\n\t\t\t\t\t\t\t\t<\/span><span class=\"text-body-default\">marzo 18, 2024<\/span><\/a><\/div>\n\t\t\t\t\t<\/div>\n\t\t\t\t<\/div><\/div><\/div><\/div><\/div><div class=\"carousel-cell\"><div class=\"slide-inner pix-p-10\"><div class=\"pix-slider-effects\"><div class=\"pix-content-box pix-post-meta-element pix-post-meta-basic fly-sm2 d-flex align-content-between flex-wrap align-self-stretch rounded-0 overflow-hidden w-100  post-15399 post type-post status-publish format-standard has-post-thumbnail hentry category-recomendaciones\"  >\n\t\t\t\t<div class=\"d-flex align-items-start w-100\">\n\t\t\t\t\t<div class=\"w-100\"><div class=\"d-block \"><a href=\"https:\/\/www.blupools.com\/co\/integrando-piscinas-en-disenos-arquitectonicos-modernos-una-simbiosis-de-estetica-y-funcionalidad\/\"><div class=\"rounded-0 overflow-hidden position-relative d-block pix-fit-cover\" style=\"height:200px;width:100%;\"><img loading=\"lazy\" decoding=\"async\" width=\"622\" height=\"400\" src=\"https:\/\/www.blupools.com\/co\/wp-content\/uploads\/2024\/03\/Blog_3-622x400.png\" class=\"img-fluid  card-img-top pix-fit-cover2\" alt=\"Integrando Piscinas en Dise\u00f1os Arquitect\u00f3nicos Modernos: Una Simbiosis de Est\u00e9tica y Funcionalidad\" style=\"height:200px;width:100%;object-fit: cover;\" loading=\"lazy\" \/><\/div><\/a><\/div><div class=\"d-block pix-p-20 position-relative\">\n\t\t\t\t\t\t\t<span class=\"pix-post-meta-categories d-inline-block text-sm pb-1 mb-1\"><a href=\"https:\/\/www.blupools.com\/co\/category\/recomendaciones\/\" target=\"_self\"><span class=\"pix-badge-element custom d-inline-flex mr-1 \"  ><span class=\"badge font-weight-bold bg-primary-light  \" style=\"font-size:12px; padding:5px 10px;line-height:12px;margin-right:3px;\"><span class=\"text-primary\" style=\"\">Recomendaciones<\/span><\/span><\/span><\/a><\/span>\n\t\t\t\t\t\t\t<a class=\"text-heading-default\" href=\"https:\/\/www.blupools.com\/co\/integrando-piscinas-en-disenos-arquitectonicos-modernos-una-simbiosis-de-estetica-y-funcionalidad\/\"><h5 class=\"card-title mb-2 secondary-font font-weight-bold\">Integrando Piscinas en Dise\u00f1os Arquitect\u00f3nicos Modernos: Una Simbiosis de Est\u00e9tica y Funcionalidad<\/h5><\/a><a class=\"pix-post-meta-date text-sm mb-0 d-inline-block text-body-default svg-body-default\" href=\"https:\/\/www.blupools.com\/co\/integrando-piscinas-en-disenos-arquitectonicos-modernos-una-simbiosis-de-estetica-y-funcionalidad\/\"><span class=\"pr-1\">\n\t\t\t\t\t\t\t\t<svg xmlns=\"http:\/\/www.w3.org\/2000\/svg\" width=\"18\" height=\"18\" viewBox=\"0 0 18 18\">\n  <path d=\"M9,0 C13.95,0 18,4.05 18,9 C18,13.95 13.95,18 9,18 C4.05,18 0,13.95 0,9 C0,4.05 4.05,0 9,0 Z M9,16.2 C12.96,16.2 16.2,12.96 16.2,9 C16.2,5.04 12.96,1.8 9,1.8 C5.04,1.8 1.8,5.04 1.8,9 C1.8,12.96 5.04,16.2 9,16.2 Z M12.6,9.4 C13.26,9.4 13.8,9.64 13.8,10.3 C13.8,10.96 13.26,11.2 12.6,11.2 L7.8,11.2 L7.8,5.8 C7.8,5.14 8.04,4.6 8.7,4.6 C9.36,4.6 9.6,5.14 9.6,5.8 L9.6,9.4 L12.6,9.4 Z\"\/>\n<\/svg>\n\n\t\t\t\t\t\t\t\t<\/span><span class=\"text-body-default\">marzo 13, 2024<\/span><\/a><\/div>\n\t\t\t\t\t<\/div>\n\t\t\t\t<\/div><\/div><\/div><\/div><\/div><div class=\"carousel-cell\"><div class=\"slide-inner pix-p-10\"><div class=\"pix-slider-effects\"><div class=\"pix-content-box pix-post-meta-element pix-post-meta-basic fly-sm2 d-flex align-content-between flex-wrap align-self-stretch rounded-0 overflow-hidden w-100  post-15397 post type-post status-publish format-standard has-post-thumbnail hentry category-tips\"  >\n\t\t\t\t<div class=\"d-flex align-items-start w-100\">\n\t\t\t\t\t<div class=\"w-100\"><div class=\"d-block \"><a href=\"https:\/\/www.blupools.com\/co\/7-beneficios-de-trabajar-con-especialistas-en-piscinas-para-tus-proyectos-de-construccion\/\"><div class=\"rounded-0 overflow-hidden position-relative d-block pix-fit-cover\" style=\"height:200px;width:100%;\"><img loading=\"lazy\" decoding=\"async\" width=\"622\" height=\"400\" src=\"https:\/\/www.blupools.com\/co\/wp-content\/uploads\/2024\/03\/Blog_2-622x400.png\" class=\"img-fluid  card-img-top pix-fit-cover2\" alt=\"7 Beneficios de trabajar con Especialistas en Piscinas para tus Proyectos de Construcci\u00f3n\" style=\"height:200px;width:100%;object-fit: cover;\" loading=\"lazy\" \/><\/div><\/a><\/div><div class=\"d-block pix-p-20 position-relative\">\n\t\t\t\t\t\t\t<span class=\"pix-post-meta-categories d-inline-block text-sm pb-1 mb-1\"><a href=\"https:\/\/www.blupools.com\/co\/category\/tips\/\" target=\"_self\"><span class=\"pix-badge-element custom d-inline-flex mr-1 \"  ><span class=\"badge font-weight-bold bg-primary-light  \" style=\"font-size:12px; padding:5px 10px;line-height:12px;margin-right:3px;\"><span class=\"text-primary\" style=\"\">Tips<\/span><\/span><\/span><\/a><\/span>\n\t\t\t\t\t\t\t<a class=\"text-heading-default\" href=\"https:\/\/www.blupools.com\/co\/7-beneficios-de-trabajar-con-especialistas-en-piscinas-para-tus-proyectos-de-construccion\/\"><h5 class=\"card-title mb-2 secondary-font font-weight-bold\">7 Beneficios de trabajar con Especialistas en Piscinas para tus Proyectos de Construcci\u00f3n<\/h5><\/a><a class=\"pix-post-meta-date text-sm mb-0 d-inline-block text-body-default svg-body-default\" href=\"https:\/\/www.blupools.com\/co\/7-beneficios-de-trabajar-con-especialistas-en-piscinas-para-tus-proyectos-de-construccion\/\"><span class=\"pr-1\">\n\t\t\t\t\t\t\t\t<svg xmlns=\"http:\/\/www.w3.org\/2000\/svg\" width=\"18\" height=\"18\" viewBox=\"0 0 18 18\">\n  <path d=\"M9,0 C13.95,0 18,4.05 18,9 C18,13.95 13.95,18 9,18 C4.05,18 0,13.95 0,9 C0,4.05 4.05,0 9,0 Z M9,16.2 C12.96,16.2 16.2,12.96 16.2,9 C16.2,5.04 12.96,1.8 9,1.8 C5.04,1.8 1.8,5.04 1.8,9 C1.8,12.96 5.04,16.2 9,16.2 Z M12.6,9.4 C13.26,9.4 13.8,9.64 13.8,10.3 C13.8,10.96 13.26,11.2 12.6,11.2 L7.8,11.2 L7.8,5.8 C7.8,5.14 8.04,4.6 8.7,4.6 C9.36,4.6 9.6,5.14 9.6,5.8 L9.6,9.4 L12.6,9.4 Z\"\/>\n<\/svg>\n\n\t\t\t\t\t\t\t\t<\/span><span class=\"text-body-default\">marzo 13, 2024<\/span><\/a><\/div>\n\t\t\t\t\t<\/div>\n\t\t\t\t<\/div><\/div><\/div><\/div><\/div><div class=\"carousel-cell\"><div class=\"slide-inner pix-p-10\"><div class=\"pix-slider-effects\"><div class=\"pix-content-box pix-post-meta-element pix-post-meta-basic fly-sm2 d-flex align-content-between flex-wrap align-self-stretch rounded-0 overflow-hidden w-100  post-15395 post type-post status-publish format-standard has-post-thumbnail hentry category-noticias\"  >\n\t\t\t\t<div class=\"d-flex align-items-start w-100\">\n\t\t\t\t\t<div class=\"w-100\"><div class=\"d-block \"><a href=\"https:\/\/www.blupools.com\/co\/las-tendencias-mas-actuales-en-diseno-de-piscinas-para-2024\/\"><div class=\"rounded-0 overflow-hidden position-relative d-block pix-fit-cover\" style=\"height:200px;width:100%;\"><img loading=\"lazy\" decoding=\"async\" width=\"622\" height=\"400\" src=\"https:\/\/www.blupools.com\/co\/wp-content\/uploads\/2024\/03\/Blog_1-622x400.png\" class=\"img-fluid  card-img-top pix-fit-cover2\" alt=\"Las Tendencias m\u00e1s Actuales en Dise\u00f1o de Piscinas para 2024\" style=\"height:200px;width:100%;object-fit: cover;\" loading=\"lazy\" \/><\/div><\/a><\/div><div class=\"d-block pix-p-20 position-relative\">\n\t\t\t\t\t\t\t<span class=\"pix-post-meta-categories d-inline-block text-sm pb-1 mb-1\"><a href=\"https:\/\/www.blupools.com\/co\/category\/noticias\/\" target=\"_self\"><span class=\"pix-badge-element custom d-inline-flex mr-1 \"  ><span class=\"badge font-weight-bold bg-primary-light  \" style=\"font-size:12px; padding:5px 10px;line-height:12px;margin-right:3px;\"><span class=\"text-primary\" style=\"\">Noticias<\/span><\/span><\/span><\/a><\/span>\n\t\t\t\t\t\t\t<a class=\"text-heading-default\" href=\"https:\/\/www.blupools.com\/co\/las-tendencias-mas-actuales-en-diseno-de-piscinas-para-2024\/\"><h5 class=\"card-title mb-2 secondary-font font-weight-bold\">Las Tendencias m\u00e1s Actuales en Dise\u00f1o de Piscinas para 2024<\/h5><\/a><a class=\"pix-post-meta-date text-sm mb-0 d-inline-block text-body-default svg-body-default\" href=\"https:\/\/www.blupools.com\/co\/las-tendencias-mas-actuales-en-diseno-de-piscinas-para-2024\/\"><span class=\"pr-1\">\n\t\t\t\t\t\t\t\t<svg xmlns=\"http:\/\/www.w3.org\/2000\/svg\" width=\"18\" height=\"18\" viewBox=\"0 0 18 18\">\n  <path d=\"M9,0 C13.95,0 18,4.05 18,9 C18,13.95 13.95,18 9,18 C4.05,18 0,13.95 0,9 C0,4.05 4.05,0 9,0 Z M9,16.2 C12.96,16.2 16.2,12.96 16.2,9 C16.2,5.04 12.96,1.8 9,1.8 C5.04,1.8 1.8,5.04 1.8,9 C1.8,12.96 5.04,16.2 9,16.2 Z M12.6,9.4 C13.26,9.4 13.8,9.64 13.8,10.3 C13.8,10.96 13.26,11.2 12.6,11.2 L7.8,11.2 L7.8,5.8 C7.8,5.14 8.04,4.6 8.7,4.6 C9.36,4.6 9.6,5.14 9.6,5.8 L9.6,9.4 L12.6,9.4 Z\"\/>\n<\/svg>\n\n\t\t\t\t\t\t\t\t<\/span><span class=\"text-body-default\">marzo 13, 2024<\/span><\/a><\/div>\n\t\t\t\t\t<\/div>\n\t\t\t\t<\/div><\/div><\/div><\/div><\/div><\/div><\/div>\n\t\t<\/div>\n\t\t\t\t<\/div>\n\t\t\t\t\t<\/div>\n\t\t\t\t<\/div>\n\t\t\t\t<\/div>\n\t\t","protected":false},"excerpt":{"rendered":"<p>Tips 6 Razones de C\u00f3mo las Piscinas Duraderas y Eficientes Benefician a Instituciones P\u00fablicas y Privadas marzo 18, 2024 Recomendaciones Integrando Piscinas en Dise\u00f1os Arquitect\u00f3nicos Modernos: Una Simbiosis de Est\u00e9tica y Funcionalidad marzo 13, 2024 Tips 7 Beneficios de trabajar&#8230;<\/p>\n","protected":false},"author":1,"featured_media":0,"parent":0,"menu_order":0,"comment_status":"closed","ping_status":"closed","template":"elementor_header_footer","meta":{"footnotes":""},"class_list":["post-15885","page","type-page","status-publish","hentry"],"yoast_head":"<!-- This site is optimized with the Yoast SEO plugin v22.8 - https:\/\/yoast.com\/wordpress\/plugins\/seo\/ -->\n<title>Noticias - Blupools<\/title>\n<meta name=\"robots\" content=\"index, follow, max-snippet:-1, max-image-preview:large, max-video-preview:-1\" \/>\n<link rel=\"canonical\" href=\"https:\/\/www.blupools.com\/co\/noticias\/\" \/>\n<meta property=\"og:locale\" content=\"es_ES\" \/>\n<meta property=\"og:type\" content=\"article\" \/>\n<meta property=\"og:title\" content=\"Noticias - Blupools\" \/>\n<meta property=\"og:description\" content=\"Tips 6 Razones de C\u00f3mo las Piscinas Duraderas y Eficientes Benefician a Instituciones P\u00fablicas y Privadas marzo 18, 2024 Recomendaciones Integrando Piscinas en Dise\u00f1os Arquitect\u00f3nicos Modernos: Una Simbiosis de Est\u00e9tica y Funcionalidad marzo 13, 2024 Tips 7 Beneficios de trabajar...\" \/>\n<meta property=\"og:url\" content=\"https:\/\/www.blupools.com\/co\/noticias\/\" \/>\n<meta property=\"og:site_name\" content=\"Blupools\" \/>\n<meta property=\"article:modified_time\" content=\"2024-04-19T20:00:15+00:00\" \/>\n<meta property=\"og:image\" content=\"https:\/\/www.blupools.com\/co\/wp-content\/uploads\/2024\/03\/Blog_4-622x400.png\" \/>\n<meta name=\"twitter:card\" content=\"summary_large_image\" \/>\n<script type=\"application\/ld+json\" class=\"yoast-schema-graph\">{\"@context\":\"https:\/\/schema.org\",\"@graph\":[{\"@type\":\"WebPage\",\"@id\":\"https:\/\/www.blupools.com\/co\/noticias\/\",\"url\":\"https:\/\/www.blupools.com\/co\/noticias\/\",\"name\":\"Noticias - Blupools\",\"isPartOf\":{\"@id\":\"https:\/\/www.blupools.com\/co\/#website\"},\"primaryImageOfPage\":{\"@id\":\"https:\/\/www.blupools.com\/co\/noticias\/#primaryimage\"},\"image\":{\"@id\":\"https:\/\/www.blupools.com\/co\/noticias\/#primaryimage\"},\"thumbnailUrl\":\"https:\/\/www.blupools.com\/co\/wp-content\/uploads\/2024\/03\/Blog_4-622x400.png\",\"datePublished\":\"2024-04-16T03:16:26+00:00\",\"dateModified\":\"2024-04-19T20:00:15+00:00\",\"breadcrumb\":{\"@id\":\"https:\/\/www.blupools.com\/co\/noticias\/#breadcrumb\"},\"inLanguage\":\"es\",\"potentialAction\":[{\"@type\":\"ReadAction\",\"target\":[\"https:\/\/www.blupools.com\/co\/noticias\/\"]}]},{\"@type\":\"ImageObject\",\"inLanguage\":\"es\",\"@id\":\"https:\/\/www.blupools.com\/co\/noticias\/#primaryimage\",\"url\":\"https:\/\/www.blupools.com\/co\/wp-content\/uploads\/2024\/03\/Blog_4.png\",\"contentUrl\":\"https:\/\/www.blupools.com\/co\/wp-content\/uploads\/2024\/03\/Blog_4.png\",\"width\":1920,\"height\":1280},{\"@type\":\"BreadcrumbList\",\"@id\":\"https:\/\/www.blupools.com\/co\/noticias\/#breadcrumb\",\"itemListElement\":[{\"@type\":\"ListItem\",\"position\":1,\"name\":\"Portada\",\"item\":\"https:\/\/www.blupools.com\/co\/\"},{\"@type\":\"ListItem\",\"position\":2,\"name\":\"Noticias\"}]},{\"@type\":\"WebSite\",\"@id\":\"https:\/\/www.blupools.com\/co\/#website\",\"url\":\"https:\/\/www.blupools.com\/co\/\",\"name\":\"Blupools Colombia\",\"description\":\"Equipos para Piscinas y Spa&#039;s\",\"publisher\":{\"@id\":\"https:\/\/www.blupools.com\/co\/#organization\"},\"potentialAction\":[{\"@type\":\"SearchAction\",\"target\":{\"@type\":\"EntryPoint\",\"urlTemplate\":\"https:\/\/www.blupools.com\/co\/?s={search_term_string}\"},\"query-input\":\"required name=search_term_string\"}],\"inLanguage\":\"es\"},{\"@type\":\"Organization\",\"@id\":\"https:\/\/www.blupools.com\/co\/#organization\",\"name\":\"Blupools Colombia\",\"url\":\"https:\/\/www.blupools.com\/co\/\",\"logo\":{\"@type\":\"ImageObject\",\"inLanguage\":\"es\",\"@id\":\"https:\/\/www.blupools.com\/co\/#\/schema\/logo\/image\/\",\"url\":\"https:\/\/www.blupools.com\/co\/wp-content\/uploads\/2024\/06\/Logo_BP_Col.png\",\"contentUrl\":\"https:\/\/www.blupools.com\/co\/wp-content\/uploads\/2024\/06\/Logo_BP_Col.png\",\"width\":5000,\"height\":5000,\"caption\":\"Blupools Colombia\"},\"image\":{\"@id\":\"https:\/\/www.blupools.com\/co\/#\/schema\/logo\/image\/\"}}]}<\/script>\n<!-- \/ Yoast SEO plugin. -->","yoast_head_json":{"title":"Noticias - Blupools","robots":{"index":"index","follow":"follow","max-snippet":"max-snippet:-1","max-image-preview":"max-image-preview:large","max-video-preview":"max-video-preview:-1"},"canonical":"https:\/\/www.blupools.com\/co\/noticias\/","og_locale":"es_ES","og_type":"article","og_title":"Noticias - Blupools","og_description":"Tips 6 Razones de C\u00f3mo las Piscinas Duraderas y Eficientes Benefician a Instituciones P\u00fablicas y Privadas marzo 18, 2024 Recomendaciones Integrando Piscinas en Dise\u00f1os Arquitect\u00f3nicos Modernos: Una Simbiosis de Est\u00e9tica y Funcionalidad marzo 13, 2024 Tips 7 Beneficios de trabajar...","og_url":"https:\/\/www.blupools.com\/co\/noticias\/","og_site_name":"Blupools","article_modified_time":"2024-04-19T20:00:15+00:00","og_image":[{"url":"https:\/\/www.blupools.com\/co\/wp-content\/uploads\/2024\/03\/Blog_4-622x400.png"}],"twitter_card":"summary_large_image","schema":{"@context":"https:\/\/schema.org","@graph":[{"@type":"WebPage","@id":"https:\/\/www.blupools.com\/co\/noticias\/","url":"https:\/\/www.blupools.com\/co\/noticias\/","name":"Noticias - Blupools","isPartOf":{"@id":"https:\/\/www.blupools.com\/co\/#website"},"primaryImageOfPage":{"@id":"https:\/\/www.blupools.com\/co\/noticias\/#primaryimage"},"image":{"@id":"https:\/\/www.blupools.com\/co\/noticias\/#primaryimage"},"thumbnailUrl":"https:\/\/www.blupools.com\/co\/wp-content\/uploads\/2024\/03\/Blog_4-622x400.png","datePublished":"2024-04-16T03:16:26+00:00","dateModified":"2024-04-19T20:00:15+00:00","breadcrumb":{"@id":"https:\/\/www.blupools.com\/co\/noticias\/#breadcrumb"},"inLanguage":"es","potentialAction":[{"@type":"ReadAction","target":["https:\/\/www.blupools.com\/co\/noticias\/"]}]},{"@type":"ImageObject","inLanguage":"es","@id":"https:\/\/www.blupools.com\/co\/noticias\/#primaryimage","url":"https:\/\/www.blupools.com\/co\/wp-content\/uploads\/2024\/03\/Blog_4.png","contentUrl":"https:\/\/www.blupools.com\/co\/wp-content\/uploads\/2024\/03\/Blog_4.png","width":1920,"height":1280},{"@type":"BreadcrumbList","@id":"https:\/\/www.blupools.com\/co\/noticias\/#breadcrumb","itemListElement":[{"@type":"ListItem","position":1,"name":"Portada","item":"https:\/\/www.blupools.com\/co\/"},{"@type":"ListItem","position":2,"name":"Noticias"}]},{"@type":"WebSite","@id":"https:\/\/www.blupools.com\/co\/#website","url":"https:\/\/www.blupools.com\/co\/","name":"Blupools Colombia","description":"Equipos para Piscinas y Spa&#039;s","publisher":{"@id":"https:\/\/www.blupools.com\/co\/#organization"},"potentialAction":[{"@type":"SearchAction","target":{"@type":"EntryPoint","urlTemplate":"https:\/\/www.blupools.com\/co\/?s={search_term_string}"},"query-input":"required name=search_term_string"}],"inLanguage":"es"},{"@type":"Organization","@id":"https:\/\/www.blupools.com\/co\/#organization","name":"Blupools Colombia","url":"https:\/\/www.blupools.com\/co\/","logo":{"@type":"ImageObject","inLanguage":"es","@id":"https:\/\/www.blupools.com\/co\/#\/schema\/logo\/image\/","url":"https:\/\/www.blupools.com\/co\/wp-content\/uploads\/2024\/06\/Logo_BP_Col.png","contentUrl":"https:\/\/www.blupools.com\/co\/wp-content\/uploads\/2024\/06\/Logo_BP_Col.png","width":5000,"height":5000,"caption":"Blupools Colombia"},"image":{"@id":"https:\/\/www.blupools.com\/co\/#\/schema\/logo\/image\/"}}]}},"_links":{"self":[{"href":"https:\/\/www.blupools.com\/co\/wp-json\/wp\/v2\/pages\/15885","targetHints":{"allow":["GET"]}}],"collection":[{"href":"https:\/\/www.blupools.com\/co\/wp-json\/wp\/v2\/pages"}],"about":[{"href":"https:\/\/www.blupools.com\/co\/wp-json\/wp\/v2\/types\/page"}],"author":[{"embeddable":true,"href":"https:\/\/www.blupools.com\/co\/wp-json\/wp\/v2\/users\/1"}],"replies":[{"embeddable":true,"href":"https:\/\/www.blupools.com\/co\/wp-json\/wp\/v2\/comments?post=15885"}],"version-history":[{"count":7,"href":"https:\/\/www.blupools.com\/co\/wp-json\/wp\/v2\/pages\/15885\/revisions"}],"predecessor-version":[{"id":17356,"href":"https:\/\/www.blupools.com\/co\/wp-json\/wp\/v2\/pages\/15885\/revisions\/17356"}],"wp:attachment":[{"href":"https:\/\/www.blupools.com\/co\/wp-json\/wp\/v2\/media?parent=15885"}],"curies":[{"name":"wp","href":"https:\/\/api.w.org\/{rel}","templated":true}]}}