{"id":18180,"date":"2024-05-16T22:31:28","date_gmt":"2024-05-17T03:31:28","guid":{"rendered":"https:\/\/www.blupools.com\/co\/producto\/bomba-rowa-tango-sfl-20\/"},"modified":"2024-08-15T11:42:06","modified_gmt":"2024-08-15T16:42:06","slug":"bomba-rowa-tango-sfl-20","status":"publish","type":"product","link":"https:\/\/www.blupools.com\/co\/producto\/bomba-rowa-tango-sfl-20\/","title":{"rendered":"BOMBA ROWA TANGO SFL 20"},"content":{"rendered":"","protected":false},"excerpt":{"rendered":"<p>COD: 0006-0053<\/p>\n<p><strong>Aplicaci\u00f3n:<\/strong><\/p>\n<p>Aumento de presi\u00f3n de agua en residencias en general, para instalaciones nuevas o antiguas con tanque elevado.<\/p>\n<p>Apto para viviendas con tuber\u00edas de 20 a\u00f1os o m\u00e1s. Hasta 4 duchas<\/p>\n<p><strong>Ventajas:<\/strong><\/p>\n<ul>\n<li>No le afectan las peque\u00f1as fugas de tuber\u00edas o grifer\u00edas.<\/li>\n<li>No presuriza la instalaci\u00f3n en forma continua solamente cuando se consume m\u00e1s de 1 litro de agua por minuto.<\/li>\n<li>Nunca se encender\u00e1 el equipo de no existir un consumo real de agua.<\/li>\n<li>Bajo consumo el\u00e9ctrico<\/li>\n<li>No produce golpes de ariete.<\/li>\n<li>No requiere mantenimiento.<\/li>\n<li>Tecnolog\u00eda, Seguridad, Confiabilidad<\/li>\n<\/ul>\n","protected":false},"featured_media":18542,"comment_status":"open","ping_status":"closed","template":"","meta":[],"product_cat":[69],"product_tag":[51],"class_list":{"0":"post-18180","1":"product","2":"type-product","3":"status-publish","4":"has-post-thumbnail","6":"product_cat-presurizadores-de-agua-sfl","7":"product_tag-rowa","9":"first","10":"instock","11":"shipping-taxable","12":"product-type-simple"},"yoast_head":"<!-- This site is optimized with the Yoast SEO plugin v22.8 - https:\/\/yoast.com\/wordpress\/plugins\/seo\/ -->\n<title>BOMBA ROWA TANGO SFL 20 - Blupools<\/title>\n<meta name=\"robots\" content=\"index, follow, max-snippet:-1, max-image-preview:large, max-video-preview:-1\" \/>\n<link rel=\"canonical\" href=\"https:\/\/www.blupools.com\/co\/producto\/bomba-rowa-tango-sfl-20\/\" \/>\n<meta property=\"og:locale\" content=\"es_ES\" \/>\n<meta property=\"og:type\" content=\"article\" \/>\n<meta property=\"og:title\" content=\"BOMBA ROWA TANGO SFL 20 - Blupools\" \/>\n<meta property=\"og:description\" content=\"COD: 0006-0053  Aplicaci\u00f3n:  Aumento de presi\u00f3n de agua en residencias en general, para instalaciones nuevas o antiguas con tanque elevado.  Apto para viviendas con tuber\u00edas de 20 a\u00f1os o m\u00e1s. Hasta 4 duchas  Ventajas:   No le afectan las peque\u00f1as fugas de tuber\u00edas o grifer\u00edas.  No presuriza la instalaci\u00f3n en forma continua solamente cuando se consume m\u00e1s de 1 litro de agua por minuto.  Nunca se encender\u00e1 el equipo de no existir un consumo real de agua.  Bajo consumo el\u00e9ctrico  No produce golpes de ariete.  No requiere mantenimiento.  Tecnolog\u00eda, Seguridad, Confiabilidad\" \/>\n<meta property=\"og:url\" content=\"https:\/\/www.blupools.com\/co\/producto\/bomba-rowa-tango-sfl-20\/\" \/>\n<meta property=\"og:site_name\" content=\"Blupools\" \/>\n<meta property=\"article:modified_time\" content=\"2024-08-15T16:42:06+00:00\" \/>\n<meta property=\"og:image\" content=\"https:\/\/www.blupools.com\/co\/wp-content\/uploads\/2024\/05\/SFL_20.png\" \/>\n\t<meta property=\"og:image:width\" content=\"1080\" \/>\n\t<meta property=\"og:image:height\" content=\"1080\" \/>\n\t<meta property=\"og:image:type\" content=\"image\/png\" \/>\n<meta name=\"twitter:card\" content=\"summary_large_image\" \/>\n<meta name=\"twitter:label1\" content=\"Tiempo de lectura\" \/>\n\t<meta name=\"twitter:data1\" content=\"1 minuto\" \/>\n<script type=\"application\/ld+json\" class=\"yoast-schema-graph\">{\"@context\":\"https:\/\/schema.org\",\"@graph\":[{\"@type\":\"WebPage\",\"@id\":\"https:\/\/www.blupools.com\/co\/producto\/bomba-rowa-tango-sfl-20\/\",\"url\":\"https:\/\/www.blupools.com\/co\/producto\/bomba-rowa-tango-sfl-20\/\",\"name\":\"BOMBA ROWA TANGO SFL 20 - Blupools\",\"isPartOf\":{\"@id\":\"https:\/\/www.blupools.com\/co\/#website\"},\"primaryImageOfPage\":{\"@id\":\"https:\/\/www.blupools.com\/co\/producto\/bomba-rowa-tango-sfl-20\/#primaryimage\"},\"image\":{\"@id\":\"https:\/\/www.blupools.com\/co\/producto\/bomba-rowa-tango-sfl-20\/#primaryimage\"},\"thumbnailUrl\":\"https:\/\/www.blupools.com\/co\/wp-content\/uploads\/2024\/05\/SFL_20.png\",\"datePublished\":\"2024-05-17T03:31:28+00:00\",\"dateModified\":\"2024-08-15T16:42:06+00:00\",\"breadcrumb\":{\"@id\":\"https:\/\/www.blupools.com\/co\/producto\/bomba-rowa-tango-sfl-20\/#breadcrumb\"},\"inLanguage\":\"es\",\"potentialAction\":[{\"@type\":\"ReadAction\",\"target\":[\"https:\/\/www.blupools.com\/co\/producto\/bomba-rowa-tango-sfl-20\/\"]}]},{\"@type\":\"ImageObject\",\"inLanguage\":\"es\",\"@id\":\"https:\/\/www.blupools.com\/co\/producto\/bomba-rowa-tango-sfl-20\/#primaryimage\",\"url\":\"https:\/\/www.blupools.com\/co\/wp-content\/uploads\/2024\/05\/SFL_20.png\",\"contentUrl\":\"https:\/\/www.blupools.com\/co\/wp-content\/uploads\/2024\/05\/SFL_20.png\",\"width\":1080,\"height\":1080},{\"@type\":\"BreadcrumbList\",\"@id\":\"https:\/\/www.blupools.com\/co\/producto\/bomba-rowa-tango-sfl-20\/#breadcrumb\",\"itemListElement\":[{\"@type\":\"ListItem\",\"position\":1,\"name\":\"Portada\",\"item\":\"https:\/\/www.blupools.com\/co\/\"},{\"@type\":\"ListItem\",\"position\":2,\"name\":\"Tienda\",\"item\":\"https:\/\/www.blupools.com\/co\/tienda\/\"},{\"@type\":\"ListItem\",\"position\":3,\"name\":\"BOMBA ROWA TANGO SFL 20\"}]},{\"@type\":\"WebSite\",\"@id\":\"https:\/\/www.blupools.com\/co\/#website\",\"url\":\"https:\/\/www.blupools.com\/co\/\",\"name\":\"Blupools Colombia\",\"description\":\"Equipos para Piscinas y Spa&#039;s\",\"publisher\":{\"@id\":\"https:\/\/www.blupools.com\/co\/#organization\"},\"potentialAction\":[{\"@type\":\"SearchAction\",\"target\":{\"@type\":\"EntryPoint\",\"urlTemplate\":\"https:\/\/www.blupools.com\/co\/?s={search_term_string}\"},\"query-input\":\"required name=search_term_string\"}],\"inLanguage\":\"es\"},{\"@type\":\"Organization\",\"@id\":\"https:\/\/www.blupools.com\/co\/#organization\",\"name\":\"Blupools Colombia\",\"url\":\"https:\/\/www.blupools.com\/co\/\",\"logo\":{\"@type\":\"ImageObject\",\"inLanguage\":\"es\",\"@id\":\"https:\/\/www.blupools.com\/co\/#\/schema\/logo\/image\/\",\"url\":\"https:\/\/www.blupools.com\/co\/wp-content\/uploads\/2024\/06\/Logo_BP_Col.png\",\"contentUrl\":\"https:\/\/www.blupools.com\/co\/wp-content\/uploads\/2024\/06\/Logo_BP_Col.png\",\"width\":5000,\"height\":5000,\"caption\":\"Blupools Colombia\"},\"image\":{\"@id\":\"https:\/\/www.blupools.com\/co\/#\/schema\/logo\/image\/\"}}]}<\/script>\n<!-- \/ Yoast SEO plugin. -->","yoast_head_json":{"title":"BOMBA ROWA TANGO SFL 20 - Blupools","robots":{"index":"index","follow":"follow","max-snippet":"max-snippet:-1","max-image-preview":"max-image-preview:large","max-video-preview":"max-video-preview:-1"},"canonical":"https:\/\/www.blupools.com\/co\/producto\/bomba-rowa-tango-sfl-20\/","og_locale":"es_ES","og_type":"article","og_title":"BOMBA ROWA TANGO SFL 20 - Blupools","og_description":"COD: 0006-0053  Aplicaci\u00f3n:  Aumento de presi\u00f3n de agua en residencias en general, para instalaciones nuevas o antiguas con tanque elevado.  Apto para viviendas con tuber\u00edas de 20 a\u00f1os o m\u00e1s. Hasta 4 duchas  Ventajas:   No le afectan las peque\u00f1as fugas de tuber\u00edas o grifer\u00edas.  No presuriza la instalaci\u00f3n en forma continua solamente cuando se consume m\u00e1s de 1 litro de agua por minuto.  Nunca se encender\u00e1 el equipo de no existir un consumo real de agua.  Bajo consumo el\u00e9ctrico  No produce golpes de ariete.  No requiere mantenimiento.  Tecnolog\u00eda, Seguridad, Confiabilidad","og_url":"https:\/\/www.blupools.com\/co\/producto\/bomba-rowa-tango-sfl-20\/","og_site_name":"Blupools","article_modified_time":"2024-08-15T16:42:06+00:00","og_image":[{"width":1080,"height":1080,"url":"https:\/\/www.blupools.com\/co\/wp-content\/uploads\/2024\/05\/SFL_20.png","type":"image\/png"}],"twitter_card":"summary_large_image","twitter_misc":{"Tiempo de lectura":"1 minuto"},"schema":{"@context":"https:\/\/schema.org","@graph":[{"@type":"WebPage","@id":"https:\/\/www.blupools.com\/co\/producto\/bomba-rowa-tango-sfl-20\/","url":"https:\/\/www.blupools.com\/co\/producto\/bomba-rowa-tango-sfl-20\/","name":"BOMBA ROWA TANGO SFL 20 - Blupools","isPartOf":{"@id":"https:\/\/www.blupools.com\/co\/#website"},"primaryImageOfPage":{"@id":"https:\/\/www.blupools.com\/co\/producto\/bomba-rowa-tango-sfl-20\/#primaryimage"},"image":{"@id":"https:\/\/www.blupools.com\/co\/producto\/bomba-rowa-tango-sfl-20\/#primaryimage"},"thumbnailUrl":"https:\/\/www.blupools.com\/co\/wp-content\/uploads\/2024\/05\/SFL_20.png","datePublished":"2024-05-17T03:31:28+00:00","dateModified":"2024-08-15T16:42:06+00:00","breadcrumb":{"@id":"https:\/\/www.blupools.com\/co\/producto\/bomba-rowa-tango-sfl-20\/#breadcrumb"},"inLanguage":"es","potentialAction":[{"@type":"ReadAction","target":["https:\/\/www.blupools.com\/co\/producto\/bomba-rowa-tango-sfl-20\/"]}]},{"@type":"ImageObject","inLanguage":"es","@id":"https:\/\/www.blupools.com\/co\/producto\/bomba-rowa-tango-sfl-20\/#primaryimage","url":"https:\/\/www.blupools.com\/co\/wp-content\/uploads\/2024\/05\/SFL_20.png","contentUrl":"https:\/\/www.blupools.com\/co\/wp-content\/uploads\/2024\/05\/SFL_20.png","width":1080,"height":1080},{"@type":"BreadcrumbList","@id":"https:\/\/www.blupools.com\/co\/producto\/bomba-rowa-tango-sfl-20\/#breadcrumb","itemListElement":[{"@type":"ListItem","position":1,"name":"Portada","item":"https:\/\/www.blupools.com\/co\/"},{"@type":"ListItem","position":2,"name":"Tienda","item":"https:\/\/www.blupools.com\/co\/tienda\/"},{"@type":"ListItem","position":3,"name":"BOMBA ROWA TANGO SFL 20"}]},{"@type":"WebSite","@id":"https:\/\/www.blupools.com\/co\/#website","url":"https:\/\/www.blupools.com\/co\/","name":"Blupools Colombia","description":"Equipos para Piscinas y Spa&#039;s","publisher":{"@id":"https:\/\/www.blupools.com\/co\/#organization"},"potentialAction":[{"@type":"SearchAction","target":{"@type":"EntryPoint","urlTemplate":"https:\/\/www.blupools.com\/co\/?s={search_term_string}"},"query-input":"required name=search_term_string"}],"inLanguage":"es"},{"@type":"Organization","@id":"https:\/\/www.blupools.com\/co\/#organization","name":"Blupools Colombia","url":"https:\/\/www.blupools.com\/co\/","logo":{"@type":"ImageObject","inLanguage":"es","@id":"https:\/\/www.blupools.com\/co\/#\/schema\/logo\/image\/","url":"https:\/\/www.blupools.com\/co\/wp-content\/uploads\/2024\/06\/Logo_BP_Col.png","contentUrl":"https:\/\/www.blupools.com\/co\/wp-content\/uploads\/2024\/06\/Logo_BP_Col.png","width":5000,"height":5000,"caption":"Blupools Colombia"},"image":{"@id":"https:\/\/www.blupools.com\/co\/#\/schema\/logo\/image\/"}}]}},"_links":{"self":[{"href":"https:\/\/www.blupools.com\/co\/wp-json\/wp\/v2\/product\/18180","targetHints":{"allow":["GET"]}}],"collection":[{"href":"https:\/\/www.blupools.com\/co\/wp-json\/wp\/v2\/product"}],"about":[{"href":"https:\/\/www.blupools.com\/co\/wp-json\/wp\/v2\/types\/product"}],"replies":[{"embeddable":true,"href":"https:\/\/www.blupools.com\/co\/wp-json\/wp\/v2\/comments?post=18180"}],"wp:featuredmedia":[{"embeddable":true,"href":"https:\/\/www.blupools.com\/co\/wp-json\/wp\/v2\/media\/18542"}],"wp:attachment":[{"href":"https:\/\/www.blupools.com\/co\/wp-json\/wp\/v2\/media?parent=18180"}],"wp:term":[{"taxonomy":"product_cat","embeddable":true,"href":"https:\/\/www.blupools.com\/co\/wp-json\/wp\/v2\/product_cat?post=18180"},{"taxonomy":"product_tag","embeddable":true,"href":"https:\/\/www.blupools.com\/co\/wp-json\/wp\/v2\/product_tag?post=18180"}],"curies":[{"name":"wp","href":"https:\/\/api.w.org\/{rel}","templated":true}]}}