{"id":18182,"date":"2024-05-16T22:31:28","date_gmt":"2024-05-17T03:31:28","guid":{"rendered":"https:\/\/www.blupools.com\/co\/producto\/bomba-rowa-max-press-26\/"},"modified":"2024-08-13T12:10:28","modified_gmt":"2024-08-13T17:10:28","slug":"bomba-rowa-max-press-26","status":"publish","type":"product","link":"https:\/\/www.blupools.com\/co\/producto\/bomba-rowa-max-press-26\/","title":{"rendered":"BOMBA ROWA MAX PRESS 26"},"content":{"rendered":"","protected":false},"excerpt":{"rendered":"<p>COD: 0005-0284<\/p>\n<p>Aplicaciones:<\/p>\n<p>Con el fin de ofrecer comodidad y calidad, ROWA ha desarrollado un sistema de presurizaci\u00f3n, con control electr\u00f3nico, eliminando de una vez por todas los problemas de falta de presi\u00f3n del agua en su hogar con seguridad y calidad. Aumento de la presi\u00f3n del agua en los hogares en general.<\/p>\n<p>Dise\u00f1ados para aumentar presi\u00f3n en viviendas en general con tanque elevado o cisterna.<\/p>\n<p>Mantiene la m\u00ednima presi\u00f3n de salida constante.<\/p>\n<p>Hasta 3 plantas y 5 duchas<\/p>\n<p>Ventajas:<\/p>\n<ul>\n<li>Totalmente silencio<\/li>\n<li>Bajo consumo el\u00e9ctrico<\/li>\n<li>No produce golpe de ariete<\/li>\n<li>\u00danicos con tarjetas electr\u00f3nicas<\/li>\n<li>Se entrega completamente ensamblado (plug and play)<\/li>\n<li>Carcasa de acero inoxidable con eje inducido para protecci\u00f3n contra la oxidaci\u00f3n<\/li>\n<li>Dise\u00f1ado con la m\u00e1s alta calidad y eficiencia, no requiere mantenimiento peri\u00f3dico.<\/li>\n<li>Bobina protegida contra marcha en seco, se apaga autom\u00e1ticamente<\/li>\n<\/ul>\n","protected":false},"featured_media":19237,"comment_status":"open","ping_status":"closed","template":"","meta":[],"product_cat":[71],"product_tag":[51],"class_list":{"0":"post-18182","1":"product","2":"type-product","3":"status-publish","4":"has-post-thumbnail","6":"product_cat-presurizadores-de-agua-press","7":"product_tag-rowa","9":"first","10":"instock","11":"shipping-taxable","12":"product-type-simple"},"yoast_head":"<!-- This site is optimized with the Yoast SEO plugin v22.8 - https:\/\/yoast.com\/wordpress\/plugins\/seo\/ -->\n<title>BOMBA ROWA MAX PRESS 26 - Blupools<\/title>\n<meta name=\"robots\" content=\"index, follow, max-snippet:-1, max-image-preview:large, max-video-preview:-1\" \/>\n<link rel=\"canonical\" href=\"https:\/\/www.blupools.com\/co\/producto\/bomba-rowa-max-press-26\/\" \/>\n<meta property=\"og:locale\" content=\"es_ES\" \/>\n<meta property=\"og:type\" content=\"article\" \/>\n<meta property=\"og:title\" content=\"BOMBA ROWA MAX PRESS 26 - Blupools\" \/>\n<meta property=\"og:description\" content=\"COD: 0005-0284  Aplicaciones:  Con el fin de ofrecer comodidad y calidad, ROWA ha desarrollado un sistema de presurizaci\u00f3n, con control electr\u00f3nico, eliminando de una vez por todas los problemas de falta de presi\u00f3n del agua en su hogar con seguridad y calidad. Aumento de la presi\u00f3n del agua en los hogares en general.  Dise\u00f1ados para aumentar presi\u00f3n en viviendas en general con tanque elevado o cisterna.  Mantiene la m\u00ednima presi\u00f3n de salida constante.  Hasta 3 plantas y 5 duchas  Ventajas:   Totalmente silencio  Bajo consumo el\u00e9ctrico  No produce golpe de ariete  \u00danicos con tarjetas electr\u00f3nicas  Se entrega completamente ensamblado (plug and play)  Carcasa de acero inoxidable con eje inducido para protecci\u00f3n contra la oxidaci\u00f3n  Dise\u00f1ado con la m\u00e1s alta calidad y eficiencia, no requiere mantenimiento peri\u00f3dico.  Bobina protegida contra marcha en seco, se apaga autom\u00e1ticamente\" \/>\n<meta property=\"og:url\" content=\"https:\/\/www.blupools.com\/co\/producto\/bomba-rowa-max-press-26\/\" \/>\n<meta property=\"og:site_name\" content=\"Blupools\" \/>\n<meta property=\"article:modified_time\" content=\"2024-08-13T17:10:28+00:00\" \/>\n<meta property=\"og:image\" content=\"https:\/\/www.blupools.com\/co\/wp-content\/uploads\/2024\/05\/MAX-PRESS--scaled.jpg\" \/>\n\t<meta property=\"og:image:width\" content=\"2405\" \/>\n\t<meta property=\"og:image:height\" content=\"2560\" \/>\n\t<meta property=\"og:image:type\" content=\"image\/jpeg\" \/>\n<meta name=\"twitter:card\" content=\"summary_large_image\" \/>\n<meta name=\"twitter:label1\" content=\"Tiempo de lectura\" \/>\n\t<meta name=\"twitter:data1\" content=\"1 minuto\" \/>\n<script type=\"application\/ld+json\" class=\"yoast-schema-graph\">{\"@context\":\"https:\/\/schema.org\",\"@graph\":[{\"@type\":\"WebPage\",\"@id\":\"https:\/\/www.blupools.com\/co\/producto\/bomba-rowa-max-press-26\/\",\"url\":\"https:\/\/www.blupools.com\/co\/producto\/bomba-rowa-max-press-26\/\",\"name\":\"BOMBA ROWA MAX PRESS 26 - Blupools\",\"isPartOf\":{\"@id\":\"https:\/\/www.blupools.com\/co\/#website\"},\"primaryImageOfPage\":{\"@id\":\"https:\/\/www.blupools.com\/co\/producto\/bomba-rowa-max-press-26\/#primaryimage\"},\"image\":{\"@id\":\"https:\/\/www.blupools.com\/co\/producto\/bomba-rowa-max-press-26\/#primaryimage\"},\"thumbnailUrl\":\"https:\/\/www.blupools.com\/co\/wp-content\/uploads\/2024\/05\/MAX-PRESS--scaled.jpg\",\"datePublished\":\"2024-05-17T03:31:28+00:00\",\"dateModified\":\"2024-08-13T17:10:28+00:00\",\"breadcrumb\":{\"@id\":\"https:\/\/www.blupools.com\/co\/producto\/bomba-rowa-max-press-26\/#breadcrumb\"},\"inLanguage\":\"es\",\"potentialAction\":[{\"@type\":\"ReadAction\",\"target\":[\"https:\/\/www.blupools.com\/co\/producto\/bomba-rowa-max-press-26\/\"]}]},{\"@type\":\"ImageObject\",\"inLanguage\":\"es\",\"@id\":\"https:\/\/www.blupools.com\/co\/producto\/bomba-rowa-max-press-26\/#primaryimage\",\"url\":\"https:\/\/www.blupools.com\/co\/wp-content\/uploads\/2024\/05\/MAX-PRESS--scaled.jpg\",\"contentUrl\":\"https:\/\/www.blupools.com\/co\/wp-content\/uploads\/2024\/05\/MAX-PRESS--scaled.jpg\",\"width\":2405,\"height\":2560},{\"@type\":\"BreadcrumbList\",\"@id\":\"https:\/\/www.blupools.com\/co\/producto\/bomba-rowa-max-press-26\/#breadcrumb\",\"itemListElement\":[{\"@type\":\"ListItem\",\"position\":1,\"name\":\"Portada\",\"item\":\"https:\/\/www.blupools.com\/co\/\"},{\"@type\":\"ListItem\",\"position\":2,\"name\":\"Tienda\",\"item\":\"https:\/\/www.blupools.com\/co\/tienda\/\"},{\"@type\":\"ListItem\",\"position\":3,\"name\":\"BOMBA ROWA MAX PRESS 26\"}]},{\"@type\":\"WebSite\",\"@id\":\"https:\/\/www.blupools.com\/co\/#website\",\"url\":\"https:\/\/www.blupools.com\/co\/\",\"name\":\"Blupools Colombia\",\"description\":\"Equipos para Piscinas y Spa&#039;s\",\"publisher\":{\"@id\":\"https:\/\/www.blupools.com\/co\/#organization\"},\"potentialAction\":[{\"@type\":\"SearchAction\",\"target\":{\"@type\":\"EntryPoint\",\"urlTemplate\":\"https:\/\/www.blupools.com\/co\/?s={search_term_string}\"},\"query-input\":\"required name=search_term_string\"}],\"inLanguage\":\"es\"},{\"@type\":\"Organization\",\"@id\":\"https:\/\/www.blupools.com\/co\/#organization\",\"name\":\"Blupools Colombia\",\"url\":\"https:\/\/www.blupools.com\/co\/\",\"logo\":{\"@type\":\"ImageObject\",\"inLanguage\":\"es\",\"@id\":\"https:\/\/www.blupools.com\/co\/#\/schema\/logo\/image\/\",\"url\":\"https:\/\/www.blupools.com\/co\/wp-content\/uploads\/2024\/06\/Logo_BP_Col.png\",\"contentUrl\":\"https:\/\/www.blupools.com\/co\/wp-content\/uploads\/2024\/06\/Logo_BP_Col.png\",\"width\":5000,\"height\":5000,\"caption\":\"Blupools Colombia\"},\"image\":{\"@id\":\"https:\/\/www.blupools.com\/co\/#\/schema\/logo\/image\/\"}}]}<\/script>\n<!-- \/ Yoast SEO plugin. -->","yoast_head_json":{"title":"BOMBA ROWA MAX PRESS 26 - Blupools","robots":{"index":"index","follow":"follow","max-snippet":"max-snippet:-1","max-image-preview":"max-image-preview:large","max-video-preview":"max-video-preview:-1"},"canonical":"https:\/\/www.blupools.com\/co\/producto\/bomba-rowa-max-press-26\/","og_locale":"es_ES","og_type":"article","og_title":"BOMBA ROWA MAX PRESS 26 - Blupools","og_description":"COD: 0005-0284  Aplicaciones:  Con el fin de ofrecer comodidad y calidad, ROWA ha desarrollado un sistema de presurizaci\u00f3n, con control electr\u00f3nico, eliminando de una vez por todas los problemas de falta de presi\u00f3n del agua en su hogar con seguridad y calidad. Aumento de la presi\u00f3n del agua en los hogares en general.  Dise\u00f1ados para aumentar presi\u00f3n en viviendas en general con tanque elevado o cisterna.  Mantiene la m\u00ednima presi\u00f3n de salida constante.  Hasta 3 plantas y 5 duchas  Ventajas:   Totalmente silencio  Bajo consumo el\u00e9ctrico  No produce golpe de ariete  \u00danicos con tarjetas electr\u00f3nicas  Se entrega completamente ensamblado (plug and play)  Carcasa de acero inoxidable con eje inducido para protecci\u00f3n contra la oxidaci\u00f3n  Dise\u00f1ado con la m\u00e1s alta calidad y eficiencia, no requiere mantenimiento peri\u00f3dico.  Bobina protegida contra marcha en seco, se apaga autom\u00e1ticamente","og_url":"https:\/\/www.blupools.com\/co\/producto\/bomba-rowa-max-press-26\/","og_site_name":"Blupools","article_modified_time":"2024-08-13T17:10:28+00:00","og_image":[{"width":2405,"height":2560,"url":"https:\/\/www.blupools.com\/co\/wp-content\/uploads\/2024\/05\/MAX-PRESS--scaled.jpg","type":"image\/jpeg"}],"twitter_card":"summary_large_image","twitter_misc":{"Tiempo de lectura":"1 minuto"},"schema":{"@context":"https:\/\/schema.org","@graph":[{"@type":"WebPage","@id":"https:\/\/www.blupools.com\/co\/producto\/bomba-rowa-max-press-26\/","url":"https:\/\/www.blupools.com\/co\/producto\/bomba-rowa-max-press-26\/","name":"BOMBA ROWA MAX PRESS 26 - Blupools","isPartOf":{"@id":"https:\/\/www.blupools.com\/co\/#website"},"primaryImageOfPage":{"@id":"https:\/\/www.blupools.com\/co\/producto\/bomba-rowa-max-press-26\/#primaryimage"},"image":{"@id":"https:\/\/www.blupools.com\/co\/producto\/bomba-rowa-max-press-26\/#primaryimage"},"thumbnailUrl":"https:\/\/www.blupools.com\/co\/wp-content\/uploads\/2024\/05\/MAX-PRESS--scaled.jpg","datePublished":"2024-05-17T03:31:28+00:00","dateModified":"2024-08-13T17:10:28+00:00","breadcrumb":{"@id":"https:\/\/www.blupools.com\/co\/producto\/bomba-rowa-max-press-26\/#breadcrumb"},"inLanguage":"es","potentialAction":[{"@type":"ReadAction","target":["https:\/\/www.blupools.com\/co\/producto\/bomba-rowa-max-press-26\/"]}]},{"@type":"ImageObject","inLanguage":"es","@id":"https:\/\/www.blupools.com\/co\/producto\/bomba-rowa-max-press-26\/#primaryimage","url":"https:\/\/www.blupools.com\/co\/wp-content\/uploads\/2024\/05\/MAX-PRESS--scaled.jpg","contentUrl":"https:\/\/www.blupools.com\/co\/wp-content\/uploads\/2024\/05\/MAX-PRESS--scaled.jpg","width":2405,"height":2560},{"@type":"BreadcrumbList","@id":"https:\/\/www.blupools.com\/co\/producto\/bomba-rowa-max-press-26\/#breadcrumb","itemListElement":[{"@type":"ListItem","position":1,"name":"Portada","item":"https:\/\/www.blupools.com\/co\/"},{"@type":"ListItem","position":2,"name":"Tienda","item":"https:\/\/www.blupools.com\/co\/tienda\/"},{"@type":"ListItem","position":3,"name":"BOMBA ROWA MAX PRESS 26"}]},{"@type":"WebSite","@id":"https:\/\/www.blupools.com\/co\/#website","url":"https:\/\/www.blupools.com\/co\/","name":"Blupools Colombia","description":"Equipos para Piscinas y Spa&#039;s","publisher":{"@id":"https:\/\/www.blupools.com\/co\/#organization"},"potentialAction":[{"@type":"SearchAction","target":{"@type":"EntryPoint","urlTemplate":"https:\/\/www.blupools.com\/co\/?s={search_term_string}"},"query-input":"required name=search_term_string"}],"inLanguage":"es"},{"@type":"Organization","@id":"https:\/\/www.blupools.com\/co\/#organization","name":"Blupools Colombia","url":"https:\/\/www.blupools.com\/co\/","logo":{"@type":"ImageObject","inLanguage":"es","@id":"https:\/\/www.blupools.com\/co\/#\/schema\/logo\/image\/","url":"https:\/\/www.blupools.com\/co\/wp-content\/uploads\/2024\/06\/Logo_BP_Col.png","contentUrl":"https:\/\/www.blupools.com\/co\/wp-content\/uploads\/2024\/06\/Logo_BP_Col.png","width":5000,"height":5000,"caption":"Blupools Colombia"},"image":{"@id":"https:\/\/www.blupools.com\/co\/#\/schema\/logo\/image\/"}}]}},"_links":{"self":[{"href":"https:\/\/www.blupools.com\/co\/wp-json\/wp\/v2\/product\/18182","targetHints":{"allow":["GET"]}}],"collection":[{"href":"https:\/\/www.blupools.com\/co\/wp-json\/wp\/v2\/product"}],"about":[{"href":"https:\/\/www.blupools.com\/co\/wp-json\/wp\/v2\/types\/product"}],"replies":[{"embeddable":true,"href":"https:\/\/www.blupools.com\/co\/wp-json\/wp\/v2\/comments?post=18182"}],"wp:featuredmedia":[{"embeddable":true,"href":"https:\/\/www.blupools.com\/co\/wp-json\/wp\/v2\/media\/19237"}],"wp:attachment":[{"href":"https:\/\/www.blupools.com\/co\/wp-json\/wp\/v2\/media?parent=18182"}],"wp:term":[{"taxonomy":"product_cat","embeddable":true,"href":"https:\/\/www.blupools.com\/co\/wp-json\/wp\/v2\/product_cat?post=18182"},{"taxonomy":"product_tag","embeddable":true,"href":"https:\/\/www.blupools.com\/co\/wp-json\/wp\/v2\/product_tag?post=18182"}],"curies":[{"name":"wp","href":"https:\/\/api.w.org\/{rel}","templated":true}]}}