{"id":18328,"date":"2024-05-23T16:21:48","date_gmt":"2024-05-23T21:21:48","guid":{"rendered":"https:\/\/www.blupools.com\/co\/producto\/filtro-de-arena-de-27-swim-pro\/"},"modified":"2024-08-13T12:53:21","modified_gmt":"2024-08-13T17:53:21","slug":"filtro-de-arena-de-27-swim-pro","status":"publish","type":"product","link":"https:\/\/www.blupools.com\/co\/producto\/filtro-de-arena-de-27-swim-pro\/","title":{"rendered":"FILTRO DE ARENA DE 27&#8243; SWIM PRO HAYWARD"},"content":{"rendered":"","protected":false},"excerpt":{"rendered":"<p>COD: S270TEXP<\/p>\n<p>Filtro SwimPro Hayward de 27\u2033 con v\u00e1lvula superior<\/p>\n<p>CARACTER\u00cdSTICAS<\/p>\n<ul>\n<li>Fabricado en pol\u00edmero moldeado<\/li>\n<li>Adecuado para operar en condiciones severas de uso<\/li>\n<li>Incluye v\u00e1lvula de 1-1\/2\u2033<\/li>\n<li>Presi\u00f3n m\u00e1xima de trabajo en 50 PSI<\/li>\n<li>Dren inferior para realizar el drenado y servicio del equipo<\/li>\n<li>Base resistente a la corrosi\u00f3n<\/li>\n<\/ul>\n","protected":false},"featured_media":19006,"comment_status":"open","ping_status":"closed","template":"","meta":[],"product_cat":[52],"product_tag":[48],"class_list":{"0":"post-18328","1":"product","2":"type-product","3":"status-publish","4":"has-post-thumbnail","6":"product_cat-filtros-de-arena","7":"product_tag-hayward","9":"first","10":"instock","11":"shipping-taxable","12":"product-type-simple"},"yoast_head":"<!-- This site is optimized with the Yoast SEO plugin v22.8 - https:\/\/yoast.com\/wordpress\/plugins\/seo\/ -->\n<title>FILTRO DE ARENA DE 27&quot; SWIM PRO HAYWARD - Blupools<\/title>\n<meta name=\"robots\" content=\"index, follow, max-snippet:-1, max-image-preview:large, max-video-preview:-1\" \/>\n<link rel=\"canonical\" href=\"https:\/\/www.blupools.com\/co\/producto\/filtro-de-arena-de-27-swim-pro\/\" \/>\n<meta property=\"og:locale\" content=\"es_ES\" \/>\n<meta property=\"og:type\" content=\"article\" \/>\n<meta property=\"og:title\" content=\"FILTRO DE ARENA DE 27&quot; SWIM PRO HAYWARD - Blupools\" \/>\n<meta property=\"og:description\" content=\"COD: S270TEXP  Filtro SwimPro Hayward de 27\u2033 con v\u00e1lvula superior  CARACTER\u00cdSTICAS   Fabricado en pol\u00edmero moldeado  Adecuado para operar en condiciones severas de uso  Incluye v\u00e1lvula de 1-1\/2\u2033  Presi\u00f3n m\u00e1xima de trabajo en 50 PSI  Dren inferior para realizar el drenado y servicio del equipo  Base resistente a la corrosi\u00f3n\" \/>\n<meta property=\"og:url\" content=\"https:\/\/www.blupools.com\/co\/producto\/filtro-de-arena-de-27-swim-pro\/\" \/>\n<meta property=\"og:site_name\" content=\"Blupools\" \/>\n<meta property=\"article:modified_time\" content=\"2024-08-13T17:53:21+00:00\" \/>\n<meta property=\"og:image\" content=\"https:\/\/www.blupools.com\/co\/wp-content\/uploads\/2024\/05\/WhatsApp-Image-2024-07-10-at-10.05.56-PM.jpeg\" \/>\n\t<meta property=\"og:image:width\" content=\"411\" \/>\n\t<meta property=\"og:image:height\" content=\"426\" \/>\n\t<meta property=\"og:image:type\" content=\"image\/jpeg\" \/>\n<meta name=\"twitter:card\" content=\"summary_large_image\" \/>\n<meta name=\"twitter:label1\" content=\"Tiempo de lectura\" \/>\n\t<meta name=\"twitter:data1\" content=\"1 minuto\" \/>\n<script type=\"application\/ld+json\" class=\"yoast-schema-graph\">{\"@context\":\"https:\/\/schema.org\",\"@graph\":[{\"@type\":\"WebPage\",\"@id\":\"https:\/\/www.blupools.com\/co\/producto\/filtro-de-arena-de-27-swim-pro\/\",\"url\":\"https:\/\/www.blupools.com\/co\/producto\/filtro-de-arena-de-27-swim-pro\/\",\"name\":\"FILTRO DE ARENA DE 27\\\" SWIM PRO HAYWARD - Blupools\",\"isPartOf\":{\"@id\":\"https:\/\/www.blupools.com\/co\/#website\"},\"primaryImageOfPage\":{\"@id\":\"https:\/\/www.blupools.com\/co\/producto\/filtro-de-arena-de-27-swim-pro\/#primaryimage\"},\"image\":{\"@id\":\"https:\/\/www.blupools.com\/co\/producto\/filtro-de-arena-de-27-swim-pro\/#primaryimage\"},\"thumbnailUrl\":\"https:\/\/www.blupools.com\/co\/wp-content\/uploads\/2024\/05\/WhatsApp-Image-2024-07-10-at-10.05.56-PM.jpeg\",\"datePublished\":\"2024-05-23T21:21:48+00:00\",\"dateModified\":\"2024-08-13T17:53:21+00:00\",\"breadcrumb\":{\"@id\":\"https:\/\/www.blupools.com\/co\/producto\/filtro-de-arena-de-27-swim-pro\/#breadcrumb\"},\"inLanguage\":\"es\",\"potentialAction\":[{\"@type\":\"ReadAction\",\"target\":[\"https:\/\/www.blupools.com\/co\/producto\/filtro-de-arena-de-27-swim-pro\/\"]}]},{\"@type\":\"ImageObject\",\"inLanguage\":\"es\",\"@id\":\"https:\/\/www.blupools.com\/co\/producto\/filtro-de-arena-de-27-swim-pro\/#primaryimage\",\"url\":\"https:\/\/www.blupools.com\/co\/wp-content\/uploads\/2024\/05\/WhatsApp-Image-2024-07-10-at-10.05.56-PM.jpeg\",\"contentUrl\":\"https:\/\/www.blupools.com\/co\/wp-content\/uploads\/2024\/05\/WhatsApp-Image-2024-07-10-at-10.05.56-PM.jpeg\",\"width\":411,\"height\":426},{\"@type\":\"BreadcrumbList\",\"@id\":\"https:\/\/www.blupools.com\/co\/producto\/filtro-de-arena-de-27-swim-pro\/#breadcrumb\",\"itemListElement\":[{\"@type\":\"ListItem\",\"position\":1,\"name\":\"Portada\",\"item\":\"https:\/\/www.blupools.com\/co\/\"},{\"@type\":\"ListItem\",\"position\":2,\"name\":\"Tienda\",\"item\":\"https:\/\/www.blupools.com\/co\/tienda\/\"},{\"@type\":\"ListItem\",\"position\":3,\"name\":\"FILTRO DE ARENA DE 27&#8243; SWIM PRO HAYWARD\"}]},{\"@type\":\"WebSite\",\"@id\":\"https:\/\/www.blupools.com\/co\/#website\",\"url\":\"https:\/\/www.blupools.com\/co\/\",\"name\":\"Blupools Colombia\",\"description\":\"Equipos para Piscinas y Spa&#039;s\",\"publisher\":{\"@id\":\"https:\/\/www.blupools.com\/co\/#organization\"},\"potentialAction\":[{\"@type\":\"SearchAction\",\"target\":{\"@type\":\"EntryPoint\",\"urlTemplate\":\"https:\/\/www.blupools.com\/co\/?s={search_term_string}\"},\"query-input\":\"required name=search_term_string\"}],\"inLanguage\":\"es\"},{\"@type\":\"Organization\",\"@id\":\"https:\/\/www.blupools.com\/co\/#organization\",\"name\":\"Blupools Colombia\",\"url\":\"https:\/\/www.blupools.com\/co\/\",\"logo\":{\"@type\":\"ImageObject\",\"inLanguage\":\"es\",\"@id\":\"https:\/\/www.blupools.com\/co\/#\/schema\/logo\/image\/\",\"url\":\"https:\/\/www.blupools.com\/co\/wp-content\/uploads\/2024\/06\/Logo_BP_Col.png\",\"contentUrl\":\"https:\/\/www.blupools.com\/co\/wp-content\/uploads\/2024\/06\/Logo_BP_Col.png\",\"width\":5000,\"height\":5000,\"caption\":\"Blupools Colombia\"},\"image\":{\"@id\":\"https:\/\/www.blupools.com\/co\/#\/schema\/logo\/image\/\"}}]}<\/script>\n<!-- \/ Yoast SEO plugin. -->","yoast_head_json":{"title":"FILTRO DE ARENA DE 27\" SWIM PRO HAYWARD - Blupools","robots":{"index":"index","follow":"follow","max-snippet":"max-snippet:-1","max-image-preview":"max-image-preview:large","max-video-preview":"max-video-preview:-1"},"canonical":"https:\/\/www.blupools.com\/co\/producto\/filtro-de-arena-de-27-swim-pro\/","og_locale":"es_ES","og_type":"article","og_title":"FILTRO DE ARENA DE 27\" SWIM PRO HAYWARD - Blupools","og_description":"COD: S270TEXP  Filtro SwimPro Hayward de 27\u2033 con v\u00e1lvula superior  CARACTER\u00cdSTICAS   Fabricado en pol\u00edmero moldeado  Adecuado para operar en condiciones severas de uso  Incluye v\u00e1lvula de 1-1\/2\u2033  Presi\u00f3n m\u00e1xima de trabajo en 50 PSI  Dren inferior para realizar el drenado y servicio del equipo  Base resistente a la corrosi\u00f3n","og_url":"https:\/\/www.blupools.com\/co\/producto\/filtro-de-arena-de-27-swim-pro\/","og_site_name":"Blupools","article_modified_time":"2024-08-13T17:53:21+00:00","og_image":[{"width":411,"height":426,"url":"https:\/\/www.blupools.com\/co\/wp-content\/uploads\/2024\/05\/WhatsApp-Image-2024-07-10-at-10.05.56-PM.jpeg","type":"image\/jpeg"}],"twitter_card":"summary_large_image","twitter_misc":{"Tiempo de lectura":"1 minuto"},"schema":{"@context":"https:\/\/schema.org","@graph":[{"@type":"WebPage","@id":"https:\/\/www.blupools.com\/co\/producto\/filtro-de-arena-de-27-swim-pro\/","url":"https:\/\/www.blupools.com\/co\/producto\/filtro-de-arena-de-27-swim-pro\/","name":"FILTRO DE ARENA DE 27\" SWIM PRO HAYWARD - Blupools","isPartOf":{"@id":"https:\/\/www.blupools.com\/co\/#website"},"primaryImageOfPage":{"@id":"https:\/\/www.blupools.com\/co\/producto\/filtro-de-arena-de-27-swim-pro\/#primaryimage"},"image":{"@id":"https:\/\/www.blupools.com\/co\/producto\/filtro-de-arena-de-27-swim-pro\/#primaryimage"},"thumbnailUrl":"https:\/\/www.blupools.com\/co\/wp-content\/uploads\/2024\/05\/WhatsApp-Image-2024-07-10-at-10.05.56-PM.jpeg","datePublished":"2024-05-23T21:21:48+00:00","dateModified":"2024-08-13T17:53:21+00:00","breadcrumb":{"@id":"https:\/\/www.blupools.com\/co\/producto\/filtro-de-arena-de-27-swim-pro\/#breadcrumb"},"inLanguage":"es","potentialAction":[{"@type":"ReadAction","target":["https:\/\/www.blupools.com\/co\/producto\/filtro-de-arena-de-27-swim-pro\/"]}]},{"@type":"ImageObject","inLanguage":"es","@id":"https:\/\/www.blupools.com\/co\/producto\/filtro-de-arena-de-27-swim-pro\/#primaryimage","url":"https:\/\/www.blupools.com\/co\/wp-content\/uploads\/2024\/05\/WhatsApp-Image-2024-07-10-at-10.05.56-PM.jpeg","contentUrl":"https:\/\/www.blupools.com\/co\/wp-content\/uploads\/2024\/05\/WhatsApp-Image-2024-07-10-at-10.05.56-PM.jpeg","width":411,"height":426},{"@type":"BreadcrumbList","@id":"https:\/\/www.blupools.com\/co\/producto\/filtro-de-arena-de-27-swim-pro\/#breadcrumb","itemListElement":[{"@type":"ListItem","position":1,"name":"Portada","item":"https:\/\/www.blupools.com\/co\/"},{"@type":"ListItem","position":2,"name":"Tienda","item":"https:\/\/www.blupools.com\/co\/tienda\/"},{"@type":"ListItem","position":3,"name":"FILTRO DE ARENA DE 27&#8243; SWIM PRO HAYWARD"}]},{"@type":"WebSite","@id":"https:\/\/www.blupools.com\/co\/#website","url":"https:\/\/www.blupools.com\/co\/","name":"Blupools Colombia","description":"Equipos para Piscinas y Spa&#039;s","publisher":{"@id":"https:\/\/www.blupools.com\/co\/#organization"},"potentialAction":[{"@type":"SearchAction","target":{"@type":"EntryPoint","urlTemplate":"https:\/\/www.blupools.com\/co\/?s={search_term_string}"},"query-input":"required name=search_term_string"}],"inLanguage":"es"},{"@type":"Organization","@id":"https:\/\/www.blupools.com\/co\/#organization","name":"Blupools Colombia","url":"https:\/\/www.blupools.com\/co\/","logo":{"@type":"ImageObject","inLanguage":"es","@id":"https:\/\/www.blupools.com\/co\/#\/schema\/logo\/image\/","url":"https:\/\/www.blupools.com\/co\/wp-content\/uploads\/2024\/06\/Logo_BP_Col.png","contentUrl":"https:\/\/www.blupools.com\/co\/wp-content\/uploads\/2024\/06\/Logo_BP_Col.png","width":5000,"height":5000,"caption":"Blupools Colombia"},"image":{"@id":"https:\/\/www.blupools.com\/co\/#\/schema\/logo\/image\/"}}]}},"_links":{"self":[{"href":"https:\/\/www.blupools.com\/co\/wp-json\/wp\/v2\/product\/18328","targetHints":{"allow":["GET"]}}],"collection":[{"href":"https:\/\/www.blupools.com\/co\/wp-json\/wp\/v2\/product"}],"about":[{"href":"https:\/\/www.blupools.com\/co\/wp-json\/wp\/v2\/types\/product"}],"replies":[{"embeddable":true,"href":"https:\/\/www.blupools.com\/co\/wp-json\/wp\/v2\/comments?post=18328"}],"wp:featuredmedia":[{"embeddable":true,"href":"https:\/\/www.blupools.com\/co\/wp-json\/wp\/v2\/media\/19006"}],"wp:attachment":[{"href":"https:\/\/www.blupools.com\/co\/wp-json\/wp\/v2\/media?parent=18328"}],"wp:term":[{"taxonomy":"product_cat","embeddable":true,"href":"https:\/\/www.blupools.com\/co\/wp-json\/wp\/v2\/product_cat?post=18328"},{"taxonomy":"product_tag","embeddable":true,"href":"https:\/\/www.blupools.com\/co\/wp-json\/wp\/v2\/product_tag?post=18328"}],"curies":[{"name":"wp","href":"https:\/\/api.w.org\/{rel}","templated":true}]}}