{"id":18329,"date":"2024-05-23T16:21:48","date_gmt":"2024-05-23T21:21:48","guid":{"rendered":"https:\/\/www.blupools.com\/co\/producto\/filtro-31-swim-pro-hayward\/"},"modified":"2024-08-13T12:53:29","modified_gmt":"2024-08-13T17:53:29","slug":"filtro-31-swim-pro-hayward","status":"publish","type":"product","link":"https:\/\/www.blupools.com\/co\/producto\/filtro-31-swim-pro-hayward\/","title":{"rendered":"FILTRO 31&#8243; SWIM PRO HAYWARD"},"content":{"rendered":"","protected":false},"excerpt":{"rendered":"<p>COD: S311T2EXP<\/p>\n<p>Los filtros Swim pro est\u00e1n dise\u00f1ados y equipados para ofrecer la combinaci\u00f3n ideal de su piscina: operaci\u00f3n continua, agua cristalina y m\u00ednimo mantenimiento.<\/p>\n<p>Caracter\u00edsticas:<\/p>\n<ul>\n<li aria-level=\"1\">Tanque fabricado en pol\u00edmero moldeado.<\/li>\n<li aria-level=\"1\">Preparado para operar largos ciclos de filtraci\u00f3n en condiciones severas de uso.<\/li>\n<li aria-level=\"1\">V\u00e1lvula m\u00faltiple de montaje superior.<\/li>\n<li aria-level=\"1\">Dren inferior para drenado y servicio.<\/li>\n<li aria-level=\"1\">Montado sobre base resistente a la corrosi\u00f3n.<\/li>\n<li aria-level=\"1\">Dise\u00f1ado para f\u00e1cil operaci\u00f3n y m\u00e1xima eficiencia.<\/li>\n<\/ul>\n","protected":false},"featured_media":19004,"comment_status":"open","ping_status":"closed","template":"","meta":[],"product_cat":[52],"product_tag":[48],"class_list":{"0":"post-18329","1":"product","2":"type-product","3":"status-publish","4":"has-post-thumbnail","6":"product_cat-filtros-de-arena","7":"product_tag-hayward","9":"first","10":"instock","11":"shipping-taxable","12":"product-type-simple"},"yoast_head":"<!-- This site is optimized with the Yoast SEO plugin v22.8 - https:\/\/yoast.com\/wordpress\/plugins\/seo\/ -->\n<title>FILTRO 31&quot; SWIM PRO HAYWARD - Blupools<\/title>\n<meta name=\"robots\" content=\"index, follow, max-snippet:-1, max-image-preview:large, max-video-preview:-1\" \/>\n<link rel=\"canonical\" href=\"https:\/\/www.blupools.com\/co\/producto\/filtro-31-swim-pro-hayward\/\" \/>\n<meta property=\"og:locale\" content=\"es_ES\" \/>\n<meta property=\"og:type\" content=\"article\" \/>\n<meta property=\"og:title\" content=\"FILTRO 31&quot; SWIM PRO HAYWARD - Blupools\" \/>\n<meta property=\"og:description\" content=\"COD: S311T2EXP  Los filtros Swim pro est\u00e1n dise\u00f1ados y equipados para ofrecer la combinaci\u00f3n ideal de su piscina: operaci\u00f3n continua, agua cristalina y m\u00ednimo mantenimiento.  Caracter\u00edsticas:   Tanque fabricado en pol\u00edmero moldeado.  Preparado para operar largos ciclos de filtraci\u00f3n en condiciones severas de uso.  V\u00e1lvula m\u00faltiple de montaje superior.  Dren inferior para drenado y servicio.  Montado sobre base resistente a la corrosi\u00f3n.  Dise\u00f1ado para f\u00e1cil operaci\u00f3n y m\u00e1xima eficiencia.\" \/>\n<meta property=\"og:url\" content=\"https:\/\/www.blupools.com\/co\/producto\/filtro-31-swim-pro-hayward\/\" \/>\n<meta property=\"og:site_name\" content=\"Blupools\" \/>\n<meta property=\"article:modified_time\" content=\"2024-08-13T17:53:29+00:00\" \/>\n<meta property=\"og:image\" content=\"https:\/\/www.blupools.com\/co\/wp-content\/uploads\/2024\/05\/filtro-Swim-Pro-31-pulgadas.jpg\" \/>\n\t<meta property=\"og:image:width\" content=\"1024\" \/>\n\t<meta property=\"og:image:height\" content=\"1024\" \/>\n\t<meta property=\"og:image:type\" content=\"image\/jpeg\" \/>\n<meta name=\"twitter:card\" content=\"summary_large_image\" \/>\n<meta name=\"twitter:label1\" content=\"Tiempo de lectura\" \/>\n\t<meta name=\"twitter:data1\" content=\"1 minuto\" \/>\n<script type=\"application\/ld+json\" class=\"yoast-schema-graph\">{\"@context\":\"https:\/\/schema.org\",\"@graph\":[{\"@type\":\"WebPage\",\"@id\":\"https:\/\/www.blupools.com\/co\/producto\/filtro-31-swim-pro-hayward\/\",\"url\":\"https:\/\/www.blupools.com\/co\/producto\/filtro-31-swim-pro-hayward\/\",\"name\":\"FILTRO 31\\\" SWIM PRO HAYWARD - Blupools\",\"isPartOf\":{\"@id\":\"https:\/\/www.blupools.com\/co\/#website\"},\"primaryImageOfPage\":{\"@id\":\"https:\/\/www.blupools.com\/co\/producto\/filtro-31-swim-pro-hayward\/#primaryimage\"},\"image\":{\"@id\":\"https:\/\/www.blupools.com\/co\/producto\/filtro-31-swim-pro-hayward\/#primaryimage\"},\"thumbnailUrl\":\"https:\/\/www.blupools.com\/co\/wp-content\/uploads\/2024\/05\/filtro-Swim-Pro-31-pulgadas.jpg\",\"datePublished\":\"2024-05-23T21:21:48+00:00\",\"dateModified\":\"2024-08-13T17:53:29+00:00\",\"breadcrumb\":{\"@id\":\"https:\/\/www.blupools.com\/co\/producto\/filtro-31-swim-pro-hayward\/#breadcrumb\"},\"inLanguage\":\"es\",\"potentialAction\":[{\"@type\":\"ReadAction\",\"target\":[\"https:\/\/www.blupools.com\/co\/producto\/filtro-31-swim-pro-hayward\/\"]}]},{\"@type\":\"ImageObject\",\"inLanguage\":\"es\",\"@id\":\"https:\/\/www.blupools.com\/co\/producto\/filtro-31-swim-pro-hayward\/#primaryimage\",\"url\":\"https:\/\/www.blupools.com\/co\/wp-content\/uploads\/2024\/05\/filtro-Swim-Pro-31-pulgadas.jpg\",\"contentUrl\":\"https:\/\/www.blupools.com\/co\/wp-content\/uploads\/2024\/05\/filtro-Swim-Pro-31-pulgadas.jpg\",\"width\":1024,\"height\":1024},{\"@type\":\"BreadcrumbList\",\"@id\":\"https:\/\/www.blupools.com\/co\/producto\/filtro-31-swim-pro-hayward\/#breadcrumb\",\"itemListElement\":[{\"@type\":\"ListItem\",\"position\":1,\"name\":\"Portada\",\"item\":\"https:\/\/www.blupools.com\/co\/\"},{\"@type\":\"ListItem\",\"position\":2,\"name\":\"Tienda\",\"item\":\"https:\/\/www.blupools.com\/co\/tienda\/\"},{\"@type\":\"ListItem\",\"position\":3,\"name\":\"FILTRO 31&#8243; SWIM PRO HAYWARD\"}]},{\"@type\":\"WebSite\",\"@id\":\"https:\/\/www.blupools.com\/co\/#website\",\"url\":\"https:\/\/www.blupools.com\/co\/\",\"name\":\"Blupools Colombia\",\"description\":\"Equipos para Piscinas y Spa&#039;s\",\"publisher\":{\"@id\":\"https:\/\/www.blupools.com\/co\/#organization\"},\"potentialAction\":[{\"@type\":\"SearchAction\",\"target\":{\"@type\":\"EntryPoint\",\"urlTemplate\":\"https:\/\/www.blupools.com\/co\/?s={search_term_string}\"},\"query-input\":\"required name=search_term_string\"}],\"inLanguage\":\"es\"},{\"@type\":\"Organization\",\"@id\":\"https:\/\/www.blupools.com\/co\/#organization\",\"name\":\"Blupools Colombia\",\"url\":\"https:\/\/www.blupools.com\/co\/\",\"logo\":{\"@type\":\"ImageObject\",\"inLanguage\":\"es\",\"@id\":\"https:\/\/www.blupools.com\/co\/#\/schema\/logo\/image\/\",\"url\":\"https:\/\/www.blupools.com\/co\/wp-content\/uploads\/2024\/06\/Logo_BP_Col.png\",\"contentUrl\":\"https:\/\/www.blupools.com\/co\/wp-content\/uploads\/2024\/06\/Logo_BP_Col.png\",\"width\":5000,\"height\":5000,\"caption\":\"Blupools Colombia\"},\"image\":{\"@id\":\"https:\/\/www.blupools.com\/co\/#\/schema\/logo\/image\/\"}}]}<\/script>\n<!-- \/ Yoast SEO plugin. -->","yoast_head_json":{"title":"FILTRO 31\" SWIM PRO HAYWARD - Blupools","robots":{"index":"index","follow":"follow","max-snippet":"max-snippet:-1","max-image-preview":"max-image-preview:large","max-video-preview":"max-video-preview:-1"},"canonical":"https:\/\/www.blupools.com\/co\/producto\/filtro-31-swim-pro-hayward\/","og_locale":"es_ES","og_type":"article","og_title":"FILTRO 31\" SWIM PRO HAYWARD - Blupools","og_description":"COD: S311T2EXP  Los filtros Swim pro est\u00e1n dise\u00f1ados y equipados para ofrecer la combinaci\u00f3n ideal de su piscina: operaci\u00f3n continua, agua cristalina y m\u00ednimo mantenimiento.  Caracter\u00edsticas:   Tanque fabricado en pol\u00edmero moldeado.  Preparado para operar largos ciclos de filtraci\u00f3n en condiciones severas de uso.  V\u00e1lvula m\u00faltiple de montaje superior.  Dren inferior para drenado y servicio.  Montado sobre base resistente a la corrosi\u00f3n.  Dise\u00f1ado para f\u00e1cil operaci\u00f3n y m\u00e1xima eficiencia.","og_url":"https:\/\/www.blupools.com\/co\/producto\/filtro-31-swim-pro-hayward\/","og_site_name":"Blupools","article_modified_time":"2024-08-13T17:53:29+00:00","og_image":[{"width":1024,"height":1024,"url":"https:\/\/www.blupools.com\/co\/wp-content\/uploads\/2024\/05\/filtro-Swim-Pro-31-pulgadas.jpg","type":"image\/jpeg"}],"twitter_card":"summary_large_image","twitter_misc":{"Tiempo de lectura":"1 minuto"},"schema":{"@context":"https:\/\/schema.org","@graph":[{"@type":"WebPage","@id":"https:\/\/www.blupools.com\/co\/producto\/filtro-31-swim-pro-hayward\/","url":"https:\/\/www.blupools.com\/co\/producto\/filtro-31-swim-pro-hayward\/","name":"FILTRO 31\" SWIM PRO HAYWARD - Blupools","isPartOf":{"@id":"https:\/\/www.blupools.com\/co\/#website"},"primaryImageOfPage":{"@id":"https:\/\/www.blupools.com\/co\/producto\/filtro-31-swim-pro-hayward\/#primaryimage"},"image":{"@id":"https:\/\/www.blupools.com\/co\/producto\/filtro-31-swim-pro-hayward\/#primaryimage"},"thumbnailUrl":"https:\/\/www.blupools.com\/co\/wp-content\/uploads\/2024\/05\/filtro-Swim-Pro-31-pulgadas.jpg","datePublished":"2024-05-23T21:21:48+00:00","dateModified":"2024-08-13T17:53:29+00:00","breadcrumb":{"@id":"https:\/\/www.blupools.com\/co\/producto\/filtro-31-swim-pro-hayward\/#breadcrumb"},"inLanguage":"es","potentialAction":[{"@type":"ReadAction","target":["https:\/\/www.blupools.com\/co\/producto\/filtro-31-swim-pro-hayward\/"]}]},{"@type":"ImageObject","inLanguage":"es","@id":"https:\/\/www.blupools.com\/co\/producto\/filtro-31-swim-pro-hayward\/#primaryimage","url":"https:\/\/www.blupools.com\/co\/wp-content\/uploads\/2024\/05\/filtro-Swim-Pro-31-pulgadas.jpg","contentUrl":"https:\/\/www.blupools.com\/co\/wp-content\/uploads\/2024\/05\/filtro-Swim-Pro-31-pulgadas.jpg","width":1024,"height":1024},{"@type":"BreadcrumbList","@id":"https:\/\/www.blupools.com\/co\/producto\/filtro-31-swim-pro-hayward\/#breadcrumb","itemListElement":[{"@type":"ListItem","position":1,"name":"Portada","item":"https:\/\/www.blupools.com\/co\/"},{"@type":"ListItem","position":2,"name":"Tienda","item":"https:\/\/www.blupools.com\/co\/tienda\/"},{"@type":"ListItem","position":3,"name":"FILTRO 31&#8243; SWIM PRO HAYWARD"}]},{"@type":"WebSite","@id":"https:\/\/www.blupools.com\/co\/#website","url":"https:\/\/www.blupools.com\/co\/","name":"Blupools Colombia","description":"Equipos para Piscinas y Spa&#039;s","publisher":{"@id":"https:\/\/www.blupools.com\/co\/#organization"},"potentialAction":[{"@type":"SearchAction","target":{"@type":"EntryPoint","urlTemplate":"https:\/\/www.blupools.com\/co\/?s={search_term_string}"},"query-input":"required name=search_term_string"}],"inLanguage":"es"},{"@type":"Organization","@id":"https:\/\/www.blupools.com\/co\/#organization","name":"Blupools Colombia","url":"https:\/\/www.blupools.com\/co\/","logo":{"@type":"ImageObject","inLanguage":"es","@id":"https:\/\/www.blupools.com\/co\/#\/schema\/logo\/image\/","url":"https:\/\/www.blupools.com\/co\/wp-content\/uploads\/2024\/06\/Logo_BP_Col.png","contentUrl":"https:\/\/www.blupools.com\/co\/wp-content\/uploads\/2024\/06\/Logo_BP_Col.png","width":5000,"height":5000,"caption":"Blupools Colombia"},"image":{"@id":"https:\/\/www.blupools.com\/co\/#\/schema\/logo\/image\/"}}]}},"_links":{"self":[{"href":"https:\/\/www.blupools.com\/co\/wp-json\/wp\/v2\/product\/18329","targetHints":{"allow":["GET"]}}],"collection":[{"href":"https:\/\/www.blupools.com\/co\/wp-json\/wp\/v2\/product"}],"about":[{"href":"https:\/\/www.blupools.com\/co\/wp-json\/wp\/v2\/types\/product"}],"replies":[{"embeddable":true,"href":"https:\/\/www.blupools.com\/co\/wp-json\/wp\/v2\/comments?post=18329"}],"wp:featuredmedia":[{"embeddable":true,"href":"https:\/\/www.blupools.com\/co\/wp-json\/wp\/v2\/media\/19004"}],"wp:attachment":[{"href":"https:\/\/www.blupools.com\/co\/wp-json\/wp\/v2\/media?parent=18329"}],"wp:term":[{"taxonomy":"product_cat","embeddable":true,"href":"https:\/\/www.blupools.com\/co\/wp-json\/wp\/v2\/product_cat?post=18329"},{"taxonomy":"product_tag","embeddable":true,"href":"https:\/\/www.blupools.com\/co\/wp-json\/wp\/v2\/product_tag?post=18329"}],"curies":[{"name":"wp","href":"https:\/\/api.w.org\/{rel}","templated":true}]}}