{"id":18330,"date":"2024-05-23T16:21:48","date_gmt":"2024-05-23T21:21:48","guid":{"rendered":"https:\/\/www.blupools.com\/co\/producto\/filtro-hayward-de-36-incl-valvula-multiport-2\/"},"modified":"2024-08-15T11:19:46","modified_gmt":"2024-08-15T16:19:46","slug":"filtro-de-36-incl-valvula-multiport-2","status":"publish","type":"product","link":"https:\/\/www.blupools.com\/co\/producto\/filtro-de-36-incl-valvula-multiport-2\/","title":{"rendered":"FILTRO DE 36&#8243; INCL. VALVULA MULTIPORT 2&#8243; HAYWARD"},"content":{"rendered":"","protected":false},"excerpt":{"rendered":"<p>COD: S360SX<\/p>\n<p>Son Filtros de alto rendimiento que combinan una construcci\u00f3n robusta, operaci\u00f3n y operaci\u00f3n de eficiencia energ\u00e9tica con las tasas de flujo superiores, por a\u00f1os de filtraci\u00f3n sin problemas con los cuidados m\u00ednimos.<br \/>\nEl tanque est\u00e1 constru\u00eddo a prueba de intemperie est\u00e1 construida en un material resistente en polimero. Estos filtros cuentan con un difusor integrado superior, desag\u00fce inferior de autolimpieza y de 360\u00ba con ranuras laterales para garantizar una distribuci\u00f3n uniforme del agua en cada Cm2. de arena, el lavado a fondo y el flujo totalmente equilibrado de agua cristalina.<br \/>\nEsta avanzada tecnolog\u00eda de flujo total de energ\u00eda reduce los costos mediante la obtenci\u00f3n de filtraci\u00f3n m\u00e1xima.<\/p>\n","protected":false},"featured_media":18999,"comment_status":"open","ping_status":"closed","template":"","meta":[],"product_cat":[85],"product_tag":[48],"class_list":{"0":"post-18330","1":"product","2":"type-product","3":"status-publish","4":"has-post-thumbnail","6":"product_cat-valvulas-multiport","7":"product_tag-hayward","9":"first","10":"instock","11":"shipping-taxable","12":"product-type-simple"},"yoast_head":"<!-- This site is optimized with the Yoast SEO plugin v22.8 - https:\/\/yoast.com\/wordpress\/plugins\/seo\/ -->\n<title>FILTRO DE 36&quot; INCL. VALVULA MULTIPORT 2&quot; HAYWARD - Blupools<\/title>\n<meta name=\"robots\" content=\"index, follow, max-snippet:-1, max-image-preview:large, max-video-preview:-1\" \/>\n<link rel=\"canonical\" href=\"https:\/\/www.blupools.com\/co\/producto\/filtro-de-36-incl-valvula-multiport-2\/\" \/>\n<meta property=\"og:locale\" content=\"es_ES\" \/>\n<meta property=\"og:type\" content=\"article\" \/>\n<meta property=\"og:title\" content=\"FILTRO DE 36&quot; INCL. VALVULA MULTIPORT 2&quot; HAYWARD - Blupools\" \/>\n<meta property=\"og:description\" content=\"COD: S360SX  Son Filtros de alto rendimiento que combinan una construcci\u00f3n robusta, operaci\u00f3n y operaci\u00f3n de eficiencia energ\u00e9tica con las tasas de flujo superiores, por a\u00f1os de filtraci\u00f3n sin problemas con los cuidados m\u00ednimos. El tanque est\u00e1 constru\u00eddo a prueba de intemperie est\u00e1 construida en un material resistente en polimero. Estos filtros cuentan con un difusor integrado superior, desag\u00fce inferior de autolimpieza y de 360\u00ba con ranuras laterales para garantizar una distribuci\u00f3n uniforme del agua en cada Cm2. de arena, el lavado a fondo y el flujo totalmente equilibrado de agua cristalina. Esta avanzada tecnolog\u00eda de flujo total de energ\u00eda reduce los costos mediante la obtenci\u00f3n de filtraci\u00f3n m\u00e1xima.\" \/>\n<meta property=\"og:url\" content=\"https:\/\/www.blupools.com\/co\/producto\/filtro-de-36-incl-valvula-multiport-2\/\" \/>\n<meta property=\"og:site_name\" content=\"Blupools\" \/>\n<meta property=\"article:modified_time\" content=\"2024-08-15T16:19:46+00:00\" \/>\n<meta property=\"og:image\" content=\"https:\/\/www.blupools.com\/co\/wp-content\/uploads\/2024\/05\/images-3.jpeg\" \/>\n\t<meta property=\"og:image:width\" content=\"225\" \/>\n\t<meta property=\"og:image:height\" content=\"225\" \/>\n\t<meta property=\"og:image:type\" content=\"image\/jpeg\" \/>\n<meta name=\"twitter:card\" content=\"summary_large_image\" \/>\n<meta name=\"twitter:label1\" content=\"Tiempo de lectura\" \/>\n\t<meta name=\"twitter:data1\" content=\"1 minuto\" \/>\n<script type=\"application\/ld+json\" class=\"yoast-schema-graph\">{\"@context\":\"https:\/\/schema.org\",\"@graph\":[{\"@type\":\"WebPage\",\"@id\":\"https:\/\/www.blupools.com\/co\/producto\/filtro-de-36-incl-valvula-multiport-2\/\",\"url\":\"https:\/\/www.blupools.com\/co\/producto\/filtro-de-36-incl-valvula-multiport-2\/\",\"name\":\"FILTRO DE 36\\\" INCL. VALVULA MULTIPORT 2\\\" HAYWARD - Blupools\",\"isPartOf\":{\"@id\":\"https:\/\/www.blupools.com\/co\/#website\"},\"primaryImageOfPage\":{\"@id\":\"https:\/\/www.blupools.com\/co\/producto\/filtro-de-36-incl-valvula-multiport-2\/#primaryimage\"},\"image\":{\"@id\":\"https:\/\/www.blupools.com\/co\/producto\/filtro-de-36-incl-valvula-multiport-2\/#primaryimage\"},\"thumbnailUrl\":\"https:\/\/www.blupools.com\/co\/wp-content\/uploads\/2024\/05\/images-3.jpeg\",\"datePublished\":\"2024-05-23T21:21:48+00:00\",\"dateModified\":\"2024-08-15T16:19:46+00:00\",\"breadcrumb\":{\"@id\":\"https:\/\/www.blupools.com\/co\/producto\/filtro-de-36-incl-valvula-multiport-2\/#breadcrumb\"},\"inLanguage\":\"es\",\"potentialAction\":[{\"@type\":\"ReadAction\",\"target\":[\"https:\/\/www.blupools.com\/co\/producto\/filtro-de-36-incl-valvula-multiport-2\/\"]}]},{\"@type\":\"ImageObject\",\"inLanguage\":\"es\",\"@id\":\"https:\/\/www.blupools.com\/co\/producto\/filtro-de-36-incl-valvula-multiport-2\/#primaryimage\",\"url\":\"https:\/\/www.blupools.com\/co\/wp-content\/uploads\/2024\/05\/images-3.jpeg\",\"contentUrl\":\"https:\/\/www.blupools.com\/co\/wp-content\/uploads\/2024\/05\/images-3.jpeg\",\"width\":225,\"height\":225},{\"@type\":\"BreadcrumbList\",\"@id\":\"https:\/\/www.blupools.com\/co\/producto\/filtro-de-36-incl-valvula-multiport-2\/#breadcrumb\",\"itemListElement\":[{\"@type\":\"ListItem\",\"position\":1,\"name\":\"Portada\",\"item\":\"https:\/\/www.blupools.com\/co\/\"},{\"@type\":\"ListItem\",\"position\":2,\"name\":\"Tienda\",\"item\":\"https:\/\/www.blupools.com\/co\/tienda\/\"},{\"@type\":\"ListItem\",\"position\":3,\"name\":\"FILTRO DE 36&#8243; INCL. VALVULA MULTIPORT 2&#8243; HAYWARD\"}]},{\"@type\":\"WebSite\",\"@id\":\"https:\/\/www.blupools.com\/co\/#website\",\"url\":\"https:\/\/www.blupools.com\/co\/\",\"name\":\"Blupools Colombia\",\"description\":\"Equipos para Piscinas y Spa&#039;s\",\"publisher\":{\"@id\":\"https:\/\/www.blupools.com\/co\/#organization\"},\"potentialAction\":[{\"@type\":\"SearchAction\",\"target\":{\"@type\":\"EntryPoint\",\"urlTemplate\":\"https:\/\/www.blupools.com\/co\/?s={search_term_string}\"},\"query-input\":\"required name=search_term_string\"}],\"inLanguage\":\"es\"},{\"@type\":\"Organization\",\"@id\":\"https:\/\/www.blupools.com\/co\/#organization\",\"name\":\"Blupools Colombia\",\"url\":\"https:\/\/www.blupools.com\/co\/\",\"logo\":{\"@type\":\"ImageObject\",\"inLanguage\":\"es\",\"@id\":\"https:\/\/www.blupools.com\/co\/#\/schema\/logo\/image\/\",\"url\":\"https:\/\/www.blupools.com\/co\/wp-content\/uploads\/2024\/06\/Logo_BP_Col.png\",\"contentUrl\":\"https:\/\/www.blupools.com\/co\/wp-content\/uploads\/2024\/06\/Logo_BP_Col.png\",\"width\":5000,\"height\":5000,\"caption\":\"Blupools Colombia\"},\"image\":{\"@id\":\"https:\/\/www.blupools.com\/co\/#\/schema\/logo\/image\/\"}}]}<\/script>\n<!-- \/ Yoast SEO plugin. -->","yoast_head_json":{"title":"FILTRO DE 36\" INCL. VALVULA MULTIPORT 2\" HAYWARD - Blupools","robots":{"index":"index","follow":"follow","max-snippet":"max-snippet:-1","max-image-preview":"max-image-preview:large","max-video-preview":"max-video-preview:-1"},"canonical":"https:\/\/www.blupools.com\/co\/producto\/filtro-de-36-incl-valvula-multiport-2\/","og_locale":"es_ES","og_type":"article","og_title":"FILTRO DE 36\" INCL. VALVULA MULTIPORT 2\" HAYWARD - Blupools","og_description":"COD: S360SX  Son Filtros de alto rendimiento que combinan una construcci\u00f3n robusta, operaci\u00f3n y operaci\u00f3n de eficiencia energ\u00e9tica con las tasas de flujo superiores, por a\u00f1os de filtraci\u00f3n sin problemas con los cuidados m\u00ednimos. El tanque est\u00e1 constru\u00eddo a prueba de intemperie est\u00e1 construida en un material resistente en polimero. Estos filtros cuentan con un difusor integrado superior, desag\u00fce inferior de autolimpieza y de 360\u00ba con ranuras laterales para garantizar una distribuci\u00f3n uniforme del agua en cada Cm2. de arena, el lavado a fondo y el flujo totalmente equilibrado de agua cristalina. Esta avanzada tecnolog\u00eda de flujo total de energ\u00eda reduce los costos mediante la obtenci\u00f3n de filtraci\u00f3n m\u00e1xima.","og_url":"https:\/\/www.blupools.com\/co\/producto\/filtro-de-36-incl-valvula-multiport-2\/","og_site_name":"Blupools","article_modified_time":"2024-08-15T16:19:46+00:00","og_image":[{"width":225,"height":225,"url":"https:\/\/www.blupools.com\/co\/wp-content\/uploads\/2024\/05\/images-3.jpeg","type":"image\/jpeg"}],"twitter_card":"summary_large_image","twitter_misc":{"Tiempo de lectura":"1 minuto"},"schema":{"@context":"https:\/\/schema.org","@graph":[{"@type":"WebPage","@id":"https:\/\/www.blupools.com\/co\/producto\/filtro-de-36-incl-valvula-multiport-2\/","url":"https:\/\/www.blupools.com\/co\/producto\/filtro-de-36-incl-valvula-multiport-2\/","name":"FILTRO DE 36\" INCL. VALVULA MULTIPORT 2\" HAYWARD - Blupools","isPartOf":{"@id":"https:\/\/www.blupools.com\/co\/#website"},"primaryImageOfPage":{"@id":"https:\/\/www.blupools.com\/co\/producto\/filtro-de-36-incl-valvula-multiport-2\/#primaryimage"},"image":{"@id":"https:\/\/www.blupools.com\/co\/producto\/filtro-de-36-incl-valvula-multiport-2\/#primaryimage"},"thumbnailUrl":"https:\/\/www.blupools.com\/co\/wp-content\/uploads\/2024\/05\/images-3.jpeg","datePublished":"2024-05-23T21:21:48+00:00","dateModified":"2024-08-15T16:19:46+00:00","breadcrumb":{"@id":"https:\/\/www.blupools.com\/co\/producto\/filtro-de-36-incl-valvula-multiport-2\/#breadcrumb"},"inLanguage":"es","potentialAction":[{"@type":"ReadAction","target":["https:\/\/www.blupools.com\/co\/producto\/filtro-de-36-incl-valvula-multiport-2\/"]}]},{"@type":"ImageObject","inLanguage":"es","@id":"https:\/\/www.blupools.com\/co\/producto\/filtro-de-36-incl-valvula-multiport-2\/#primaryimage","url":"https:\/\/www.blupools.com\/co\/wp-content\/uploads\/2024\/05\/images-3.jpeg","contentUrl":"https:\/\/www.blupools.com\/co\/wp-content\/uploads\/2024\/05\/images-3.jpeg","width":225,"height":225},{"@type":"BreadcrumbList","@id":"https:\/\/www.blupools.com\/co\/producto\/filtro-de-36-incl-valvula-multiport-2\/#breadcrumb","itemListElement":[{"@type":"ListItem","position":1,"name":"Portada","item":"https:\/\/www.blupools.com\/co\/"},{"@type":"ListItem","position":2,"name":"Tienda","item":"https:\/\/www.blupools.com\/co\/tienda\/"},{"@type":"ListItem","position":3,"name":"FILTRO DE 36&#8243; INCL. VALVULA MULTIPORT 2&#8243; HAYWARD"}]},{"@type":"WebSite","@id":"https:\/\/www.blupools.com\/co\/#website","url":"https:\/\/www.blupools.com\/co\/","name":"Blupools Colombia","description":"Equipos para Piscinas y Spa&#039;s","publisher":{"@id":"https:\/\/www.blupools.com\/co\/#organization"},"potentialAction":[{"@type":"SearchAction","target":{"@type":"EntryPoint","urlTemplate":"https:\/\/www.blupools.com\/co\/?s={search_term_string}"},"query-input":"required name=search_term_string"}],"inLanguage":"es"},{"@type":"Organization","@id":"https:\/\/www.blupools.com\/co\/#organization","name":"Blupools Colombia","url":"https:\/\/www.blupools.com\/co\/","logo":{"@type":"ImageObject","inLanguage":"es","@id":"https:\/\/www.blupools.com\/co\/#\/schema\/logo\/image\/","url":"https:\/\/www.blupools.com\/co\/wp-content\/uploads\/2024\/06\/Logo_BP_Col.png","contentUrl":"https:\/\/www.blupools.com\/co\/wp-content\/uploads\/2024\/06\/Logo_BP_Col.png","width":5000,"height":5000,"caption":"Blupools Colombia"},"image":{"@id":"https:\/\/www.blupools.com\/co\/#\/schema\/logo\/image\/"}}]}},"_links":{"self":[{"href":"https:\/\/www.blupools.com\/co\/wp-json\/wp\/v2\/product\/18330","targetHints":{"allow":["GET"]}}],"collection":[{"href":"https:\/\/www.blupools.com\/co\/wp-json\/wp\/v2\/product"}],"about":[{"href":"https:\/\/www.blupools.com\/co\/wp-json\/wp\/v2\/types\/product"}],"replies":[{"embeddable":true,"href":"https:\/\/www.blupools.com\/co\/wp-json\/wp\/v2\/comments?post=18330"}],"wp:featuredmedia":[{"embeddable":true,"href":"https:\/\/www.blupools.com\/co\/wp-json\/wp\/v2\/media\/18999"}],"wp:attachment":[{"href":"https:\/\/www.blupools.com\/co\/wp-json\/wp\/v2\/media?parent=18330"}],"wp:term":[{"taxonomy":"product_cat","embeddable":true,"href":"https:\/\/www.blupools.com\/co\/wp-json\/wp\/v2\/product_cat?post=18330"},{"taxonomy":"product_tag","embeddable":true,"href":"https:\/\/www.blupools.com\/co\/wp-json\/wp\/v2\/product_tag?post=18330"}],"curies":[{"name":"wp","href":"https:\/\/api.w.org\/{rel}","templated":true}]}}