{"id":18369,"date":"2024-05-23T16:21:51","date_gmt":"2024-05-23T21:21:51","guid":{"rendered":"https:\/\/www.blupools.com\/co\/producto\/desnatador-hayward-de-8-economico\/"},"modified":"2024-08-12T10:17:33","modified_gmt":"2024-08-12T15:17:33","slug":"desnatador-de-8-economico","status":"publish","type":"product","link":"https:\/\/www.blupools.com\/co\/producto\/desnatador-de-8-economico\/","title":{"rendered":"DESNATADOR DE 8&#8243; ECON\u00d3MICO HAYWARD"},"content":{"rendered":"","protected":false},"excerpt":{"rendered":"<p>COD: 3400<\/p>\n<p>Skim Master es un desnatador de superficie autom\u00e1tica no corrosivo y de gran capacidad con una cubierta de acceso redonda, inviolable, vertedero autoajustable de 8 \u00abcon acero inoxidable resorte de acero para mayor resistencia, salidas duales y conexiones internas roscadas para prueba de presi\u00f3n. El flotador opcional \/ v\u00e1lvula de derivaci\u00f3n proporciona un drenaje principal a trav\u00e9s de la desnatadora sistema y un bypass de seguridad autom\u00e1tico para condiciones de agua baja. No se usa pegamento en la fabricaci\u00f3n, promoviendo la fuerza m\u00e1xima y la longevidad. Serie SP1072T2 proporciona un puerto de desbordamiento que protege contra el desbordamiento o el llenado de agua de la piscina. Todos los desnatadores de la serie Skim-Master est\u00e1n disponibles con v\u00e1lvula flotante y kit ecualizador para cumplir con los requisitos comerciales espec\u00edficos de NSF.<\/p>\n","protected":false},"featured_media":18676,"comment_status":"open","ping_status":"closed","template":"","meta":[],"product_cat":[74],"product_tag":[48],"class_list":{"0":"post-18369","1":"product","2":"type-product","3":"status-publish","4":"has-post-thumbnail","6":"product_cat-desnatadores","7":"product_tag-hayward","9":"first","10":"instock","11":"shipping-taxable","12":"product-type-simple"},"yoast_head":"<!-- This site is optimized with the Yoast SEO plugin v22.8 - https:\/\/yoast.com\/wordpress\/plugins\/seo\/ -->\n<title>DESNATADOR DE 8&quot; ECON\u00d3MICO HAYWARD - Blupools<\/title>\n<meta name=\"robots\" content=\"index, follow, max-snippet:-1, max-image-preview:large, max-video-preview:-1\" \/>\n<link rel=\"canonical\" href=\"https:\/\/www.blupools.com\/co\/producto\/desnatador-de-8-economico\/\" \/>\n<meta property=\"og:locale\" content=\"es_ES\" \/>\n<meta property=\"og:type\" content=\"article\" \/>\n<meta property=\"og:title\" content=\"DESNATADOR DE 8&quot; ECON\u00d3MICO HAYWARD - Blupools\" \/>\n<meta property=\"og:description\" content=\"COD: 3400  Skim Master es un desnatador de superficie autom\u00e1tica no corrosivo y de gran capacidad con una cubierta de acceso redonda, inviolable, vertedero autoajustable de 8 \u00abcon acero inoxidable resorte de acero para mayor resistencia, salidas duales y conexiones internas roscadas para prueba de presi\u00f3n. El flotador opcional \/ v\u00e1lvula de derivaci\u00f3n proporciona un drenaje principal a trav\u00e9s de la desnatadora sistema y un bypass de seguridad autom\u00e1tico para condiciones de agua baja. No se usa pegamento en la fabricaci\u00f3n, promoviendo la fuerza m\u00e1xima y la longevidad. Serie SP1072T2 proporciona un puerto de desbordamiento que protege contra el desbordamiento o el llenado de agua de la piscina. Todos los desnatadores de la serie Skim-Master est\u00e1n disponibles con v\u00e1lvula flotante y kit ecualizador para cumplir con los requisitos comerciales espec\u00edficos de NSF.\" \/>\n<meta property=\"og:url\" content=\"https:\/\/www.blupools.com\/co\/producto\/desnatador-de-8-economico\/\" \/>\n<meta property=\"og:site_name\" content=\"Blupools\" \/>\n<meta property=\"article:modified_time\" content=\"2024-08-12T15:17:33+00:00\" \/>\n<meta property=\"og:image\" content=\"https:\/\/www.blupools.com\/co\/wp-content\/uploads\/2024\/05\/WhatsApp-Image-2024-06-25-at-4.24.40-PM.jpeg\" \/>\n\t<meta property=\"og:image:width\" content=\"363\" \/>\n\t<meta property=\"og:image:height\" content=\"314\" \/>\n\t<meta property=\"og:image:type\" content=\"image\/jpeg\" \/>\n<meta name=\"twitter:card\" content=\"summary_large_image\" \/>\n<meta name=\"twitter:label1\" content=\"Tiempo de lectura\" \/>\n\t<meta name=\"twitter:data1\" content=\"1 minuto\" \/>\n<script type=\"application\/ld+json\" class=\"yoast-schema-graph\">{\"@context\":\"https:\/\/schema.org\",\"@graph\":[{\"@type\":\"WebPage\",\"@id\":\"https:\/\/www.blupools.com\/co\/producto\/desnatador-de-8-economico\/\",\"url\":\"https:\/\/www.blupools.com\/co\/producto\/desnatador-de-8-economico\/\",\"name\":\"DESNATADOR DE 8\\\" ECON\u00d3MICO HAYWARD - Blupools\",\"isPartOf\":{\"@id\":\"https:\/\/www.blupools.com\/co\/#website\"},\"primaryImageOfPage\":{\"@id\":\"https:\/\/www.blupools.com\/co\/producto\/desnatador-de-8-economico\/#primaryimage\"},\"image\":{\"@id\":\"https:\/\/www.blupools.com\/co\/producto\/desnatador-de-8-economico\/#primaryimage\"},\"thumbnailUrl\":\"https:\/\/www.blupools.com\/co\/wp-content\/uploads\/2024\/05\/WhatsApp-Image-2024-06-25-at-4.24.40-PM.jpeg\",\"datePublished\":\"2024-05-23T21:21:51+00:00\",\"dateModified\":\"2024-08-12T15:17:33+00:00\",\"breadcrumb\":{\"@id\":\"https:\/\/www.blupools.com\/co\/producto\/desnatador-de-8-economico\/#breadcrumb\"},\"inLanguage\":\"es\",\"potentialAction\":[{\"@type\":\"ReadAction\",\"target\":[\"https:\/\/www.blupools.com\/co\/producto\/desnatador-de-8-economico\/\"]}]},{\"@type\":\"ImageObject\",\"inLanguage\":\"es\",\"@id\":\"https:\/\/www.blupools.com\/co\/producto\/desnatador-de-8-economico\/#primaryimage\",\"url\":\"https:\/\/www.blupools.com\/co\/wp-content\/uploads\/2024\/05\/WhatsApp-Image-2024-06-25-at-4.24.40-PM.jpeg\",\"contentUrl\":\"https:\/\/www.blupools.com\/co\/wp-content\/uploads\/2024\/05\/WhatsApp-Image-2024-06-25-at-4.24.40-PM.jpeg\",\"width\":363,\"height\":314},{\"@type\":\"BreadcrumbList\",\"@id\":\"https:\/\/www.blupools.com\/co\/producto\/desnatador-de-8-economico\/#breadcrumb\",\"itemListElement\":[{\"@type\":\"ListItem\",\"position\":1,\"name\":\"Portada\",\"item\":\"https:\/\/www.blupools.com\/co\/\"},{\"@type\":\"ListItem\",\"position\":2,\"name\":\"Tienda\",\"item\":\"https:\/\/www.blupools.com\/co\/tienda\/\"},{\"@type\":\"ListItem\",\"position\":3,\"name\":\"DESNATADOR DE 8&#8243; ECON\u00d3MICO HAYWARD\"}]},{\"@type\":\"WebSite\",\"@id\":\"https:\/\/www.blupools.com\/co\/#website\",\"url\":\"https:\/\/www.blupools.com\/co\/\",\"name\":\"Blupools Colombia\",\"description\":\"Equipos para Piscinas y Spa&#039;s\",\"publisher\":{\"@id\":\"https:\/\/www.blupools.com\/co\/#organization\"},\"potentialAction\":[{\"@type\":\"SearchAction\",\"target\":{\"@type\":\"EntryPoint\",\"urlTemplate\":\"https:\/\/www.blupools.com\/co\/?s={search_term_string}\"},\"query-input\":\"required name=search_term_string\"}],\"inLanguage\":\"es\"},{\"@type\":\"Organization\",\"@id\":\"https:\/\/www.blupools.com\/co\/#organization\",\"name\":\"Blupools Colombia\",\"url\":\"https:\/\/www.blupools.com\/co\/\",\"logo\":{\"@type\":\"ImageObject\",\"inLanguage\":\"es\",\"@id\":\"https:\/\/www.blupools.com\/co\/#\/schema\/logo\/image\/\",\"url\":\"https:\/\/www.blupools.com\/co\/wp-content\/uploads\/2024\/06\/Logo_BP_Col.png\",\"contentUrl\":\"https:\/\/www.blupools.com\/co\/wp-content\/uploads\/2024\/06\/Logo_BP_Col.png\",\"width\":5000,\"height\":5000,\"caption\":\"Blupools Colombia\"},\"image\":{\"@id\":\"https:\/\/www.blupools.com\/co\/#\/schema\/logo\/image\/\"}}]}<\/script>\n<!-- \/ Yoast SEO plugin. -->","yoast_head_json":{"title":"DESNATADOR DE 8\" ECON\u00d3MICO HAYWARD - Blupools","robots":{"index":"index","follow":"follow","max-snippet":"max-snippet:-1","max-image-preview":"max-image-preview:large","max-video-preview":"max-video-preview:-1"},"canonical":"https:\/\/www.blupools.com\/co\/producto\/desnatador-de-8-economico\/","og_locale":"es_ES","og_type":"article","og_title":"DESNATADOR DE 8\" ECON\u00d3MICO HAYWARD - Blupools","og_description":"COD: 3400  Skim Master es un desnatador de superficie autom\u00e1tica no corrosivo y de gran capacidad con una cubierta de acceso redonda, inviolable, vertedero autoajustable de 8 \u00abcon acero inoxidable resorte de acero para mayor resistencia, salidas duales y conexiones internas roscadas para prueba de presi\u00f3n. El flotador opcional \/ v\u00e1lvula de derivaci\u00f3n proporciona un drenaje principal a trav\u00e9s de la desnatadora sistema y un bypass de seguridad autom\u00e1tico para condiciones de agua baja. No se usa pegamento en la fabricaci\u00f3n, promoviendo la fuerza m\u00e1xima y la longevidad. Serie SP1072T2 proporciona un puerto de desbordamiento que protege contra el desbordamiento o el llenado de agua de la piscina. Todos los desnatadores de la serie Skim-Master est\u00e1n disponibles con v\u00e1lvula flotante y kit ecualizador para cumplir con los requisitos comerciales espec\u00edficos de NSF.","og_url":"https:\/\/www.blupools.com\/co\/producto\/desnatador-de-8-economico\/","og_site_name":"Blupools","article_modified_time":"2024-08-12T15:17:33+00:00","og_image":[{"width":363,"height":314,"url":"https:\/\/www.blupools.com\/co\/wp-content\/uploads\/2024\/05\/WhatsApp-Image-2024-06-25-at-4.24.40-PM.jpeg","type":"image\/jpeg"}],"twitter_card":"summary_large_image","twitter_misc":{"Tiempo de lectura":"1 minuto"},"schema":{"@context":"https:\/\/schema.org","@graph":[{"@type":"WebPage","@id":"https:\/\/www.blupools.com\/co\/producto\/desnatador-de-8-economico\/","url":"https:\/\/www.blupools.com\/co\/producto\/desnatador-de-8-economico\/","name":"DESNATADOR DE 8\" ECON\u00d3MICO HAYWARD - Blupools","isPartOf":{"@id":"https:\/\/www.blupools.com\/co\/#website"},"primaryImageOfPage":{"@id":"https:\/\/www.blupools.com\/co\/producto\/desnatador-de-8-economico\/#primaryimage"},"image":{"@id":"https:\/\/www.blupools.com\/co\/producto\/desnatador-de-8-economico\/#primaryimage"},"thumbnailUrl":"https:\/\/www.blupools.com\/co\/wp-content\/uploads\/2024\/05\/WhatsApp-Image-2024-06-25-at-4.24.40-PM.jpeg","datePublished":"2024-05-23T21:21:51+00:00","dateModified":"2024-08-12T15:17:33+00:00","breadcrumb":{"@id":"https:\/\/www.blupools.com\/co\/producto\/desnatador-de-8-economico\/#breadcrumb"},"inLanguage":"es","potentialAction":[{"@type":"ReadAction","target":["https:\/\/www.blupools.com\/co\/producto\/desnatador-de-8-economico\/"]}]},{"@type":"ImageObject","inLanguage":"es","@id":"https:\/\/www.blupools.com\/co\/producto\/desnatador-de-8-economico\/#primaryimage","url":"https:\/\/www.blupools.com\/co\/wp-content\/uploads\/2024\/05\/WhatsApp-Image-2024-06-25-at-4.24.40-PM.jpeg","contentUrl":"https:\/\/www.blupools.com\/co\/wp-content\/uploads\/2024\/05\/WhatsApp-Image-2024-06-25-at-4.24.40-PM.jpeg","width":363,"height":314},{"@type":"BreadcrumbList","@id":"https:\/\/www.blupools.com\/co\/producto\/desnatador-de-8-economico\/#breadcrumb","itemListElement":[{"@type":"ListItem","position":1,"name":"Portada","item":"https:\/\/www.blupools.com\/co\/"},{"@type":"ListItem","position":2,"name":"Tienda","item":"https:\/\/www.blupools.com\/co\/tienda\/"},{"@type":"ListItem","position":3,"name":"DESNATADOR DE 8&#8243; ECON\u00d3MICO HAYWARD"}]},{"@type":"WebSite","@id":"https:\/\/www.blupools.com\/co\/#website","url":"https:\/\/www.blupools.com\/co\/","name":"Blupools Colombia","description":"Equipos para Piscinas y Spa&#039;s","publisher":{"@id":"https:\/\/www.blupools.com\/co\/#organization"},"potentialAction":[{"@type":"SearchAction","target":{"@type":"EntryPoint","urlTemplate":"https:\/\/www.blupools.com\/co\/?s={search_term_string}"},"query-input":"required name=search_term_string"}],"inLanguage":"es"},{"@type":"Organization","@id":"https:\/\/www.blupools.com\/co\/#organization","name":"Blupools Colombia","url":"https:\/\/www.blupools.com\/co\/","logo":{"@type":"ImageObject","inLanguage":"es","@id":"https:\/\/www.blupools.com\/co\/#\/schema\/logo\/image\/","url":"https:\/\/www.blupools.com\/co\/wp-content\/uploads\/2024\/06\/Logo_BP_Col.png","contentUrl":"https:\/\/www.blupools.com\/co\/wp-content\/uploads\/2024\/06\/Logo_BP_Col.png","width":5000,"height":5000,"caption":"Blupools Colombia"},"image":{"@id":"https:\/\/www.blupools.com\/co\/#\/schema\/logo\/image\/"}}]}},"_links":{"self":[{"href":"https:\/\/www.blupools.com\/co\/wp-json\/wp\/v2\/product\/18369","targetHints":{"allow":["GET"]}}],"collection":[{"href":"https:\/\/www.blupools.com\/co\/wp-json\/wp\/v2\/product"}],"about":[{"href":"https:\/\/www.blupools.com\/co\/wp-json\/wp\/v2\/types\/product"}],"replies":[{"embeddable":true,"href":"https:\/\/www.blupools.com\/co\/wp-json\/wp\/v2\/comments?post=18369"}],"wp:featuredmedia":[{"embeddable":true,"href":"https:\/\/www.blupools.com\/co\/wp-json\/wp\/v2\/media\/18676"}],"wp:attachment":[{"href":"https:\/\/www.blupools.com\/co\/wp-json\/wp\/v2\/media?parent=18369"}],"wp:term":[{"taxonomy":"product_cat","embeddable":true,"href":"https:\/\/www.blupools.com\/co\/wp-json\/wp\/v2\/product_cat?post=18369"},{"taxonomy":"product_tag","embeddable":true,"href":"https:\/\/www.blupools.com\/co\/wp-json\/wp\/v2\/product_tag?post=18369"}],"curies":[{"name":"wp","href":"https:\/\/api.w.org\/{rel}","templated":true}]}}