{"id":18380,"date":"2024-05-23T16:21:51","date_gmt":"2024-05-23T21:21:51","guid":{"rendered":"https:\/\/www.blupools.com\/co\/producto\/receptaculos-hayward-de-2-roscado\/"},"modified":"2024-06-25T16:11:44","modified_gmt":"2024-06-25T21:11:44","slug":"receptaculos-hayward-de-2-roscado","status":"publish","type":"product","link":"https:\/\/www.blupools.com\/co\/producto\/receptaculos-hayward-de-2-roscado\/","title":{"rendered":"RECEPTACULOS HAYWARD DE 2&#8243; ROSCADO"},"content":{"rendered":"","protected":false},"excerpt":{"rendered":"<p>Accesorio complementario para boquilla de retorno, resistente a qu\u00edmicos y rayos UV.<\/p>\n<p>Es utilizado tambi\u00e9n para toma de aspiraci\u00f3n.<\/p>\n<div class=\"jsx-4129468047 product-image-desktop-wrapper\">\n<div class=\"jsx-1430309803 product-info\">\n<div class=\"jsx-1430309803 product-info-details\">\n<div id=\"Ficha t\u00e9cnica\" class=\"jsx-1184217384 accordion jsx-3877788794\">\n<div class=\"jsx-1184217384 content \">\n<div class=\"jsx-1430309803 product-tech-specs\">\n<div class=\"jsx-1430309803 content\">\n<div class=\"jsx-3969330179 jsx-3762308956 simple-table jsx-967453414\">\n<div class=\"jsx-3969330179 jsx-3762308956 row jsx-967453414\">\n<div class=\"jsx-3969330179 jsx-3762308956 title cell jsx-967453414\"><\/div>\n<\/div>\n<div class=\"jsx-3969330179 jsx-3762308956 row jsx-967453414\">\n<div class=\"jsx-3969330179 jsx-3762308956 title cell jsx-967453414\"><strong>Material:<\/strong>\u00a0 \u00a0 \u00a0 \u00a0 \u00a0 \u00a0 \u00a0ABS<\/div>\n<\/div>\n<div class=\"jsx-3969330179 jsx-3762308956 row jsx-967453414\"><\/div>\n<div class=\"jsx-3969330179 jsx-3762308956 row jsx-967453414\">\n<div class=\"jsx-3969330179 jsx-3762308956 title cell jsx-967453414\"><strong>Di\u00e1metro:\u00a0 \u00a0<\/strong>\u00a0\u00a0 \u00a0 \u00a0 \u00a09 cm<\/div>\n<\/div>\n<div class=\"jsx-3969330179 jsx-3762308956 row jsx-967453414\">\n<div class=\"jsx-3969330179 jsx-3762308956 title cell jsx-967453414\"><strong>Profundidad:<\/strong>\u00a0 \u00a0 \u00a0 \u00a0d5 cm<\/div>\n<\/div>\n<div class=\"jsx-3969330179 jsx-3762308956 row jsx-967453414\">\n<div class=\"jsx-3969330179 jsx-3762308956 title cell jsx-967453414\"><strong>Uso Ideal:<\/strong>\u00a0 \u00a0 \u00a0 \u00a0 \u00a0 \u00a0como base de boquilla para piscina<\/div>\n<\/div>\n<div class=\"jsx-3969330179 jsx-3762308956 row jsx-967453414\">\n<div class=\"jsx-3969330179 jsx-3762308956 value cell jsx-967453414\">\n<div class=\"jsx-3969330179 jsx-3762308956\"><strong>Procedencia:\u00a0<\/strong>\u00a0 \u00a0U.S.A<\/div>\n<\/div>\n<\/div>\n<div class=\"jsx-3969330179 jsx-3762308956 row jsx-967453414\">\n<div class=\"jsx-3969330179 jsx-3762308956 title cell jsx-967453414\"><strong>Tipo:\u00a0<\/strong>\u00a0 \u00a0 \u00a0 \u00a0 \u00a0 \u00a0 \u00a0 \u00a0 \u00a0 \u00a0 Recept\u00e1culo para boquilla<\/div>\n<\/div>\n<\/div>\n<\/div>\n<\/div>\n<\/div>\n<\/div>\n<\/div>\n<\/div>\n<\/div>\n","protected":false},"featured_media":18672,"comment_status":"open","ping_status":"closed","template":"","meta":[],"product_cat":[75],"product_tag":[48],"class_list":{"0":"post-18380","1":"product","2":"type-product","3":"status-publish","4":"has-post-thumbnail","6":"product_cat-accesorios-de-empotrar","7":"product_tag-hayward","9":"first","10":"instock","11":"shipping-taxable","12":"product-type-simple"},"yoast_head":"<!-- This site is optimized with the Yoast SEO plugin v22.8 - https:\/\/yoast.com\/wordpress\/plugins\/seo\/ -->\n<title>RECEPTACULOS HAYWARD DE 2&quot; ROSCADO - Blupools<\/title>\n<meta name=\"robots\" content=\"index, follow, max-snippet:-1, max-image-preview:large, max-video-preview:-1\" \/>\n<link rel=\"canonical\" href=\"https:\/\/www.blupools.com\/co\/producto\/receptaculos-hayward-de-2-roscado\/\" \/>\n<meta property=\"og:locale\" content=\"es_ES\" \/>\n<meta property=\"og:type\" content=\"article\" \/>\n<meta property=\"og:title\" content=\"RECEPTACULOS HAYWARD DE 2&quot; ROSCADO - Blupools\" \/>\n<meta property=\"og:description\" content=\"Accesorio complementario para boquilla de retorno, resistente a qu\u00edmicos y rayos UV.  Es utilizado tambi\u00e9n para toma de aspiraci\u00f3n.             Material:\u00a0 \u00a0 \u00a0 \u00a0 \u00a0 \u00a0 \u00a0ABS    Di\u00e1metro:\u00a0 \u00a0\u00a0\u00a0 \u00a0 \u00a0 \u00a09 cm   Profundidad:\u00a0 \u00a0 \u00a0 \u00a0d5 cm   Uso Ideal:\u00a0 \u00a0 \u00a0 \u00a0 \u00a0 \u00a0como base de boquilla para piscina    Procedencia:\u00a0\u00a0 \u00a0U.S.A    Tipo:\u00a0\u00a0 \u00a0 \u00a0 \u00a0 \u00a0 \u00a0 \u00a0 \u00a0 \u00a0 \u00a0 Recept\u00e1culo para boquilla\" \/>\n<meta property=\"og:url\" content=\"https:\/\/www.blupools.com\/co\/producto\/receptaculos-hayward-de-2-roscado\/\" \/>\n<meta property=\"og:site_name\" content=\"Blupools\" \/>\n<meta property=\"article:modified_time\" content=\"2024-06-25T21:11:44+00:00\" \/>\n<meta property=\"og:image\" content=\"https:\/\/www.blupools.com\/co\/wp-content\/uploads\/2024\/05\/WhatsApp-Image-2024-06-25-at-4.10.29-PM.jpeg\" \/>\n\t<meta property=\"og:image:width\" content=\"955\" \/>\n\t<meta property=\"og:image:height\" content=\"622\" \/>\n\t<meta property=\"og:image:type\" content=\"image\/jpeg\" \/>\n<meta name=\"twitter:card\" content=\"summary_large_image\" \/>\n<meta name=\"twitter:label1\" content=\"Tiempo de lectura\" \/>\n\t<meta name=\"twitter:data1\" content=\"1 minuto\" \/>\n<script type=\"application\/ld+json\" class=\"yoast-schema-graph\">{\"@context\":\"https:\/\/schema.org\",\"@graph\":[{\"@type\":\"WebPage\",\"@id\":\"https:\/\/www.blupools.com\/co\/producto\/receptaculos-hayward-de-2-roscado\/\",\"url\":\"https:\/\/www.blupools.com\/co\/producto\/receptaculos-hayward-de-2-roscado\/\",\"name\":\"RECEPTACULOS HAYWARD DE 2\\\" ROSCADO - Blupools\",\"isPartOf\":{\"@id\":\"https:\/\/www.blupools.com\/co\/#website\"},\"primaryImageOfPage\":{\"@id\":\"https:\/\/www.blupools.com\/co\/producto\/receptaculos-hayward-de-2-roscado\/#primaryimage\"},\"image\":{\"@id\":\"https:\/\/www.blupools.com\/co\/producto\/receptaculos-hayward-de-2-roscado\/#primaryimage\"},\"thumbnailUrl\":\"https:\/\/www.blupools.com\/co\/wp-content\/uploads\/2024\/05\/WhatsApp-Image-2024-06-25-at-4.10.29-PM.jpeg\",\"datePublished\":\"2024-05-23T21:21:51+00:00\",\"dateModified\":\"2024-06-25T21:11:44+00:00\",\"breadcrumb\":{\"@id\":\"https:\/\/www.blupools.com\/co\/producto\/receptaculos-hayward-de-2-roscado\/#breadcrumb\"},\"inLanguage\":\"es\",\"potentialAction\":[{\"@type\":\"ReadAction\",\"target\":[\"https:\/\/www.blupools.com\/co\/producto\/receptaculos-hayward-de-2-roscado\/\"]}]},{\"@type\":\"ImageObject\",\"inLanguage\":\"es\",\"@id\":\"https:\/\/www.blupools.com\/co\/producto\/receptaculos-hayward-de-2-roscado\/#primaryimage\",\"url\":\"https:\/\/www.blupools.com\/co\/wp-content\/uploads\/2024\/05\/WhatsApp-Image-2024-06-25-at-4.10.29-PM.jpeg\",\"contentUrl\":\"https:\/\/www.blupools.com\/co\/wp-content\/uploads\/2024\/05\/WhatsApp-Image-2024-06-25-at-4.10.29-PM.jpeg\",\"width\":955,\"height\":622},{\"@type\":\"BreadcrumbList\",\"@id\":\"https:\/\/www.blupools.com\/co\/producto\/receptaculos-hayward-de-2-roscado\/#breadcrumb\",\"itemListElement\":[{\"@type\":\"ListItem\",\"position\":1,\"name\":\"Portada\",\"item\":\"https:\/\/www.blupools.com\/co\/\"},{\"@type\":\"ListItem\",\"position\":2,\"name\":\"Tienda\",\"item\":\"https:\/\/www.blupools.com\/co\/tienda\/\"},{\"@type\":\"ListItem\",\"position\":3,\"name\":\"RECEPTACULOS HAYWARD DE 2&#8243; ROSCADO\"}]},{\"@type\":\"WebSite\",\"@id\":\"https:\/\/www.blupools.com\/co\/#website\",\"url\":\"https:\/\/www.blupools.com\/co\/\",\"name\":\"Blupools Colombia\",\"description\":\"Equipos para Piscinas y Spa&#039;s\",\"publisher\":{\"@id\":\"https:\/\/www.blupools.com\/co\/#organization\"},\"potentialAction\":[{\"@type\":\"SearchAction\",\"target\":{\"@type\":\"EntryPoint\",\"urlTemplate\":\"https:\/\/www.blupools.com\/co\/?s={search_term_string}\"},\"query-input\":\"required name=search_term_string\"}],\"inLanguage\":\"es\"},{\"@type\":\"Organization\",\"@id\":\"https:\/\/www.blupools.com\/co\/#organization\",\"name\":\"Blupools Colombia\",\"url\":\"https:\/\/www.blupools.com\/co\/\",\"logo\":{\"@type\":\"ImageObject\",\"inLanguage\":\"es\",\"@id\":\"https:\/\/www.blupools.com\/co\/#\/schema\/logo\/image\/\",\"url\":\"https:\/\/www.blupools.com\/co\/wp-content\/uploads\/2024\/06\/Logo_BP_Col.png\",\"contentUrl\":\"https:\/\/www.blupools.com\/co\/wp-content\/uploads\/2024\/06\/Logo_BP_Col.png\",\"width\":5000,\"height\":5000,\"caption\":\"Blupools Colombia\"},\"image\":{\"@id\":\"https:\/\/www.blupools.com\/co\/#\/schema\/logo\/image\/\"}}]}<\/script>\n<!-- \/ Yoast SEO plugin. -->","yoast_head_json":{"title":"RECEPTACULOS HAYWARD DE 2\" ROSCADO - Blupools","robots":{"index":"index","follow":"follow","max-snippet":"max-snippet:-1","max-image-preview":"max-image-preview:large","max-video-preview":"max-video-preview:-1"},"canonical":"https:\/\/www.blupools.com\/co\/producto\/receptaculos-hayward-de-2-roscado\/","og_locale":"es_ES","og_type":"article","og_title":"RECEPTACULOS HAYWARD DE 2\" ROSCADO - Blupools","og_description":"Accesorio complementario para boquilla de retorno, resistente a qu\u00edmicos y rayos UV.  Es utilizado tambi\u00e9n para toma de aspiraci\u00f3n.             Material:\u00a0 \u00a0 \u00a0 \u00a0 \u00a0 \u00a0 \u00a0ABS    Di\u00e1metro:\u00a0 \u00a0\u00a0\u00a0 \u00a0 \u00a0 \u00a09 cm   Profundidad:\u00a0 \u00a0 \u00a0 \u00a0d5 cm   Uso Ideal:\u00a0 \u00a0 \u00a0 \u00a0 \u00a0 \u00a0como base de boquilla para piscina    Procedencia:\u00a0\u00a0 \u00a0U.S.A    Tipo:\u00a0\u00a0 \u00a0 \u00a0 \u00a0 \u00a0 \u00a0 \u00a0 \u00a0 \u00a0 \u00a0 Recept\u00e1culo para boquilla","og_url":"https:\/\/www.blupools.com\/co\/producto\/receptaculos-hayward-de-2-roscado\/","og_site_name":"Blupools","article_modified_time":"2024-06-25T21:11:44+00:00","og_image":[{"width":955,"height":622,"url":"https:\/\/www.blupools.com\/co\/wp-content\/uploads\/2024\/05\/WhatsApp-Image-2024-06-25-at-4.10.29-PM.jpeg","type":"image\/jpeg"}],"twitter_card":"summary_large_image","twitter_misc":{"Tiempo de lectura":"1 minuto"},"schema":{"@context":"https:\/\/schema.org","@graph":[{"@type":"WebPage","@id":"https:\/\/www.blupools.com\/co\/producto\/receptaculos-hayward-de-2-roscado\/","url":"https:\/\/www.blupools.com\/co\/producto\/receptaculos-hayward-de-2-roscado\/","name":"RECEPTACULOS HAYWARD DE 2\" ROSCADO - Blupools","isPartOf":{"@id":"https:\/\/www.blupools.com\/co\/#website"},"primaryImageOfPage":{"@id":"https:\/\/www.blupools.com\/co\/producto\/receptaculos-hayward-de-2-roscado\/#primaryimage"},"image":{"@id":"https:\/\/www.blupools.com\/co\/producto\/receptaculos-hayward-de-2-roscado\/#primaryimage"},"thumbnailUrl":"https:\/\/www.blupools.com\/co\/wp-content\/uploads\/2024\/05\/WhatsApp-Image-2024-06-25-at-4.10.29-PM.jpeg","datePublished":"2024-05-23T21:21:51+00:00","dateModified":"2024-06-25T21:11:44+00:00","breadcrumb":{"@id":"https:\/\/www.blupools.com\/co\/producto\/receptaculos-hayward-de-2-roscado\/#breadcrumb"},"inLanguage":"es","potentialAction":[{"@type":"ReadAction","target":["https:\/\/www.blupools.com\/co\/producto\/receptaculos-hayward-de-2-roscado\/"]}]},{"@type":"ImageObject","inLanguage":"es","@id":"https:\/\/www.blupools.com\/co\/producto\/receptaculos-hayward-de-2-roscado\/#primaryimage","url":"https:\/\/www.blupools.com\/co\/wp-content\/uploads\/2024\/05\/WhatsApp-Image-2024-06-25-at-4.10.29-PM.jpeg","contentUrl":"https:\/\/www.blupools.com\/co\/wp-content\/uploads\/2024\/05\/WhatsApp-Image-2024-06-25-at-4.10.29-PM.jpeg","width":955,"height":622},{"@type":"BreadcrumbList","@id":"https:\/\/www.blupools.com\/co\/producto\/receptaculos-hayward-de-2-roscado\/#breadcrumb","itemListElement":[{"@type":"ListItem","position":1,"name":"Portada","item":"https:\/\/www.blupools.com\/co\/"},{"@type":"ListItem","position":2,"name":"Tienda","item":"https:\/\/www.blupools.com\/co\/tienda\/"},{"@type":"ListItem","position":3,"name":"RECEPTACULOS HAYWARD DE 2&#8243; ROSCADO"}]},{"@type":"WebSite","@id":"https:\/\/www.blupools.com\/co\/#website","url":"https:\/\/www.blupools.com\/co\/","name":"Blupools Colombia","description":"Equipos para Piscinas y Spa&#039;s","publisher":{"@id":"https:\/\/www.blupools.com\/co\/#organization"},"potentialAction":[{"@type":"SearchAction","target":{"@type":"EntryPoint","urlTemplate":"https:\/\/www.blupools.com\/co\/?s={search_term_string}"},"query-input":"required name=search_term_string"}],"inLanguage":"es"},{"@type":"Organization","@id":"https:\/\/www.blupools.com\/co\/#organization","name":"Blupools Colombia","url":"https:\/\/www.blupools.com\/co\/","logo":{"@type":"ImageObject","inLanguage":"es","@id":"https:\/\/www.blupools.com\/co\/#\/schema\/logo\/image\/","url":"https:\/\/www.blupools.com\/co\/wp-content\/uploads\/2024\/06\/Logo_BP_Col.png","contentUrl":"https:\/\/www.blupools.com\/co\/wp-content\/uploads\/2024\/06\/Logo_BP_Col.png","width":5000,"height":5000,"caption":"Blupools Colombia"},"image":{"@id":"https:\/\/www.blupools.com\/co\/#\/schema\/logo\/image\/"}}]}},"_links":{"self":[{"href":"https:\/\/www.blupools.com\/co\/wp-json\/wp\/v2\/product\/18380","targetHints":{"allow":["GET"]}}],"collection":[{"href":"https:\/\/www.blupools.com\/co\/wp-json\/wp\/v2\/product"}],"about":[{"href":"https:\/\/www.blupools.com\/co\/wp-json\/wp\/v2\/types\/product"}],"replies":[{"embeddable":true,"href":"https:\/\/www.blupools.com\/co\/wp-json\/wp\/v2\/comments?post=18380"}],"wp:featuredmedia":[{"embeddable":true,"href":"https:\/\/www.blupools.com\/co\/wp-json\/wp\/v2\/media\/18672"}],"wp:attachment":[{"href":"https:\/\/www.blupools.com\/co\/wp-json\/wp\/v2\/media?parent=18380"}],"wp:term":[{"taxonomy":"product_cat","embeddable":true,"href":"https:\/\/www.blupools.com\/co\/wp-json\/wp\/v2\/product_cat?post=18380"},{"taxonomy":"product_tag","embeddable":true,"href":"https:\/\/www.blupools.com\/co\/wp-json\/wp\/v2\/product_tag?post=18380"}],"curies":[{"name":"wp","href":"https:\/\/api.w.org\/{rel}","templated":true}]}}