{"id":18399,"date":"2024-05-23T16:21:53","date_gmt":"2024-05-23T21:21:53","guid":{"rendered":"https:\/\/www.blupools.com\/co\/producto\/clorinador-en-linea-grande-hayward-14kgs-tabs\/"},"modified":"2024-08-15T11:45:04","modified_gmt":"2024-08-15T16:45:04","slug":"clorinador-en-linea-grande-14kgs-tabs","status":"publish","type":"product","link":"https:\/\/www.blupools.com\/co\/producto\/clorinador-en-linea-grande-14kgs-tabs\/","title":{"rendered":"CLORINADOR EN L\u00cdNEA GRANDE 14KGS. TABS. HAYWARD"},"content":{"rendered":"","protected":false},"excerpt":{"rendered":"<p>COD: C500EXP<\/p>\n<p>El clorador en l\u00ednea C500EXP de gran capacidad de Hayward, est\u00e1 dise\u00f1ado para proporcionar una reserva de productos qu\u00edmicos (ya sea cloro o bromo) en piscinas y\/o spas residenciales y comerciales.<\/p>\n<ul>\n<li dir=\"ltr\" aria-level=\"1\">\n<p dir=\"ltr\" role=\"presentation\">El Clorador en l\u00ednea C500EXP Hayward, es un alimentador qu\u00edmico que est\u00e1 dimensionado para lograr una desinfecci\u00f3n adecuada en la mayor\u00eda de piscinas y spas.<\/p>\n<\/li>\n<li dir=\"ltr\" aria-level=\"1\">\n<p dir=\"ltr\" role=\"presentation\">Tienen una v\u00e1lvula de control para el ajuste f\u00e1cil y preciso de la velocidad de alimentaci\u00f3n qu\u00edmica.<\/p>\n<\/li>\n<li dir=\"ltr\" aria-level=\"1\">\n<p dir=\"ltr\" role=\"presentation\">Se pueden instalar por debajo o encima del nivel de las piscinas de diversos tama\u00f1os.<\/p>\n<\/li>\n<li dir=\"ltr\" aria-level=\"1\">\n<p dir=\"ltr\" role=\"presentation\">Instalaci\u00f3n sencilla en l\u00ednea para una nueva construcci\u00f3n o reemplazo.<\/p>\n<\/li>\n<li dir=\"ltr\" aria-level=\"1\">\n<p dir=\"ltr\" role=\"presentation\">V\u00e1lvula de control de l\u00ednea permite un ajuste simple de alimentaci\u00f3n.<\/p>\n<\/li>\n<li dir=\"ltr\" aria-level=\"1\">\n<p dir=\"ltr\" role=\"presentation\">Cierre f\u00e1cil con tapa roscada para el acceso seguro y conveniente de las tabletas, resistentes a la corrosi\u00f3n.<\/p>\n<\/li>\n<li dir=\"ltr\" aria-level=\"1\">\n<p dir=\"ltr\" role=\"presentation\">Empaquetadura de cierre fabricado con componentes Viton \u00ae de alta calidad y f\u00e1cil remoci\u00f3n.<\/p>\n<\/li>\n<li dir=\"ltr\" aria-level=\"1\">\n<p dir=\"ltr\" role=\"presentation\">Incluye base de montaje, drenaje, v\u00e1lvula de control de entrada calibrada, v\u00e1lvula de retenci\u00f3n de salida y cubierta transparente.<\/p>\n<\/li>\n<li dir=\"ltr\" aria-level=\"1\">\n<p dir=\"ltr\" role=\"presentation\">Tama\u00f1o de tuber\u00eda: \u00be FIP.<\/p>\n<\/li>\n<\/ul>\n","protected":false},"featured_media":19242,"comment_status":"open","ping_status":"closed","template":"","meta":[],"product_cat":[76],"product_tag":[48],"class_list":{"0":"post-18399","1":"product","2":"type-product","3":"status-publish","4":"has-post-thumbnail","6":"product_cat-sistema-de-desinfeccion","7":"product_tag-hayward","9":"first","10":"instock","11":"shipping-taxable","12":"product-type-simple"},"yoast_head":"<!-- This site is optimized with the Yoast SEO plugin v22.8 - https:\/\/yoast.com\/wordpress\/plugins\/seo\/ -->\n<title>CLORINADOR EN L\u00cdNEA GRANDE 14KGS. TABS. HAYWARD - Blupools<\/title>\n<meta name=\"robots\" content=\"index, follow, max-snippet:-1, max-image-preview:large, max-video-preview:-1\" \/>\n<link rel=\"canonical\" href=\"https:\/\/www.blupools.com\/co\/producto\/clorinador-en-linea-grande-14kgs-tabs\/\" \/>\n<meta property=\"og:locale\" content=\"es_ES\" \/>\n<meta property=\"og:type\" content=\"article\" \/>\n<meta property=\"og:title\" content=\"CLORINADOR EN L\u00cdNEA GRANDE 14KGS. TABS. HAYWARD - Blupools\" \/>\n<meta property=\"og:description\" content=\"COD: C500EXP  El clorador en l\u00ednea C500EXP de gran capacidad de Hayward, est\u00e1 dise\u00f1ado para proporcionar una reserva de productos qu\u00edmicos (ya sea cloro o bromo) en piscinas y\/o spas residenciales y comerciales.    El Clorador en l\u00ednea C500EXP Hayward, es un alimentador qu\u00edmico que est\u00e1 dimensionado para lograr una desinfecci\u00f3n adecuada en la mayor\u00eda de piscinas y spas.    Tienen una v\u00e1lvula de control para el ajuste f\u00e1cil y preciso de la velocidad de alimentaci\u00f3n qu\u00edmica.    Se pueden instalar por debajo o encima del nivel de las piscinas de diversos tama\u00f1os.    Instalaci\u00f3n sencilla en l\u00ednea para una nueva construcci\u00f3n o reemplazo.    V\u00e1lvula de control de l\u00ednea permite un ajuste simple de alimentaci\u00f3n.    Cierre f\u00e1cil con tapa roscada para el acceso seguro y conveniente de las tabletas, resistentes a la corrosi\u00f3n.    Empaquetadura de cierre fabricado con componentes Viton \u00ae de alta calidad y f\u00e1cil remoci\u00f3n.    Incluye base de montaje, drenaje, v\u00e1lvula de control de entrada calibrada, v\u00e1lvula de retenci\u00f3n de salida y cubierta transparente.    Tama\u00f1o de tuber\u00eda: \u00be FIP.\" \/>\n<meta property=\"og:url\" content=\"https:\/\/www.blupools.com\/co\/producto\/clorinador-en-linea-grande-14kgs-tabs\/\" \/>\n<meta property=\"og:site_name\" content=\"Blupools\" \/>\n<meta property=\"article:modified_time\" content=\"2024-08-15T16:45:04+00:00\" \/>\n<meta property=\"og:image\" content=\"https:\/\/www.blupools.com\/co\/wp-content\/uploads\/2024\/05\/HAYWARD-C500.png\" \/>\n\t<meta property=\"og:image:width\" content=\"413\" \/>\n\t<meta property=\"og:image:height\" content=\"493\" \/>\n\t<meta property=\"og:image:type\" content=\"image\/png\" \/>\n<meta name=\"twitter:card\" content=\"summary_large_image\" \/>\n<meta name=\"twitter:label1\" content=\"Tiempo de lectura\" \/>\n\t<meta name=\"twitter:data1\" content=\"1 minuto\" \/>\n<script type=\"application\/ld+json\" class=\"yoast-schema-graph\">{\"@context\":\"https:\/\/schema.org\",\"@graph\":[{\"@type\":\"WebPage\",\"@id\":\"https:\/\/www.blupools.com\/co\/producto\/clorinador-en-linea-grande-14kgs-tabs\/\",\"url\":\"https:\/\/www.blupools.com\/co\/producto\/clorinador-en-linea-grande-14kgs-tabs\/\",\"name\":\"CLORINADOR EN L\u00cdNEA GRANDE 14KGS. TABS. HAYWARD - Blupools\",\"isPartOf\":{\"@id\":\"https:\/\/www.blupools.com\/co\/#website\"},\"primaryImageOfPage\":{\"@id\":\"https:\/\/www.blupools.com\/co\/producto\/clorinador-en-linea-grande-14kgs-tabs\/#primaryimage\"},\"image\":{\"@id\":\"https:\/\/www.blupools.com\/co\/producto\/clorinador-en-linea-grande-14kgs-tabs\/#primaryimage\"},\"thumbnailUrl\":\"https:\/\/www.blupools.com\/co\/wp-content\/uploads\/2024\/05\/HAYWARD-C500.png\",\"datePublished\":\"2024-05-23T21:21:53+00:00\",\"dateModified\":\"2024-08-15T16:45:04+00:00\",\"breadcrumb\":{\"@id\":\"https:\/\/www.blupools.com\/co\/producto\/clorinador-en-linea-grande-14kgs-tabs\/#breadcrumb\"},\"inLanguage\":\"es\",\"potentialAction\":[{\"@type\":\"ReadAction\",\"target\":[\"https:\/\/www.blupools.com\/co\/producto\/clorinador-en-linea-grande-14kgs-tabs\/\"]}]},{\"@type\":\"ImageObject\",\"inLanguage\":\"es\",\"@id\":\"https:\/\/www.blupools.com\/co\/producto\/clorinador-en-linea-grande-14kgs-tabs\/#primaryimage\",\"url\":\"https:\/\/www.blupools.com\/co\/wp-content\/uploads\/2024\/05\/HAYWARD-C500.png\",\"contentUrl\":\"https:\/\/www.blupools.com\/co\/wp-content\/uploads\/2024\/05\/HAYWARD-C500.png\",\"width\":413,\"height\":493},{\"@type\":\"BreadcrumbList\",\"@id\":\"https:\/\/www.blupools.com\/co\/producto\/clorinador-en-linea-grande-14kgs-tabs\/#breadcrumb\",\"itemListElement\":[{\"@type\":\"ListItem\",\"position\":1,\"name\":\"Portada\",\"item\":\"https:\/\/www.blupools.com\/co\/\"},{\"@type\":\"ListItem\",\"position\":2,\"name\":\"Tienda\",\"item\":\"https:\/\/www.blupools.com\/co\/tienda\/\"},{\"@type\":\"ListItem\",\"position\":3,\"name\":\"CLORINADOR EN L\u00cdNEA GRANDE 14KGS. TABS. HAYWARD\"}]},{\"@type\":\"WebSite\",\"@id\":\"https:\/\/www.blupools.com\/co\/#website\",\"url\":\"https:\/\/www.blupools.com\/co\/\",\"name\":\"Blupools Colombia\",\"description\":\"Equipos para Piscinas y Spa&#039;s\",\"publisher\":{\"@id\":\"https:\/\/www.blupools.com\/co\/#organization\"},\"potentialAction\":[{\"@type\":\"SearchAction\",\"target\":{\"@type\":\"EntryPoint\",\"urlTemplate\":\"https:\/\/www.blupools.com\/co\/?s={search_term_string}\"},\"query-input\":\"required name=search_term_string\"}],\"inLanguage\":\"es\"},{\"@type\":\"Organization\",\"@id\":\"https:\/\/www.blupools.com\/co\/#organization\",\"name\":\"Blupools Colombia\",\"url\":\"https:\/\/www.blupools.com\/co\/\",\"logo\":{\"@type\":\"ImageObject\",\"inLanguage\":\"es\",\"@id\":\"https:\/\/www.blupools.com\/co\/#\/schema\/logo\/image\/\",\"url\":\"https:\/\/www.blupools.com\/co\/wp-content\/uploads\/2024\/06\/Logo_BP_Col.png\",\"contentUrl\":\"https:\/\/www.blupools.com\/co\/wp-content\/uploads\/2024\/06\/Logo_BP_Col.png\",\"width\":5000,\"height\":5000,\"caption\":\"Blupools Colombia\"},\"image\":{\"@id\":\"https:\/\/www.blupools.com\/co\/#\/schema\/logo\/image\/\"}}]}<\/script>\n<!-- \/ Yoast SEO plugin. -->","yoast_head_json":{"title":"CLORINADOR EN L\u00cdNEA GRANDE 14KGS. TABS. HAYWARD - Blupools","robots":{"index":"index","follow":"follow","max-snippet":"max-snippet:-1","max-image-preview":"max-image-preview:large","max-video-preview":"max-video-preview:-1"},"canonical":"https:\/\/www.blupools.com\/co\/producto\/clorinador-en-linea-grande-14kgs-tabs\/","og_locale":"es_ES","og_type":"article","og_title":"CLORINADOR EN L\u00cdNEA GRANDE 14KGS. TABS. HAYWARD - Blupools","og_description":"COD: C500EXP  El clorador en l\u00ednea C500EXP de gran capacidad de Hayward, est\u00e1 dise\u00f1ado para proporcionar una reserva de productos qu\u00edmicos (ya sea cloro o bromo) en piscinas y\/o spas residenciales y comerciales.    El Clorador en l\u00ednea C500EXP Hayward, es un alimentador qu\u00edmico que est\u00e1 dimensionado para lograr una desinfecci\u00f3n adecuada en la mayor\u00eda de piscinas y spas.    Tienen una v\u00e1lvula de control para el ajuste f\u00e1cil y preciso de la velocidad de alimentaci\u00f3n qu\u00edmica.    Se pueden instalar por debajo o encima del nivel de las piscinas de diversos tama\u00f1os.    Instalaci\u00f3n sencilla en l\u00ednea para una nueva construcci\u00f3n o reemplazo.    V\u00e1lvula de control de l\u00ednea permite un ajuste simple de alimentaci\u00f3n.    Cierre f\u00e1cil con tapa roscada para el acceso seguro y conveniente de las tabletas, resistentes a la corrosi\u00f3n.    Empaquetadura de cierre fabricado con componentes Viton \u00ae de alta calidad y f\u00e1cil remoci\u00f3n.    Incluye base de montaje, drenaje, v\u00e1lvula de control de entrada calibrada, v\u00e1lvula de retenci\u00f3n de salida y cubierta transparente.    Tama\u00f1o de tuber\u00eda: \u00be FIP.","og_url":"https:\/\/www.blupools.com\/co\/producto\/clorinador-en-linea-grande-14kgs-tabs\/","og_site_name":"Blupools","article_modified_time":"2024-08-15T16:45:04+00:00","og_image":[{"width":413,"height":493,"url":"https:\/\/www.blupools.com\/co\/wp-content\/uploads\/2024\/05\/HAYWARD-C500.png","type":"image\/png"}],"twitter_card":"summary_large_image","twitter_misc":{"Tiempo de lectura":"1 minuto"},"schema":{"@context":"https:\/\/schema.org","@graph":[{"@type":"WebPage","@id":"https:\/\/www.blupools.com\/co\/producto\/clorinador-en-linea-grande-14kgs-tabs\/","url":"https:\/\/www.blupools.com\/co\/producto\/clorinador-en-linea-grande-14kgs-tabs\/","name":"CLORINADOR EN L\u00cdNEA GRANDE 14KGS. TABS. HAYWARD - Blupools","isPartOf":{"@id":"https:\/\/www.blupools.com\/co\/#website"},"primaryImageOfPage":{"@id":"https:\/\/www.blupools.com\/co\/producto\/clorinador-en-linea-grande-14kgs-tabs\/#primaryimage"},"image":{"@id":"https:\/\/www.blupools.com\/co\/producto\/clorinador-en-linea-grande-14kgs-tabs\/#primaryimage"},"thumbnailUrl":"https:\/\/www.blupools.com\/co\/wp-content\/uploads\/2024\/05\/HAYWARD-C500.png","datePublished":"2024-05-23T21:21:53+00:00","dateModified":"2024-08-15T16:45:04+00:00","breadcrumb":{"@id":"https:\/\/www.blupools.com\/co\/producto\/clorinador-en-linea-grande-14kgs-tabs\/#breadcrumb"},"inLanguage":"es","potentialAction":[{"@type":"ReadAction","target":["https:\/\/www.blupools.com\/co\/producto\/clorinador-en-linea-grande-14kgs-tabs\/"]}]},{"@type":"ImageObject","inLanguage":"es","@id":"https:\/\/www.blupools.com\/co\/producto\/clorinador-en-linea-grande-14kgs-tabs\/#primaryimage","url":"https:\/\/www.blupools.com\/co\/wp-content\/uploads\/2024\/05\/HAYWARD-C500.png","contentUrl":"https:\/\/www.blupools.com\/co\/wp-content\/uploads\/2024\/05\/HAYWARD-C500.png","width":413,"height":493},{"@type":"BreadcrumbList","@id":"https:\/\/www.blupools.com\/co\/producto\/clorinador-en-linea-grande-14kgs-tabs\/#breadcrumb","itemListElement":[{"@type":"ListItem","position":1,"name":"Portada","item":"https:\/\/www.blupools.com\/co\/"},{"@type":"ListItem","position":2,"name":"Tienda","item":"https:\/\/www.blupools.com\/co\/tienda\/"},{"@type":"ListItem","position":3,"name":"CLORINADOR EN L\u00cdNEA GRANDE 14KGS. TABS. HAYWARD"}]},{"@type":"WebSite","@id":"https:\/\/www.blupools.com\/co\/#website","url":"https:\/\/www.blupools.com\/co\/","name":"Blupools Colombia","description":"Equipos para Piscinas y Spa&#039;s","publisher":{"@id":"https:\/\/www.blupools.com\/co\/#organization"},"potentialAction":[{"@type":"SearchAction","target":{"@type":"EntryPoint","urlTemplate":"https:\/\/www.blupools.com\/co\/?s={search_term_string}"},"query-input":"required name=search_term_string"}],"inLanguage":"es"},{"@type":"Organization","@id":"https:\/\/www.blupools.com\/co\/#organization","name":"Blupools Colombia","url":"https:\/\/www.blupools.com\/co\/","logo":{"@type":"ImageObject","inLanguage":"es","@id":"https:\/\/www.blupools.com\/co\/#\/schema\/logo\/image\/","url":"https:\/\/www.blupools.com\/co\/wp-content\/uploads\/2024\/06\/Logo_BP_Col.png","contentUrl":"https:\/\/www.blupools.com\/co\/wp-content\/uploads\/2024\/06\/Logo_BP_Col.png","width":5000,"height":5000,"caption":"Blupools Colombia"},"image":{"@id":"https:\/\/www.blupools.com\/co\/#\/schema\/logo\/image\/"}}]}},"_links":{"self":[{"href":"https:\/\/www.blupools.com\/co\/wp-json\/wp\/v2\/product\/18399","targetHints":{"allow":["GET"]}}],"collection":[{"href":"https:\/\/www.blupools.com\/co\/wp-json\/wp\/v2\/product"}],"about":[{"href":"https:\/\/www.blupools.com\/co\/wp-json\/wp\/v2\/types\/product"}],"replies":[{"embeddable":true,"href":"https:\/\/www.blupools.com\/co\/wp-json\/wp\/v2\/comments?post=18399"}],"wp:featuredmedia":[{"embeddable":true,"href":"https:\/\/www.blupools.com\/co\/wp-json\/wp\/v2\/media\/19242"}],"wp:attachment":[{"href":"https:\/\/www.blupools.com\/co\/wp-json\/wp\/v2\/media?parent=18399"}],"wp:term":[{"taxonomy":"product_cat","embeddable":true,"href":"https:\/\/www.blupools.com\/co\/wp-json\/wp\/v2\/product_cat?post=18399"},{"taxonomy":"product_tag","embeddable":true,"href":"https:\/\/www.blupools.com\/co\/wp-json\/wp\/v2\/product_tag?post=18399"}],"curies":[{"name":"wp","href":"https:\/\/api.w.org\/{rel}","templated":true}]}}