{"id":18413,"date":"2024-05-23T16:21:54","date_gmt":"2024-05-23T21:21:54","guid":{"rendered":"https:\/\/www.blupools.com\/co\/producto\/reflector-color-logic-80-50-ft\/"},"modified":"2024-08-12T09:20:31","modified_gmt":"2024-08-12T14:20:31","slug":"reflector-color-logic-80-50-ft","status":"publish","type":"product","link":"https:\/\/www.blupools.com\/co\/producto\/reflector-color-logic-80-50-ft\/","title":{"rendered":"REFLECTOR COLOR LOGIC 80, 50 FT HAYWARD"},"content":{"rendered":"","protected":false},"excerpt":{"rendered":"<p>COD: LMCUS11050<\/p>\n<p>Las luces LED ColorLogic 80 de 1\/2\u00a0pulgada de Hayward ofrecen detalles ricos y coloridos. Estas luces discretas est\u00e1n dise\u00f1adas para aumentar el brillo de \u00e1reas dif\u00edciles de iluminar, como escaleras, decks y fuentes de agua, y permiten que la creatividad se destaque en el patio. F\u00e1ciles de instalar en ambientes h\u00famedos o secos, estas vers\u00e1tiles luces se instalan en conductos de PVC de \u00bd in y duran 10 veces m\u00e1s que las bombillas incandescentes. Adem\u00e1s, las luces ColorLogic\u00a080 se sincronizan perfectamente con todas las luces de bajo voltaje de la familia ColorLogic para que puedas coordinar tu oasis en el patio trasero como un experto.<br \/>\n\u2022 Ilumina \u00e1reas dif\u00edciles de alcanzar, como escaleras, fuentes de agua, paisajes, decks, plataformas de bronceado, cascadas sheer y mucho m\u00e1s<br \/>\n\u2022 Con los 10\u00a0colores fijos de ColorLogic y 7\u00a0programas din\u00e1micos que cambian de color para adaptarse a tu estado de \u00e1nimo<br \/>\n\u2022 10 colores adicionales, navegaci\u00f3n m\u00e1s r\u00e1pida, atenuaci\u00f3n y control de velocidad con OmniDirect Mode\u2122 cuando se combina con los sistemas de automatizaci\u00f3n Hayward Omni\u00ae<br \/>\n\u2022 Instalar en ambientes h\u00famedos o secos en conductos de PVC de \u00bd\u00a0pulgada y tan solo 4\u00a0pulgadas de agua<br \/>\n\u2022 Ahorra un 86\u00a0% m\u00e1s de energ\u00eda que las l\u00e1mparas incandescentes comunes<br \/>\n\u2022 Disponible en dos niveles de brillo<\/p>\n","protected":false},"featured_media":18960,"comment_status":"open","ping_status":"closed","template":"","meta":[],"product_cat":[55],"product_tag":[48],"class_list":{"0":"post-18413","1":"product","2":"type-product","3":"status-publish","4":"has-post-thumbnail","6":"product_cat-iluminacion","7":"product_tag-hayward","9":"first","10":"instock","11":"shipping-taxable","12":"product-type-simple"},"yoast_head":"<!-- This site is optimized with the Yoast SEO plugin v22.8 - https:\/\/yoast.com\/wordpress\/plugins\/seo\/ -->\n<title>REFLECTOR COLOR LOGIC 80, 50 FT HAYWARD - Blupools<\/title>\n<meta name=\"robots\" content=\"index, follow, max-snippet:-1, max-image-preview:large, max-video-preview:-1\" \/>\n<link rel=\"canonical\" href=\"https:\/\/www.blupools.com\/co\/producto\/reflector-color-logic-80-50-ft\/\" \/>\n<meta property=\"og:locale\" content=\"es_ES\" \/>\n<meta property=\"og:type\" content=\"article\" \/>\n<meta property=\"og:title\" content=\"REFLECTOR COLOR LOGIC 80, 50 FT HAYWARD - Blupools\" \/>\n<meta property=\"og:description\" content=\"COD: LMCUS11050  Las luces LED ColorLogic 80 de 1\/2\u00a0pulgada de Hayward ofrecen detalles ricos y coloridos. Estas luces discretas est\u00e1n dise\u00f1adas para aumentar el brillo de \u00e1reas dif\u00edciles de iluminar, como escaleras, decks y fuentes de agua, y permiten que la creatividad se destaque en el patio. F\u00e1ciles de instalar en ambientes h\u00famedos o secos, estas vers\u00e1tiles luces se instalan en conductos de PVC de \u00bd in y duran 10 veces m\u00e1s que las bombillas incandescentes. Adem\u00e1s, las luces ColorLogic\u00a080 se sincronizan perfectamente con todas las luces de bajo voltaje de la familia ColorLogic para que puedas coordinar tu oasis en el patio trasero como un experto. \u2022 Ilumina \u00e1reas dif\u00edciles de alcanzar, como escaleras, fuentes de agua, paisajes, decks, plataformas de bronceado, cascadas sheer y mucho m\u00e1s \u2022 Con los 10\u00a0colores fijos de ColorLogic y 7\u00a0programas din\u00e1micos que cambian de color para adaptarse a tu estado de \u00e1nimo \u2022 10 colores adicionales, navegaci\u00f3n m\u00e1s r\u00e1pida, atenuaci\u00f3n y control de velocidad con OmniDirect Mode\u2122 cuando se combina con los sistemas de automatizaci\u00f3n Hayward Omni\u00ae \u2022 Instalar en ambientes h\u00famedos o secos en conductos de PVC de \u00bd\u00a0pulgada y tan solo 4\u00a0pulgadas de agua \u2022 Ahorra un 86\u00a0% m\u00e1s de energ\u00eda que las l\u00e1mparas incandescentes comunes \u2022 Disponible en dos niveles de brillo\" \/>\n<meta property=\"og:url\" content=\"https:\/\/www.blupools.com\/co\/producto\/reflector-color-logic-80-50-ft\/\" \/>\n<meta property=\"og:site_name\" content=\"Blupools\" \/>\n<meta property=\"article:modified_time\" content=\"2024-08-12T14:20:31+00:00\" \/>\n<meta property=\"og:image\" content=\"https:\/\/www.blupools.com\/co\/wp-content\/uploads\/2024\/05\/WhatsApp-Image-2024-07-10-at-12.53.26-PM.jpeg\" \/>\n\t<meta property=\"og:image:width\" content=\"569\" \/>\n\t<meta property=\"og:image:height\" content=\"585\" \/>\n\t<meta property=\"og:image:type\" content=\"image\/jpeg\" \/>\n<meta name=\"twitter:card\" content=\"summary_large_image\" \/>\n<meta name=\"twitter:label1\" content=\"Tiempo de lectura\" \/>\n\t<meta name=\"twitter:data1\" content=\"1 minuto\" \/>\n<script type=\"application\/ld+json\" class=\"yoast-schema-graph\">{\"@context\":\"https:\/\/schema.org\",\"@graph\":[{\"@type\":\"WebPage\",\"@id\":\"https:\/\/www.blupools.com\/co\/producto\/reflector-color-logic-80-50-ft\/\",\"url\":\"https:\/\/www.blupools.com\/co\/producto\/reflector-color-logic-80-50-ft\/\",\"name\":\"REFLECTOR COLOR LOGIC 80, 50 FT HAYWARD - Blupools\",\"isPartOf\":{\"@id\":\"https:\/\/www.blupools.com\/co\/#website\"},\"primaryImageOfPage\":{\"@id\":\"https:\/\/www.blupools.com\/co\/producto\/reflector-color-logic-80-50-ft\/#primaryimage\"},\"image\":{\"@id\":\"https:\/\/www.blupools.com\/co\/producto\/reflector-color-logic-80-50-ft\/#primaryimage\"},\"thumbnailUrl\":\"https:\/\/www.blupools.com\/co\/wp-content\/uploads\/2024\/05\/WhatsApp-Image-2024-07-10-at-12.53.26-PM.jpeg\",\"datePublished\":\"2024-05-23T21:21:54+00:00\",\"dateModified\":\"2024-08-12T14:20:31+00:00\",\"breadcrumb\":{\"@id\":\"https:\/\/www.blupools.com\/co\/producto\/reflector-color-logic-80-50-ft\/#breadcrumb\"},\"inLanguage\":\"es\",\"potentialAction\":[{\"@type\":\"ReadAction\",\"target\":[\"https:\/\/www.blupools.com\/co\/producto\/reflector-color-logic-80-50-ft\/\"]}]},{\"@type\":\"ImageObject\",\"inLanguage\":\"es\",\"@id\":\"https:\/\/www.blupools.com\/co\/producto\/reflector-color-logic-80-50-ft\/#primaryimage\",\"url\":\"https:\/\/www.blupools.com\/co\/wp-content\/uploads\/2024\/05\/WhatsApp-Image-2024-07-10-at-12.53.26-PM.jpeg\",\"contentUrl\":\"https:\/\/www.blupools.com\/co\/wp-content\/uploads\/2024\/05\/WhatsApp-Image-2024-07-10-at-12.53.26-PM.jpeg\",\"width\":569,\"height\":585},{\"@type\":\"BreadcrumbList\",\"@id\":\"https:\/\/www.blupools.com\/co\/producto\/reflector-color-logic-80-50-ft\/#breadcrumb\",\"itemListElement\":[{\"@type\":\"ListItem\",\"position\":1,\"name\":\"Portada\",\"item\":\"https:\/\/www.blupools.com\/co\/\"},{\"@type\":\"ListItem\",\"position\":2,\"name\":\"Tienda\",\"item\":\"https:\/\/www.blupools.com\/co\/tienda\/\"},{\"@type\":\"ListItem\",\"position\":3,\"name\":\"REFLECTOR COLOR LOGIC 80, 50 FT HAYWARD\"}]},{\"@type\":\"WebSite\",\"@id\":\"https:\/\/www.blupools.com\/co\/#website\",\"url\":\"https:\/\/www.blupools.com\/co\/\",\"name\":\"Blupools Colombia\",\"description\":\"Equipos para Piscinas y Spa&#039;s\",\"publisher\":{\"@id\":\"https:\/\/www.blupools.com\/co\/#organization\"},\"potentialAction\":[{\"@type\":\"SearchAction\",\"target\":{\"@type\":\"EntryPoint\",\"urlTemplate\":\"https:\/\/www.blupools.com\/co\/?s={search_term_string}\"},\"query-input\":\"required name=search_term_string\"}],\"inLanguage\":\"es\"},{\"@type\":\"Organization\",\"@id\":\"https:\/\/www.blupools.com\/co\/#organization\",\"name\":\"Blupools Colombia\",\"url\":\"https:\/\/www.blupools.com\/co\/\",\"logo\":{\"@type\":\"ImageObject\",\"inLanguage\":\"es\",\"@id\":\"https:\/\/www.blupools.com\/co\/#\/schema\/logo\/image\/\",\"url\":\"https:\/\/www.blupools.com\/co\/wp-content\/uploads\/2024\/06\/Logo_BP_Col.png\",\"contentUrl\":\"https:\/\/www.blupools.com\/co\/wp-content\/uploads\/2024\/06\/Logo_BP_Col.png\",\"width\":5000,\"height\":5000,\"caption\":\"Blupools Colombia\"},\"image\":{\"@id\":\"https:\/\/www.blupools.com\/co\/#\/schema\/logo\/image\/\"}}]}<\/script>\n<!-- \/ Yoast SEO plugin. -->","yoast_head_json":{"title":"REFLECTOR COLOR LOGIC 80, 50 FT HAYWARD - Blupools","robots":{"index":"index","follow":"follow","max-snippet":"max-snippet:-1","max-image-preview":"max-image-preview:large","max-video-preview":"max-video-preview:-1"},"canonical":"https:\/\/www.blupools.com\/co\/producto\/reflector-color-logic-80-50-ft\/","og_locale":"es_ES","og_type":"article","og_title":"REFLECTOR COLOR LOGIC 80, 50 FT HAYWARD - Blupools","og_description":"COD: LMCUS11050  Las luces LED ColorLogic 80 de 1\/2\u00a0pulgada de Hayward ofrecen detalles ricos y coloridos. Estas luces discretas est\u00e1n dise\u00f1adas para aumentar el brillo de \u00e1reas dif\u00edciles de iluminar, como escaleras, decks y fuentes de agua, y permiten que la creatividad se destaque en el patio. F\u00e1ciles de instalar en ambientes h\u00famedos o secos, estas vers\u00e1tiles luces se instalan en conductos de PVC de \u00bd in y duran 10 veces m\u00e1s que las bombillas incandescentes. Adem\u00e1s, las luces ColorLogic\u00a080 se sincronizan perfectamente con todas las luces de bajo voltaje de la familia ColorLogic para que puedas coordinar tu oasis en el patio trasero como un experto. \u2022 Ilumina \u00e1reas dif\u00edciles de alcanzar, como escaleras, fuentes de agua, paisajes, decks, plataformas de bronceado, cascadas sheer y mucho m\u00e1s \u2022 Con los 10\u00a0colores fijos de ColorLogic y 7\u00a0programas din\u00e1micos que cambian de color para adaptarse a tu estado de \u00e1nimo \u2022 10 colores adicionales, navegaci\u00f3n m\u00e1s r\u00e1pida, atenuaci\u00f3n y control de velocidad con OmniDirect Mode\u2122 cuando se combina con los sistemas de automatizaci\u00f3n Hayward Omni\u00ae \u2022 Instalar en ambientes h\u00famedos o secos en conductos de PVC de \u00bd\u00a0pulgada y tan solo 4\u00a0pulgadas de agua \u2022 Ahorra un 86\u00a0% m\u00e1s de energ\u00eda que las l\u00e1mparas incandescentes comunes \u2022 Disponible en dos niveles de brillo","og_url":"https:\/\/www.blupools.com\/co\/producto\/reflector-color-logic-80-50-ft\/","og_site_name":"Blupools","article_modified_time":"2024-08-12T14:20:31+00:00","og_image":[{"width":569,"height":585,"url":"https:\/\/www.blupools.com\/co\/wp-content\/uploads\/2024\/05\/WhatsApp-Image-2024-07-10-at-12.53.26-PM.jpeg","type":"image\/jpeg"}],"twitter_card":"summary_large_image","twitter_misc":{"Tiempo de lectura":"1 minuto"},"schema":{"@context":"https:\/\/schema.org","@graph":[{"@type":"WebPage","@id":"https:\/\/www.blupools.com\/co\/producto\/reflector-color-logic-80-50-ft\/","url":"https:\/\/www.blupools.com\/co\/producto\/reflector-color-logic-80-50-ft\/","name":"REFLECTOR COLOR LOGIC 80, 50 FT HAYWARD - Blupools","isPartOf":{"@id":"https:\/\/www.blupools.com\/co\/#website"},"primaryImageOfPage":{"@id":"https:\/\/www.blupools.com\/co\/producto\/reflector-color-logic-80-50-ft\/#primaryimage"},"image":{"@id":"https:\/\/www.blupools.com\/co\/producto\/reflector-color-logic-80-50-ft\/#primaryimage"},"thumbnailUrl":"https:\/\/www.blupools.com\/co\/wp-content\/uploads\/2024\/05\/WhatsApp-Image-2024-07-10-at-12.53.26-PM.jpeg","datePublished":"2024-05-23T21:21:54+00:00","dateModified":"2024-08-12T14:20:31+00:00","breadcrumb":{"@id":"https:\/\/www.blupools.com\/co\/producto\/reflector-color-logic-80-50-ft\/#breadcrumb"},"inLanguage":"es","potentialAction":[{"@type":"ReadAction","target":["https:\/\/www.blupools.com\/co\/producto\/reflector-color-logic-80-50-ft\/"]}]},{"@type":"ImageObject","inLanguage":"es","@id":"https:\/\/www.blupools.com\/co\/producto\/reflector-color-logic-80-50-ft\/#primaryimage","url":"https:\/\/www.blupools.com\/co\/wp-content\/uploads\/2024\/05\/WhatsApp-Image-2024-07-10-at-12.53.26-PM.jpeg","contentUrl":"https:\/\/www.blupools.com\/co\/wp-content\/uploads\/2024\/05\/WhatsApp-Image-2024-07-10-at-12.53.26-PM.jpeg","width":569,"height":585},{"@type":"BreadcrumbList","@id":"https:\/\/www.blupools.com\/co\/producto\/reflector-color-logic-80-50-ft\/#breadcrumb","itemListElement":[{"@type":"ListItem","position":1,"name":"Portada","item":"https:\/\/www.blupools.com\/co\/"},{"@type":"ListItem","position":2,"name":"Tienda","item":"https:\/\/www.blupools.com\/co\/tienda\/"},{"@type":"ListItem","position":3,"name":"REFLECTOR COLOR LOGIC 80, 50 FT HAYWARD"}]},{"@type":"WebSite","@id":"https:\/\/www.blupools.com\/co\/#website","url":"https:\/\/www.blupools.com\/co\/","name":"Blupools Colombia","description":"Equipos para Piscinas y Spa&#039;s","publisher":{"@id":"https:\/\/www.blupools.com\/co\/#organization"},"potentialAction":[{"@type":"SearchAction","target":{"@type":"EntryPoint","urlTemplate":"https:\/\/www.blupools.com\/co\/?s={search_term_string}"},"query-input":"required name=search_term_string"}],"inLanguage":"es"},{"@type":"Organization","@id":"https:\/\/www.blupools.com\/co\/#organization","name":"Blupools Colombia","url":"https:\/\/www.blupools.com\/co\/","logo":{"@type":"ImageObject","inLanguage":"es","@id":"https:\/\/www.blupools.com\/co\/#\/schema\/logo\/image\/","url":"https:\/\/www.blupools.com\/co\/wp-content\/uploads\/2024\/06\/Logo_BP_Col.png","contentUrl":"https:\/\/www.blupools.com\/co\/wp-content\/uploads\/2024\/06\/Logo_BP_Col.png","width":5000,"height":5000,"caption":"Blupools Colombia"},"image":{"@id":"https:\/\/www.blupools.com\/co\/#\/schema\/logo\/image\/"}}]}},"_links":{"self":[{"href":"https:\/\/www.blupools.com\/co\/wp-json\/wp\/v2\/product\/18413","targetHints":{"allow":["GET"]}}],"collection":[{"href":"https:\/\/www.blupools.com\/co\/wp-json\/wp\/v2\/product"}],"about":[{"href":"https:\/\/www.blupools.com\/co\/wp-json\/wp\/v2\/types\/product"}],"replies":[{"embeddable":true,"href":"https:\/\/www.blupools.com\/co\/wp-json\/wp\/v2\/comments?post=18413"}],"wp:featuredmedia":[{"embeddable":true,"href":"https:\/\/www.blupools.com\/co\/wp-json\/wp\/v2\/media\/18960"}],"wp:attachment":[{"href":"https:\/\/www.blupools.com\/co\/wp-json\/wp\/v2\/media?parent=18413"}],"wp:term":[{"taxonomy":"product_cat","embeddable":true,"href":"https:\/\/www.blupools.com\/co\/wp-json\/wp\/v2\/product_cat?post=18413"},{"taxonomy":"product_tag","embeddable":true,"href":"https:\/\/www.blupools.com\/co\/wp-json\/wp\/v2\/product_tag?post=18413"}],"curies":[{"name":"wp","href":"https:\/\/api.w.org\/{rel}","templated":true}]}}