{"id":18416,"date":"2024-05-23T16:21:55","date_gmt":"2024-05-23T21:21:55","guid":{"rendered":"https:\/\/www.blupools.com\/co\/producto\/chorro-laminar-colorlogic-laminar\/"},"modified":"2024-08-14T23:41:54","modified_gmt":"2024-08-15T04:41:54","slug":"chorro-laminar-colorlogic-laminar","status":"publish","type":"product","link":"https:\/\/www.blupools.com\/co\/producto\/chorro-laminar-colorlogic-laminar\/","title":{"rendered":"CHORRO LAMINAR COLORLOGIC LAMINAR HAYWARD"},"content":{"rendered":"","protected":false},"excerpt":{"rendered":"<div>COD: WFL100<\/div>\n<div class=\"product_description_heading\"><strong>Descripci\u00f3n del producto:<\/strong><\/div>\n<div id=\"product_longdescription_4592625\" class=\"product_description_content\">\n<p id=\"tw-target-text\" class=\"tw-data-text tw-text-large XcVN5d tw-ta\" dir=\"ltr\" data-placeholder=\"Traducci\u00f3n\"><span lang=\"es\">El chorro laminar ColorLogic es f\u00e1cil de personalizar para adaptarlo a cualquier piscina. Se puede iluminar utilizando ColorLogic 320 ofreciendo m\u00faltiples colores para combinar a la perfecci\u00f3n con cualquier entorno. Su f\u00e1cil acceso a las v\u00e1lvulas permite ajustar el flujo, la altura y el recorrido.<\/span><\/p>\n<p><strong>Caracter\u00edsticas:<\/strong><\/p>\n<ul>\n<li>A 2,5 m3\/h el recorrido m\u00e1ximo es de hasta 2,4m<\/li>\n<li>A 2,5 m3\/h la altura m\u00e1xima es de hasta 2m<\/li>\n<li>Se debe instalar a m\u00e1ximo\u00a0 1,8m del borde de agua<\/li>\n<li>Nivel y altura de tapa ajustable<\/li>\n<li>F\u00e1cil acceso para mantenimiento<\/li>\n<li>Iluminaci\u00f3n intercambiable (ColorLogic 320,\u00a0<strong>no incluida<\/strong>)<\/li>\n<\/ul>\n<\/div>\n","protected":false},"featured_media":18700,"comment_status":"open","ping_status":"closed","template":"","meta":[],"product_cat":[61],"product_tag":[48],"class_list":{"0":"post-18416","1":"product","2":"type-product","3":"status-publish","4":"has-post-thumbnail","6":"product_cat-efectos-de-agua","7":"product_tag-hayward","9":"first","10":"instock","11":"shipping-taxable","12":"product-type-simple"},"yoast_head":"<!-- This site is optimized with the Yoast SEO plugin v22.8 - https:\/\/yoast.com\/wordpress\/plugins\/seo\/ -->\n<title>CHORRO LAMINAR COLORLOGIC LAMINAR HAYWARD - Blupools<\/title>\n<meta name=\"robots\" content=\"index, follow, max-snippet:-1, max-image-preview:large, max-video-preview:-1\" \/>\n<link rel=\"canonical\" href=\"https:\/\/www.blupools.com\/co\/producto\/chorro-laminar-colorlogic-laminar\/\" \/>\n<meta property=\"og:locale\" content=\"es_ES\" \/>\n<meta property=\"og:type\" content=\"article\" \/>\n<meta property=\"og:title\" content=\"CHORRO LAMINAR COLORLOGIC LAMINAR HAYWARD - Blupools\" \/>\n<meta property=\"og:description\" content=\"COD: WFL100 Descripci\u00f3n del producto:  El chorro laminar ColorLogic es f\u00e1cil de personalizar para adaptarlo a cualquier piscina. Se puede iluminar utilizando ColorLogic 320 ofreciendo m\u00faltiples colores para combinar a la perfecci\u00f3n con cualquier entorno. Su f\u00e1cil acceso a las v\u00e1lvulas permite ajustar el flujo, la altura y el recorrido. Caracter\u00edsticas:   A 2,5 m3\/h el recorrido m\u00e1ximo es de hasta 2,4m  A 2,5 m3\/h la altura m\u00e1xima es de hasta 2m  Se debe instalar a m\u00e1ximo\u00a0 1,8m del borde de agua  Nivel y altura de tapa ajustable  F\u00e1cil acceso para mantenimiento  Iluminaci\u00f3n intercambiable (ColorLogic 320,\u00a0no incluida)\" \/>\n<meta property=\"og:url\" content=\"https:\/\/www.blupools.com\/co\/producto\/chorro-laminar-colorlogic-laminar\/\" \/>\n<meta property=\"og:site_name\" content=\"Blupools\" \/>\n<meta property=\"article:modified_time\" content=\"2024-08-15T04:41:54+00:00\" \/>\n<meta property=\"og:image\" content=\"https:\/\/www.blupools.com\/co\/wp-content\/uploads\/2024\/05\/Sin-titulo.png\" \/>\n\t<meta property=\"og:image:width\" content=\"602\" \/>\n\t<meta property=\"og:image:height\" content=\"666\" \/>\n\t<meta property=\"og:image:type\" content=\"image\/png\" \/>\n<meta name=\"twitter:card\" content=\"summary_large_image\" \/>\n<meta name=\"twitter:label1\" content=\"Tiempo de lectura\" \/>\n\t<meta name=\"twitter:data1\" content=\"1 minuto\" \/>\n<script type=\"application\/ld+json\" class=\"yoast-schema-graph\">{\"@context\":\"https:\/\/schema.org\",\"@graph\":[{\"@type\":\"WebPage\",\"@id\":\"https:\/\/www.blupools.com\/co\/producto\/chorro-laminar-colorlogic-laminar\/\",\"url\":\"https:\/\/www.blupools.com\/co\/producto\/chorro-laminar-colorlogic-laminar\/\",\"name\":\"CHORRO LAMINAR COLORLOGIC LAMINAR HAYWARD - Blupools\",\"isPartOf\":{\"@id\":\"https:\/\/www.blupools.com\/co\/#website\"},\"primaryImageOfPage\":{\"@id\":\"https:\/\/www.blupools.com\/co\/producto\/chorro-laminar-colorlogic-laminar\/#primaryimage\"},\"image\":{\"@id\":\"https:\/\/www.blupools.com\/co\/producto\/chorro-laminar-colorlogic-laminar\/#primaryimage\"},\"thumbnailUrl\":\"https:\/\/www.blupools.com\/co\/wp-content\/uploads\/2024\/05\/Sin-titulo.png\",\"datePublished\":\"2024-05-23T21:21:55+00:00\",\"dateModified\":\"2024-08-15T04:41:54+00:00\",\"breadcrumb\":{\"@id\":\"https:\/\/www.blupools.com\/co\/producto\/chorro-laminar-colorlogic-laminar\/#breadcrumb\"},\"inLanguage\":\"es\",\"potentialAction\":[{\"@type\":\"ReadAction\",\"target\":[\"https:\/\/www.blupools.com\/co\/producto\/chorro-laminar-colorlogic-laminar\/\"]}]},{\"@type\":\"ImageObject\",\"inLanguage\":\"es\",\"@id\":\"https:\/\/www.blupools.com\/co\/producto\/chorro-laminar-colorlogic-laminar\/#primaryimage\",\"url\":\"https:\/\/www.blupools.com\/co\/wp-content\/uploads\/2024\/05\/Sin-titulo.png\",\"contentUrl\":\"https:\/\/www.blupools.com\/co\/wp-content\/uploads\/2024\/05\/Sin-titulo.png\",\"width\":602,\"height\":666},{\"@type\":\"BreadcrumbList\",\"@id\":\"https:\/\/www.blupools.com\/co\/producto\/chorro-laminar-colorlogic-laminar\/#breadcrumb\",\"itemListElement\":[{\"@type\":\"ListItem\",\"position\":1,\"name\":\"Portada\",\"item\":\"https:\/\/www.blupools.com\/co\/\"},{\"@type\":\"ListItem\",\"position\":2,\"name\":\"Tienda\",\"item\":\"https:\/\/www.blupools.com\/co\/tienda\/\"},{\"@type\":\"ListItem\",\"position\":3,\"name\":\"CHORRO LAMINAR COLORLOGIC LAMINAR HAYWARD\"}]},{\"@type\":\"WebSite\",\"@id\":\"https:\/\/www.blupools.com\/co\/#website\",\"url\":\"https:\/\/www.blupools.com\/co\/\",\"name\":\"Blupools Colombia\",\"description\":\"Equipos para Piscinas y Spa&#039;s\",\"publisher\":{\"@id\":\"https:\/\/www.blupools.com\/co\/#organization\"},\"potentialAction\":[{\"@type\":\"SearchAction\",\"target\":{\"@type\":\"EntryPoint\",\"urlTemplate\":\"https:\/\/www.blupools.com\/co\/?s={search_term_string}\"},\"query-input\":\"required name=search_term_string\"}],\"inLanguage\":\"es\"},{\"@type\":\"Organization\",\"@id\":\"https:\/\/www.blupools.com\/co\/#organization\",\"name\":\"Blupools Colombia\",\"url\":\"https:\/\/www.blupools.com\/co\/\",\"logo\":{\"@type\":\"ImageObject\",\"inLanguage\":\"es\",\"@id\":\"https:\/\/www.blupools.com\/co\/#\/schema\/logo\/image\/\",\"url\":\"https:\/\/www.blupools.com\/co\/wp-content\/uploads\/2024\/06\/Logo_BP_Col.png\",\"contentUrl\":\"https:\/\/www.blupools.com\/co\/wp-content\/uploads\/2024\/06\/Logo_BP_Col.png\",\"width\":5000,\"height\":5000,\"caption\":\"Blupools Colombia\"},\"image\":{\"@id\":\"https:\/\/www.blupools.com\/co\/#\/schema\/logo\/image\/\"}}]}<\/script>\n<!-- \/ Yoast SEO plugin. -->","yoast_head_json":{"title":"CHORRO LAMINAR COLORLOGIC LAMINAR HAYWARD - Blupools","robots":{"index":"index","follow":"follow","max-snippet":"max-snippet:-1","max-image-preview":"max-image-preview:large","max-video-preview":"max-video-preview:-1"},"canonical":"https:\/\/www.blupools.com\/co\/producto\/chorro-laminar-colorlogic-laminar\/","og_locale":"es_ES","og_type":"article","og_title":"CHORRO LAMINAR COLORLOGIC LAMINAR HAYWARD - Blupools","og_description":"COD: WFL100 Descripci\u00f3n del producto:  El chorro laminar ColorLogic es f\u00e1cil de personalizar para adaptarlo a cualquier piscina. Se puede iluminar utilizando ColorLogic 320 ofreciendo m\u00faltiples colores para combinar a la perfecci\u00f3n con cualquier entorno. Su f\u00e1cil acceso a las v\u00e1lvulas permite ajustar el flujo, la altura y el recorrido. Caracter\u00edsticas:   A 2,5 m3\/h el recorrido m\u00e1ximo es de hasta 2,4m  A 2,5 m3\/h la altura m\u00e1xima es de hasta 2m  Se debe instalar a m\u00e1ximo\u00a0 1,8m del borde de agua  Nivel y altura de tapa ajustable  F\u00e1cil acceso para mantenimiento  Iluminaci\u00f3n intercambiable (ColorLogic 320,\u00a0no incluida)","og_url":"https:\/\/www.blupools.com\/co\/producto\/chorro-laminar-colorlogic-laminar\/","og_site_name":"Blupools","article_modified_time":"2024-08-15T04:41:54+00:00","og_image":[{"width":602,"height":666,"url":"https:\/\/www.blupools.com\/co\/wp-content\/uploads\/2024\/05\/Sin-titulo.png","type":"image\/png"}],"twitter_card":"summary_large_image","twitter_misc":{"Tiempo de lectura":"1 minuto"},"schema":{"@context":"https:\/\/schema.org","@graph":[{"@type":"WebPage","@id":"https:\/\/www.blupools.com\/co\/producto\/chorro-laminar-colorlogic-laminar\/","url":"https:\/\/www.blupools.com\/co\/producto\/chorro-laminar-colorlogic-laminar\/","name":"CHORRO LAMINAR COLORLOGIC LAMINAR HAYWARD - Blupools","isPartOf":{"@id":"https:\/\/www.blupools.com\/co\/#website"},"primaryImageOfPage":{"@id":"https:\/\/www.blupools.com\/co\/producto\/chorro-laminar-colorlogic-laminar\/#primaryimage"},"image":{"@id":"https:\/\/www.blupools.com\/co\/producto\/chorro-laminar-colorlogic-laminar\/#primaryimage"},"thumbnailUrl":"https:\/\/www.blupools.com\/co\/wp-content\/uploads\/2024\/05\/Sin-titulo.png","datePublished":"2024-05-23T21:21:55+00:00","dateModified":"2024-08-15T04:41:54+00:00","breadcrumb":{"@id":"https:\/\/www.blupools.com\/co\/producto\/chorro-laminar-colorlogic-laminar\/#breadcrumb"},"inLanguage":"es","potentialAction":[{"@type":"ReadAction","target":["https:\/\/www.blupools.com\/co\/producto\/chorro-laminar-colorlogic-laminar\/"]}]},{"@type":"ImageObject","inLanguage":"es","@id":"https:\/\/www.blupools.com\/co\/producto\/chorro-laminar-colorlogic-laminar\/#primaryimage","url":"https:\/\/www.blupools.com\/co\/wp-content\/uploads\/2024\/05\/Sin-titulo.png","contentUrl":"https:\/\/www.blupools.com\/co\/wp-content\/uploads\/2024\/05\/Sin-titulo.png","width":602,"height":666},{"@type":"BreadcrumbList","@id":"https:\/\/www.blupools.com\/co\/producto\/chorro-laminar-colorlogic-laminar\/#breadcrumb","itemListElement":[{"@type":"ListItem","position":1,"name":"Portada","item":"https:\/\/www.blupools.com\/co\/"},{"@type":"ListItem","position":2,"name":"Tienda","item":"https:\/\/www.blupools.com\/co\/tienda\/"},{"@type":"ListItem","position":3,"name":"CHORRO LAMINAR COLORLOGIC LAMINAR HAYWARD"}]},{"@type":"WebSite","@id":"https:\/\/www.blupools.com\/co\/#website","url":"https:\/\/www.blupools.com\/co\/","name":"Blupools Colombia","description":"Equipos para Piscinas y Spa&#039;s","publisher":{"@id":"https:\/\/www.blupools.com\/co\/#organization"},"potentialAction":[{"@type":"SearchAction","target":{"@type":"EntryPoint","urlTemplate":"https:\/\/www.blupools.com\/co\/?s={search_term_string}"},"query-input":"required name=search_term_string"}],"inLanguage":"es"},{"@type":"Organization","@id":"https:\/\/www.blupools.com\/co\/#organization","name":"Blupools Colombia","url":"https:\/\/www.blupools.com\/co\/","logo":{"@type":"ImageObject","inLanguage":"es","@id":"https:\/\/www.blupools.com\/co\/#\/schema\/logo\/image\/","url":"https:\/\/www.blupools.com\/co\/wp-content\/uploads\/2024\/06\/Logo_BP_Col.png","contentUrl":"https:\/\/www.blupools.com\/co\/wp-content\/uploads\/2024\/06\/Logo_BP_Col.png","width":5000,"height":5000,"caption":"Blupools Colombia"},"image":{"@id":"https:\/\/www.blupools.com\/co\/#\/schema\/logo\/image\/"}}]}},"_links":{"self":[{"href":"https:\/\/www.blupools.com\/co\/wp-json\/wp\/v2\/product\/18416","targetHints":{"allow":["GET"]}}],"collection":[{"href":"https:\/\/www.blupools.com\/co\/wp-json\/wp\/v2\/product"}],"about":[{"href":"https:\/\/www.blupools.com\/co\/wp-json\/wp\/v2\/types\/product"}],"replies":[{"embeddable":true,"href":"https:\/\/www.blupools.com\/co\/wp-json\/wp\/v2\/comments?post=18416"}],"wp:featuredmedia":[{"embeddable":true,"href":"https:\/\/www.blupools.com\/co\/wp-json\/wp\/v2\/media\/18700"}],"wp:attachment":[{"href":"https:\/\/www.blupools.com\/co\/wp-json\/wp\/v2\/media?parent=18416"}],"wp:term":[{"taxonomy":"product_cat","embeddable":true,"href":"https:\/\/www.blupools.com\/co\/wp-json\/wp\/v2\/product_cat?post=18416"},{"taxonomy":"product_tag","embeddable":true,"href":"https:\/\/www.blupools.com\/co\/wp-json\/wp\/v2\/product_tag?post=18416"}],"curies":[{"name":"wp","href":"https:\/\/api.w.org\/{rel}","templated":true}]}}