{"id":18427,"date":"2024-05-23T16:21:56","date_gmt":"2024-05-23T21:21:56","guid":{"rendered":"https:\/\/www.blupools.com\/co\/producto\/controlador-para-reflector-color-logic\/"},"modified":"2024-08-13T10:46:20","modified_gmt":"2024-08-13T15:46:20","slug":"controlador-para-reflector-color-logic","status":"publish","type":"product","link":"https:\/\/www.blupools.com\/co\/producto\/controlador-para-reflector-color-logic\/","title":{"rendered":"CONTROLADOR PARA REFLECTOR COLOR LOGIC HAYWARD"},"content":{"rendered":"","protected":false},"excerpt":{"rendered":"<p>COD: LKCUS1100<\/p>\n<p>El controlador de luz ColorLogic coloca la potencia de la colorida iluminaci\u00f3n LED ColorLogic personalizable de bajo voltaje al alcance de tu mano. Elige la opci\u00f3n de color ideal para tu piscina desde tu casa con el indicador conveniente y la ventana de vista previa. Al ser el \u00fanico controlador de pared que puede instalarse con facilidad en un interruptor de luz existente. Disfruta de un color, control y conveniencia insuperables: elige el controlador de luz ColorLogic.<\/p>\n<p>El controlador de luz ColorLogic\u00ae te permite encender y apagar las luces ColorLogic de tu piscina o spa de forma sencilla con solo pulsar un bot\u00f3n, configurar un temporizador o programarlo para que se haga de forma autom\u00e1tica.<br \/>\nCon el dise\u00f1o simple y elegante del controlador de luz ColorLogic, puedes ver y elegir al instante entre 10 hermosos colores fijos y 7 espect\u00e1culos de luces que cambian de color.<br \/>\nLa innovadora ventana de vista previa del controlador te permite visualizar el color o el espect\u00e1culo previamente o, si tu piscina no est\u00e1 a la vista, te ofrece un nivel de control simplificado de la ambientaci\u00f3n del patio.<br \/>\nEl controlador de luz ColorLogic es el \u00fanico controlador de iluminaci\u00f3n que se adapta con facilidad a un interruptor de luz existente, por lo que es m\u00e1s f\u00e1cil de instalar que cualquier otro controlador del mercado.*<br \/>\nPara usar en interiores o con protecci\u00f3n al aire libre. Para instalaciones al aire libre, se requiere una caja para exteriores con homologaci\u00f3n<\/p>\n<p>Este producto SOLO funciona con:<\/p>\n<p>Luces LED de 12 V para piscinas Universal ColorLogic de Hayward.<br \/>\nLuces LED de 12 V para spas Universal ColorLogic de Hayward.<br \/>\nLuces LED de 12 V ColorLogic 320, 160, 80, 40 de Hayward.<\/p>\n","protected":false},"featured_media":18720,"comment_status":"open","ping_status":"closed","template":"","meta":[],"product_cat":[55],"product_tag":[48],"class_list":{"0":"post-18427","1":"product","2":"type-product","3":"status-publish","4":"has-post-thumbnail","6":"product_cat-iluminacion","7":"product_tag-hayward","9":"first","10":"instock","11":"shipping-taxable","12":"product-type-simple"},"yoast_head":"<!-- This site is optimized with the Yoast SEO plugin v22.8 - https:\/\/yoast.com\/wordpress\/plugins\/seo\/ -->\n<title>CONTROLADOR PARA REFLECTOR COLOR LOGIC HAYWARD - Blupools<\/title>\n<meta name=\"robots\" content=\"index, follow, max-snippet:-1, max-image-preview:large, max-video-preview:-1\" \/>\n<link rel=\"canonical\" href=\"https:\/\/www.blupools.com\/co\/producto\/controlador-para-reflector-color-logic\/\" \/>\n<meta property=\"og:locale\" content=\"es_ES\" \/>\n<meta property=\"og:type\" content=\"article\" \/>\n<meta property=\"og:title\" content=\"CONTROLADOR PARA REFLECTOR COLOR LOGIC HAYWARD - Blupools\" \/>\n<meta property=\"og:description\" content=\"COD: LKCUS1100  El controlador de luz ColorLogic coloca la potencia de la colorida iluminaci\u00f3n LED ColorLogic personalizable de bajo voltaje al alcance de tu mano. Elige la opci\u00f3n de color ideal para tu piscina desde tu casa con el indicador conveniente y la ventana de vista previa. Al ser el \u00fanico controlador de pared que puede instalarse con facilidad en un interruptor de luz existente. Disfruta de un color, control y conveniencia insuperables: elige el controlador de luz ColorLogic.  El controlador de luz ColorLogic\u00ae te permite encender y apagar las luces ColorLogic de tu piscina o spa de forma sencilla con solo pulsar un bot\u00f3n, configurar un temporizador o programarlo para que se haga de forma autom\u00e1tica. Con el dise\u00f1o simple y elegante del controlador de luz ColorLogic, puedes ver y elegir al instante entre 10 hermosos colores fijos y 7 espect\u00e1culos de luces que cambian de color. La innovadora ventana de vista previa del controlador te permite visualizar el color o el espect\u00e1culo previamente o, si tu piscina no est\u00e1 a la vista, te ofrece un nivel de control simplificado de la ambientaci\u00f3n del patio. El controlador de luz ColorLogic es el \u00fanico controlador de iluminaci\u00f3n que se adapta con facilidad a un interruptor de luz existente, por lo que es m\u00e1s f\u00e1cil de instalar que cualquier otro controlador del mercado.* Para usar en interiores o con protecci\u00f3n al aire libre. Para instalaciones al aire libre, se requiere una caja para exteriores con homologaci\u00f3n  Este producto SOLO funciona con:  Luces LED de 12 V para piscinas Universal ColorLogic de Hayward. Luces LED de 12 V para spas Universal ColorLogic de Hayward. Luces LED de 12 V ColorLogic 320, 160, 80, 40 de Hayward.\" \/>\n<meta property=\"og:url\" content=\"https:\/\/www.blupools.com\/co\/producto\/controlador-para-reflector-color-logic\/\" \/>\n<meta property=\"og:site_name\" content=\"Blupools\" \/>\n<meta property=\"article:modified_time\" content=\"2024-08-13T15:46:20+00:00\" \/>\n<meta property=\"og:image\" content=\"https:\/\/www.blupools.com\/co\/wp-content\/uploads\/2024\/05\/WhatsApp-Image-2024-06-27-at-9.14.52-AM.jpeg\" \/>\n\t<meta property=\"og:image:width\" content=\"315\" \/>\n\t<meta property=\"og:image:height\" content=\"477\" \/>\n\t<meta property=\"og:image:type\" content=\"image\/jpeg\" \/>\n<meta name=\"twitter:card\" content=\"summary_large_image\" \/>\n<meta name=\"twitter:label1\" content=\"Tiempo de lectura\" \/>\n\t<meta name=\"twitter:data1\" content=\"1 minuto\" \/>\n<script type=\"application\/ld+json\" class=\"yoast-schema-graph\">{\"@context\":\"https:\/\/schema.org\",\"@graph\":[{\"@type\":\"WebPage\",\"@id\":\"https:\/\/www.blupools.com\/co\/producto\/controlador-para-reflector-color-logic\/\",\"url\":\"https:\/\/www.blupools.com\/co\/producto\/controlador-para-reflector-color-logic\/\",\"name\":\"CONTROLADOR PARA REFLECTOR COLOR LOGIC HAYWARD - Blupools\",\"isPartOf\":{\"@id\":\"https:\/\/www.blupools.com\/co\/#website\"},\"primaryImageOfPage\":{\"@id\":\"https:\/\/www.blupools.com\/co\/producto\/controlador-para-reflector-color-logic\/#primaryimage\"},\"image\":{\"@id\":\"https:\/\/www.blupools.com\/co\/producto\/controlador-para-reflector-color-logic\/#primaryimage\"},\"thumbnailUrl\":\"https:\/\/www.blupools.com\/co\/wp-content\/uploads\/2024\/05\/WhatsApp-Image-2024-06-27-at-9.14.52-AM.jpeg\",\"datePublished\":\"2024-05-23T21:21:56+00:00\",\"dateModified\":\"2024-08-13T15:46:20+00:00\",\"breadcrumb\":{\"@id\":\"https:\/\/www.blupools.com\/co\/producto\/controlador-para-reflector-color-logic\/#breadcrumb\"},\"inLanguage\":\"es\",\"potentialAction\":[{\"@type\":\"ReadAction\",\"target\":[\"https:\/\/www.blupools.com\/co\/producto\/controlador-para-reflector-color-logic\/\"]}]},{\"@type\":\"ImageObject\",\"inLanguage\":\"es\",\"@id\":\"https:\/\/www.blupools.com\/co\/producto\/controlador-para-reflector-color-logic\/#primaryimage\",\"url\":\"https:\/\/www.blupools.com\/co\/wp-content\/uploads\/2024\/05\/WhatsApp-Image-2024-06-27-at-9.14.52-AM.jpeg\",\"contentUrl\":\"https:\/\/www.blupools.com\/co\/wp-content\/uploads\/2024\/05\/WhatsApp-Image-2024-06-27-at-9.14.52-AM.jpeg\",\"width\":315,\"height\":477},{\"@type\":\"BreadcrumbList\",\"@id\":\"https:\/\/www.blupools.com\/co\/producto\/controlador-para-reflector-color-logic\/#breadcrumb\",\"itemListElement\":[{\"@type\":\"ListItem\",\"position\":1,\"name\":\"Portada\",\"item\":\"https:\/\/www.blupools.com\/co\/\"},{\"@type\":\"ListItem\",\"position\":2,\"name\":\"Tienda\",\"item\":\"https:\/\/www.blupools.com\/co\/tienda\/\"},{\"@type\":\"ListItem\",\"position\":3,\"name\":\"CONTROLADOR PARA REFLECTOR COLOR LOGIC HAYWARD\"}]},{\"@type\":\"WebSite\",\"@id\":\"https:\/\/www.blupools.com\/co\/#website\",\"url\":\"https:\/\/www.blupools.com\/co\/\",\"name\":\"Blupools Colombia\",\"description\":\"Equipos para Piscinas y Spa&#039;s\",\"publisher\":{\"@id\":\"https:\/\/www.blupools.com\/co\/#organization\"},\"potentialAction\":[{\"@type\":\"SearchAction\",\"target\":{\"@type\":\"EntryPoint\",\"urlTemplate\":\"https:\/\/www.blupools.com\/co\/?s={search_term_string}\"},\"query-input\":\"required name=search_term_string\"}],\"inLanguage\":\"es\"},{\"@type\":\"Organization\",\"@id\":\"https:\/\/www.blupools.com\/co\/#organization\",\"name\":\"Blupools Colombia\",\"url\":\"https:\/\/www.blupools.com\/co\/\",\"logo\":{\"@type\":\"ImageObject\",\"inLanguage\":\"es\",\"@id\":\"https:\/\/www.blupools.com\/co\/#\/schema\/logo\/image\/\",\"url\":\"https:\/\/www.blupools.com\/co\/wp-content\/uploads\/2024\/06\/Logo_BP_Col.png\",\"contentUrl\":\"https:\/\/www.blupools.com\/co\/wp-content\/uploads\/2024\/06\/Logo_BP_Col.png\",\"width\":5000,\"height\":5000,\"caption\":\"Blupools Colombia\"},\"image\":{\"@id\":\"https:\/\/www.blupools.com\/co\/#\/schema\/logo\/image\/\"}}]}<\/script>\n<!-- \/ Yoast SEO plugin. -->","yoast_head_json":{"title":"CONTROLADOR PARA REFLECTOR COLOR LOGIC HAYWARD - Blupools","robots":{"index":"index","follow":"follow","max-snippet":"max-snippet:-1","max-image-preview":"max-image-preview:large","max-video-preview":"max-video-preview:-1"},"canonical":"https:\/\/www.blupools.com\/co\/producto\/controlador-para-reflector-color-logic\/","og_locale":"es_ES","og_type":"article","og_title":"CONTROLADOR PARA REFLECTOR COLOR LOGIC HAYWARD - Blupools","og_description":"COD: LKCUS1100  El controlador de luz ColorLogic coloca la potencia de la colorida iluminaci\u00f3n LED ColorLogic personalizable de bajo voltaje al alcance de tu mano. Elige la opci\u00f3n de color ideal para tu piscina desde tu casa con el indicador conveniente y la ventana de vista previa. Al ser el \u00fanico controlador de pared que puede instalarse con facilidad en un interruptor de luz existente. Disfruta de un color, control y conveniencia insuperables: elige el controlador de luz ColorLogic.  El controlador de luz ColorLogic\u00ae te permite encender y apagar las luces ColorLogic de tu piscina o spa de forma sencilla con solo pulsar un bot\u00f3n, configurar un temporizador o programarlo para que se haga de forma autom\u00e1tica. Con el dise\u00f1o simple y elegante del controlador de luz ColorLogic, puedes ver y elegir al instante entre 10 hermosos colores fijos y 7 espect\u00e1culos de luces que cambian de color. La innovadora ventana de vista previa del controlador te permite visualizar el color o el espect\u00e1culo previamente o, si tu piscina no est\u00e1 a la vista, te ofrece un nivel de control simplificado de la ambientaci\u00f3n del patio. El controlador de luz ColorLogic es el \u00fanico controlador de iluminaci\u00f3n que se adapta con facilidad a un interruptor de luz existente, por lo que es m\u00e1s f\u00e1cil de instalar que cualquier otro controlador del mercado.* Para usar en interiores o con protecci\u00f3n al aire libre. Para instalaciones al aire libre, se requiere una caja para exteriores con homologaci\u00f3n  Este producto SOLO funciona con:  Luces LED de 12 V para piscinas Universal ColorLogic de Hayward. Luces LED de 12 V para spas Universal ColorLogic de Hayward. Luces LED de 12 V ColorLogic 320, 160, 80, 40 de Hayward.","og_url":"https:\/\/www.blupools.com\/co\/producto\/controlador-para-reflector-color-logic\/","og_site_name":"Blupools","article_modified_time":"2024-08-13T15:46:20+00:00","og_image":[{"width":315,"height":477,"url":"https:\/\/www.blupools.com\/co\/wp-content\/uploads\/2024\/05\/WhatsApp-Image-2024-06-27-at-9.14.52-AM.jpeg","type":"image\/jpeg"}],"twitter_card":"summary_large_image","twitter_misc":{"Tiempo de lectura":"1 minuto"},"schema":{"@context":"https:\/\/schema.org","@graph":[{"@type":"WebPage","@id":"https:\/\/www.blupools.com\/co\/producto\/controlador-para-reflector-color-logic\/","url":"https:\/\/www.blupools.com\/co\/producto\/controlador-para-reflector-color-logic\/","name":"CONTROLADOR PARA REFLECTOR COLOR LOGIC HAYWARD - Blupools","isPartOf":{"@id":"https:\/\/www.blupools.com\/co\/#website"},"primaryImageOfPage":{"@id":"https:\/\/www.blupools.com\/co\/producto\/controlador-para-reflector-color-logic\/#primaryimage"},"image":{"@id":"https:\/\/www.blupools.com\/co\/producto\/controlador-para-reflector-color-logic\/#primaryimage"},"thumbnailUrl":"https:\/\/www.blupools.com\/co\/wp-content\/uploads\/2024\/05\/WhatsApp-Image-2024-06-27-at-9.14.52-AM.jpeg","datePublished":"2024-05-23T21:21:56+00:00","dateModified":"2024-08-13T15:46:20+00:00","breadcrumb":{"@id":"https:\/\/www.blupools.com\/co\/producto\/controlador-para-reflector-color-logic\/#breadcrumb"},"inLanguage":"es","potentialAction":[{"@type":"ReadAction","target":["https:\/\/www.blupools.com\/co\/producto\/controlador-para-reflector-color-logic\/"]}]},{"@type":"ImageObject","inLanguage":"es","@id":"https:\/\/www.blupools.com\/co\/producto\/controlador-para-reflector-color-logic\/#primaryimage","url":"https:\/\/www.blupools.com\/co\/wp-content\/uploads\/2024\/05\/WhatsApp-Image-2024-06-27-at-9.14.52-AM.jpeg","contentUrl":"https:\/\/www.blupools.com\/co\/wp-content\/uploads\/2024\/05\/WhatsApp-Image-2024-06-27-at-9.14.52-AM.jpeg","width":315,"height":477},{"@type":"BreadcrumbList","@id":"https:\/\/www.blupools.com\/co\/producto\/controlador-para-reflector-color-logic\/#breadcrumb","itemListElement":[{"@type":"ListItem","position":1,"name":"Portada","item":"https:\/\/www.blupools.com\/co\/"},{"@type":"ListItem","position":2,"name":"Tienda","item":"https:\/\/www.blupools.com\/co\/tienda\/"},{"@type":"ListItem","position":3,"name":"CONTROLADOR PARA REFLECTOR COLOR LOGIC HAYWARD"}]},{"@type":"WebSite","@id":"https:\/\/www.blupools.com\/co\/#website","url":"https:\/\/www.blupools.com\/co\/","name":"Blupools Colombia","description":"Equipos para Piscinas y Spa&#039;s","publisher":{"@id":"https:\/\/www.blupools.com\/co\/#organization"},"potentialAction":[{"@type":"SearchAction","target":{"@type":"EntryPoint","urlTemplate":"https:\/\/www.blupools.com\/co\/?s={search_term_string}"},"query-input":"required name=search_term_string"}],"inLanguage":"es"},{"@type":"Organization","@id":"https:\/\/www.blupools.com\/co\/#organization","name":"Blupools Colombia","url":"https:\/\/www.blupools.com\/co\/","logo":{"@type":"ImageObject","inLanguage":"es","@id":"https:\/\/www.blupools.com\/co\/#\/schema\/logo\/image\/","url":"https:\/\/www.blupools.com\/co\/wp-content\/uploads\/2024\/06\/Logo_BP_Col.png","contentUrl":"https:\/\/www.blupools.com\/co\/wp-content\/uploads\/2024\/06\/Logo_BP_Col.png","width":5000,"height":5000,"caption":"Blupools Colombia"},"image":{"@id":"https:\/\/www.blupools.com\/co\/#\/schema\/logo\/image\/"}}]}},"_links":{"self":[{"href":"https:\/\/www.blupools.com\/co\/wp-json\/wp\/v2\/product\/18427","targetHints":{"allow":["GET"]}}],"collection":[{"href":"https:\/\/www.blupools.com\/co\/wp-json\/wp\/v2\/product"}],"about":[{"href":"https:\/\/www.blupools.com\/co\/wp-json\/wp\/v2\/types\/product"}],"replies":[{"embeddable":true,"href":"https:\/\/www.blupools.com\/co\/wp-json\/wp\/v2\/comments?post=18427"}],"wp:featuredmedia":[{"embeddable":true,"href":"https:\/\/www.blupools.com\/co\/wp-json\/wp\/v2\/media\/18720"}],"wp:attachment":[{"href":"https:\/\/www.blupools.com\/co\/wp-json\/wp\/v2\/media?parent=18427"}],"wp:term":[{"taxonomy":"product_cat","embeddable":true,"href":"https:\/\/www.blupools.com\/co\/wp-json\/wp\/v2\/product_cat?post=18427"},{"taxonomy":"product_tag","embeddable":true,"href":"https:\/\/www.blupools.com\/co\/wp-json\/wp\/v2\/product_tag?post=18427"}],"curies":[{"name":"wp","href":"https:\/\/api.w.org\/{rel}","templated":true}]}}