{"id":18434,"date":"2024-05-23T16:21:56","date_gmt":"2024-05-23T21:21:56","guid":{"rendered":"https:\/\/www.blupools.com\/co\/producto\/calentador-hayward-de-135000-btu-a-glp\/"},"modified":"2024-08-02T12:44:44","modified_gmt":"2024-08-02T17:44:44","slug":"calentador-de-135000-btu-a-glp","status":"publish","type":"product","link":"https:\/\/www.blupools.com\/co\/producto\/calentador-de-135000-btu-a-glp\/","title":{"rendered":"CALENTADOR DE 135,000 BTU A GLP HAYWARD"},"content":{"rendered":"","protected":false},"excerpt":{"rendered":"<p>COD: H135IDP1<\/p>\n<p>El calentador a gas Natural de 135,000 BTU, H135ID1 Hayward, es un equipo de alto rendimiento por su exclusivo intercambiador de calor de cupron\u00edquel.<\/p>\n<p>&nbsp;<\/p>\n<ul>\n<li dir=\"ltr\" aria-level=\"1\">\n<p dir=\"ltr\" role=\"presentation\">El nuevo Calentador a gas natural Hayward H-Series de 135,000 BTU, H135ID1 para piscinas elevadas combina de manera confiable un rendimiento de calefacci\u00f3n superior con el \u00fanico intercambiador de calor de cupron\u00edquel est\u00e1ndar de su clase, lo que brinda una mayor durabilidad y una mayor vida \u00fatil del producto.<\/p>\n<\/li>\n<li dir=\"ltr\" aria-level=\"1\">\n<p dir=\"ltr\" role=\"presentation\">Tenga en cuenta que se requiere una fuente de alimentaci\u00f3n externa para alimentar el sistema de control. Las especificaciones el\u00e9ctricas de este calentador son 120 vac, 60Hz, monof\u00e1sico, corriente m\u00e1xima de 5.5A. Se recomienda que la protecci\u00f3n del circuito del circuito del calentador sea de 15 amperios.<\/p>\n<\/li>\n<li dir=\"ltr\" aria-level=\"1\">\n<p dir=\"ltr\" role=\"presentation\">Combusti\u00f3n asistida por ventilador superior de 135,000 BTU para un rendimiento t\u00e9rmico confiable.<\/p>\n<\/li>\n<li dir=\"ltr\" aria-level=\"1\">\n<p dir=\"ltr\" role=\"presentation\">Termostato electr\u00f3nico digital para un control preciso de la temperatura y una mayor eficiencia.<\/p>\n<\/li>\n<\/ul>\n","protected":false},"featured_media":18655,"comment_status":"open","ping_status":"closed","template":"","meta":[],"product_cat":[58],"product_tag":[48],"class_list":{"0":"post-18434","1":"product","2":"type-product","3":"status-publish","4":"has-post-thumbnail","6":"product_cat-calentadores","7":"product_tag-hayward","9":"first","10":"instock","11":"shipping-taxable","12":"product-type-simple"},"yoast_head":"<!-- This site is optimized with the Yoast SEO plugin v22.8 - https:\/\/yoast.com\/wordpress\/plugins\/seo\/ -->\n<title>CALENTADOR DE 135,000 BTU A GLP HAYWARD - Blupools<\/title>\n<meta name=\"robots\" content=\"index, follow, max-snippet:-1, max-image-preview:large, max-video-preview:-1\" \/>\n<link rel=\"canonical\" href=\"https:\/\/www.blupools.com\/co\/producto\/calentador-de-135000-btu-a-glp\/\" \/>\n<meta property=\"og:locale\" content=\"es_ES\" \/>\n<meta property=\"og:type\" content=\"article\" \/>\n<meta property=\"og:title\" content=\"CALENTADOR DE 135,000 BTU A GLP HAYWARD - Blupools\" \/>\n<meta property=\"og:description\" content=\"COD: H135IDP1  El calentador a gas Natural de 135,000 BTU, H135ID1 Hayward, es un equipo de alto rendimiento por su exclusivo intercambiador de calor de cupron\u00edquel.  &nbsp;    El nuevo Calentador a gas natural Hayward H-Series de 135,000 BTU, H135ID1 para piscinas elevadas combina de manera confiable un rendimiento de calefacci\u00f3n superior con el \u00fanico intercambiador de calor de cupron\u00edquel est\u00e1ndar de su clase, lo que brinda una mayor durabilidad y una mayor vida \u00fatil del producto.    Tenga en cuenta que se requiere una fuente de alimentaci\u00f3n externa para alimentar el sistema de control. Las especificaciones el\u00e9ctricas de este calentador son 120 vac, 60Hz, monof\u00e1sico, corriente m\u00e1xima de 5.5A. Se recomienda que la protecci\u00f3n del circuito del circuito del calentador sea de 15 amperios.    Combusti\u00f3n asistida por ventilador superior de 135,000 BTU para un rendimiento t\u00e9rmico confiable.    Termostato electr\u00f3nico digital para un control preciso de la temperatura y una mayor eficiencia.\" \/>\n<meta property=\"og:url\" content=\"https:\/\/www.blupools.com\/co\/producto\/calentador-de-135000-btu-a-glp\/\" \/>\n<meta property=\"og:site_name\" content=\"Blupools\" \/>\n<meta property=\"article:modified_time\" content=\"2024-08-02T17:44:44+00:00\" \/>\n<meta property=\"og:image\" content=\"https:\/\/www.blupools.com\/co\/wp-content\/uploads\/2024\/05\/WhatsApp-Image-2024-06-24-at-10.50.08-PM.jpeg\" \/>\n\t<meta property=\"og:image:width\" content=\"366\" \/>\n\t<meta property=\"og:image:height\" content=\"308\" \/>\n\t<meta property=\"og:image:type\" content=\"image\/jpeg\" \/>\n<meta name=\"twitter:card\" content=\"summary_large_image\" \/>\n<meta name=\"twitter:label1\" content=\"Tiempo de lectura\" \/>\n\t<meta name=\"twitter:data1\" content=\"1 minuto\" \/>\n<script type=\"application\/ld+json\" class=\"yoast-schema-graph\">{\"@context\":\"https:\/\/schema.org\",\"@graph\":[{\"@type\":\"WebPage\",\"@id\":\"https:\/\/www.blupools.com\/co\/producto\/calentador-de-135000-btu-a-glp\/\",\"url\":\"https:\/\/www.blupools.com\/co\/producto\/calentador-de-135000-btu-a-glp\/\",\"name\":\"CALENTADOR DE 135,000 BTU A GLP HAYWARD - Blupools\",\"isPartOf\":{\"@id\":\"https:\/\/www.blupools.com\/co\/#website\"},\"primaryImageOfPage\":{\"@id\":\"https:\/\/www.blupools.com\/co\/producto\/calentador-de-135000-btu-a-glp\/#primaryimage\"},\"image\":{\"@id\":\"https:\/\/www.blupools.com\/co\/producto\/calentador-de-135000-btu-a-glp\/#primaryimage\"},\"thumbnailUrl\":\"https:\/\/www.blupools.com\/co\/wp-content\/uploads\/2024\/05\/WhatsApp-Image-2024-06-24-at-10.50.08-PM.jpeg\",\"datePublished\":\"2024-05-23T21:21:56+00:00\",\"dateModified\":\"2024-08-02T17:44:44+00:00\",\"breadcrumb\":{\"@id\":\"https:\/\/www.blupools.com\/co\/producto\/calentador-de-135000-btu-a-glp\/#breadcrumb\"},\"inLanguage\":\"es\",\"potentialAction\":[{\"@type\":\"ReadAction\",\"target\":[\"https:\/\/www.blupools.com\/co\/producto\/calentador-de-135000-btu-a-glp\/\"]}]},{\"@type\":\"ImageObject\",\"inLanguage\":\"es\",\"@id\":\"https:\/\/www.blupools.com\/co\/producto\/calentador-de-135000-btu-a-glp\/#primaryimage\",\"url\":\"https:\/\/www.blupools.com\/co\/wp-content\/uploads\/2024\/05\/WhatsApp-Image-2024-06-24-at-10.50.08-PM.jpeg\",\"contentUrl\":\"https:\/\/www.blupools.com\/co\/wp-content\/uploads\/2024\/05\/WhatsApp-Image-2024-06-24-at-10.50.08-PM.jpeg\",\"width\":366,\"height\":308},{\"@type\":\"BreadcrumbList\",\"@id\":\"https:\/\/www.blupools.com\/co\/producto\/calentador-de-135000-btu-a-glp\/#breadcrumb\",\"itemListElement\":[{\"@type\":\"ListItem\",\"position\":1,\"name\":\"Portada\",\"item\":\"https:\/\/www.blupools.com\/co\/\"},{\"@type\":\"ListItem\",\"position\":2,\"name\":\"Tienda\",\"item\":\"https:\/\/www.blupools.com\/co\/tienda\/\"},{\"@type\":\"ListItem\",\"position\":3,\"name\":\"CALENTADOR DE 135,000 BTU A GLP HAYWARD\"}]},{\"@type\":\"WebSite\",\"@id\":\"https:\/\/www.blupools.com\/co\/#website\",\"url\":\"https:\/\/www.blupools.com\/co\/\",\"name\":\"Blupools Colombia\",\"description\":\"Equipos para Piscinas y Spa&#039;s\",\"publisher\":{\"@id\":\"https:\/\/www.blupools.com\/co\/#organization\"},\"potentialAction\":[{\"@type\":\"SearchAction\",\"target\":{\"@type\":\"EntryPoint\",\"urlTemplate\":\"https:\/\/www.blupools.com\/co\/?s={search_term_string}\"},\"query-input\":\"required name=search_term_string\"}],\"inLanguage\":\"es\"},{\"@type\":\"Organization\",\"@id\":\"https:\/\/www.blupools.com\/co\/#organization\",\"name\":\"Blupools Colombia\",\"url\":\"https:\/\/www.blupools.com\/co\/\",\"logo\":{\"@type\":\"ImageObject\",\"inLanguage\":\"es\",\"@id\":\"https:\/\/www.blupools.com\/co\/#\/schema\/logo\/image\/\",\"url\":\"https:\/\/www.blupools.com\/co\/wp-content\/uploads\/2024\/06\/Logo_BP_Col.png\",\"contentUrl\":\"https:\/\/www.blupools.com\/co\/wp-content\/uploads\/2024\/06\/Logo_BP_Col.png\",\"width\":5000,\"height\":5000,\"caption\":\"Blupools Colombia\"},\"image\":{\"@id\":\"https:\/\/www.blupools.com\/co\/#\/schema\/logo\/image\/\"}}]}<\/script>\n<!-- \/ Yoast SEO plugin. -->","yoast_head_json":{"title":"CALENTADOR DE 135,000 BTU A GLP HAYWARD - Blupools","robots":{"index":"index","follow":"follow","max-snippet":"max-snippet:-1","max-image-preview":"max-image-preview:large","max-video-preview":"max-video-preview:-1"},"canonical":"https:\/\/www.blupools.com\/co\/producto\/calentador-de-135000-btu-a-glp\/","og_locale":"es_ES","og_type":"article","og_title":"CALENTADOR DE 135,000 BTU A GLP HAYWARD - Blupools","og_description":"COD: H135IDP1  El calentador a gas Natural de 135,000 BTU, H135ID1 Hayward, es un equipo de alto rendimiento por su exclusivo intercambiador de calor de cupron\u00edquel.  &nbsp;    El nuevo Calentador a gas natural Hayward H-Series de 135,000 BTU, H135ID1 para piscinas elevadas combina de manera confiable un rendimiento de calefacci\u00f3n superior con el \u00fanico intercambiador de calor de cupron\u00edquel est\u00e1ndar de su clase, lo que brinda una mayor durabilidad y una mayor vida \u00fatil del producto.    Tenga en cuenta que se requiere una fuente de alimentaci\u00f3n externa para alimentar el sistema de control. Las especificaciones el\u00e9ctricas de este calentador son 120 vac, 60Hz, monof\u00e1sico, corriente m\u00e1xima de 5.5A. Se recomienda que la protecci\u00f3n del circuito del circuito del calentador sea de 15 amperios.    Combusti\u00f3n asistida por ventilador superior de 135,000 BTU para un rendimiento t\u00e9rmico confiable.    Termostato electr\u00f3nico digital para un control preciso de la temperatura y una mayor eficiencia.","og_url":"https:\/\/www.blupools.com\/co\/producto\/calentador-de-135000-btu-a-glp\/","og_site_name":"Blupools","article_modified_time":"2024-08-02T17:44:44+00:00","og_image":[{"width":366,"height":308,"url":"https:\/\/www.blupools.com\/co\/wp-content\/uploads\/2024\/05\/WhatsApp-Image-2024-06-24-at-10.50.08-PM.jpeg","type":"image\/jpeg"}],"twitter_card":"summary_large_image","twitter_misc":{"Tiempo de lectura":"1 minuto"},"schema":{"@context":"https:\/\/schema.org","@graph":[{"@type":"WebPage","@id":"https:\/\/www.blupools.com\/co\/producto\/calentador-de-135000-btu-a-glp\/","url":"https:\/\/www.blupools.com\/co\/producto\/calentador-de-135000-btu-a-glp\/","name":"CALENTADOR DE 135,000 BTU A GLP HAYWARD - Blupools","isPartOf":{"@id":"https:\/\/www.blupools.com\/co\/#website"},"primaryImageOfPage":{"@id":"https:\/\/www.blupools.com\/co\/producto\/calentador-de-135000-btu-a-glp\/#primaryimage"},"image":{"@id":"https:\/\/www.blupools.com\/co\/producto\/calentador-de-135000-btu-a-glp\/#primaryimage"},"thumbnailUrl":"https:\/\/www.blupools.com\/co\/wp-content\/uploads\/2024\/05\/WhatsApp-Image-2024-06-24-at-10.50.08-PM.jpeg","datePublished":"2024-05-23T21:21:56+00:00","dateModified":"2024-08-02T17:44:44+00:00","breadcrumb":{"@id":"https:\/\/www.blupools.com\/co\/producto\/calentador-de-135000-btu-a-glp\/#breadcrumb"},"inLanguage":"es","potentialAction":[{"@type":"ReadAction","target":["https:\/\/www.blupools.com\/co\/producto\/calentador-de-135000-btu-a-glp\/"]}]},{"@type":"ImageObject","inLanguage":"es","@id":"https:\/\/www.blupools.com\/co\/producto\/calentador-de-135000-btu-a-glp\/#primaryimage","url":"https:\/\/www.blupools.com\/co\/wp-content\/uploads\/2024\/05\/WhatsApp-Image-2024-06-24-at-10.50.08-PM.jpeg","contentUrl":"https:\/\/www.blupools.com\/co\/wp-content\/uploads\/2024\/05\/WhatsApp-Image-2024-06-24-at-10.50.08-PM.jpeg","width":366,"height":308},{"@type":"BreadcrumbList","@id":"https:\/\/www.blupools.com\/co\/producto\/calentador-de-135000-btu-a-glp\/#breadcrumb","itemListElement":[{"@type":"ListItem","position":1,"name":"Portada","item":"https:\/\/www.blupools.com\/co\/"},{"@type":"ListItem","position":2,"name":"Tienda","item":"https:\/\/www.blupools.com\/co\/tienda\/"},{"@type":"ListItem","position":3,"name":"CALENTADOR DE 135,000 BTU A GLP HAYWARD"}]},{"@type":"WebSite","@id":"https:\/\/www.blupools.com\/co\/#website","url":"https:\/\/www.blupools.com\/co\/","name":"Blupools Colombia","description":"Equipos para Piscinas y Spa&#039;s","publisher":{"@id":"https:\/\/www.blupools.com\/co\/#organization"},"potentialAction":[{"@type":"SearchAction","target":{"@type":"EntryPoint","urlTemplate":"https:\/\/www.blupools.com\/co\/?s={search_term_string}"},"query-input":"required name=search_term_string"}],"inLanguage":"es"},{"@type":"Organization","@id":"https:\/\/www.blupools.com\/co\/#organization","name":"Blupools Colombia","url":"https:\/\/www.blupools.com\/co\/","logo":{"@type":"ImageObject","inLanguage":"es","@id":"https:\/\/www.blupools.com\/co\/#\/schema\/logo\/image\/","url":"https:\/\/www.blupools.com\/co\/wp-content\/uploads\/2024\/06\/Logo_BP_Col.png","contentUrl":"https:\/\/www.blupools.com\/co\/wp-content\/uploads\/2024\/06\/Logo_BP_Col.png","width":5000,"height":5000,"caption":"Blupools Colombia"},"image":{"@id":"https:\/\/www.blupools.com\/co\/#\/schema\/logo\/image\/"}}]}},"_links":{"self":[{"href":"https:\/\/www.blupools.com\/co\/wp-json\/wp\/v2\/product\/18434","targetHints":{"allow":["GET"]}}],"collection":[{"href":"https:\/\/www.blupools.com\/co\/wp-json\/wp\/v2\/product"}],"about":[{"href":"https:\/\/www.blupools.com\/co\/wp-json\/wp\/v2\/types\/product"}],"replies":[{"embeddable":true,"href":"https:\/\/www.blupools.com\/co\/wp-json\/wp\/v2\/comments?post=18434"}],"wp:featuredmedia":[{"embeddable":true,"href":"https:\/\/www.blupools.com\/co\/wp-json\/wp\/v2\/media\/18655"}],"wp:attachment":[{"href":"https:\/\/www.blupools.com\/co\/wp-json\/wp\/v2\/media?parent=18434"}],"wp:term":[{"taxonomy":"product_cat","embeddable":true,"href":"https:\/\/www.blupools.com\/co\/wp-json\/wp\/v2\/product_cat?post=18434"},{"taxonomy":"product_tag","embeddable":true,"href":"https:\/\/www.blupools.com\/co\/wp-json\/wp\/v2\/product_tag?post=18434"}],"curies":[{"name":"wp","href":"https:\/\/api.w.org\/{rel}","templated":true}]}}