{"id":18440,"date":"2024-05-23T16:21:56","date_gmt":"2024-05-23T21:21:56","guid":{"rendered":"https:\/\/www.blupools.com\/co\/producto\/calentador-hayward-de-250000-btu-a-glp\/"},"modified":"2024-08-11T21:57:58","modified_gmt":"2024-08-12T02:57:58","slug":"calentador-hayward-de-250000-btu-a-glp","status":"publish","type":"product","link":"https:\/\/www.blupools.com\/co\/producto\/calentador-hayward-de-250000-btu-a-glp\/","title":{"rendered":"CALENTADOR HAYWARD DE 250,000 BTU A GLP"},"content":{"rendered":"","protected":false},"excerpt":{"rendered":"<p>COD: H250FDP<\/p>\n<p>Excelente equipo a gas propano, con baj\u00edsimas emisiones de \u00f3xido de nitr\u00f3geno, de alto rendimiento y bajo consumo energ\u00e9tico.<\/p>\n<p>&nbsp;<\/p>\n<ul>\n<li dir=\"ltr\" aria-level=\"1\">\n<p dir=\"ltr\" role=\"presentation\">Su desempe\u00f1o hidr\u00e1ulico tambi\u00e9n ahorra energ\u00eda mediante la reducci\u00f3n del tiempo de circulaci\u00f3n de la bomba y puede elevar 30\u00b0 la temperatura de una piscina de 800 galones en menos de una hora.<\/p>\n<\/li>\n<\/ul>\n<ul>\n<li dir=\"ltr\" aria-level=\"1\">\n<p dir=\"ltr\" role=\"presentation\">Incluyen quemadores de acero inoxidable, termocambiadores resistentes a la corrosi\u00f3n y c\u00e1maras de combusti\u00f3n con aislamiento Fire Tile.<\/p>\n<\/li>\n<li dir=\"ltr\" aria-level=\"1\">\n<p dir=\"ltr\" role=\"presentation\">Atrapa el calor como ninguna otra forma de aislamiento y brinda el grado m\u00e1ximo de desempe\u00f1o con cada BTU.<\/p>\n<\/li>\n<li dir=\"ltr\" aria-level=\"1\">\n<p dir=\"ltr\" role=\"presentation\">Equipado con un panel de control de LED, supervisa el desempe\u00f1o del climatizador para ofrecer una mayor conveniencia y m\u00e1xima comodidad con un m\u00ednimo esfuerzo.<\/p>\n<\/li>\n<li dir=\"ltr\" aria-level=\"1\">\n<p dir=\"ltr\" role=\"presentation\">El sistema de ignici\u00f3n brinda una iluminaci\u00f3n confiable y un funcionamiento seguro con solo tocar un bot\u00f3n.<\/p>\n<\/li>\n<li dir=\"ltr\" aria-level=\"1\">\n<p dir=\"ltr\" role=\"presentation\">El sistema de ventilaci\u00f3n forzada mueve permanentemente el aire por la c\u00e1mara de combusti\u00f3n, con el fin de anular todas las variables clim\u00e1ticas exteriores que afectan el desempe\u00f1o del climatizador, como las condiciones del viento, lo que elimina la necesidad de instalar una columna para vientos de velocidad elevada.<\/p>\n<\/li>\n<li dir=\"ltr\" aria-level=\"1\">\n<p dir=\"ltr\" role=\"presentation\">Tienen una flexibilidad sin precedentes en la instalaci\u00f3n el\u00e9ctrica, se puede instalar por la derecha o izquierda del equipo, el gas se instala por la izquierda del equipo y el agua por la derecha del equipo, esta adaptabilidad mejorada junto con un dise\u00f1o moderno, ligero, panel frontal delantero y el f\u00e1cil acceso tanto para la instalaci\u00f3n como el mantenimiento, aseguran la compatibilidad pr\u00e1cticamente con todos los sistemas y configuraciones de equipos nuevos o existentes.<\/p>\n<\/li>\n<li dir=\"ltr\" aria-level=\"1\">\n<p dir=\"ltr\" role=\"presentation\">Ideal para los sistemas de cloraci\u00f3n electr\u00f3nica a base de sal.<\/p>\n<\/li>\n<li dir=\"ltr\" aria-level=\"1\">\n<p dir=\"ltr\" role=\"presentation\">La instalaci\u00f3n se simplifica con el voltaje 110V o 220 V.<\/p>\n<\/li>\n<\/ul>\n","protected":false},"featured_media":18667,"comment_status":"open","ping_status":"closed","template":"","meta":[],"product_cat":[58],"product_tag":[48],"class_list":{"0":"post-18440","1":"product","2":"type-product","3":"status-publish","4":"has-post-thumbnail","6":"product_cat-calentadores","7":"product_tag-hayward","9":"first","10":"instock","11":"shipping-taxable","12":"product-type-simple"},"yoast_head":"<!-- This site is optimized with the Yoast SEO plugin v22.8 - https:\/\/yoast.com\/wordpress\/plugins\/seo\/ -->\n<title>CALENTADOR HAYWARD DE 250,000 BTU A GLP - Blupools<\/title>\n<meta name=\"robots\" content=\"index, follow, max-snippet:-1, max-image-preview:large, max-video-preview:-1\" \/>\n<link rel=\"canonical\" href=\"https:\/\/www.blupools.com\/co\/producto\/calentador-hayward-de-250000-btu-a-glp\/\" \/>\n<meta property=\"og:locale\" content=\"es_ES\" \/>\n<meta property=\"og:type\" content=\"article\" \/>\n<meta property=\"og:title\" content=\"CALENTADOR HAYWARD DE 250,000 BTU A GLP - Blupools\" \/>\n<meta property=\"og:description\" content=\"COD: H250FDP  Excelente equipo a gas propano, con baj\u00edsimas emisiones de \u00f3xido de nitr\u00f3geno, de alto rendimiento y bajo consumo energ\u00e9tico.  &nbsp;    Su desempe\u00f1o hidr\u00e1ulico tambi\u00e9n ahorra energ\u00eda mediante la reducci\u00f3n del tiempo de circulaci\u00f3n de la bomba y puede elevar 30\u00b0 la temperatura de una piscina de 800 galones en menos de una hora.      Incluyen quemadores de acero inoxidable, termocambiadores resistentes a la corrosi\u00f3n y c\u00e1maras de combusti\u00f3n con aislamiento Fire Tile.    Atrapa el calor como ninguna otra forma de aislamiento y brinda el grado m\u00e1ximo de desempe\u00f1o con cada BTU.    Equipado con un panel de control de LED, supervisa el desempe\u00f1o del climatizador para ofrecer una mayor conveniencia y m\u00e1xima comodidad con un m\u00ednimo esfuerzo.    El sistema de ignici\u00f3n brinda una iluminaci\u00f3n confiable y un funcionamiento seguro con solo tocar un bot\u00f3n.    El sistema de ventilaci\u00f3n forzada mueve permanentemente el aire por la c\u00e1mara de combusti\u00f3n, con el fin de anular todas las variables clim\u00e1ticas exteriores que afectan el desempe\u00f1o del climatizador, como las condiciones del viento, lo que elimina la necesidad de instalar una columna para vientos de velocidad elevada.    Tienen una flexibilidad sin precedentes en la instalaci\u00f3n el\u00e9ctrica, se puede instalar por la derecha o izquierda del equipo, el gas se instala por la izquierda del equipo y el agua por la derecha del equipo, esta adaptabilidad mejorada junto con un dise\u00f1o moderno, ligero, panel frontal delantero y el f\u00e1cil acceso tanto para la instalaci\u00f3n como el mantenimiento, aseguran la compatibilidad pr\u00e1cticamente con todos los sistemas y configuraciones de equipos nuevos o existentes.    Ideal para los sistemas de cloraci\u00f3n electr\u00f3nica a base de sal.    La instalaci\u00f3n se simplifica con el voltaje 110V o 220 V.\" \/>\n<meta property=\"og:url\" content=\"https:\/\/www.blupools.com\/co\/producto\/calentador-hayward-de-250000-btu-a-glp\/\" \/>\n<meta property=\"og:site_name\" content=\"Blupools\" \/>\n<meta property=\"article:modified_time\" content=\"2024-08-12T02:57:58+00:00\" \/>\n<meta property=\"og:image\" content=\"https:\/\/www.blupools.com\/co\/wp-content\/uploads\/2024\/05\/WhatsApp-Image-2024-06-25-at-11.41.53-AM.jpeg\" \/>\n\t<meta property=\"og:image:width\" content=\"576\" \/>\n\t<meta property=\"og:image:height\" content=\"391\" \/>\n\t<meta property=\"og:image:type\" content=\"image\/jpeg\" \/>\n<meta name=\"twitter:card\" content=\"summary_large_image\" \/>\n<meta name=\"twitter:label1\" content=\"Tiempo de lectura\" \/>\n\t<meta name=\"twitter:data1\" content=\"1 minuto\" \/>\n<script type=\"application\/ld+json\" class=\"yoast-schema-graph\">{\"@context\":\"https:\/\/schema.org\",\"@graph\":[{\"@type\":\"WebPage\",\"@id\":\"https:\/\/www.blupools.com\/co\/producto\/calentador-hayward-de-250000-btu-a-glp\/\",\"url\":\"https:\/\/www.blupools.com\/co\/producto\/calentador-hayward-de-250000-btu-a-glp\/\",\"name\":\"CALENTADOR HAYWARD DE 250,000 BTU A GLP - Blupools\",\"isPartOf\":{\"@id\":\"https:\/\/www.blupools.com\/co\/#website\"},\"primaryImageOfPage\":{\"@id\":\"https:\/\/www.blupools.com\/co\/producto\/calentador-hayward-de-250000-btu-a-glp\/#primaryimage\"},\"image\":{\"@id\":\"https:\/\/www.blupools.com\/co\/producto\/calentador-hayward-de-250000-btu-a-glp\/#primaryimage\"},\"thumbnailUrl\":\"https:\/\/www.blupools.com\/co\/wp-content\/uploads\/2024\/05\/WhatsApp-Image-2024-06-25-at-11.41.53-AM.jpeg\",\"datePublished\":\"2024-05-23T21:21:56+00:00\",\"dateModified\":\"2024-08-12T02:57:58+00:00\",\"breadcrumb\":{\"@id\":\"https:\/\/www.blupools.com\/co\/producto\/calentador-hayward-de-250000-btu-a-glp\/#breadcrumb\"},\"inLanguage\":\"es\",\"potentialAction\":[{\"@type\":\"ReadAction\",\"target\":[\"https:\/\/www.blupools.com\/co\/producto\/calentador-hayward-de-250000-btu-a-glp\/\"]}]},{\"@type\":\"ImageObject\",\"inLanguage\":\"es\",\"@id\":\"https:\/\/www.blupools.com\/co\/producto\/calentador-hayward-de-250000-btu-a-glp\/#primaryimage\",\"url\":\"https:\/\/www.blupools.com\/co\/wp-content\/uploads\/2024\/05\/WhatsApp-Image-2024-06-25-at-11.41.53-AM.jpeg\",\"contentUrl\":\"https:\/\/www.blupools.com\/co\/wp-content\/uploads\/2024\/05\/WhatsApp-Image-2024-06-25-at-11.41.53-AM.jpeg\",\"width\":576,\"height\":391},{\"@type\":\"BreadcrumbList\",\"@id\":\"https:\/\/www.blupools.com\/co\/producto\/calentador-hayward-de-250000-btu-a-glp\/#breadcrumb\",\"itemListElement\":[{\"@type\":\"ListItem\",\"position\":1,\"name\":\"Portada\",\"item\":\"https:\/\/www.blupools.com\/co\/\"},{\"@type\":\"ListItem\",\"position\":2,\"name\":\"Tienda\",\"item\":\"https:\/\/www.blupools.com\/co\/tienda\/\"},{\"@type\":\"ListItem\",\"position\":3,\"name\":\"CALENTADOR HAYWARD DE 250,000 BTU A GLP\"}]},{\"@type\":\"WebSite\",\"@id\":\"https:\/\/www.blupools.com\/co\/#website\",\"url\":\"https:\/\/www.blupools.com\/co\/\",\"name\":\"Blupools Colombia\",\"description\":\"Equipos para Piscinas y Spa&#039;s\",\"publisher\":{\"@id\":\"https:\/\/www.blupools.com\/co\/#organization\"},\"potentialAction\":[{\"@type\":\"SearchAction\",\"target\":{\"@type\":\"EntryPoint\",\"urlTemplate\":\"https:\/\/www.blupools.com\/co\/?s={search_term_string}\"},\"query-input\":\"required name=search_term_string\"}],\"inLanguage\":\"es\"},{\"@type\":\"Organization\",\"@id\":\"https:\/\/www.blupools.com\/co\/#organization\",\"name\":\"Blupools Colombia\",\"url\":\"https:\/\/www.blupools.com\/co\/\",\"logo\":{\"@type\":\"ImageObject\",\"inLanguage\":\"es\",\"@id\":\"https:\/\/www.blupools.com\/co\/#\/schema\/logo\/image\/\",\"url\":\"https:\/\/www.blupools.com\/co\/wp-content\/uploads\/2024\/06\/Logo_BP_Col.png\",\"contentUrl\":\"https:\/\/www.blupools.com\/co\/wp-content\/uploads\/2024\/06\/Logo_BP_Col.png\",\"width\":5000,\"height\":5000,\"caption\":\"Blupools Colombia\"},\"image\":{\"@id\":\"https:\/\/www.blupools.com\/co\/#\/schema\/logo\/image\/\"}}]}<\/script>\n<!-- \/ Yoast SEO plugin. -->","yoast_head_json":{"title":"CALENTADOR HAYWARD DE 250,000 BTU A GLP - Blupools","robots":{"index":"index","follow":"follow","max-snippet":"max-snippet:-1","max-image-preview":"max-image-preview:large","max-video-preview":"max-video-preview:-1"},"canonical":"https:\/\/www.blupools.com\/co\/producto\/calentador-hayward-de-250000-btu-a-glp\/","og_locale":"es_ES","og_type":"article","og_title":"CALENTADOR HAYWARD DE 250,000 BTU A GLP - Blupools","og_description":"COD: H250FDP  Excelente equipo a gas propano, con baj\u00edsimas emisiones de \u00f3xido de nitr\u00f3geno, de alto rendimiento y bajo consumo energ\u00e9tico.  &nbsp;    Su desempe\u00f1o hidr\u00e1ulico tambi\u00e9n ahorra energ\u00eda mediante la reducci\u00f3n del tiempo de circulaci\u00f3n de la bomba y puede elevar 30\u00b0 la temperatura de una piscina de 800 galones en menos de una hora.      Incluyen quemadores de acero inoxidable, termocambiadores resistentes a la corrosi\u00f3n y c\u00e1maras de combusti\u00f3n con aislamiento Fire Tile.    Atrapa el calor como ninguna otra forma de aislamiento y brinda el grado m\u00e1ximo de desempe\u00f1o con cada BTU.    Equipado con un panel de control de LED, supervisa el desempe\u00f1o del climatizador para ofrecer una mayor conveniencia y m\u00e1xima comodidad con un m\u00ednimo esfuerzo.    El sistema de ignici\u00f3n brinda una iluminaci\u00f3n confiable y un funcionamiento seguro con solo tocar un bot\u00f3n.    El sistema de ventilaci\u00f3n forzada mueve permanentemente el aire por la c\u00e1mara de combusti\u00f3n, con el fin de anular todas las variables clim\u00e1ticas exteriores que afectan el desempe\u00f1o del climatizador, como las condiciones del viento, lo que elimina la necesidad de instalar una columna para vientos de velocidad elevada.    Tienen una flexibilidad sin precedentes en la instalaci\u00f3n el\u00e9ctrica, se puede instalar por la derecha o izquierda del equipo, el gas se instala por la izquierda del equipo y el agua por la derecha del equipo, esta adaptabilidad mejorada junto con un dise\u00f1o moderno, ligero, panel frontal delantero y el f\u00e1cil acceso tanto para la instalaci\u00f3n como el mantenimiento, aseguran la compatibilidad pr\u00e1cticamente con todos los sistemas y configuraciones de equipos nuevos o existentes.    Ideal para los sistemas de cloraci\u00f3n electr\u00f3nica a base de sal.    La instalaci\u00f3n se simplifica con el voltaje 110V o 220 V.","og_url":"https:\/\/www.blupools.com\/co\/producto\/calentador-hayward-de-250000-btu-a-glp\/","og_site_name":"Blupools","article_modified_time":"2024-08-12T02:57:58+00:00","og_image":[{"width":576,"height":391,"url":"https:\/\/www.blupools.com\/co\/wp-content\/uploads\/2024\/05\/WhatsApp-Image-2024-06-25-at-11.41.53-AM.jpeg","type":"image\/jpeg"}],"twitter_card":"summary_large_image","twitter_misc":{"Tiempo de lectura":"1 minuto"},"schema":{"@context":"https:\/\/schema.org","@graph":[{"@type":"WebPage","@id":"https:\/\/www.blupools.com\/co\/producto\/calentador-hayward-de-250000-btu-a-glp\/","url":"https:\/\/www.blupools.com\/co\/producto\/calentador-hayward-de-250000-btu-a-glp\/","name":"CALENTADOR HAYWARD DE 250,000 BTU A GLP - Blupools","isPartOf":{"@id":"https:\/\/www.blupools.com\/co\/#website"},"primaryImageOfPage":{"@id":"https:\/\/www.blupools.com\/co\/producto\/calentador-hayward-de-250000-btu-a-glp\/#primaryimage"},"image":{"@id":"https:\/\/www.blupools.com\/co\/producto\/calentador-hayward-de-250000-btu-a-glp\/#primaryimage"},"thumbnailUrl":"https:\/\/www.blupools.com\/co\/wp-content\/uploads\/2024\/05\/WhatsApp-Image-2024-06-25-at-11.41.53-AM.jpeg","datePublished":"2024-05-23T21:21:56+00:00","dateModified":"2024-08-12T02:57:58+00:00","breadcrumb":{"@id":"https:\/\/www.blupools.com\/co\/producto\/calentador-hayward-de-250000-btu-a-glp\/#breadcrumb"},"inLanguage":"es","potentialAction":[{"@type":"ReadAction","target":["https:\/\/www.blupools.com\/co\/producto\/calentador-hayward-de-250000-btu-a-glp\/"]}]},{"@type":"ImageObject","inLanguage":"es","@id":"https:\/\/www.blupools.com\/co\/producto\/calentador-hayward-de-250000-btu-a-glp\/#primaryimage","url":"https:\/\/www.blupools.com\/co\/wp-content\/uploads\/2024\/05\/WhatsApp-Image-2024-06-25-at-11.41.53-AM.jpeg","contentUrl":"https:\/\/www.blupools.com\/co\/wp-content\/uploads\/2024\/05\/WhatsApp-Image-2024-06-25-at-11.41.53-AM.jpeg","width":576,"height":391},{"@type":"BreadcrumbList","@id":"https:\/\/www.blupools.com\/co\/producto\/calentador-hayward-de-250000-btu-a-glp\/#breadcrumb","itemListElement":[{"@type":"ListItem","position":1,"name":"Portada","item":"https:\/\/www.blupools.com\/co\/"},{"@type":"ListItem","position":2,"name":"Tienda","item":"https:\/\/www.blupools.com\/co\/tienda\/"},{"@type":"ListItem","position":3,"name":"CALENTADOR HAYWARD DE 250,000 BTU A GLP"}]},{"@type":"WebSite","@id":"https:\/\/www.blupools.com\/co\/#website","url":"https:\/\/www.blupools.com\/co\/","name":"Blupools Colombia","description":"Equipos para Piscinas y Spa&#039;s","publisher":{"@id":"https:\/\/www.blupools.com\/co\/#organization"},"potentialAction":[{"@type":"SearchAction","target":{"@type":"EntryPoint","urlTemplate":"https:\/\/www.blupools.com\/co\/?s={search_term_string}"},"query-input":"required name=search_term_string"}],"inLanguage":"es"},{"@type":"Organization","@id":"https:\/\/www.blupools.com\/co\/#organization","name":"Blupools Colombia","url":"https:\/\/www.blupools.com\/co\/","logo":{"@type":"ImageObject","inLanguage":"es","@id":"https:\/\/www.blupools.com\/co\/#\/schema\/logo\/image\/","url":"https:\/\/www.blupools.com\/co\/wp-content\/uploads\/2024\/06\/Logo_BP_Col.png","contentUrl":"https:\/\/www.blupools.com\/co\/wp-content\/uploads\/2024\/06\/Logo_BP_Col.png","width":5000,"height":5000,"caption":"Blupools Colombia"},"image":{"@id":"https:\/\/www.blupools.com\/co\/#\/schema\/logo\/image\/"}}]}},"_links":{"self":[{"href":"https:\/\/www.blupools.com\/co\/wp-json\/wp\/v2\/product\/18440","targetHints":{"allow":["GET"]}}],"collection":[{"href":"https:\/\/www.blupools.com\/co\/wp-json\/wp\/v2\/product"}],"about":[{"href":"https:\/\/www.blupools.com\/co\/wp-json\/wp\/v2\/types\/product"}],"replies":[{"embeddable":true,"href":"https:\/\/www.blupools.com\/co\/wp-json\/wp\/v2\/comments?post=18440"}],"wp:featuredmedia":[{"embeddable":true,"href":"https:\/\/www.blupools.com\/co\/wp-json\/wp\/v2\/media\/18667"}],"wp:attachment":[{"href":"https:\/\/www.blupools.com\/co\/wp-json\/wp\/v2\/media?parent=18440"}],"wp:term":[{"taxonomy":"product_cat","embeddable":true,"href":"https:\/\/www.blupools.com\/co\/wp-json\/wp\/v2\/product_cat?post=18440"},{"taxonomy":"product_tag","embeddable":true,"href":"https:\/\/www.blupools.com\/co\/wp-json\/wp\/v2\/product_tag?post=18440"}],"curies":[{"name":"wp","href":"https:\/\/api.w.org\/{rel}","templated":true}]}}