{"id":18444,"date":"2024-05-23T16:21:56","date_gmt":"2024-05-23T21:21:56","guid":{"rendered":"https:\/\/www.blupools.com\/co\/producto\/calentador-hayward-de-400000-btu-a-gnv\/"},"modified":"2024-08-02T12:30:14","modified_gmt":"2024-08-02T17:30:14","slug":"calentador-hayward-de-400000-btu-a-gnv","status":"publish","type":"product","link":"https:\/\/www.blupools.com\/co\/producto\/calentador-hayward-de-400000-btu-a-gnv\/","title":{"rendered":"CALENTADOR DE 400,000 BTU A GNV HAYWARD"},"content":{"rendered":"","protected":false},"excerpt":{"rendered":"<p>COD: H400FDN<\/p>\n<p>El calentador m\u00e1s peque\u00f1o de la industria permite reemplazar casi cualquier calentador en una plataforma existente con la confiabilidad eficiente del nuevo calentador con tecnolog\u00eda de combustible dual Universal HC Series de Hayward. Dise\u00f1ado para adaptarse sin esfuerzo a los adaptadores de plomer\u00eda de Hayward, cada detalle se ha dise\u00f1ado cuidadosamente teniendo en cuenta la capacidad de f\u00e1cil instalaci\u00f3n: su tecnolog\u00eda de combustible dual, su plomer\u00eda adaptable, su dise\u00f1o sin espacio libre para la pared y m\u00e1s. Y todo ello se suma a un calentador duradero y ultrapotente con el tama\u00f1o m\u00e1s peque\u00f1o de la industria.<\/p>\n<p>Caracter\u00edsticas y beneficios:<\/p>\n<p>Dise\u00f1o compacto: el calentador m\u00e1s peque\u00f1o de la industria y su dise\u00f1o liviano facilitan la instalaci\u00f3n en cualquier entorno.<br \/>\nOrificio de mezcla de f\u00e1cil extracci\u00f3n: permite una f\u00e1cil conversi\u00f3n en el campo entre gas natural y propano.<br \/>\nIntercambiador de calor de cupro n\u00edquel: Protege contra la corrosi\u00f3n del agua y el desgaste natural<br \/>\nV\u00e1lvula de derivaci\u00f3n de mariposa patentada: permite caudales de hasta 125 GPM sin accesorios adicionales<br \/>\nAdaptadores de plomer\u00eda exclusivos: permiten un reemplazo simple sin necesidad de cortar la tuber\u00eda<br \/>\nEspacio libre de pared cero: encaja perfectamente en plataformas m\u00e1s peque\u00f1as y espacios reducidos<br \/>\nParte superior reversible de acceso r\u00e1pido: cambia f\u00e1cilmente la plomer\u00eda de derecha a izquierda mientras brinda acceso al cierre de gas, selecci\u00f3n de voltaje y m\u00e1s, todo a trav\u00e9s de un solo sujetador<br \/>\nBajas emisiones de NOx: cumpla con los est\u00e1ndares de calidad del aire limpio y al mismo tiempo proporcione un rendimiento de calefacci\u00f3n superior<\/p>\n","protected":false},"featured_media":19157,"comment_status":"open","ping_status":"closed","template":"","meta":[],"product_cat":[58],"product_tag":[48],"class_list":{"0":"post-18444","1":"product","2":"type-product","3":"status-publish","4":"has-post-thumbnail","6":"product_cat-calentadores","7":"product_tag-hayward","9":"first","10":"instock","11":"shipping-taxable","12":"product-type-simple"},"yoast_head":"<!-- This site is optimized with the Yoast SEO plugin v22.8 - https:\/\/yoast.com\/wordpress\/plugins\/seo\/ -->\n<title>CALENTADOR DE 400,000 BTU A GNV HAYWARD - Blupools<\/title>\n<meta name=\"robots\" content=\"index, follow, max-snippet:-1, max-image-preview:large, max-video-preview:-1\" \/>\n<link rel=\"canonical\" href=\"https:\/\/www.blupools.com\/co\/producto\/calentador-hayward-de-400000-btu-a-gnv\/\" \/>\n<meta property=\"og:locale\" content=\"es_ES\" \/>\n<meta property=\"og:type\" content=\"article\" \/>\n<meta property=\"og:title\" content=\"CALENTADOR DE 400,000 BTU A GNV HAYWARD - Blupools\" \/>\n<meta property=\"og:description\" content=\"COD: H400FDN  El calentador m\u00e1s peque\u00f1o de la industria permite reemplazar casi cualquier calentador en una plataforma existente con la confiabilidad eficiente del nuevo calentador con tecnolog\u00eda de combustible dual Universal HC Series de Hayward. Dise\u00f1ado para adaptarse sin esfuerzo a los adaptadores de plomer\u00eda de Hayward, cada detalle se ha dise\u00f1ado cuidadosamente teniendo en cuenta la capacidad de f\u00e1cil instalaci\u00f3n: su tecnolog\u00eda de combustible dual, su plomer\u00eda adaptable, su dise\u00f1o sin espacio libre para la pared y m\u00e1s. Y todo ello se suma a un calentador duradero y ultrapotente con el tama\u00f1o m\u00e1s peque\u00f1o de la industria.  Caracter\u00edsticas y beneficios:  Dise\u00f1o compacto: el calentador m\u00e1s peque\u00f1o de la industria y su dise\u00f1o liviano facilitan la instalaci\u00f3n en cualquier entorno. Orificio de mezcla de f\u00e1cil extracci\u00f3n: permite una f\u00e1cil conversi\u00f3n en el campo entre gas natural y propano. Intercambiador de calor de cupro n\u00edquel: Protege contra la corrosi\u00f3n del agua y el desgaste natural V\u00e1lvula de derivaci\u00f3n de mariposa patentada: permite caudales de hasta 125 GPM sin accesorios adicionales Adaptadores de plomer\u00eda exclusivos: permiten un reemplazo simple sin necesidad de cortar la tuber\u00eda Espacio libre de pared cero: encaja perfectamente en plataformas m\u00e1s peque\u00f1as y espacios reducidos Parte superior reversible de acceso r\u00e1pido: cambia f\u00e1cilmente la plomer\u00eda de derecha a izquierda mientras brinda acceso al cierre de gas, selecci\u00f3n de voltaje y m\u00e1s, todo a trav\u00e9s de un solo sujetador Bajas emisiones de NOx: cumpla con los est\u00e1ndares de calidad del aire limpio y al mismo tiempo proporcione un rendimiento de calefacci\u00f3n superior\" \/>\n<meta property=\"og:url\" content=\"https:\/\/www.blupools.com\/co\/producto\/calentador-hayward-de-400000-btu-a-gnv\/\" \/>\n<meta property=\"og:site_name\" content=\"Blupools\" \/>\n<meta property=\"article:modified_time\" content=\"2024-08-02T17:30:14+00:00\" \/>\n<meta property=\"og:image\" content=\"https:\/\/www.blupools.com\/co\/wp-content\/uploads\/2024\/05\/51rtaZAq0hL._AC_UF8941000_QL80_.jpg\" \/>\n\t<meta property=\"og:image:width\" content=\"894\" \/>\n\t<meta property=\"og:image:height\" content=\"594\" \/>\n\t<meta property=\"og:image:type\" content=\"image\/jpeg\" \/>\n<meta name=\"twitter:card\" content=\"summary_large_image\" \/>\n<meta name=\"twitter:label1\" content=\"Tiempo de lectura\" \/>\n\t<meta name=\"twitter:data1\" content=\"1 minuto\" \/>\n<script type=\"application\/ld+json\" class=\"yoast-schema-graph\">{\"@context\":\"https:\/\/schema.org\",\"@graph\":[{\"@type\":\"WebPage\",\"@id\":\"https:\/\/www.blupools.com\/co\/producto\/calentador-hayward-de-400000-btu-a-gnv\/\",\"url\":\"https:\/\/www.blupools.com\/co\/producto\/calentador-hayward-de-400000-btu-a-gnv\/\",\"name\":\"CALENTADOR DE 400,000 BTU A GNV HAYWARD - Blupools\",\"isPartOf\":{\"@id\":\"https:\/\/www.blupools.com\/co\/#website\"},\"primaryImageOfPage\":{\"@id\":\"https:\/\/www.blupools.com\/co\/producto\/calentador-hayward-de-400000-btu-a-gnv\/#primaryimage\"},\"image\":{\"@id\":\"https:\/\/www.blupools.com\/co\/producto\/calentador-hayward-de-400000-btu-a-gnv\/#primaryimage\"},\"thumbnailUrl\":\"https:\/\/www.blupools.com\/co\/wp-content\/uploads\/2024\/05\/51rtaZAq0hL._AC_UF8941000_QL80_.jpg\",\"datePublished\":\"2024-05-23T21:21:56+00:00\",\"dateModified\":\"2024-08-02T17:30:14+00:00\",\"breadcrumb\":{\"@id\":\"https:\/\/www.blupools.com\/co\/producto\/calentador-hayward-de-400000-btu-a-gnv\/#breadcrumb\"},\"inLanguage\":\"es\",\"potentialAction\":[{\"@type\":\"ReadAction\",\"target\":[\"https:\/\/www.blupools.com\/co\/producto\/calentador-hayward-de-400000-btu-a-gnv\/\"]}]},{\"@type\":\"ImageObject\",\"inLanguage\":\"es\",\"@id\":\"https:\/\/www.blupools.com\/co\/producto\/calentador-hayward-de-400000-btu-a-gnv\/#primaryimage\",\"url\":\"https:\/\/www.blupools.com\/co\/wp-content\/uploads\/2024\/05\/51rtaZAq0hL._AC_UF8941000_QL80_.jpg\",\"contentUrl\":\"https:\/\/www.blupools.com\/co\/wp-content\/uploads\/2024\/05\/51rtaZAq0hL._AC_UF8941000_QL80_.jpg\",\"width\":894,\"height\":594},{\"@type\":\"BreadcrumbList\",\"@id\":\"https:\/\/www.blupools.com\/co\/producto\/calentador-hayward-de-400000-btu-a-gnv\/#breadcrumb\",\"itemListElement\":[{\"@type\":\"ListItem\",\"position\":1,\"name\":\"Portada\",\"item\":\"https:\/\/www.blupools.com\/co\/\"},{\"@type\":\"ListItem\",\"position\":2,\"name\":\"Tienda\",\"item\":\"https:\/\/www.blupools.com\/co\/tienda\/\"},{\"@type\":\"ListItem\",\"position\":3,\"name\":\"CALENTADOR DE 400,000 BTU A GNV HAYWARD\"}]},{\"@type\":\"WebSite\",\"@id\":\"https:\/\/www.blupools.com\/co\/#website\",\"url\":\"https:\/\/www.blupools.com\/co\/\",\"name\":\"Blupools Colombia\",\"description\":\"Equipos para Piscinas y Spa&#039;s\",\"publisher\":{\"@id\":\"https:\/\/www.blupools.com\/co\/#organization\"},\"potentialAction\":[{\"@type\":\"SearchAction\",\"target\":{\"@type\":\"EntryPoint\",\"urlTemplate\":\"https:\/\/www.blupools.com\/co\/?s={search_term_string}\"},\"query-input\":\"required name=search_term_string\"}],\"inLanguage\":\"es\"},{\"@type\":\"Organization\",\"@id\":\"https:\/\/www.blupools.com\/co\/#organization\",\"name\":\"Blupools Colombia\",\"url\":\"https:\/\/www.blupools.com\/co\/\",\"logo\":{\"@type\":\"ImageObject\",\"inLanguage\":\"es\",\"@id\":\"https:\/\/www.blupools.com\/co\/#\/schema\/logo\/image\/\",\"url\":\"https:\/\/www.blupools.com\/co\/wp-content\/uploads\/2024\/06\/Logo_BP_Col.png\",\"contentUrl\":\"https:\/\/www.blupools.com\/co\/wp-content\/uploads\/2024\/06\/Logo_BP_Col.png\",\"width\":5000,\"height\":5000,\"caption\":\"Blupools Colombia\"},\"image\":{\"@id\":\"https:\/\/www.blupools.com\/co\/#\/schema\/logo\/image\/\"}}]}<\/script>\n<!-- \/ Yoast SEO plugin. -->","yoast_head_json":{"title":"CALENTADOR DE 400,000 BTU A GNV HAYWARD - Blupools","robots":{"index":"index","follow":"follow","max-snippet":"max-snippet:-1","max-image-preview":"max-image-preview:large","max-video-preview":"max-video-preview:-1"},"canonical":"https:\/\/www.blupools.com\/co\/producto\/calentador-hayward-de-400000-btu-a-gnv\/","og_locale":"es_ES","og_type":"article","og_title":"CALENTADOR DE 400,000 BTU A GNV HAYWARD - Blupools","og_description":"COD: H400FDN  El calentador m\u00e1s peque\u00f1o de la industria permite reemplazar casi cualquier calentador en una plataforma existente con la confiabilidad eficiente del nuevo calentador con tecnolog\u00eda de combustible dual Universal HC Series de Hayward. Dise\u00f1ado para adaptarse sin esfuerzo a los adaptadores de plomer\u00eda de Hayward, cada detalle se ha dise\u00f1ado cuidadosamente teniendo en cuenta la capacidad de f\u00e1cil instalaci\u00f3n: su tecnolog\u00eda de combustible dual, su plomer\u00eda adaptable, su dise\u00f1o sin espacio libre para la pared y m\u00e1s. Y todo ello se suma a un calentador duradero y ultrapotente con el tama\u00f1o m\u00e1s peque\u00f1o de la industria.  Caracter\u00edsticas y beneficios:  Dise\u00f1o compacto: el calentador m\u00e1s peque\u00f1o de la industria y su dise\u00f1o liviano facilitan la instalaci\u00f3n en cualquier entorno. Orificio de mezcla de f\u00e1cil extracci\u00f3n: permite una f\u00e1cil conversi\u00f3n en el campo entre gas natural y propano. Intercambiador de calor de cupro n\u00edquel: Protege contra la corrosi\u00f3n del agua y el desgaste natural V\u00e1lvula de derivaci\u00f3n de mariposa patentada: permite caudales de hasta 125 GPM sin accesorios adicionales Adaptadores de plomer\u00eda exclusivos: permiten un reemplazo simple sin necesidad de cortar la tuber\u00eda Espacio libre de pared cero: encaja perfectamente en plataformas m\u00e1s peque\u00f1as y espacios reducidos Parte superior reversible de acceso r\u00e1pido: cambia f\u00e1cilmente la plomer\u00eda de derecha a izquierda mientras brinda acceso al cierre de gas, selecci\u00f3n de voltaje y m\u00e1s, todo a trav\u00e9s de un solo sujetador Bajas emisiones de NOx: cumpla con los est\u00e1ndares de calidad del aire limpio y al mismo tiempo proporcione un rendimiento de calefacci\u00f3n superior","og_url":"https:\/\/www.blupools.com\/co\/producto\/calentador-hayward-de-400000-btu-a-gnv\/","og_site_name":"Blupools","article_modified_time":"2024-08-02T17:30:14+00:00","og_image":[{"width":894,"height":594,"url":"https:\/\/www.blupools.com\/co\/wp-content\/uploads\/2024\/05\/51rtaZAq0hL._AC_UF8941000_QL80_.jpg","type":"image\/jpeg"}],"twitter_card":"summary_large_image","twitter_misc":{"Tiempo de lectura":"1 minuto"},"schema":{"@context":"https:\/\/schema.org","@graph":[{"@type":"WebPage","@id":"https:\/\/www.blupools.com\/co\/producto\/calentador-hayward-de-400000-btu-a-gnv\/","url":"https:\/\/www.blupools.com\/co\/producto\/calentador-hayward-de-400000-btu-a-gnv\/","name":"CALENTADOR DE 400,000 BTU A GNV HAYWARD - Blupools","isPartOf":{"@id":"https:\/\/www.blupools.com\/co\/#website"},"primaryImageOfPage":{"@id":"https:\/\/www.blupools.com\/co\/producto\/calentador-hayward-de-400000-btu-a-gnv\/#primaryimage"},"image":{"@id":"https:\/\/www.blupools.com\/co\/producto\/calentador-hayward-de-400000-btu-a-gnv\/#primaryimage"},"thumbnailUrl":"https:\/\/www.blupools.com\/co\/wp-content\/uploads\/2024\/05\/51rtaZAq0hL._AC_UF8941000_QL80_.jpg","datePublished":"2024-05-23T21:21:56+00:00","dateModified":"2024-08-02T17:30:14+00:00","breadcrumb":{"@id":"https:\/\/www.blupools.com\/co\/producto\/calentador-hayward-de-400000-btu-a-gnv\/#breadcrumb"},"inLanguage":"es","potentialAction":[{"@type":"ReadAction","target":["https:\/\/www.blupools.com\/co\/producto\/calentador-hayward-de-400000-btu-a-gnv\/"]}]},{"@type":"ImageObject","inLanguage":"es","@id":"https:\/\/www.blupools.com\/co\/producto\/calentador-hayward-de-400000-btu-a-gnv\/#primaryimage","url":"https:\/\/www.blupools.com\/co\/wp-content\/uploads\/2024\/05\/51rtaZAq0hL._AC_UF8941000_QL80_.jpg","contentUrl":"https:\/\/www.blupools.com\/co\/wp-content\/uploads\/2024\/05\/51rtaZAq0hL._AC_UF8941000_QL80_.jpg","width":894,"height":594},{"@type":"BreadcrumbList","@id":"https:\/\/www.blupools.com\/co\/producto\/calentador-hayward-de-400000-btu-a-gnv\/#breadcrumb","itemListElement":[{"@type":"ListItem","position":1,"name":"Portada","item":"https:\/\/www.blupools.com\/co\/"},{"@type":"ListItem","position":2,"name":"Tienda","item":"https:\/\/www.blupools.com\/co\/tienda\/"},{"@type":"ListItem","position":3,"name":"CALENTADOR DE 400,000 BTU A GNV HAYWARD"}]},{"@type":"WebSite","@id":"https:\/\/www.blupools.com\/co\/#website","url":"https:\/\/www.blupools.com\/co\/","name":"Blupools Colombia","description":"Equipos para Piscinas y Spa&#039;s","publisher":{"@id":"https:\/\/www.blupools.com\/co\/#organization"},"potentialAction":[{"@type":"SearchAction","target":{"@type":"EntryPoint","urlTemplate":"https:\/\/www.blupools.com\/co\/?s={search_term_string}"},"query-input":"required name=search_term_string"}],"inLanguage":"es"},{"@type":"Organization","@id":"https:\/\/www.blupools.com\/co\/#organization","name":"Blupools Colombia","url":"https:\/\/www.blupools.com\/co\/","logo":{"@type":"ImageObject","inLanguage":"es","@id":"https:\/\/www.blupools.com\/co\/#\/schema\/logo\/image\/","url":"https:\/\/www.blupools.com\/co\/wp-content\/uploads\/2024\/06\/Logo_BP_Col.png","contentUrl":"https:\/\/www.blupools.com\/co\/wp-content\/uploads\/2024\/06\/Logo_BP_Col.png","width":5000,"height":5000,"caption":"Blupools Colombia"},"image":{"@id":"https:\/\/www.blupools.com\/co\/#\/schema\/logo\/image\/"}}]}},"_links":{"self":[{"href":"https:\/\/www.blupools.com\/co\/wp-json\/wp\/v2\/product\/18444","targetHints":{"allow":["GET"]}}],"collection":[{"href":"https:\/\/www.blupools.com\/co\/wp-json\/wp\/v2\/product"}],"about":[{"href":"https:\/\/www.blupools.com\/co\/wp-json\/wp\/v2\/types\/product"}],"replies":[{"embeddable":true,"href":"https:\/\/www.blupools.com\/co\/wp-json\/wp\/v2\/comments?post=18444"}],"wp:featuredmedia":[{"embeddable":true,"href":"https:\/\/www.blupools.com\/co\/wp-json\/wp\/v2\/media\/19157"}],"wp:attachment":[{"href":"https:\/\/www.blupools.com\/co\/wp-json\/wp\/v2\/media?parent=18444"}],"wp:term":[{"taxonomy":"product_cat","embeddable":true,"href":"https:\/\/www.blupools.com\/co\/wp-json\/wp\/v2\/product_cat?post=18444"},{"taxonomy":"product_tag","embeddable":true,"href":"https:\/\/www.blupools.com\/co\/wp-json\/wp\/v2\/product_tag?post=18444"}],"curies":[{"name":"wp","href":"https:\/\/api.w.org\/{rel}","templated":true}]}}