{"id":18446,"date":"2024-05-23T16:21:57","date_gmt":"2024-05-23T21:21:57","guid":{"rendered":"https:\/\/www.blupools.com\/co\/producto\/calentador-hayward-de-500000-btu-a-gnv\/"},"modified":"2024-08-11T22:01:33","modified_gmt":"2024-08-12T03:01:33","slug":"calentador-hayward-de-500000-btu-a-gnv","status":"publish","type":"product","link":"https:\/\/www.blupools.com\/co\/producto\/calentador-hayward-de-500000-btu-a-gnv\/","title":{"rendered":"CALENTADOR DE 500,000 BTU A GNV HAYWARD"},"content":{"rendered":"","protected":false},"excerpt":{"rendered":"<p>COD: H500FDN<\/p>\n<p>El calentador de gas Hayward H500FDN Universal H-Series Low NOx \u2013 Gas Natural tiene una capacidad de calentamiento de hasta 500,000 BTU\/hora, lo que lo hace adecuado para piscinas y spas de tama\u00f1o mediano a grande. Este modelo cuenta con una tecnolog\u00eda de encendido electr\u00f3nico y un termostato digital que permite ajustar la temperatura con precisi\u00f3n. Adem\u00e1s, el H500FDN cuenta con una carcasa resistente a la corrosi\u00f3n y a la intemperie, lo que lo hace ideal para uso en exteriores.<\/p>\n","protected":false},"featured_media":18726,"comment_status":"open","ping_status":"closed","template":"","meta":[],"product_cat":[58],"product_tag":[48],"class_list":{"0":"post-18446","1":"product","2":"type-product","3":"status-publish","4":"has-post-thumbnail","6":"product_cat-calentadores","7":"product_tag-hayward","9":"first","10":"instock","11":"shipping-taxable","12":"product-type-simple"},"yoast_head":"<!-- This site is optimized with the Yoast SEO plugin v22.8 - https:\/\/yoast.com\/wordpress\/plugins\/seo\/ -->\n<title>CALENTADOR DE 500,000 BTU A GNV HAYWARD - Blupools<\/title>\n<meta name=\"robots\" content=\"index, follow, max-snippet:-1, max-image-preview:large, max-video-preview:-1\" \/>\n<link rel=\"canonical\" href=\"https:\/\/www.blupools.com\/co\/producto\/calentador-hayward-de-500000-btu-a-gnv\/\" \/>\n<meta property=\"og:locale\" content=\"es_ES\" \/>\n<meta property=\"og:type\" content=\"article\" \/>\n<meta property=\"og:title\" content=\"CALENTADOR DE 500,000 BTU A GNV HAYWARD - Blupools\" \/>\n<meta property=\"og:description\" content=\"COD: H500FDN  El calentador de gas Hayward H500FDN Universal H-Series Low NOx \u2013 Gas Natural tiene una capacidad de calentamiento de hasta 500,000 BTU\/hora, lo que lo hace adecuado para piscinas y spas de tama\u00f1o mediano a grande. Este modelo cuenta con una tecnolog\u00eda de encendido electr\u00f3nico y un termostato digital que permite ajustar la temperatura con precisi\u00f3n. Adem\u00e1s, el H500FDN cuenta con una carcasa resistente a la corrosi\u00f3n y a la intemperie, lo que lo hace ideal para uso en exteriores.\" \/>\n<meta property=\"og:url\" content=\"https:\/\/www.blupools.com\/co\/producto\/calentador-hayward-de-500000-btu-a-gnv\/\" \/>\n<meta property=\"og:site_name\" content=\"Blupools\" \/>\n<meta property=\"article:modified_time\" content=\"2024-08-12T03:01:33+00:00\" \/>\n<meta property=\"og:image\" content=\"https:\/\/www.blupools.com\/co\/wp-content\/uploads\/2024\/05\/WhatsApp-Image-2024-06-27-at-9.23.48-AM.jpeg\" \/>\n\t<meta property=\"og:image:width\" content=\"651\" \/>\n\t<meta property=\"og:image:height\" content=\"431\" \/>\n\t<meta property=\"og:image:type\" content=\"image\/jpeg\" \/>\n<meta name=\"twitter:card\" content=\"summary_large_image\" \/>\n<meta name=\"twitter:label1\" content=\"Tiempo de lectura\" \/>\n\t<meta name=\"twitter:data1\" content=\"1 minuto\" \/>\n<script type=\"application\/ld+json\" class=\"yoast-schema-graph\">{\"@context\":\"https:\/\/schema.org\",\"@graph\":[{\"@type\":\"WebPage\",\"@id\":\"https:\/\/www.blupools.com\/co\/producto\/calentador-hayward-de-500000-btu-a-gnv\/\",\"url\":\"https:\/\/www.blupools.com\/co\/producto\/calentador-hayward-de-500000-btu-a-gnv\/\",\"name\":\"CALENTADOR DE 500,000 BTU A GNV HAYWARD - Blupools\",\"isPartOf\":{\"@id\":\"https:\/\/www.blupools.com\/co\/#website\"},\"primaryImageOfPage\":{\"@id\":\"https:\/\/www.blupools.com\/co\/producto\/calentador-hayward-de-500000-btu-a-gnv\/#primaryimage\"},\"image\":{\"@id\":\"https:\/\/www.blupools.com\/co\/producto\/calentador-hayward-de-500000-btu-a-gnv\/#primaryimage\"},\"thumbnailUrl\":\"https:\/\/www.blupools.com\/co\/wp-content\/uploads\/2024\/05\/WhatsApp-Image-2024-06-27-at-9.23.48-AM.jpeg\",\"datePublished\":\"2024-05-23T21:21:57+00:00\",\"dateModified\":\"2024-08-12T03:01:33+00:00\",\"breadcrumb\":{\"@id\":\"https:\/\/www.blupools.com\/co\/producto\/calentador-hayward-de-500000-btu-a-gnv\/#breadcrumb\"},\"inLanguage\":\"es\",\"potentialAction\":[{\"@type\":\"ReadAction\",\"target\":[\"https:\/\/www.blupools.com\/co\/producto\/calentador-hayward-de-500000-btu-a-gnv\/\"]}]},{\"@type\":\"ImageObject\",\"inLanguage\":\"es\",\"@id\":\"https:\/\/www.blupools.com\/co\/producto\/calentador-hayward-de-500000-btu-a-gnv\/#primaryimage\",\"url\":\"https:\/\/www.blupools.com\/co\/wp-content\/uploads\/2024\/05\/WhatsApp-Image-2024-06-27-at-9.23.48-AM.jpeg\",\"contentUrl\":\"https:\/\/www.blupools.com\/co\/wp-content\/uploads\/2024\/05\/WhatsApp-Image-2024-06-27-at-9.23.48-AM.jpeg\",\"width\":651,\"height\":431},{\"@type\":\"BreadcrumbList\",\"@id\":\"https:\/\/www.blupools.com\/co\/producto\/calentador-hayward-de-500000-btu-a-gnv\/#breadcrumb\",\"itemListElement\":[{\"@type\":\"ListItem\",\"position\":1,\"name\":\"Portada\",\"item\":\"https:\/\/www.blupools.com\/co\/\"},{\"@type\":\"ListItem\",\"position\":2,\"name\":\"Tienda\",\"item\":\"https:\/\/www.blupools.com\/co\/tienda\/\"},{\"@type\":\"ListItem\",\"position\":3,\"name\":\"CALENTADOR DE 500,000 BTU A GNV HAYWARD\"}]},{\"@type\":\"WebSite\",\"@id\":\"https:\/\/www.blupools.com\/co\/#website\",\"url\":\"https:\/\/www.blupools.com\/co\/\",\"name\":\"Blupools Colombia\",\"description\":\"Equipos para Piscinas y Spa&#039;s\",\"publisher\":{\"@id\":\"https:\/\/www.blupools.com\/co\/#organization\"},\"potentialAction\":[{\"@type\":\"SearchAction\",\"target\":{\"@type\":\"EntryPoint\",\"urlTemplate\":\"https:\/\/www.blupools.com\/co\/?s={search_term_string}\"},\"query-input\":\"required name=search_term_string\"}],\"inLanguage\":\"es\"},{\"@type\":\"Organization\",\"@id\":\"https:\/\/www.blupools.com\/co\/#organization\",\"name\":\"Blupools Colombia\",\"url\":\"https:\/\/www.blupools.com\/co\/\",\"logo\":{\"@type\":\"ImageObject\",\"inLanguage\":\"es\",\"@id\":\"https:\/\/www.blupools.com\/co\/#\/schema\/logo\/image\/\",\"url\":\"https:\/\/www.blupools.com\/co\/wp-content\/uploads\/2024\/06\/Logo_BP_Col.png\",\"contentUrl\":\"https:\/\/www.blupools.com\/co\/wp-content\/uploads\/2024\/06\/Logo_BP_Col.png\",\"width\":5000,\"height\":5000,\"caption\":\"Blupools Colombia\"},\"image\":{\"@id\":\"https:\/\/www.blupools.com\/co\/#\/schema\/logo\/image\/\"}}]}<\/script>\n<!-- \/ Yoast SEO plugin. -->","yoast_head_json":{"title":"CALENTADOR DE 500,000 BTU A GNV HAYWARD - Blupools","robots":{"index":"index","follow":"follow","max-snippet":"max-snippet:-1","max-image-preview":"max-image-preview:large","max-video-preview":"max-video-preview:-1"},"canonical":"https:\/\/www.blupools.com\/co\/producto\/calentador-hayward-de-500000-btu-a-gnv\/","og_locale":"es_ES","og_type":"article","og_title":"CALENTADOR DE 500,000 BTU A GNV HAYWARD - Blupools","og_description":"COD: H500FDN  El calentador de gas Hayward H500FDN Universal H-Series Low NOx \u2013 Gas Natural tiene una capacidad de calentamiento de hasta 500,000 BTU\/hora, lo que lo hace adecuado para piscinas y spas de tama\u00f1o mediano a grande. Este modelo cuenta con una tecnolog\u00eda de encendido electr\u00f3nico y un termostato digital que permite ajustar la temperatura con precisi\u00f3n. Adem\u00e1s, el H500FDN cuenta con una carcasa resistente a la corrosi\u00f3n y a la intemperie, lo que lo hace ideal para uso en exteriores.","og_url":"https:\/\/www.blupools.com\/co\/producto\/calentador-hayward-de-500000-btu-a-gnv\/","og_site_name":"Blupools","article_modified_time":"2024-08-12T03:01:33+00:00","og_image":[{"width":651,"height":431,"url":"https:\/\/www.blupools.com\/co\/wp-content\/uploads\/2024\/05\/WhatsApp-Image-2024-06-27-at-9.23.48-AM.jpeg","type":"image\/jpeg"}],"twitter_card":"summary_large_image","twitter_misc":{"Tiempo de lectura":"1 minuto"},"schema":{"@context":"https:\/\/schema.org","@graph":[{"@type":"WebPage","@id":"https:\/\/www.blupools.com\/co\/producto\/calentador-hayward-de-500000-btu-a-gnv\/","url":"https:\/\/www.blupools.com\/co\/producto\/calentador-hayward-de-500000-btu-a-gnv\/","name":"CALENTADOR DE 500,000 BTU A GNV HAYWARD - Blupools","isPartOf":{"@id":"https:\/\/www.blupools.com\/co\/#website"},"primaryImageOfPage":{"@id":"https:\/\/www.blupools.com\/co\/producto\/calentador-hayward-de-500000-btu-a-gnv\/#primaryimage"},"image":{"@id":"https:\/\/www.blupools.com\/co\/producto\/calentador-hayward-de-500000-btu-a-gnv\/#primaryimage"},"thumbnailUrl":"https:\/\/www.blupools.com\/co\/wp-content\/uploads\/2024\/05\/WhatsApp-Image-2024-06-27-at-9.23.48-AM.jpeg","datePublished":"2024-05-23T21:21:57+00:00","dateModified":"2024-08-12T03:01:33+00:00","breadcrumb":{"@id":"https:\/\/www.blupools.com\/co\/producto\/calentador-hayward-de-500000-btu-a-gnv\/#breadcrumb"},"inLanguage":"es","potentialAction":[{"@type":"ReadAction","target":["https:\/\/www.blupools.com\/co\/producto\/calentador-hayward-de-500000-btu-a-gnv\/"]}]},{"@type":"ImageObject","inLanguage":"es","@id":"https:\/\/www.blupools.com\/co\/producto\/calentador-hayward-de-500000-btu-a-gnv\/#primaryimage","url":"https:\/\/www.blupools.com\/co\/wp-content\/uploads\/2024\/05\/WhatsApp-Image-2024-06-27-at-9.23.48-AM.jpeg","contentUrl":"https:\/\/www.blupools.com\/co\/wp-content\/uploads\/2024\/05\/WhatsApp-Image-2024-06-27-at-9.23.48-AM.jpeg","width":651,"height":431},{"@type":"BreadcrumbList","@id":"https:\/\/www.blupools.com\/co\/producto\/calentador-hayward-de-500000-btu-a-gnv\/#breadcrumb","itemListElement":[{"@type":"ListItem","position":1,"name":"Portada","item":"https:\/\/www.blupools.com\/co\/"},{"@type":"ListItem","position":2,"name":"Tienda","item":"https:\/\/www.blupools.com\/co\/tienda\/"},{"@type":"ListItem","position":3,"name":"CALENTADOR DE 500,000 BTU A GNV HAYWARD"}]},{"@type":"WebSite","@id":"https:\/\/www.blupools.com\/co\/#website","url":"https:\/\/www.blupools.com\/co\/","name":"Blupools Colombia","description":"Equipos para Piscinas y Spa&#039;s","publisher":{"@id":"https:\/\/www.blupools.com\/co\/#organization"},"potentialAction":[{"@type":"SearchAction","target":{"@type":"EntryPoint","urlTemplate":"https:\/\/www.blupools.com\/co\/?s={search_term_string}"},"query-input":"required name=search_term_string"}],"inLanguage":"es"},{"@type":"Organization","@id":"https:\/\/www.blupools.com\/co\/#organization","name":"Blupools Colombia","url":"https:\/\/www.blupools.com\/co\/","logo":{"@type":"ImageObject","inLanguage":"es","@id":"https:\/\/www.blupools.com\/co\/#\/schema\/logo\/image\/","url":"https:\/\/www.blupools.com\/co\/wp-content\/uploads\/2024\/06\/Logo_BP_Col.png","contentUrl":"https:\/\/www.blupools.com\/co\/wp-content\/uploads\/2024\/06\/Logo_BP_Col.png","width":5000,"height":5000,"caption":"Blupools Colombia"},"image":{"@id":"https:\/\/www.blupools.com\/co\/#\/schema\/logo\/image\/"}}]}},"_links":{"self":[{"href":"https:\/\/www.blupools.com\/co\/wp-json\/wp\/v2\/product\/18446","targetHints":{"allow":["GET"]}}],"collection":[{"href":"https:\/\/www.blupools.com\/co\/wp-json\/wp\/v2\/product"}],"about":[{"href":"https:\/\/www.blupools.com\/co\/wp-json\/wp\/v2\/types\/product"}],"replies":[{"embeddable":true,"href":"https:\/\/www.blupools.com\/co\/wp-json\/wp\/v2\/comments?post=18446"}],"wp:featuredmedia":[{"embeddable":true,"href":"https:\/\/www.blupools.com\/co\/wp-json\/wp\/v2\/media\/18726"}],"wp:attachment":[{"href":"https:\/\/www.blupools.com\/co\/wp-json\/wp\/v2\/media?parent=18446"}],"wp:term":[{"taxonomy":"product_cat","embeddable":true,"href":"https:\/\/www.blupools.com\/co\/wp-json\/wp\/v2\/product_cat?post=18446"},{"taxonomy":"product_tag","embeddable":true,"href":"https:\/\/www.blupools.com\/co\/wp-json\/wp\/v2\/product_tag?post=18446"}],"curies":[{"name":"wp","href":"https:\/\/api.w.org\/{rel}","templated":true}]}}