{"id":18448,"date":"2024-05-23T16:21:58","date_gmt":"2024-05-23T21:21:58","guid":{"rendered":"https:\/\/www.blupools.com\/co\/producto\/bicel-o-marco-de-panel-de-control-de-calentador\/"},"modified":"2024-08-13T10:41:54","modified_gmt":"2024-08-13T15:41:54","slug":"bicel-o-marco-de-panel-de-control-de-calentador","status":"publish","type":"product","link":"https:\/\/www.blupools.com\/co\/producto\/bicel-o-marco-de-panel-de-control-de-calentador\/","title":{"rendered":"BICEL O MARCO DE PANEL DE CONTROL DE CALENTADOR HAYWARD"},"content":{"rendered":"","protected":false},"excerpt":{"rendered":"<p>COD: FDXLBKP1930<\/p>\n<p>Uni\u00f3n com\u00fan para instalaci\u00f3n o servicio, se adapta a fontaner\u00eda m\u00e1s grande recomendada para mayores eficiencias<\/p>\n","protected":false},"featured_media":18821,"comment_status":"open","ping_status":"closed","template":"","meta":[],"product_cat":[58],"product_tag":[48],"class_list":{"0":"post-18448","1":"product","2":"type-product","3":"status-publish","4":"has-post-thumbnail","6":"product_cat-calentadores","7":"product_tag-hayward","9":"first","10":"instock","11":"shipping-taxable","12":"product-type-simple"},"yoast_head":"<!-- This site is optimized with the Yoast SEO plugin v22.8 - https:\/\/yoast.com\/wordpress\/plugins\/seo\/ -->\n<title>BICEL O MARCO DE PANEL DE CONTROL DE CALENTADOR HAYWARD - Blupools<\/title>\n<meta name=\"robots\" content=\"index, follow, max-snippet:-1, max-image-preview:large, max-video-preview:-1\" \/>\n<link rel=\"canonical\" href=\"https:\/\/www.blupools.com\/co\/producto\/bicel-o-marco-de-panel-de-control-de-calentador\/\" \/>\n<meta property=\"og:locale\" content=\"es_ES\" \/>\n<meta property=\"og:type\" content=\"article\" \/>\n<meta property=\"og:title\" content=\"BICEL O MARCO DE PANEL DE CONTROL DE CALENTADOR HAYWARD - Blupools\" \/>\n<meta property=\"og:description\" content=\"COD: FDXLBKP1930  Uni\u00f3n com\u00fan para instalaci\u00f3n o servicio, se adapta a fontaner\u00eda m\u00e1s grande recomendada para mayores eficiencias\" \/>\n<meta property=\"og:url\" content=\"https:\/\/www.blupools.com\/co\/producto\/bicel-o-marco-de-panel-de-control-de-calentador\/\" \/>\n<meta property=\"og:site_name\" content=\"Blupools\" \/>\n<meta property=\"article:modified_time\" content=\"2024-08-13T15:41:54+00:00\" \/>\n<meta property=\"og:image\" content=\"https:\/\/www.blupools.com\/co\/wp-content\/uploads\/2024\/05\/815jOlhQC8L._AC_UF8941000_QL80_.jpg\" \/>\n\t<meta property=\"og:image:width\" content=\"894\" \/>\n\t<meta property=\"og:image:height\" content=\"383\" \/>\n\t<meta property=\"og:image:type\" content=\"image\/jpeg\" \/>\n<meta name=\"twitter:card\" content=\"summary_large_image\" \/>\n<meta name=\"twitter:label1\" content=\"Tiempo de lectura\" \/>\n\t<meta name=\"twitter:data1\" content=\"1 minuto\" \/>\n<script type=\"application\/ld+json\" class=\"yoast-schema-graph\">{\"@context\":\"https:\/\/schema.org\",\"@graph\":[{\"@type\":\"WebPage\",\"@id\":\"https:\/\/www.blupools.com\/co\/producto\/bicel-o-marco-de-panel-de-control-de-calentador\/\",\"url\":\"https:\/\/www.blupools.com\/co\/producto\/bicel-o-marco-de-panel-de-control-de-calentador\/\",\"name\":\"BICEL O MARCO DE PANEL DE CONTROL DE CALENTADOR HAYWARD - Blupools\",\"isPartOf\":{\"@id\":\"https:\/\/www.blupools.com\/co\/#website\"},\"primaryImageOfPage\":{\"@id\":\"https:\/\/www.blupools.com\/co\/producto\/bicel-o-marco-de-panel-de-control-de-calentador\/#primaryimage\"},\"image\":{\"@id\":\"https:\/\/www.blupools.com\/co\/producto\/bicel-o-marco-de-panel-de-control-de-calentador\/#primaryimage\"},\"thumbnailUrl\":\"https:\/\/www.blupools.com\/co\/wp-content\/uploads\/2024\/05\/815jOlhQC8L._AC_UF8941000_QL80_.jpg\",\"datePublished\":\"2024-05-23T21:21:58+00:00\",\"dateModified\":\"2024-08-13T15:41:54+00:00\",\"breadcrumb\":{\"@id\":\"https:\/\/www.blupools.com\/co\/producto\/bicel-o-marco-de-panel-de-control-de-calentador\/#breadcrumb\"},\"inLanguage\":\"es\",\"potentialAction\":[{\"@type\":\"ReadAction\",\"target\":[\"https:\/\/www.blupools.com\/co\/producto\/bicel-o-marco-de-panel-de-control-de-calentador\/\"]}]},{\"@type\":\"ImageObject\",\"inLanguage\":\"es\",\"@id\":\"https:\/\/www.blupools.com\/co\/producto\/bicel-o-marco-de-panel-de-control-de-calentador\/#primaryimage\",\"url\":\"https:\/\/www.blupools.com\/co\/wp-content\/uploads\/2024\/05\/815jOlhQC8L._AC_UF8941000_QL80_.jpg\",\"contentUrl\":\"https:\/\/www.blupools.com\/co\/wp-content\/uploads\/2024\/05\/815jOlhQC8L._AC_UF8941000_QL80_.jpg\",\"width\":894,\"height\":383},{\"@type\":\"BreadcrumbList\",\"@id\":\"https:\/\/www.blupools.com\/co\/producto\/bicel-o-marco-de-panel-de-control-de-calentador\/#breadcrumb\",\"itemListElement\":[{\"@type\":\"ListItem\",\"position\":1,\"name\":\"Portada\",\"item\":\"https:\/\/www.blupools.com\/co\/\"},{\"@type\":\"ListItem\",\"position\":2,\"name\":\"Tienda\",\"item\":\"https:\/\/www.blupools.com\/co\/tienda\/\"},{\"@type\":\"ListItem\",\"position\":3,\"name\":\"BICEL O MARCO DE PANEL DE CONTROL DE CALENTADOR HAYWARD\"}]},{\"@type\":\"WebSite\",\"@id\":\"https:\/\/www.blupools.com\/co\/#website\",\"url\":\"https:\/\/www.blupools.com\/co\/\",\"name\":\"Blupools Colombia\",\"description\":\"Equipos para Piscinas y Spa&#039;s\",\"publisher\":{\"@id\":\"https:\/\/www.blupools.com\/co\/#organization\"},\"potentialAction\":[{\"@type\":\"SearchAction\",\"target\":{\"@type\":\"EntryPoint\",\"urlTemplate\":\"https:\/\/www.blupools.com\/co\/?s={search_term_string}\"},\"query-input\":\"required name=search_term_string\"}],\"inLanguage\":\"es\"},{\"@type\":\"Organization\",\"@id\":\"https:\/\/www.blupools.com\/co\/#organization\",\"name\":\"Blupools Colombia\",\"url\":\"https:\/\/www.blupools.com\/co\/\",\"logo\":{\"@type\":\"ImageObject\",\"inLanguage\":\"es\",\"@id\":\"https:\/\/www.blupools.com\/co\/#\/schema\/logo\/image\/\",\"url\":\"https:\/\/www.blupools.com\/co\/wp-content\/uploads\/2024\/06\/Logo_BP_Col.png\",\"contentUrl\":\"https:\/\/www.blupools.com\/co\/wp-content\/uploads\/2024\/06\/Logo_BP_Col.png\",\"width\":5000,\"height\":5000,\"caption\":\"Blupools Colombia\"},\"image\":{\"@id\":\"https:\/\/www.blupools.com\/co\/#\/schema\/logo\/image\/\"}}]}<\/script>\n<!-- \/ Yoast SEO plugin. -->","yoast_head_json":{"title":"BICEL O MARCO DE PANEL DE CONTROL DE CALENTADOR HAYWARD - Blupools","robots":{"index":"index","follow":"follow","max-snippet":"max-snippet:-1","max-image-preview":"max-image-preview:large","max-video-preview":"max-video-preview:-1"},"canonical":"https:\/\/www.blupools.com\/co\/producto\/bicel-o-marco-de-panel-de-control-de-calentador\/","og_locale":"es_ES","og_type":"article","og_title":"BICEL O MARCO DE PANEL DE CONTROL DE CALENTADOR HAYWARD - Blupools","og_description":"COD: FDXLBKP1930  Uni\u00f3n com\u00fan para instalaci\u00f3n o servicio, se adapta a fontaner\u00eda m\u00e1s grande recomendada para mayores eficiencias","og_url":"https:\/\/www.blupools.com\/co\/producto\/bicel-o-marco-de-panel-de-control-de-calentador\/","og_site_name":"Blupools","article_modified_time":"2024-08-13T15:41:54+00:00","og_image":[{"width":894,"height":383,"url":"https:\/\/www.blupools.com\/co\/wp-content\/uploads\/2024\/05\/815jOlhQC8L._AC_UF8941000_QL80_.jpg","type":"image\/jpeg"}],"twitter_card":"summary_large_image","twitter_misc":{"Tiempo de lectura":"1 minuto"},"schema":{"@context":"https:\/\/schema.org","@graph":[{"@type":"WebPage","@id":"https:\/\/www.blupools.com\/co\/producto\/bicel-o-marco-de-panel-de-control-de-calentador\/","url":"https:\/\/www.blupools.com\/co\/producto\/bicel-o-marco-de-panel-de-control-de-calentador\/","name":"BICEL O MARCO DE PANEL DE CONTROL DE CALENTADOR HAYWARD - Blupools","isPartOf":{"@id":"https:\/\/www.blupools.com\/co\/#website"},"primaryImageOfPage":{"@id":"https:\/\/www.blupools.com\/co\/producto\/bicel-o-marco-de-panel-de-control-de-calentador\/#primaryimage"},"image":{"@id":"https:\/\/www.blupools.com\/co\/producto\/bicel-o-marco-de-panel-de-control-de-calentador\/#primaryimage"},"thumbnailUrl":"https:\/\/www.blupools.com\/co\/wp-content\/uploads\/2024\/05\/815jOlhQC8L._AC_UF8941000_QL80_.jpg","datePublished":"2024-05-23T21:21:58+00:00","dateModified":"2024-08-13T15:41:54+00:00","breadcrumb":{"@id":"https:\/\/www.blupools.com\/co\/producto\/bicel-o-marco-de-panel-de-control-de-calentador\/#breadcrumb"},"inLanguage":"es","potentialAction":[{"@type":"ReadAction","target":["https:\/\/www.blupools.com\/co\/producto\/bicel-o-marco-de-panel-de-control-de-calentador\/"]}]},{"@type":"ImageObject","inLanguage":"es","@id":"https:\/\/www.blupools.com\/co\/producto\/bicel-o-marco-de-panel-de-control-de-calentador\/#primaryimage","url":"https:\/\/www.blupools.com\/co\/wp-content\/uploads\/2024\/05\/815jOlhQC8L._AC_UF8941000_QL80_.jpg","contentUrl":"https:\/\/www.blupools.com\/co\/wp-content\/uploads\/2024\/05\/815jOlhQC8L._AC_UF8941000_QL80_.jpg","width":894,"height":383},{"@type":"BreadcrumbList","@id":"https:\/\/www.blupools.com\/co\/producto\/bicel-o-marco-de-panel-de-control-de-calentador\/#breadcrumb","itemListElement":[{"@type":"ListItem","position":1,"name":"Portada","item":"https:\/\/www.blupools.com\/co\/"},{"@type":"ListItem","position":2,"name":"Tienda","item":"https:\/\/www.blupools.com\/co\/tienda\/"},{"@type":"ListItem","position":3,"name":"BICEL O MARCO DE PANEL DE CONTROL DE CALENTADOR HAYWARD"}]},{"@type":"WebSite","@id":"https:\/\/www.blupools.com\/co\/#website","url":"https:\/\/www.blupools.com\/co\/","name":"Blupools Colombia","description":"Equipos para Piscinas y Spa&#039;s","publisher":{"@id":"https:\/\/www.blupools.com\/co\/#organization"},"potentialAction":[{"@type":"SearchAction","target":{"@type":"EntryPoint","urlTemplate":"https:\/\/www.blupools.com\/co\/?s={search_term_string}"},"query-input":"required name=search_term_string"}],"inLanguage":"es"},{"@type":"Organization","@id":"https:\/\/www.blupools.com\/co\/#organization","name":"Blupools Colombia","url":"https:\/\/www.blupools.com\/co\/","logo":{"@type":"ImageObject","inLanguage":"es","@id":"https:\/\/www.blupools.com\/co\/#\/schema\/logo\/image\/","url":"https:\/\/www.blupools.com\/co\/wp-content\/uploads\/2024\/06\/Logo_BP_Col.png","contentUrl":"https:\/\/www.blupools.com\/co\/wp-content\/uploads\/2024\/06\/Logo_BP_Col.png","width":5000,"height":5000,"caption":"Blupools Colombia"},"image":{"@id":"https:\/\/www.blupools.com\/co\/#\/schema\/logo\/image\/"}}]}},"_links":{"self":[{"href":"https:\/\/www.blupools.com\/co\/wp-json\/wp\/v2\/product\/18448","targetHints":{"allow":["GET"]}}],"collection":[{"href":"https:\/\/www.blupools.com\/co\/wp-json\/wp\/v2\/product"}],"about":[{"href":"https:\/\/www.blupools.com\/co\/wp-json\/wp\/v2\/types\/product"}],"replies":[{"embeddable":true,"href":"https:\/\/www.blupools.com\/co\/wp-json\/wp\/v2\/comments?post=18448"}],"wp:featuredmedia":[{"embeddable":true,"href":"https:\/\/www.blupools.com\/co\/wp-json\/wp\/v2\/media\/18821"}],"wp:attachment":[{"href":"https:\/\/www.blupools.com\/co\/wp-json\/wp\/v2\/media?parent=18448"}],"wp:term":[{"taxonomy":"product_cat","embeddable":true,"href":"https:\/\/www.blupools.com\/co\/wp-json\/wp\/v2\/product_cat?post=18448"},{"taxonomy":"product_tag","embeddable":true,"href":"https:\/\/www.blupools.com\/co\/wp-json\/wp\/v2\/product_tag?post=18448"}],"curies":[{"name":"wp","href":"https:\/\/api.w.org\/{rel}","templated":true}]}}