{"id":18469,"date":"2024-05-23T16:21:59","date_gmt":"2024-05-23T21:21:59","guid":{"rendered":"https:\/\/www.blupools.com\/co\/producto\/bomba-velocidad-v-1-65hp-max-flo-vs500\/"},"modified":"2024-08-15T10:13:06","modified_gmt":"2024-08-15T15:13:06","slug":"bomba-velocidad-v-1-65hp-max-flo-vs500","status":"publish","type":"product","link":"https:\/\/www.blupools.com\/co\/producto\/bomba-velocidad-v-1-65hp-max-flo-vs500\/","title":{"rendered":"BOMBA VELOCIDAD V. 1.65HP MAX FLO VS500 HAYWARD"},"content":{"rendered":"","protected":false},"excerpt":{"rendered":"<p>La bomba de velocidad variable MaxFlo VS\u2122 500 con capacidad de doble voltaje integrada es la nueva integrante de la familia de bombas MaxFlo, que proporciona hasta un 80\u00a0% de ahorro energ\u00e9tico en comparaci\u00f3n con las bombas de una sola velocidad.<\/p>\n<p>MaxFlo VS\u2122 500 es una actualizaci\u00f3n sencilla lista para instalar que proporcionar\u00e1 a\u00f1os de rendimiento potente.<\/p>\n<ul>\n<li aria-level=\"1\">Factor de energ\u00eda ponderado (WEF) para 115 V = 10.7 y 230 V = 10.2. Cuanto m\u00e1s alto sea el WEF, m\u00e1s eficiente ser\u00e1 la bomba.<\/li>\n<li aria-level=\"1\">Controlador de motor de doble voltaje actualizado que mantiene una eficiencia de funcionalidad \u00f3ptima<\/li>\n<li aria-level=\"1\">El sello de bomba Viton de duraci\u00f3n prolongada proporciona mayor resistencia contra los desequilibrios qu\u00edmicos<\/li>\n<li aria-level=\"1\">El panel de control intuitivo puede girarse en cuatro direcciones sobre la bomba o quitarse y montarse en la pared<\/li>\n<li aria-level=\"1\">Im\u00e1n permanente supereficiente, motor totalmente cerrado con ventilador externo<\/li>\n<li aria-level=\"1\">Puede funcionar en modo aut\u00f3nomo o puede conectarse a cualquier sistema de automatizaci\u00f3n<\/li>\n<li aria-level=\"1\">Dise\u00f1ada para reemplazar a la mayor\u00eda de las bombas de cabezal mediano de hasta 1.65\u00a0hp totales<\/li>\n<li aria-level=\"1\">El panel de control intuitivo puede girarse en cuatro direcciones sobre la bomba o quitarse y montarse en la pared<\/li>\n<li aria-level=\"1\">Puede que sea elegible para descuentos energ\u00e9ticos locales en funci\u00f3n de su calificaci\u00f3n ENERGY STAR\u00ae<\/li>\n<\/ul>\n","protected":false},"featured_media":18578,"comment_status":"open","ping_status":"closed","template":"","meta":[],"product_cat":[40,54],"product_tag":[48],"class_list":{"0":"post-18469","1":"product","2":"type-product","3":"status-publish","4":"has-post-thumbnail","6":"product_cat-electro-bombas","7":"product_cat-automatizado","8":"product_tag-hayward","10":"first","11":"instock","12":"shipping-taxable","13":"product-type-simple"},"yoast_head":"<!-- This site is optimized with the Yoast SEO plugin v22.8 - https:\/\/yoast.com\/wordpress\/plugins\/seo\/ -->\n<title>BOMBA VELOCIDAD V. 1.65HP MAX FLO VS500 HAYWARD - Blupools<\/title>\n<meta name=\"robots\" content=\"index, follow, max-snippet:-1, max-image-preview:large, max-video-preview:-1\" \/>\n<link rel=\"canonical\" href=\"https:\/\/www.blupools.com\/co\/producto\/bomba-velocidad-v-1-65hp-max-flo-vs500\/\" \/>\n<meta property=\"og:locale\" content=\"es_ES\" \/>\n<meta property=\"og:type\" content=\"article\" \/>\n<meta property=\"og:title\" content=\"BOMBA VELOCIDAD V. 1.65HP MAX FLO VS500 HAYWARD - Blupools\" \/>\n<meta property=\"og:description\" content=\"La bomba de velocidad variable MaxFlo VS\u2122 500 con capacidad de doble voltaje integrada es la nueva integrante de la familia de bombas MaxFlo, que proporciona hasta un 80\u00a0% de ahorro energ\u00e9tico en comparaci\u00f3n con las bombas de una sola velocidad.  MaxFlo VS\u2122 500 es una actualizaci\u00f3n sencilla lista para instalar que proporcionar\u00e1 a\u00f1os de rendimiento potente.   Factor de energ\u00eda ponderado (WEF) para 115 V = 10.7 y 230 V = 10.2. Cuanto m\u00e1s alto sea el WEF, m\u00e1s eficiente ser\u00e1 la bomba.  Controlador de motor de doble voltaje actualizado que mantiene una eficiencia de funcionalidad \u00f3ptima  El sello de bomba Viton de duraci\u00f3n prolongada proporciona mayor resistencia contra los desequilibrios qu\u00edmicos  El panel de control intuitivo puede girarse en cuatro direcciones sobre la bomba o quitarse y montarse en la pared  Im\u00e1n permanente supereficiente, motor totalmente cerrado con ventilador externo  Puede funcionar en modo aut\u00f3nomo o puede conectarse a cualquier sistema de automatizaci\u00f3n  Dise\u00f1ada para reemplazar a la mayor\u00eda de las bombas de cabezal mediano de hasta 1.65\u00a0hp totales  El panel de control intuitivo puede girarse en cuatro direcciones sobre la bomba o quitarse y montarse en la pared  Puede que sea elegible para descuentos energ\u00e9ticos locales en funci\u00f3n de su calificaci\u00f3n ENERGY STAR\u00ae\" \/>\n<meta property=\"og:url\" content=\"https:\/\/www.blupools.com\/co\/producto\/bomba-velocidad-v-1-65hp-max-flo-vs500\/\" \/>\n<meta property=\"og:site_name\" content=\"Blupools\" \/>\n<meta property=\"article:modified_time\" content=\"2024-08-15T15:13:06+00:00\" \/>\n<meta property=\"og:image\" content=\"https:\/\/www.blupools.com\/co\/wp-content\/uploads\/2024\/05\/MaxFlo-VS500.png\" \/>\n\t<meta property=\"og:image:width\" content=\"1080\" \/>\n\t<meta property=\"og:image:height\" content=\"1080\" \/>\n\t<meta property=\"og:image:type\" content=\"image\/png\" \/>\n<meta name=\"twitter:card\" content=\"summary_large_image\" \/>\n<meta name=\"twitter:label1\" content=\"Tiempo de lectura\" \/>\n\t<meta name=\"twitter:data1\" content=\"1 minuto\" \/>\n<script type=\"application\/ld+json\" class=\"yoast-schema-graph\">{\"@context\":\"https:\/\/schema.org\",\"@graph\":[{\"@type\":\"WebPage\",\"@id\":\"https:\/\/www.blupools.com\/co\/producto\/bomba-velocidad-v-1-65hp-max-flo-vs500\/\",\"url\":\"https:\/\/www.blupools.com\/co\/producto\/bomba-velocidad-v-1-65hp-max-flo-vs500\/\",\"name\":\"BOMBA VELOCIDAD V. 1.65HP MAX FLO VS500 HAYWARD - Blupools\",\"isPartOf\":{\"@id\":\"https:\/\/www.blupools.com\/co\/#website\"},\"primaryImageOfPage\":{\"@id\":\"https:\/\/www.blupools.com\/co\/producto\/bomba-velocidad-v-1-65hp-max-flo-vs500\/#primaryimage\"},\"image\":{\"@id\":\"https:\/\/www.blupools.com\/co\/producto\/bomba-velocidad-v-1-65hp-max-flo-vs500\/#primaryimage\"},\"thumbnailUrl\":\"https:\/\/www.blupools.com\/co\/wp-content\/uploads\/2024\/05\/MaxFlo-VS500.png\",\"datePublished\":\"2024-05-23T21:21:59+00:00\",\"dateModified\":\"2024-08-15T15:13:06+00:00\",\"breadcrumb\":{\"@id\":\"https:\/\/www.blupools.com\/co\/producto\/bomba-velocidad-v-1-65hp-max-flo-vs500\/#breadcrumb\"},\"inLanguage\":\"es\",\"potentialAction\":[{\"@type\":\"ReadAction\",\"target\":[\"https:\/\/www.blupools.com\/co\/producto\/bomba-velocidad-v-1-65hp-max-flo-vs500\/\"]}]},{\"@type\":\"ImageObject\",\"inLanguage\":\"es\",\"@id\":\"https:\/\/www.blupools.com\/co\/producto\/bomba-velocidad-v-1-65hp-max-flo-vs500\/#primaryimage\",\"url\":\"https:\/\/www.blupools.com\/co\/wp-content\/uploads\/2024\/05\/MaxFlo-VS500.png\",\"contentUrl\":\"https:\/\/www.blupools.com\/co\/wp-content\/uploads\/2024\/05\/MaxFlo-VS500.png\",\"width\":1080,\"height\":1080},{\"@type\":\"BreadcrumbList\",\"@id\":\"https:\/\/www.blupools.com\/co\/producto\/bomba-velocidad-v-1-65hp-max-flo-vs500\/#breadcrumb\",\"itemListElement\":[{\"@type\":\"ListItem\",\"position\":1,\"name\":\"Portada\",\"item\":\"https:\/\/www.blupools.com\/co\/\"},{\"@type\":\"ListItem\",\"position\":2,\"name\":\"Tienda\",\"item\":\"https:\/\/www.blupools.com\/co\/tienda\/\"},{\"@type\":\"ListItem\",\"position\":3,\"name\":\"BOMBA VELOCIDAD V. 1.65HP MAX FLO VS500 HAYWARD\"}]},{\"@type\":\"WebSite\",\"@id\":\"https:\/\/www.blupools.com\/co\/#website\",\"url\":\"https:\/\/www.blupools.com\/co\/\",\"name\":\"Blupools Colombia\",\"description\":\"Equipos para Piscinas y Spa&#039;s\",\"publisher\":{\"@id\":\"https:\/\/www.blupools.com\/co\/#organization\"},\"potentialAction\":[{\"@type\":\"SearchAction\",\"target\":{\"@type\":\"EntryPoint\",\"urlTemplate\":\"https:\/\/www.blupools.com\/co\/?s={search_term_string}\"},\"query-input\":\"required name=search_term_string\"}],\"inLanguage\":\"es\"},{\"@type\":\"Organization\",\"@id\":\"https:\/\/www.blupools.com\/co\/#organization\",\"name\":\"Blupools Colombia\",\"url\":\"https:\/\/www.blupools.com\/co\/\",\"logo\":{\"@type\":\"ImageObject\",\"inLanguage\":\"es\",\"@id\":\"https:\/\/www.blupools.com\/co\/#\/schema\/logo\/image\/\",\"url\":\"https:\/\/www.blupools.com\/co\/wp-content\/uploads\/2024\/06\/Logo_BP_Col.png\",\"contentUrl\":\"https:\/\/www.blupools.com\/co\/wp-content\/uploads\/2024\/06\/Logo_BP_Col.png\",\"width\":5000,\"height\":5000,\"caption\":\"Blupools Colombia\"},\"image\":{\"@id\":\"https:\/\/www.blupools.com\/co\/#\/schema\/logo\/image\/\"}}]}<\/script>\n<!-- \/ Yoast SEO plugin. -->","yoast_head_json":{"title":"BOMBA VELOCIDAD V. 1.65HP MAX FLO VS500 HAYWARD - Blupools","robots":{"index":"index","follow":"follow","max-snippet":"max-snippet:-1","max-image-preview":"max-image-preview:large","max-video-preview":"max-video-preview:-1"},"canonical":"https:\/\/www.blupools.com\/co\/producto\/bomba-velocidad-v-1-65hp-max-flo-vs500\/","og_locale":"es_ES","og_type":"article","og_title":"BOMBA VELOCIDAD V. 1.65HP MAX FLO VS500 HAYWARD - Blupools","og_description":"La bomba de velocidad variable MaxFlo VS\u2122 500 con capacidad de doble voltaje integrada es la nueva integrante de la familia de bombas MaxFlo, que proporciona hasta un 80\u00a0% de ahorro energ\u00e9tico en comparaci\u00f3n con las bombas de una sola velocidad.  MaxFlo VS\u2122 500 es una actualizaci\u00f3n sencilla lista para instalar que proporcionar\u00e1 a\u00f1os de rendimiento potente.   Factor de energ\u00eda ponderado (WEF) para 115 V = 10.7 y 230 V = 10.2. Cuanto m\u00e1s alto sea el WEF, m\u00e1s eficiente ser\u00e1 la bomba.  Controlador de motor de doble voltaje actualizado que mantiene una eficiencia de funcionalidad \u00f3ptima  El sello de bomba Viton de duraci\u00f3n prolongada proporciona mayor resistencia contra los desequilibrios qu\u00edmicos  El panel de control intuitivo puede girarse en cuatro direcciones sobre la bomba o quitarse y montarse en la pared  Im\u00e1n permanente supereficiente, motor totalmente cerrado con ventilador externo  Puede funcionar en modo aut\u00f3nomo o puede conectarse a cualquier sistema de automatizaci\u00f3n  Dise\u00f1ada para reemplazar a la mayor\u00eda de las bombas de cabezal mediano de hasta 1.65\u00a0hp totales  El panel de control intuitivo puede girarse en cuatro direcciones sobre la bomba o quitarse y montarse en la pared  Puede que sea elegible para descuentos energ\u00e9ticos locales en funci\u00f3n de su calificaci\u00f3n ENERGY STAR\u00ae","og_url":"https:\/\/www.blupools.com\/co\/producto\/bomba-velocidad-v-1-65hp-max-flo-vs500\/","og_site_name":"Blupools","article_modified_time":"2024-08-15T15:13:06+00:00","og_image":[{"width":1080,"height":1080,"url":"https:\/\/www.blupools.com\/co\/wp-content\/uploads\/2024\/05\/MaxFlo-VS500.png","type":"image\/png"}],"twitter_card":"summary_large_image","twitter_misc":{"Tiempo de lectura":"1 minuto"},"schema":{"@context":"https:\/\/schema.org","@graph":[{"@type":"WebPage","@id":"https:\/\/www.blupools.com\/co\/producto\/bomba-velocidad-v-1-65hp-max-flo-vs500\/","url":"https:\/\/www.blupools.com\/co\/producto\/bomba-velocidad-v-1-65hp-max-flo-vs500\/","name":"BOMBA VELOCIDAD V. 1.65HP MAX FLO VS500 HAYWARD - Blupools","isPartOf":{"@id":"https:\/\/www.blupools.com\/co\/#website"},"primaryImageOfPage":{"@id":"https:\/\/www.blupools.com\/co\/producto\/bomba-velocidad-v-1-65hp-max-flo-vs500\/#primaryimage"},"image":{"@id":"https:\/\/www.blupools.com\/co\/producto\/bomba-velocidad-v-1-65hp-max-flo-vs500\/#primaryimage"},"thumbnailUrl":"https:\/\/www.blupools.com\/co\/wp-content\/uploads\/2024\/05\/MaxFlo-VS500.png","datePublished":"2024-05-23T21:21:59+00:00","dateModified":"2024-08-15T15:13:06+00:00","breadcrumb":{"@id":"https:\/\/www.blupools.com\/co\/producto\/bomba-velocidad-v-1-65hp-max-flo-vs500\/#breadcrumb"},"inLanguage":"es","potentialAction":[{"@type":"ReadAction","target":["https:\/\/www.blupools.com\/co\/producto\/bomba-velocidad-v-1-65hp-max-flo-vs500\/"]}]},{"@type":"ImageObject","inLanguage":"es","@id":"https:\/\/www.blupools.com\/co\/producto\/bomba-velocidad-v-1-65hp-max-flo-vs500\/#primaryimage","url":"https:\/\/www.blupools.com\/co\/wp-content\/uploads\/2024\/05\/MaxFlo-VS500.png","contentUrl":"https:\/\/www.blupools.com\/co\/wp-content\/uploads\/2024\/05\/MaxFlo-VS500.png","width":1080,"height":1080},{"@type":"BreadcrumbList","@id":"https:\/\/www.blupools.com\/co\/producto\/bomba-velocidad-v-1-65hp-max-flo-vs500\/#breadcrumb","itemListElement":[{"@type":"ListItem","position":1,"name":"Portada","item":"https:\/\/www.blupools.com\/co\/"},{"@type":"ListItem","position":2,"name":"Tienda","item":"https:\/\/www.blupools.com\/co\/tienda\/"},{"@type":"ListItem","position":3,"name":"BOMBA VELOCIDAD V. 1.65HP MAX FLO VS500 HAYWARD"}]},{"@type":"WebSite","@id":"https:\/\/www.blupools.com\/co\/#website","url":"https:\/\/www.blupools.com\/co\/","name":"Blupools Colombia","description":"Equipos para Piscinas y Spa&#039;s","publisher":{"@id":"https:\/\/www.blupools.com\/co\/#organization"},"potentialAction":[{"@type":"SearchAction","target":{"@type":"EntryPoint","urlTemplate":"https:\/\/www.blupools.com\/co\/?s={search_term_string}"},"query-input":"required name=search_term_string"}],"inLanguage":"es"},{"@type":"Organization","@id":"https:\/\/www.blupools.com\/co\/#organization","name":"Blupools Colombia","url":"https:\/\/www.blupools.com\/co\/","logo":{"@type":"ImageObject","inLanguage":"es","@id":"https:\/\/www.blupools.com\/co\/#\/schema\/logo\/image\/","url":"https:\/\/www.blupools.com\/co\/wp-content\/uploads\/2024\/06\/Logo_BP_Col.png","contentUrl":"https:\/\/www.blupools.com\/co\/wp-content\/uploads\/2024\/06\/Logo_BP_Col.png","width":5000,"height":5000,"caption":"Blupools Colombia"},"image":{"@id":"https:\/\/www.blupools.com\/co\/#\/schema\/logo\/image\/"}}]}},"_links":{"self":[{"href":"https:\/\/www.blupools.com\/co\/wp-json\/wp\/v2\/product\/18469","targetHints":{"allow":["GET"]}}],"collection":[{"href":"https:\/\/www.blupools.com\/co\/wp-json\/wp\/v2\/product"}],"about":[{"href":"https:\/\/www.blupools.com\/co\/wp-json\/wp\/v2\/types\/product"}],"replies":[{"embeddable":true,"href":"https:\/\/www.blupools.com\/co\/wp-json\/wp\/v2\/comments?post=18469"}],"wp:featuredmedia":[{"embeddable":true,"href":"https:\/\/www.blupools.com\/co\/wp-json\/wp\/v2\/media\/18578"}],"wp:attachment":[{"href":"https:\/\/www.blupools.com\/co\/wp-json\/wp\/v2\/media?parent=18469"}],"wp:term":[{"taxonomy":"product_cat","embeddable":true,"href":"https:\/\/www.blupools.com\/co\/wp-json\/wp\/v2\/product_cat?post=18469"},{"taxonomy":"product_tag","embeddable":true,"href":"https:\/\/www.blupools.com\/co\/wp-json\/wp\/v2\/product_tag?post=18469"}],"curies":[{"name":"wp","href":"https:\/\/api.w.org\/{rel}","templated":true}]}}