{"id":18470,"date":"2024-05-23T16:21:59","date_gmt":"2024-05-23T21:21:59","guid":{"rendered":"https:\/\/www.blupools.com\/co\/producto\/bomba-tristar-vs-900\/"},"modified":"2024-08-15T10:12:50","modified_gmt":"2024-08-15T15:12:50","slug":"bomba-tristar-vs-900","status":"publish","type":"product","link":"https:\/\/www.blupools.com\/co\/producto\/bomba-tristar-vs-900\/","title":{"rendered":"BOMBA TRISTAR VS 900"},"content":{"rendered":"","protected":false},"excerpt":{"rendered":"<p>La bomba de velocidad variable Tristar VS900, SP32900VSP de Hayward, cuenta con certificado UL ENERGY STAR. Ofrece rendimiento, confiabilidad y ahorro inigualables, para piscinas nuevas y existentes. Se recomienda instalarlo en piscinas comerciales y es programable con equipo Omni (automatizaci\u00f3n).<\/p>\n<p>&nbsp;<\/p>\n<p>&nbsp;<\/p>\n<ul>\n<li dir=\"ltr\" aria-level=\"1\">\n<p dir=\"ltr\" role=\"presentation\">Clasificado con el mejor factor de energ\u00eda ponderado (WEF) de la industria de 12.9. Cuanto m\u00e1s alto es el WEF, m\u00e1s eficiente es la bomba*.<\/p>\n<\/li>\n<li dir=\"ltr\" aria-level=\"1\">\n<p dir=\"ltr\" role=\"presentation\">El dise\u00f1o hidr\u00e1ulico avanzado reemplaza la mayor\u00eda de las bombas de alto rendimiento (hasta 1.5 de caudal m\u00e1ximo o 2.0 caballos de fuerza de rendimiento m\u00e1ximo)<\/p>\n<\/li>\n<li dir=\"ltr\" aria-level=\"1\">\n<p dir=\"ltr\" role=\"presentation\">El motor de doble voltaje mejorado, ofrece una operaci\u00f3n de alta velocidad que es un 30 % m\u00e1s silenciosa que otros modelos.<\/p>\n<\/li>\n<li dir=\"ltr\" aria-level=\"1\">\n<p dir=\"ltr\" role=\"presentation\">El motor totalmente cerrado con im\u00e1n permanente y ventilador externo, ofrece excelente confiabilidad y eficiencia.<\/p>\n<\/li>\n<li dir=\"ltr\" aria-level=\"1\">\n<p dir=\"ltr\" role=\"presentation\">El cesto filtrante sin canales con cubierta transparente, ofrece f\u00e1cil eliminaci\u00f3n de desechos.<\/p>\n<\/li>\n<li dir=\"ltr\" aria-level=\"1\">\n<p dir=\"ltr\" role=\"presentation\">La entrada del conducto lateral y trasero, aloja las conexiones de alto y bajo voltaje para simplificar la instalaci\u00f3<\/p>\n<\/li>\n<\/ul>\n","protected":false},"featured_media":18580,"comment_status":"open","ping_status":"closed","template":"","meta":[],"product_cat":[40,54],"product_tag":[48],"class_list":{"0":"post-18470","1":"product","2":"type-product","3":"status-publish","4":"has-post-thumbnail","6":"product_cat-electro-bombas","7":"product_cat-automatizado","8":"product_tag-hayward","10":"first","11":"instock","12":"shipping-taxable","13":"product-type-simple"},"yoast_head":"<!-- This site is optimized with the Yoast SEO plugin v22.8 - https:\/\/yoast.com\/wordpress\/plugins\/seo\/ -->\n<title>BOMBA TRISTAR VS 900 - Blupools<\/title>\n<meta name=\"robots\" content=\"index, follow, max-snippet:-1, max-image-preview:large, max-video-preview:-1\" \/>\n<link rel=\"canonical\" href=\"https:\/\/www.blupools.com\/co\/producto\/bomba-tristar-vs-900\/\" \/>\n<meta property=\"og:locale\" content=\"es_ES\" \/>\n<meta property=\"og:type\" content=\"article\" \/>\n<meta property=\"og:title\" content=\"BOMBA TRISTAR VS 900 - Blupools\" \/>\n<meta property=\"og:description\" content=\"La bomba de velocidad variable Tristar VS900, SP32900VSP de Hayward, cuenta con certificado UL ENERGY STAR. Ofrece rendimiento, confiabilidad y ahorro inigualables, para piscinas nuevas y existentes. Se recomienda instalarlo en piscinas comerciales y es programable con equipo Omni (automatizaci\u00f3n).  &nbsp;  &nbsp;    Clasificado con el mejor factor de energ\u00eda ponderado (WEF) de la industria de 12.9. Cuanto m\u00e1s alto es el WEF, m\u00e1s eficiente es la bomba*.    El dise\u00f1o hidr\u00e1ulico avanzado reemplaza la mayor\u00eda de las bombas de alto rendimiento (hasta 1.5 de caudal m\u00e1ximo o 2.0 caballos de fuerza de rendimiento m\u00e1ximo)    El motor de doble voltaje mejorado, ofrece una operaci\u00f3n de alta velocidad que es un 30 % m\u00e1s silenciosa que otros modelos.    El motor totalmente cerrado con im\u00e1n permanente y ventilador externo, ofrece excelente confiabilidad y eficiencia.    El cesto filtrante sin canales con cubierta transparente, ofrece f\u00e1cil eliminaci\u00f3n de desechos.    La entrada del conducto lateral y trasero, aloja las conexiones de alto y bajo voltaje para simplificar la instalaci\u00f3\" \/>\n<meta property=\"og:url\" content=\"https:\/\/www.blupools.com\/co\/producto\/bomba-tristar-vs-900\/\" \/>\n<meta property=\"og:site_name\" content=\"Blupools\" \/>\n<meta property=\"article:modified_time\" content=\"2024-08-15T15:12:50+00:00\" \/>\n<meta property=\"og:image\" content=\"https:\/\/www.blupools.com\/co\/wp-content\/uploads\/2024\/05\/TriStar-VS900.png\" \/>\n\t<meta property=\"og:image:width\" content=\"1080\" \/>\n\t<meta property=\"og:image:height\" content=\"1080\" \/>\n\t<meta property=\"og:image:type\" content=\"image\/png\" \/>\n<meta name=\"twitter:card\" content=\"summary_large_image\" \/>\n<meta name=\"twitter:label1\" content=\"Tiempo de lectura\" \/>\n\t<meta name=\"twitter:data1\" content=\"1 minuto\" \/>\n<script type=\"application\/ld+json\" class=\"yoast-schema-graph\">{\"@context\":\"https:\/\/schema.org\",\"@graph\":[{\"@type\":\"WebPage\",\"@id\":\"https:\/\/www.blupools.com\/co\/producto\/bomba-tristar-vs-900\/\",\"url\":\"https:\/\/www.blupools.com\/co\/producto\/bomba-tristar-vs-900\/\",\"name\":\"BOMBA TRISTAR VS 900 - Blupools\",\"isPartOf\":{\"@id\":\"https:\/\/www.blupools.com\/co\/#website\"},\"primaryImageOfPage\":{\"@id\":\"https:\/\/www.blupools.com\/co\/producto\/bomba-tristar-vs-900\/#primaryimage\"},\"image\":{\"@id\":\"https:\/\/www.blupools.com\/co\/producto\/bomba-tristar-vs-900\/#primaryimage\"},\"thumbnailUrl\":\"https:\/\/www.blupools.com\/co\/wp-content\/uploads\/2024\/05\/TriStar-VS900.png\",\"datePublished\":\"2024-05-23T21:21:59+00:00\",\"dateModified\":\"2024-08-15T15:12:50+00:00\",\"breadcrumb\":{\"@id\":\"https:\/\/www.blupools.com\/co\/producto\/bomba-tristar-vs-900\/#breadcrumb\"},\"inLanguage\":\"es\",\"potentialAction\":[{\"@type\":\"ReadAction\",\"target\":[\"https:\/\/www.blupools.com\/co\/producto\/bomba-tristar-vs-900\/\"]}]},{\"@type\":\"ImageObject\",\"inLanguage\":\"es\",\"@id\":\"https:\/\/www.blupools.com\/co\/producto\/bomba-tristar-vs-900\/#primaryimage\",\"url\":\"https:\/\/www.blupools.com\/co\/wp-content\/uploads\/2024\/05\/TriStar-VS900.png\",\"contentUrl\":\"https:\/\/www.blupools.com\/co\/wp-content\/uploads\/2024\/05\/TriStar-VS900.png\",\"width\":1080,\"height\":1080},{\"@type\":\"BreadcrumbList\",\"@id\":\"https:\/\/www.blupools.com\/co\/producto\/bomba-tristar-vs-900\/#breadcrumb\",\"itemListElement\":[{\"@type\":\"ListItem\",\"position\":1,\"name\":\"Portada\",\"item\":\"https:\/\/www.blupools.com\/co\/\"},{\"@type\":\"ListItem\",\"position\":2,\"name\":\"Tienda\",\"item\":\"https:\/\/www.blupools.com\/co\/tienda\/\"},{\"@type\":\"ListItem\",\"position\":3,\"name\":\"BOMBA TRISTAR VS 900\"}]},{\"@type\":\"WebSite\",\"@id\":\"https:\/\/www.blupools.com\/co\/#website\",\"url\":\"https:\/\/www.blupools.com\/co\/\",\"name\":\"Blupools Colombia\",\"description\":\"Equipos para Piscinas y Spa&#039;s\",\"publisher\":{\"@id\":\"https:\/\/www.blupools.com\/co\/#organization\"},\"potentialAction\":[{\"@type\":\"SearchAction\",\"target\":{\"@type\":\"EntryPoint\",\"urlTemplate\":\"https:\/\/www.blupools.com\/co\/?s={search_term_string}\"},\"query-input\":\"required name=search_term_string\"}],\"inLanguage\":\"es\"},{\"@type\":\"Organization\",\"@id\":\"https:\/\/www.blupools.com\/co\/#organization\",\"name\":\"Blupools Colombia\",\"url\":\"https:\/\/www.blupools.com\/co\/\",\"logo\":{\"@type\":\"ImageObject\",\"inLanguage\":\"es\",\"@id\":\"https:\/\/www.blupools.com\/co\/#\/schema\/logo\/image\/\",\"url\":\"https:\/\/www.blupools.com\/co\/wp-content\/uploads\/2024\/06\/Logo_BP_Col.png\",\"contentUrl\":\"https:\/\/www.blupools.com\/co\/wp-content\/uploads\/2024\/06\/Logo_BP_Col.png\",\"width\":5000,\"height\":5000,\"caption\":\"Blupools Colombia\"},\"image\":{\"@id\":\"https:\/\/www.blupools.com\/co\/#\/schema\/logo\/image\/\"}}]}<\/script>\n<!-- \/ Yoast SEO plugin. -->","yoast_head_json":{"title":"BOMBA TRISTAR VS 900 - Blupools","robots":{"index":"index","follow":"follow","max-snippet":"max-snippet:-1","max-image-preview":"max-image-preview:large","max-video-preview":"max-video-preview:-1"},"canonical":"https:\/\/www.blupools.com\/co\/producto\/bomba-tristar-vs-900\/","og_locale":"es_ES","og_type":"article","og_title":"BOMBA TRISTAR VS 900 - Blupools","og_description":"La bomba de velocidad variable Tristar VS900, SP32900VSP de Hayward, cuenta con certificado UL ENERGY STAR. Ofrece rendimiento, confiabilidad y ahorro inigualables, para piscinas nuevas y existentes. Se recomienda instalarlo en piscinas comerciales y es programable con equipo Omni (automatizaci\u00f3n).  &nbsp;  &nbsp;    Clasificado con el mejor factor de energ\u00eda ponderado (WEF) de la industria de 12.9. Cuanto m\u00e1s alto es el WEF, m\u00e1s eficiente es la bomba*.    El dise\u00f1o hidr\u00e1ulico avanzado reemplaza la mayor\u00eda de las bombas de alto rendimiento (hasta 1.5 de caudal m\u00e1ximo o 2.0 caballos de fuerza de rendimiento m\u00e1ximo)    El motor de doble voltaje mejorado, ofrece una operaci\u00f3n de alta velocidad que es un 30 % m\u00e1s silenciosa que otros modelos.    El motor totalmente cerrado con im\u00e1n permanente y ventilador externo, ofrece excelente confiabilidad y eficiencia.    El cesto filtrante sin canales con cubierta transparente, ofrece f\u00e1cil eliminaci\u00f3n de desechos.    La entrada del conducto lateral y trasero, aloja las conexiones de alto y bajo voltaje para simplificar la instalaci\u00f3","og_url":"https:\/\/www.blupools.com\/co\/producto\/bomba-tristar-vs-900\/","og_site_name":"Blupools","article_modified_time":"2024-08-15T15:12:50+00:00","og_image":[{"width":1080,"height":1080,"url":"https:\/\/www.blupools.com\/co\/wp-content\/uploads\/2024\/05\/TriStar-VS900.png","type":"image\/png"}],"twitter_card":"summary_large_image","twitter_misc":{"Tiempo de lectura":"1 minuto"},"schema":{"@context":"https:\/\/schema.org","@graph":[{"@type":"WebPage","@id":"https:\/\/www.blupools.com\/co\/producto\/bomba-tristar-vs-900\/","url":"https:\/\/www.blupools.com\/co\/producto\/bomba-tristar-vs-900\/","name":"BOMBA TRISTAR VS 900 - Blupools","isPartOf":{"@id":"https:\/\/www.blupools.com\/co\/#website"},"primaryImageOfPage":{"@id":"https:\/\/www.blupools.com\/co\/producto\/bomba-tristar-vs-900\/#primaryimage"},"image":{"@id":"https:\/\/www.blupools.com\/co\/producto\/bomba-tristar-vs-900\/#primaryimage"},"thumbnailUrl":"https:\/\/www.blupools.com\/co\/wp-content\/uploads\/2024\/05\/TriStar-VS900.png","datePublished":"2024-05-23T21:21:59+00:00","dateModified":"2024-08-15T15:12:50+00:00","breadcrumb":{"@id":"https:\/\/www.blupools.com\/co\/producto\/bomba-tristar-vs-900\/#breadcrumb"},"inLanguage":"es","potentialAction":[{"@type":"ReadAction","target":["https:\/\/www.blupools.com\/co\/producto\/bomba-tristar-vs-900\/"]}]},{"@type":"ImageObject","inLanguage":"es","@id":"https:\/\/www.blupools.com\/co\/producto\/bomba-tristar-vs-900\/#primaryimage","url":"https:\/\/www.blupools.com\/co\/wp-content\/uploads\/2024\/05\/TriStar-VS900.png","contentUrl":"https:\/\/www.blupools.com\/co\/wp-content\/uploads\/2024\/05\/TriStar-VS900.png","width":1080,"height":1080},{"@type":"BreadcrumbList","@id":"https:\/\/www.blupools.com\/co\/producto\/bomba-tristar-vs-900\/#breadcrumb","itemListElement":[{"@type":"ListItem","position":1,"name":"Portada","item":"https:\/\/www.blupools.com\/co\/"},{"@type":"ListItem","position":2,"name":"Tienda","item":"https:\/\/www.blupools.com\/co\/tienda\/"},{"@type":"ListItem","position":3,"name":"BOMBA TRISTAR VS 900"}]},{"@type":"WebSite","@id":"https:\/\/www.blupools.com\/co\/#website","url":"https:\/\/www.blupools.com\/co\/","name":"Blupools Colombia","description":"Equipos para Piscinas y Spa&#039;s","publisher":{"@id":"https:\/\/www.blupools.com\/co\/#organization"},"potentialAction":[{"@type":"SearchAction","target":{"@type":"EntryPoint","urlTemplate":"https:\/\/www.blupools.com\/co\/?s={search_term_string}"},"query-input":"required name=search_term_string"}],"inLanguage":"es"},{"@type":"Organization","@id":"https:\/\/www.blupools.com\/co\/#organization","name":"Blupools Colombia","url":"https:\/\/www.blupools.com\/co\/","logo":{"@type":"ImageObject","inLanguage":"es","@id":"https:\/\/www.blupools.com\/co\/#\/schema\/logo\/image\/","url":"https:\/\/www.blupools.com\/co\/wp-content\/uploads\/2024\/06\/Logo_BP_Col.png","contentUrl":"https:\/\/www.blupools.com\/co\/wp-content\/uploads\/2024\/06\/Logo_BP_Col.png","width":5000,"height":5000,"caption":"Blupools Colombia"},"image":{"@id":"https:\/\/www.blupools.com\/co\/#\/schema\/logo\/image\/"}}]}},"_links":{"self":[{"href":"https:\/\/www.blupools.com\/co\/wp-json\/wp\/v2\/product\/18470","targetHints":{"allow":["GET"]}}],"collection":[{"href":"https:\/\/www.blupools.com\/co\/wp-json\/wp\/v2\/product"}],"about":[{"href":"https:\/\/www.blupools.com\/co\/wp-json\/wp\/v2\/types\/product"}],"replies":[{"embeddable":true,"href":"https:\/\/www.blupools.com\/co\/wp-json\/wp\/v2\/comments?post=18470"}],"wp:featuredmedia":[{"embeddable":true,"href":"https:\/\/www.blupools.com\/co\/wp-json\/wp\/v2\/media\/18580"}],"wp:attachment":[{"href":"https:\/\/www.blupools.com\/co\/wp-json\/wp\/v2\/media?parent=18470"}],"wp:term":[{"taxonomy":"product_cat","embeddable":true,"href":"https:\/\/www.blupools.com\/co\/wp-json\/wp\/v2\/product_cat?post=18470"},{"taxonomy":"product_tag","embeddable":true,"href":"https:\/\/www.blupools.com\/co\/wp-json\/wp\/v2\/product_tag?post=18470"}],"curies":[{"name":"wp","href":"https:\/\/api.w.org\/{rel}","templated":true}]}}