{"id":18471,"date":"2024-05-23T16:21:59","date_gmt":"2024-05-23T21:21:59","guid":{"rendered":"https:\/\/www.blupools.com\/co\/producto\/bomba-tristar-vs-950\/"},"modified":"2024-08-15T10:13:25","modified_gmt":"2024-08-15T15:13:25","slug":"bomba-tristar-vs-950","status":"publish","type":"product","link":"https:\/\/www.blupools.com\/co\/producto\/bomba-tristar-vs-950\/","title":{"rendered":"BOMBA TRISTAR VS 950 HAYWARD"},"content":{"rendered":"","protected":false},"excerpt":{"rendered":"<p>COD: SP32950VSP<\/p>\n<p>TriStar VS 950, es la bomba de velocidad variable con mayor eficiencia energ\u00e9tica de la industria. El motor de im\u00e1n permanente cerrado, combinado con su avanzado dise\u00f1o hidr\u00e1ulico, proporciona un ahorro de energ\u00eda incomparable.<\/p>\n<p>&nbsp;<\/p>\n<ul>\n<li dir=\"ltr\" aria-level=\"1\">\n<p dir=\"ltr\" role=\"presentation\">La Electrobomba TriStar VS 950, cuenta con certificado UL Energy Star, ETL y UL, adecuado para piscinas comerciales y es programable con equipo Omni (Automatizaci\u00f3n).<\/p>\n<\/li>\n<li dir=\"ltr\" aria-level=\"1\">\n<p dir=\"ltr\" role=\"presentation\">Motor de im\u00e1n permanente, totalmente cerrado.<\/p>\n<\/li>\n<li dir=\"ltr\" aria-level=\"1\">\n<p dir=\"ltr\" role=\"presentation\">Dise\u00f1o hidr\u00e1ulico avanzado.<\/p>\n<\/li>\n<li dir=\"ltr\" aria-level=\"1\">\n<p dir=\"ltr\" role=\"presentation\">Totalmente programable con un reloj aut\u00f3nomo de 24 horas y hasta 8 funciones personalizadas de velocidad y temporizador.<\/p>\n<\/li>\n<li dir=\"ltr\" aria-level=\"1\">\n<p dir=\"ltr\" role=\"presentation\">Para una mejor gesti\u00f3n de la piscina, puede ser controlado por Hayward o plataformas de control de piscinas y spas de terceros sin necesidad de accesorios adicionales.<\/p>\n<\/li>\n<li dir=\"ltr\" aria-level=\"1\">\n<p dir=\"ltr\" role=\"presentation\">Interfaz de control digital que se puede montar en cuatro posiciones diferentes en la bomba o quitar y montar en la pared.<\/p>\n<\/li>\n<li dir=\"ltr\" aria-level=\"1\">\n<p dir=\"ltr\" role=\"presentation\">El dise\u00f1o de canasta extra grande garantiza una f\u00e1cil eliminaci\u00f3n de los escombros y extiende el tiempo entre limpiezas.<\/p>\n<\/li>\n<li dir=\"ltr\" aria-level=\"1\">\n<p dir=\"ltr\" role=\"presentation\">El accionamiento del motor incluye protecci\u00f3n incorporada para altas temperaturas y fluctuaciones de voltaje.<\/p>\n<\/li>\n<li dir=\"ltr\" aria-level=\"1\">\n<p dir=\"ltr\" role=\"presentation\">Drive tambi\u00e9n est\u00e1 dise\u00f1ado para soportar temperaturas bajo cero sin problemas.<\/p>\n<\/li>\n<\/ul>\n","protected":false},"featured_media":18581,"comment_status":"open","ping_status":"closed","template":"","meta":[],"product_cat":[40,54],"product_tag":[48],"class_list":{"0":"post-18471","1":"product","2":"type-product","3":"status-publish","4":"has-post-thumbnail","6":"product_cat-electro-bombas","7":"product_cat-automatizado","8":"product_tag-hayward","10":"first","11":"instock","12":"shipping-taxable","13":"product-type-simple"},"yoast_head":"<!-- This site is optimized with the Yoast SEO plugin v22.8 - https:\/\/yoast.com\/wordpress\/plugins\/seo\/ -->\n<title>BOMBA TRISTAR VS 950 HAYWARD - Blupools<\/title>\n<meta name=\"robots\" content=\"index, follow, max-snippet:-1, max-image-preview:large, max-video-preview:-1\" \/>\n<link rel=\"canonical\" href=\"https:\/\/www.blupools.com\/co\/producto\/bomba-tristar-vs-950\/\" \/>\n<meta property=\"og:locale\" content=\"es_ES\" \/>\n<meta property=\"og:type\" content=\"article\" \/>\n<meta property=\"og:title\" content=\"BOMBA TRISTAR VS 950 HAYWARD - Blupools\" \/>\n<meta property=\"og:description\" content=\"COD: SP32950VSP  TriStar VS 950, es la bomba de velocidad variable con mayor eficiencia energ\u00e9tica de la industria. El motor de im\u00e1n permanente cerrado, combinado con su avanzado dise\u00f1o hidr\u00e1ulico, proporciona un ahorro de energ\u00eda incomparable.  &nbsp;    La Electrobomba TriStar VS 950, cuenta con certificado UL Energy Star, ETL y UL, adecuado para piscinas comerciales y es programable con equipo Omni (Automatizaci\u00f3n).    Motor de im\u00e1n permanente, totalmente cerrado.    Dise\u00f1o hidr\u00e1ulico avanzado.    Totalmente programable con un reloj aut\u00f3nomo de 24 horas y hasta 8 funciones personalizadas de velocidad y temporizador.    Para una mejor gesti\u00f3n de la piscina, puede ser controlado por Hayward o plataformas de control de piscinas y spas de terceros sin necesidad de accesorios adicionales.    Interfaz de control digital que se puede montar en cuatro posiciones diferentes en la bomba o quitar y montar en la pared.    El dise\u00f1o de canasta extra grande garantiza una f\u00e1cil eliminaci\u00f3n de los escombros y extiende el tiempo entre limpiezas.    El accionamiento del motor incluye protecci\u00f3n incorporada para altas temperaturas y fluctuaciones de voltaje.    Drive tambi\u00e9n est\u00e1 dise\u00f1ado para soportar temperaturas bajo cero sin problemas.\" \/>\n<meta property=\"og:url\" content=\"https:\/\/www.blupools.com\/co\/producto\/bomba-tristar-vs-950\/\" \/>\n<meta property=\"og:site_name\" content=\"Blupools\" \/>\n<meta property=\"article:modified_time\" content=\"2024-08-15T15:13:25+00:00\" \/>\n<meta property=\"og:image\" content=\"https:\/\/www.blupools.com\/co\/wp-content\/uploads\/2024\/05\/TriStar-VS950.png\" \/>\n\t<meta property=\"og:image:width\" content=\"1080\" \/>\n\t<meta property=\"og:image:height\" content=\"1080\" \/>\n\t<meta property=\"og:image:type\" content=\"image\/png\" \/>\n<meta name=\"twitter:card\" content=\"summary_large_image\" \/>\n<meta name=\"twitter:label1\" content=\"Tiempo de lectura\" \/>\n\t<meta name=\"twitter:data1\" content=\"1 minuto\" \/>\n<script type=\"application\/ld+json\" class=\"yoast-schema-graph\">{\"@context\":\"https:\/\/schema.org\",\"@graph\":[{\"@type\":\"WebPage\",\"@id\":\"https:\/\/www.blupools.com\/co\/producto\/bomba-tristar-vs-950\/\",\"url\":\"https:\/\/www.blupools.com\/co\/producto\/bomba-tristar-vs-950\/\",\"name\":\"BOMBA TRISTAR VS 950 HAYWARD - Blupools\",\"isPartOf\":{\"@id\":\"https:\/\/www.blupools.com\/co\/#website\"},\"primaryImageOfPage\":{\"@id\":\"https:\/\/www.blupools.com\/co\/producto\/bomba-tristar-vs-950\/#primaryimage\"},\"image\":{\"@id\":\"https:\/\/www.blupools.com\/co\/producto\/bomba-tristar-vs-950\/#primaryimage\"},\"thumbnailUrl\":\"https:\/\/www.blupools.com\/co\/wp-content\/uploads\/2024\/05\/TriStar-VS950.png\",\"datePublished\":\"2024-05-23T21:21:59+00:00\",\"dateModified\":\"2024-08-15T15:13:25+00:00\",\"breadcrumb\":{\"@id\":\"https:\/\/www.blupools.com\/co\/producto\/bomba-tristar-vs-950\/#breadcrumb\"},\"inLanguage\":\"es\",\"potentialAction\":[{\"@type\":\"ReadAction\",\"target\":[\"https:\/\/www.blupools.com\/co\/producto\/bomba-tristar-vs-950\/\"]}]},{\"@type\":\"ImageObject\",\"inLanguage\":\"es\",\"@id\":\"https:\/\/www.blupools.com\/co\/producto\/bomba-tristar-vs-950\/#primaryimage\",\"url\":\"https:\/\/www.blupools.com\/co\/wp-content\/uploads\/2024\/05\/TriStar-VS950.png\",\"contentUrl\":\"https:\/\/www.blupools.com\/co\/wp-content\/uploads\/2024\/05\/TriStar-VS950.png\",\"width\":1080,\"height\":1080},{\"@type\":\"BreadcrumbList\",\"@id\":\"https:\/\/www.blupools.com\/co\/producto\/bomba-tristar-vs-950\/#breadcrumb\",\"itemListElement\":[{\"@type\":\"ListItem\",\"position\":1,\"name\":\"Portada\",\"item\":\"https:\/\/www.blupools.com\/co\/\"},{\"@type\":\"ListItem\",\"position\":2,\"name\":\"Tienda\",\"item\":\"https:\/\/www.blupools.com\/co\/tienda\/\"},{\"@type\":\"ListItem\",\"position\":3,\"name\":\"BOMBA TRISTAR VS 950 HAYWARD\"}]},{\"@type\":\"WebSite\",\"@id\":\"https:\/\/www.blupools.com\/co\/#website\",\"url\":\"https:\/\/www.blupools.com\/co\/\",\"name\":\"Blupools Colombia\",\"description\":\"Equipos para Piscinas y Spa&#039;s\",\"publisher\":{\"@id\":\"https:\/\/www.blupools.com\/co\/#organization\"},\"potentialAction\":[{\"@type\":\"SearchAction\",\"target\":{\"@type\":\"EntryPoint\",\"urlTemplate\":\"https:\/\/www.blupools.com\/co\/?s={search_term_string}\"},\"query-input\":\"required name=search_term_string\"}],\"inLanguage\":\"es\"},{\"@type\":\"Organization\",\"@id\":\"https:\/\/www.blupools.com\/co\/#organization\",\"name\":\"Blupools Colombia\",\"url\":\"https:\/\/www.blupools.com\/co\/\",\"logo\":{\"@type\":\"ImageObject\",\"inLanguage\":\"es\",\"@id\":\"https:\/\/www.blupools.com\/co\/#\/schema\/logo\/image\/\",\"url\":\"https:\/\/www.blupools.com\/co\/wp-content\/uploads\/2024\/06\/Logo_BP_Col.png\",\"contentUrl\":\"https:\/\/www.blupools.com\/co\/wp-content\/uploads\/2024\/06\/Logo_BP_Col.png\",\"width\":5000,\"height\":5000,\"caption\":\"Blupools Colombia\"},\"image\":{\"@id\":\"https:\/\/www.blupools.com\/co\/#\/schema\/logo\/image\/\"}}]}<\/script>\n<!-- \/ Yoast SEO plugin. -->","yoast_head_json":{"title":"BOMBA TRISTAR VS 950 HAYWARD - Blupools","robots":{"index":"index","follow":"follow","max-snippet":"max-snippet:-1","max-image-preview":"max-image-preview:large","max-video-preview":"max-video-preview:-1"},"canonical":"https:\/\/www.blupools.com\/co\/producto\/bomba-tristar-vs-950\/","og_locale":"es_ES","og_type":"article","og_title":"BOMBA TRISTAR VS 950 HAYWARD - Blupools","og_description":"COD: SP32950VSP  TriStar VS 950, es la bomba de velocidad variable con mayor eficiencia energ\u00e9tica de la industria. El motor de im\u00e1n permanente cerrado, combinado con su avanzado dise\u00f1o hidr\u00e1ulico, proporciona un ahorro de energ\u00eda incomparable.  &nbsp;    La Electrobomba TriStar VS 950, cuenta con certificado UL Energy Star, ETL y UL, adecuado para piscinas comerciales y es programable con equipo Omni (Automatizaci\u00f3n).    Motor de im\u00e1n permanente, totalmente cerrado.    Dise\u00f1o hidr\u00e1ulico avanzado.    Totalmente programable con un reloj aut\u00f3nomo de 24 horas y hasta 8 funciones personalizadas de velocidad y temporizador.    Para una mejor gesti\u00f3n de la piscina, puede ser controlado por Hayward o plataformas de control de piscinas y spas de terceros sin necesidad de accesorios adicionales.    Interfaz de control digital que se puede montar en cuatro posiciones diferentes en la bomba o quitar y montar en la pared.    El dise\u00f1o de canasta extra grande garantiza una f\u00e1cil eliminaci\u00f3n de los escombros y extiende el tiempo entre limpiezas.    El accionamiento del motor incluye protecci\u00f3n incorporada para altas temperaturas y fluctuaciones de voltaje.    Drive tambi\u00e9n est\u00e1 dise\u00f1ado para soportar temperaturas bajo cero sin problemas.","og_url":"https:\/\/www.blupools.com\/co\/producto\/bomba-tristar-vs-950\/","og_site_name":"Blupools","article_modified_time":"2024-08-15T15:13:25+00:00","og_image":[{"width":1080,"height":1080,"url":"https:\/\/www.blupools.com\/co\/wp-content\/uploads\/2024\/05\/TriStar-VS950.png","type":"image\/png"}],"twitter_card":"summary_large_image","twitter_misc":{"Tiempo de lectura":"1 minuto"},"schema":{"@context":"https:\/\/schema.org","@graph":[{"@type":"WebPage","@id":"https:\/\/www.blupools.com\/co\/producto\/bomba-tristar-vs-950\/","url":"https:\/\/www.blupools.com\/co\/producto\/bomba-tristar-vs-950\/","name":"BOMBA TRISTAR VS 950 HAYWARD - Blupools","isPartOf":{"@id":"https:\/\/www.blupools.com\/co\/#website"},"primaryImageOfPage":{"@id":"https:\/\/www.blupools.com\/co\/producto\/bomba-tristar-vs-950\/#primaryimage"},"image":{"@id":"https:\/\/www.blupools.com\/co\/producto\/bomba-tristar-vs-950\/#primaryimage"},"thumbnailUrl":"https:\/\/www.blupools.com\/co\/wp-content\/uploads\/2024\/05\/TriStar-VS950.png","datePublished":"2024-05-23T21:21:59+00:00","dateModified":"2024-08-15T15:13:25+00:00","breadcrumb":{"@id":"https:\/\/www.blupools.com\/co\/producto\/bomba-tristar-vs-950\/#breadcrumb"},"inLanguage":"es","potentialAction":[{"@type":"ReadAction","target":["https:\/\/www.blupools.com\/co\/producto\/bomba-tristar-vs-950\/"]}]},{"@type":"ImageObject","inLanguage":"es","@id":"https:\/\/www.blupools.com\/co\/producto\/bomba-tristar-vs-950\/#primaryimage","url":"https:\/\/www.blupools.com\/co\/wp-content\/uploads\/2024\/05\/TriStar-VS950.png","contentUrl":"https:\/\/www.blupools.com\/co\/wp-content\/uploads\/2024\/05\/TriStar-VS950.png","width":1080,"height":1080},{"@type":"BreadcrumbList","@id":"https:\/\/www.blupools.com\/co\/producto\/bomba-tristar-vs-950\/#breadcrumb","itemListElement":[{"@type":"ListItem","position":1,"name":"Portada","item":"https:\/\/www.blupools.com\/co\/"},{"@type":"ListItem","position":2,"name":"Tienda","item":"https:\/\/www.blupools.com\/co\/tienda\/"},{"@type":"ListItem","position":3,"name":"BOMBA TRISTAR VS 950 HAYWARD"}]},{"@type":"WebSite","@id":"https:\/\/www.blupools.com\/co\/#website","url":"https:\/\/www.blupools.com\/co\/","name":"Blupools Colombia","description":"Equipos para Piscinas y Spa&#039;s","publisher":{"@id":"https:\/\/www.blupools.com\/co\/#organization"},"potentialAction":[{"@type":"SearchAction","target":{"@type":"EntryPoint","urlTemplate":"https:\/\/www.blupools.com\/co\/?s={search_term_string}"},"query-input":"required name=search_term_string"}],"inLanguage":"es"},{"@type":"Organization","@id":"https:\/\/www.blupools.com\/co\/#organization","name":"Blupools Colombia","url":"https:\/\/www.blupools.com\/co\/","logo":{"@type":"ImageObject","inLanguage":"es","@id":"https:\/\/www.blupools.com\/co\/#\/schema\/logo\/image\/","url":"https:\/\/www.blupools.com\/co\/wp-content\/uploads\/2024\/06\/Logo_BP_Col.png","contentUrl":"https:\/\/www.blupools.com\/co\/wp-content\/uploads\/2024\/06\/Logo_BP_Col.png","width":5000,"height":5000,"caption":"Blupools Colombia"},"image":{"@id":"https:\/\/www.blupools.com\/co\/#\/schema\/logo\/image\/"}}]}},"_links":{"self":[{"href":"https:\/\/www.blupools.com\/co\/wp-json\/wp\/v2\/product\/18471","targetHints":{"allow":["GET"]}}],"collection":[{"href":"https:\/\/www.blupools.com\/co\/wp-json\/wp\/v2\/product"}],"about":[{"href":"https:\/\/www.blupools.com\/co\/wp-json\/wp\/v2\/types\/product"}],"replies":[{"embeddable":true,"href":"https:\/\/www.blupools.com\/co\/wp-json\/wp\/v2\/comments?post=18471"}],"wp:featuredmedia":[{"embeddable":true,"href":"https:\/\/www.blupools.com\/co\/wp-json\/wp\/v2\/media\/18581"}],"wp:attachment":[{"href":"https:\/\/www.blupools.com\/co\/wp-json\/wp\/v2\/media?parent=18471"}],"wp:term":[{"taxonomy":"product_cat","embeddable":true,"href":"https:\/\/www.blupools.com\/co\/wp-json\/wp\/v2\/product_cat?post=18471"},{"taxonomy":"product_tag","embeddable":true,"href":"https:\/\/www.blupools.com\/co\/wp-json\/wp\/v2\/product_tag?post=18471"}],"curies":[{"name":"wp","href":"https:\/\/api.w.org\/{rel}","templated":true}]}}