{"id":18474,"date":"2024-05-23T16:21:59","date_gmt":"2024-05-23T21:21:59","guid":{"rendered":"https:\/\/www.blupools.com\/co\/producto\/panel-basico-omnilogic-con-4-reles\/"},"modified":"2024-08-02T09:59:45","modified_gmt":"2024-08-02T14:59:45","slug":"panel-basico-omnilogic-con-4-reles","status":"publish","type":"product","link":"https:\/\/www.blupools.com\/co\/producto\/panel-basico-omnilogic-con-4-reles\/","title":{"rendered":"PANEL B\u00c1SICO OMNILOGIC CON 4 REL\u00c9S HAYWARD"},"content":{"rendered":"","protected":false},"excerpt":{"rendered":"<p>COD: HLBASE<\/p>\n<p>Automatizaci\u00f3n completa superior para nuevas piscinas y spas. OmniLogic\u00ae ofrece control de patios con tecnolog\u00eda de piscinas de avanzada. Disfruta del lujo de una automatizaci\u00f3n total con la aplicaci\u00f3n m\u00e1s intuitiva, con actualizaciones sencillas para que tu patio cuente siempre con lo \u00faltimo en tecnolog\u00eda.<\/p>\n<p>Elimina la complejidad.\u00a0Con la interfaz de usuario m\u00e1s intuitiva basada en \u00edconos, configura el controlador para que se adapte a tus preferencias f\u00e1cil y r\u00e1pidamente<\/p>\n<p>Capacidad de ampliaci\u00f3n modular. Equipado con 4 rel\u00e9s con la flexibilidad de actualizar.<\/p>\n<p>Modo OmniDirect.\u00a0Combina la iluminaci\u00f3n LED ColorLogic y las instalaciones de agua con automatizaci\u00f3n de Hayward para obtener opciones de colores adicionales, control de atenuaci\u00f3n y m\u00e1s<\/p>\n<p>Compatibilidad con sal.\u00a0Dise\u00f1ado para sal, te permite reducir el nivel de sal a 800\u00a0ppm. Compatible con Sense\u00a0&amp;\u00a0Dispense, de modo que mantiene los qu\u00edmicos en perfecto equilibrio.<\/p>\n<p>Control de bomba.\u00a0Control total de hasta 16\u00a0bombas de velocidad variable sin usar rel\u00e9s<\/p>\n<p>Modo de limitaci\u00f3n autom\u00e1tica con cubierta:\u00a0ajusta autom\u00e1ticamente las configuraciones de la bomba, el clorinador y la calefacci\u00f3n para brindar m\u00e1xima eficiencia cuando una cubierta de piscina est\u00e1 cerrada<\/p>\n<p>Aplicaci\u00f3n OmniLogic:\u00a0Controlar todo el panel de control para piscina es r\u00e1pido, f\u00e1cil e intuitivo. Establece cronogramas o temas, controla y realiza ajustes cuando lo desees<\/p>\n<p>Control de dispositivo sencillo asistido por voz.\u00a0F<\/p>\n<p>Funciona con sistemas de control por voz populares, como Amazon\u00ae Alexa\u00ae y Google Home\u00ae<\/p>\n","protected":false},"featured_media":18628,"comment_status":"open","ping_status":"closed","template":"","meta":[],"product_cat":[54],"product_tag":[48],"class_list":{"0":"post-18474","1":"product","2":"type-product","3":"status-publish","4":"has-post-thumbnail","6":"product_cat-automatizado","7":"product_tag-hayward","9":"first","10":"instock","11":"shipping-taxable","12":"product-type-simple"},"yoast_head":"<!-- This site is optimized with the Yoast SEO plugin v22.8 - https:\/\/yoast.com\/wordpress\/plugins\/seo\/ -->\n<title>PANEL B\u00c1SICO OMNILOGIC CON 4 REL\u00c9S HAYWARD - Blupools<\/title>\n<meta name=\"robots\" content=\"index, follow, max-snippet:-1, max-image-preview:large, max-video-preview:-1\" \/>\n<link rel=\"canonical\" href=\"https:\/\/www.blupools.com\/co\/producto\/panel-basico-omnilogic-con-4-reles\/\" \/>\n<meta property=\"og:locale\" content=\"es_ES\" \/>\n<meta property=\"og:type\" content=\"article\" \/>\n<meta property=\"og:title\" content=\"PANEL B\u00c1SICO OMNILOGIC CON 4 REL\u00c9S HAYWARD - Blupools\" \/>\n<meta property=\"og:description\" content=\"COD: HLBASE  Automatizaci\u00f3n completa superior para nuevas piscinas y spas. OmniLogic\u00ae ofrece control de patios con tecnolog\u00eda de piscinas de avanzada. Disfruta del lujo de una automatizaci\u00f3n total con la aplicaci\u00f3n m\u00e1s intuitiva, con actualizaciones sencillas para que tu patio cuente siempre con lo \u00faltimo en tecnolog\u00eda.  Elimina la complejidad.\u00a0Con la interfaz de usuario m\u00e1s intuitiva basada en \u00edconos, configura el controlador para que se adapte a tus preferencias f\u00e1cil y r\u00e1pidamente  Capacidad de ampliaci\u00f3n modular. Equipado con 4 rel\u00e9s con la flexibilidad de actualizar.  Modo OmniDirect.\u00a0Combina la iluminaci\u00f3n LED ColorLogic y las instalaciones de agua con automatizaci\u00f3n de Hayward para obtener opciones de colores adicionales, control de atenuaci\u00f3n y m\u00e1s  Compatibilidad con sal.\u00a0Dise\u00f1ado para sal, te permite reducir el nivel de sal a 800\u00a0ppm. Compatible con Sense\u00a0&amp;\u00a0Dispense, de modo que mantiene los qu\u00edmicos en perfecto equilibrio.  Control de bomba.\u00a0Control total de hasta 16\u00a0bombas de velocidad variable sin usar rel\u00e9s  Modo de limitaci\u00f3n autom\u00e1tica con cubierta:\u00a0ajusta autom\u00e1ticamente las configuraciones de la bomba, el clorinador y la calefacci\u00f3n para brindar m\u00e1xima eficiencia cuando una cubierta de piscina est\u00e1 cerrada  Aplicaci\u00f3n OmniLogic:\u00a0Controlar todo el panel de control para piscina es r\u00e1pido, f\u00e1cil e intuitivo. Establece cronogramas o temas, controla y realiza ajustes cuando lo desees  Control de dispositivo sencillo asistido por voz.\u00a0F  Funciona con sistemas de control por voz populares, como Amazon\u00ae Alexa\u00ae y Google Home\u00ae\" \/>\n<meta property=\"og:url\" content=\"https:\/\/www.blupools.com\/co\/producto\/panel-basico-omnilogic-con-4-reles\/\" \/>\n<meta property=\"og:site_name\" content=\"Blupools\" \/>\n<meta property=\"article:modified_time\" content=\"2024-08-02T14:59:45+00:00\" \/>\n<meta property=\"og:image\" content=\"https:\/\/www.blupools.com\/co\/wp-content\/uploads\/2024\/05\/WhatsApp-Image-2024-06-24-at-10.19.37-PM.jpeg\" \/>\n\t<meta property=\"og:image:width\" content=\"413\" \/>\n\t<meta property=\"og:image:height\" content=\"454\" \/>\n\t<meta property=\"og:image:type\" content=\"image\/jpeg\" \/>\n<meta name=\"twitter:card\" content=\"summary_large_image\" \/>\n<meta name=\"twitter:label1\" content=\"Tiempo de lectura\" \/>\n\t<meta name=\"twitter:data1\" content=\"1 minuto\" \/>\n<script type=\"application\/ld+json\" class=\"yoast-schema-graph\">{\"@context\":\"https:\/\/schema.org\",\"@graph\":[{\"@type\":\"WebPage\",\"@id\":\"https:\/\/www.blupools.com\/co\/producto\/panel-basico-omnilogic-con-4-reles\/\",\"url\":\"https:\/\/www.blupools.com\/co\/producto\/panel-basico-omnilogic-con-4-reles\/\",\"name\":\"PANEL B\u00c1SICO OMNILOGIC CON 4 REL\u00c9S HAYWARD - Blupools\",\"isPartOf\":{\"@id\":\"https:\/\/www.blupools.com\/co\/#website\"},\"primaryImageOfPage\":{\"@id\":\"https:\/\/www.blupools.com\/co\/producto\/panel-basico-omnilogic-con-4-reles\/#primaryimage\"},\"image\":{\"@id\":\"https:\/\/www.blupools.com\/co\/producto\/panel-basico-omnilogic-con-4-reles\/#primaryimage\"},\"thumbnailUrl\":\"https:\/\/www.blupools.com\/co\/wp-content\/uploads\/2024\/05\/WhatsApp-Image-2024-06-24-at-10.19.37-PM.jpeg\",\"datePublished\":\"2024-05-23T21:21:59+00:00\",\"dateModified\":\"2024-08-02T14:59:45+00:00\",\"breadcrumb\":{\"@id\":\"https:\/\/www.blupools.com\/co\/producto\/panel-basico-omnilogic-con-4-reles\/#breadcrumb\"},\"inLanguage\":\"es\",\"potentialAction\":[{\"@type\":\"ReadAction\",\"target\":[\"https:\/\/www.blupools.com\/co\/producto\/panel-basico-omnilogic-con-4-reles\/\"]}]},{\"@type\":\"ImageObject\",\"inLanguage\":\"es\",\"@id\":\"https:\/\/www.blupools.com\/co\/producto\/panel-basico-omnilogic-con-4-reles\/#primaryimage\",\"url\":\"https:\/\/www.blupools.com\/co\/wp-content\/uploads\/2024\/05\/WhatsApp-Image-2024-06-24-at-10.19.37-PM.jpeg\",\"contentUrl\":\"https:\/\/www.blupools.com\/co\/wp-content\/uploads\/2024\/05\/WhatsApp-Image-2024-06-24-at-10.19.37-PM.jpeg\",\"width\":413,\"height\":454},{\"@type\":\"BreadcrumbList\",\"@id\":\"https:\/\/www.blupools.com\/co\/producto\/panel-basico-omnilogic-con-4-reles\/#breadcrumb\",\"itemListElement\":[{\"@type\":\"ListItem\",\"position\":1,\"name\":\"Portada\",\"item\":\"https:\/\/www.blupools.com\/co\/\"},{\"@type\":\"ListItem\",\"position\":2,\"name\":\"Tienda\",\"item\":\"https:\/\/www.blupools.com\/co\/tienda\/\"},{\"@type\":\"ListItem\",\"position\":3,\"name\":\"PANEL B\u00c1SICO OMNILOGIC CON 4 REL\u00c9S HAYWARD\"}]},{\"@type\":\"WebSite\",\"@id\":\"https:\/\/www.blupools.com\/co\/#website\",\"url\":\"https:\/\/www.blupools.com\/co\/\",\"name\":\"Blupools Colombia\",\"description\":\"Equipos para Piscinas y Spa&#039;s\",\"publisher\":{\"@id\":\"https:\/\/www.blupools.com\/co\/#organization\"},\"potentialAction\":[{\"@type\":\"SearchAction\",\"target\":{\"@type\":\"EntryPoint\",\"urlTemplate\":\"https:\/\/www.blupools.com\/co\/?s={search_term_string}\"},\"query-input\":\"required name=search_term_string\"}],\"inLanguage\":\"es\"},{\"@type\":\"Organization\",\"@id\":\"https:\/\/www.blupools.com\/co\/#organization\",\"name\":\"Blupools Colombia\",\"url\":\"https:\/\/www.blupools.com\/co\/\",\"logo\":{\"@type\":\"ImageObject\",\"inLanguage\":\"es\",\"@id\":\"https:\/\/www.blupools.com\/co\/#\/schema\/logo\/image\/\",\"url\":\"https:\/\/www.blupools.com\/co\/wp-content\/uploads\/2024\/06\/Logo_BP_Col.png\",\"contentUrl\":\"https:\/\/www.blupools.com\/co\/wp-content\/uploads\/2024\/06\/Logo_BP_Col.png\",\"width\":5000,\"height\":5000,\"caption\":\"Blupools Colombia\"},\"image\":{\"@id\":\"https:\/\/www.blupools.com\/co\/#\/schema\/logo\/image\/\"}}]}<\/script>\n<!-- \/ Yoast SEO plugin. -->","yoast_head_json":{"title":"PANEL B\u00c1SICO OMNILOGIC CON 4 REL\u00c9S HAYWARD - Blupools","robots":{"index":"index","follow":"follow","max-snippet":"max-snippet:-1","max-image-preview":"max-image-preview:large","max-video-preview":"max-video-preview:-1"},"canonical":"https:\/\/www.blupools.com\/co\/producto\/panel-basico-omnilogic-con-4-reles\/","og_locale":"es_ES","og_type":"article","og_title":"PANEL B\u00c1SICO OMNILOGIC CON 4 REL\u00c9S HAYWARD - Blupools","og_description":"COD: HLBASE  Automatizaci\u00f3n completa superior para nuevas piscinas y spas. OmniLogic\u00ae ofrece control de patios con tecnolog\u00eda de piscinas de avanzada. Disfruta del lujo de una automatizaci\u00f3n total con la aplicaci\u00f3n m\u00e1s intuitiva, con actualizaciones sencillas para que tu patio cuente siempre con lo \u00faltimo en tecnolog\u00eda.  Elimina la complejidad.\u00a0Con la interfaz de usuario m\u00e1s intuitiva basada en \u00edconos, configura el controlador para que se adapte a tus preferencias f\u00e1cil y r\u00e1pidamente  Capacidad de ampliaci\u00f3n modular. Equipado con 4 rel\u00e9s con la flexibilidad de actualizar.  Modo OmniDirect.\u00a0Combina la iluminaci\u00f3n LED ColorLogic y las instalaciones de agua con automatizaci\u00f3n de Hayward para obtener opciones de colores adicionales, control de atenuaci\u00f3n y m\u00e1s  Compatibilidad con sal.\u00a0Dise\u00f1ado para sal, te permite reducir el nivel de sal a 800\u00a0ppm. Compatible con Sense\u00a0&amp;\u00a0Dispense, de modo que mantiene los qu\u00edmicos en perfecto equilibrio.  Control de bomba.\u00a0Control total de hasta 16\u00a0bombas de velocidad variable sin usar rel\u00e9s  Modo de limitaci\u00f3n autom\u00e1tica con cubierta:\u00a0ajusta autom\u00e1ticamente las configuraciones de la bomba, el clorinador y la calefacci\u00f3n para brindar m\u00e1xima eficiencia cuando una cubierta de piscina est\u00e1 cerrada  Aplicaci\u00f3n OmniLogic:\u00a0Controlar todo el panel de control para piscina es r\u00e1pido, f\u00e1cil e intuitivo. Establece cronogramas o temas, controla y realiza ajustes cuando lo desees  Control de dispositivo sencillo asistido por voz.\u00a0F  Funciona con sistemas de control por voz populares, como Amazon\u00ae Alexa\u00ae y Google Home\u00ae","og_url":"https:\/\/www.blupools.com\/co\/producto\/panel-basico-omnilogic-con-4-reles\/","og_site_name":"Blupools","article_modified_time":"2024-08-02T14:59:45+00:00","og_image":[{"width":413,"height":454,"url":"https:\/\/www.blupools.com\/co\/wp-content\/uploads\/2024\/05\/WhatsApp-Image-2024-06-24-at-10.19.37-PM.jpeg","type":"image\/jpeg"}],"twitter_card":"summary_large_image","twitter_misc":{"Tiempo de lectura":"1 minuto"},"schema":{"@context":"https:\/\/schema.org","@graph":[{"@type":"WebPage","@id":"https:\/\/www.blupools.com\/co\/producto\/panel-basico-omnilogic-con-4-reles\/","url":"https:\/\/www.blupools.com\/co\/producto\/panel-basico-omnilogic-con-4-reles\/","name":"PANEL B\u00c1SICO OMNILOGIC CON 4 REL\u00c9S HAYWARD - Blupools","isPartOf":{"@id":"https:\/\/www.blupools.com\/co\/#website"},"primaryImageOfPage":{"@id":"https:\/\/www.blupools.com\/co\/producto\/panel-basico-omnilogic-con-4-reles\/#primaryimage"},"image":{"@id":"https:\/\/www.blupools.com\/co\/producto\/panel-basico-omnilogic-con-4-reles\/#primaryimage"},"thumbnailUrl":"https:\/\/www.blupools.com\/co\/wp-content\/uploads\/2024\/05\/WhatsApp-Image-2024-06-24-at-10.19.37-PM.jpeg","datePublished":"2024-05-23T21:21:59+00:00","dateModified":"2024-08-02T14:59:45+00:00","breadcrumb":{"@id":"https:\/\/www.blupools.com\/co\/producto\/panel-basico-omnilogic-con-4-reles\/#breadcrumb"},"inLanguage":"es","potentialAction":[{"@type":"ReadAction","target":["https:\/\/www.blupools.com\/co\/producto\/panel-basico-omnilogic-con-4-reles\/"]}]},{"@type":"ImageObject","inLanguage":"es","@id":"https:\/\/www.blupools.com\/co\/producto\/panel-basico-omnilogic-con-4-reles\/#primaryimage","url":"https:\/\/www.blupools.com\/co\/wp-content\/uploads\/2024\/05\/WhatsApp-Image-2024-06-24-at-10.19.37-PM.jpeg","contentUrl":"https:\/\/www.blupools.com\/co\/wp-content\/uploads\/2024\/05\/WhatsApp-Image-2024-06-24-at-10.19.37-PM.jpeg","width":413,"height":454},{"@type":"BreadcrumbList","@id":"https:\/\/www.blupools.com\/co\/producto\/panel-basico-omnilogic-con-4-reles\/#breadcrumb","itemListElement":[{"@type":"ListItem","position":1,"name":"Portada","item":"https:\/\/www.blupools.com\/co\/"},{"@type":"ListItem","position":2,"name":"Tienda","item":"https:\/\/www.blupools.com\/co\/tienda\/"},{"@type":"ListItem","position":3,"name":"PANEL B\u00c1SICO OMNILOGIC CON 4 REL\u00c9S HAYWARD"}]},{"@type":"WebSite","@id":"https:\/\/www.blupools.com\/co\/#website","url":"https:\/\/www.blupools.com\/co\/","name":"Blupools Colombia","description":"Equipos para Piscinas y Spa&#039;s","publisher":{"@id":"https:\/\/www.blupools.com\/co\/#organization"},"potentialAction":[{"@type":"SearchAction","target":{"@type":"EntryPoint","urlTemplate":"https:\/\/www.blupools.com\/co\/?s={search_term_string}"},"query-input":"required name=search_term_string"}],"inLanguage":"es"},{"@type":"Organization","@id":"https:\/\/www.blupools.com\/co\/#organization","name":"Blupools Colombia","url":"https:\/\/www.blupools.com\/co\/","logo":{"@type":"ImageObject","inLanguage":"es","@id":"https:\/\/www.blupools.com\/co\/#\/schema\/logo\/image\/","url":"https:\/\/www.blupools.com\/co\/wp-content\/uploads\/2024\/06\/Logo_BP_Col.png","contentUrl":"https:\/\/www.blupools.com\/co\/wp-content\/uploads\/2024\/06\/Logo_BP_Col.png","width":5000,"height":5000,"caption":"Blupools Colombia"},"image":{"@id":"https:\/\/www.blupools.com\/co\/#\/schema\/logo\/image\/"}}]}},"_links":{"self":[{"href":"https:\/\/www.blupools.com\/co\/wp-json\/wp\/v2\/product\/18474","targetHints":{"allow":["GET"]}}],"collection":[{"href":"https:\/\/www.blupools.com\/co\/wp-json\/wp\/v2\/product"}],"about":[{"href":"https:\/\/www.blupools.com\/co\/wp-json\/wp\/v2\/types\/product"}],"replies":[{"embeddable":true,"href":"https:\/\/www.blupools.com\/co\/wp-json\/wp\/v2\/comments?post=18474"}],"wp:featuredmedia":[{"embeddable":true,"href":"https:\/\/www.blupools.com\/co\/wp-json\/wp\/v2\/media\/18628"}],"wp:attachment":[{"href":"https:\/\/www.blupools.com\/co\/wp-json\/wp\/v2\/media?parent=18474"}],"wp:term":[{"taxonomy":"product_cat","embeddable":true,"href":"https:\/\/www.blupools.com\/co\/wp-json\/wp\/v2\/product_cat?post=18474"},{"taxonomy":"product_tag","embeddable":true,"href":"https:\/\/www.blupools.com\/co\/wp-json\/wp\/v2\/product_tag?post=18474"}],"curies":[{"name":"wp","href":"https:\/\/api.w.org\/{rel}","templated":true}]}}