{"id":18485,"date":"2024-05-23T16:22:00","date_gmt":"2024-05-23T21:22:00","guid":{"rendered":"https:\/\/www.blupools.com\/co\/producto\/escalera-de-3-pasos-acero-inox\/"},"modified":"2024-08-02T08:59:15","modified_gmt":"2024-08-02T13:59:15","slug":"escalera-de-3-pasos-acero-inox","status":"publish","type":"product","link":"https:\/\/www.blupools.com\/co\/producto\/escalera-de-3-pasos-acero-inox\/","title":{"rendered":"ESCALERA DE 3 PASOS ACERO INOX HAYWARD"},"content":{"rendered":"","protected":false},"excerpt":{"rendered":"<p>COD: LADS3H<\/p>\n<p>Fabricadas en acero inoxidable AISI 304, el tubo con un di\u00e1metro de 43 mm y una anchura de 500 mm con un acabado pulido brillante; con pelda\u00f1o de acero siempre fijados al pasamano con tornillo no visto y por \u00faltimo, las escaleras son suministradas con todos los accesorios de empotrar para su instalaci\u00f3n. La misma que son distribuidas solo con pelda\u00f1os de acero con l\u00e1minas de PVC antideslizante.<\/p>\n<p>Escalera de acero inox. De 3 pasos antideslizantes (M00154) AISI-304 incl. escudo y anclaje<\/p>\n<p>\u2022 Su cuidado dise\u00f1o garantiza seguridad contra todo tipo de deslizamientos o cortes.<br \/>\n\u2022 Viene con tapones de pl\u00e1stico que se apoyan contra la pared de la piscina y la protegen de los da\u00f1os, as\u00ed como proporcionan un punto de anclaje, para conectar a tierra una conexi\u00f3n.<\/p>\n","protected":false},"featured_media":18597,"comment_status":"open","ping_status":"closed","template":"","meta":[],"product_cat":[81],"product_tag":[48],"class_list":{"0":"post-18485","1":"product","2":"type-product","3":"status-publish","4":"has-post-thumbnail","6":"product_cat-escaleras","7":"product_tag-hayward","9":"first","10":"instock","11":"shipping-taxable","12":"product-type-simple"},"yoast_head":"<!-- This site is optimized with the Yoast SEO plugin v22.8 - https:\/\/yoast.com\/wordpress\/plugins\/seo\/ -->\n<title>ESCALERA DE 3 PASOS ACERO INOX HAYWARD - Blupools<\/title>\n<meta name=\"robots\" content=\"index, follow, max-snippet:-1, max-image-preview:large, max-video-preview:-1\" \/>\n<link rel=\"canonical\" href=\"https:\/\/www.blupools.com\/co\/producto\/escalera-de-3-pasos-acero-inox\/\" \/>\n<meta property=\"og:locale\" content=\"es_ES\" \/>\n<meta property=\"og:type\" content=\"article\" \/>\n<meta property=\"og:title\" content=\"ESCALERA DE 3 PASOS ACERO INOX HAYWARD - Blupools\" \/>\n<meta property=\"og:description\" content=\"COD: LADS3H  Fabricadas en acero inoxidable AISI 304, el tubo con un di\u00e1metro de 43 mm y una anchura de 500 mm con un acabado pulido brillante; con pelda\u00f1o de acero siempre fijados al pasamano con tornillo no visto y por \u00faltimo, las escaleras son suministradas con todos los accesorios de empotrar para su instalaci\u00f3n. La misma que son distribuidas solo con pelda\u00f1os de acero con l\u00e1minas de PVC antideslizante.  Escalera de acero inox. De 3 pasos antideslizantes (M00154) AISI-304 incl. escudo y anclaje  \u2022 Su cuidado dise\u00f1o garantiza seguridad contra todo tipo de deslizamientos o cortes. \u2022 Viene con tapones de pl\u00e1stico que se apoyan contra la pared de la piscina y la protegen de los da\u00f1os, as\u00ed como proporcionan un punto de anclaje, para conectar a tierra una conexi\u00f3n.\" \/>\n<meta property=\"og:url\" content=\"https:\/\/www.blupools.com\/co\/producto\/escalera-de-3-pasos-acero-inox\/\" \/>\n<meta property=\"og:site_name\" content=\"Blupools\" \/>\n<meta property=\"article:modified_time\" content=\"2024-08-02T13:59:15+00:00\" \/>\n<meta property=\"og:image\" content=\"https:\/\/www.blupools.com\/co\/wp-content\/uploads\/2024\/05\/WhatsApp-Image-2024-06-24-at-9.40.48-PM.jpeg\" \/>\n\t<meta property=\"og:image:width\" content=\"488\" \/>\n\t<meta property=\"og:image:height\" content=\"594\" \/>\n\t<meta property=\"og:image:type\" content=\"image\/jpeg\" \/>\n<meta name=\"twitter:card\" content=\"summary_large_image\" \/>\n<meta name=\"twitter:label1\" content=\"Tiempo de lectura\" \/>\n\t<meta name=\"twitter:data1\" content=\"1 minuto\" \/>\n<script type=\"application\/ld+json\" class=\"yoast-schema-graph\">{\"@context\":\"https:\/\/schema.org\",\"@graph\":[{\"@type\":\"WebPage\",\"@id\":\"https:\/\/www.blupools.com\/co\/producto\/escalera-de-3-pasos-acero-inox\/\",\"url\":\"https:\/\/www.blupools.com\/co\/producto\/escalera-de-3-pasos-acero-inox\/\",\"name\":\"ESCALERA DE 3 PASOS ACERO INOX HAYWARD - Blupools\",\"isPartOf\":{\"@id\":\"https:\/\/www.blupools.com\/co\/#website\"},\"primaryImageOfPage\":{\"@id\":\"https:\/\/www.blupools.com\/co\/producto\/escalera-de-3-pasos-acero-inox\/#primaryimage\"},\"image\":{\"@id\":\"https:\/\/www.blupools.com\/co\/producto\/escalera-de-3-pasos-acero-inox\/#primaryimage\"},\"thumbnailUrl\":\"https:\/\/www.blupools.com\/co\/wp-content\/uploads\/2024\/05\/WhatsApp-Image-2024-06-24-at-9.40.48-PM.jpeg\",\"datePublished\":\"2024-05-23T21:22:00+00:00\",\"dateModified\":\"2024-08-02T13:59:15+00:00\",\"breadcrumb\":{\"@id\":\"https:\/\/www.blupools.com\/co\/producto\/escalera-de-3-pasos-acero-inox\/#breadcrumb\"},\"inLanguage\":\"es\",\"potentialAction\":[{\"@type\":\"ReadAction\",\"target\":[\"https:\/\/www.blupools.com\/co\/producto\/escalera-de-3-pasos-acero-inox\/\"]}]},{\"@type\":\"ImageObject\",\"inLanguage\":\"es\",\"@id\":\"https:\/\/www.blupools.com\/co\/producto\/escalera-de-3-pasos-acero-inox\/#primaryimage\",\"url\":\"https:\/\/www.blupools.com\/co\/wp-content\/uploads\/2024\/05\/WhatsApp-Image-2024-06-24-at-9.40.48-PM.jpeg\",\"contentUrl\":\"https:\/\/www.blupools.com\/co\/wp-content\/uploads\/2024\/05\/WhatsApp-Image-2024-06-24-at-9.40.48-PM.jpeg\",\"width\":488,\"height\":594},{\"@type\":\"BreadcrumbList\",\"@id\":\"https:\/\/www.blupools.com\/co\/producto\/escalera-de-3-pasos-acero-inox\/#breadcrumb\",\"itemListElement\":[{\"@type\":\"ListItem\",\"position\":1,\"name\":\"Portada\",\"item\":\"https:\/\/www.blupools.com\/co\/\"},{\"@type\":\"ListItem\",\"position\":2,\"name\":\"Tienda\",\"item\":\"https:\/\/www.blupools.com\/co\/tienda\/\"},{\"@type\":\"ListItem\",\"position\":3,\"name\":\"ESCALERA DE 3 PASOS ACERO INOX HAYWARD\"}]},{\"@type\":\"WebSite\",\"@id\":\"https:\/\/www.blupools.com\/co\/#website\",\"url\":\"https:\/\/www.blupools.com\/co\/\",\"name\":\"Blupools Colombia\",\"description\":\"Equipos para Piscinas y Spa&#039;s\",\"publisher\":{\"@id\":\"https:\/\/www.blupools.com\/co\/#organization\"},\"potentialAction\":[{\"@type\":\"SearchAction\",\"target\":{\"@type\":\"EntryPoint\",\"urlTemplate\":\"https:\/\/www.blupools.com\/co\/?s={search_term_string}\"},\"query-input\":\"required name=search_term_string\"}],\"inLanguage\":\"es\"},{\"@type\":\"Organization\",\"@id\":\"https:\/\/www.blupools.com\/co\/#organization\",\"name\":\"Blupools Colombia\",\"url\":\"https:\/\/www.blupools.com\/co\/\",\"logo\":{\"@type\":\"ImageObject\",\"inLanguage\":\"es\",\"@id\":\"https:\/\/www.blupools.com\/co\/#\/schema\/logo\/image\/\",\"url\":\"https:\/\/www.blupools.com\/co\/wp-content\/uploads\/2024\/06\/Logo_BP_Col.png\",\"contentUrl\":\"https:\/\/www.blupools.com\/co\/wp-content\/uploads\/2024\/06\/Logo_BP_Col.png\",\"width\":5000,\"height\":5000,\"caption\":\"Blupools Colombia\"},\"image\":{\"@id\":\"https:\/\/www.blupools.com\/co\/#\/schema\/logo\/image\/\"}}]}<\/script>\n<!-- \/ Yoast SEO plugin. -->","yoast_head_json":{"title":"ESCALERA DE 3 PASOS ACERO INOX HAYWARD - Blupools","robots":{"index":"index","follow":"follow","max-snippet":"max-snippet:-1","max-image-preview":"max-image-preview:large","max-video-preview":"max-video-preview:-1"},"canonical":"https:\/\/www.blupools.com\/co\/producto\/escalera-de-3-pasos-acero-inox\/","og_locale":"es_ES","og_type":"article","og_title":"ESCALERA DE 3 PASOS ACERO INOX HAYWARD - Blupools","og_description":"COD: LADS3H  Fabricadas en acero inoxidable AISI 304, el tubo con un di\u00e1metro de 43 mm y una anchura de 500 mm con un acabado pulido brillante; con pelda\u00f1o de acero siempre fijados al pasamano con tornillo no visto y por \u00faltimo, las escaleras son suministradas con todos los accesorios de empotrar para su instalaci\u00f3n. La misma que son distribuidas solo con pelda\u00f1os de acero con l\u00e1minas de PVC antideslizante.  Escalera de acero inox. De 3 pasos antideslizantes (M00154) AISI-304 incl. escudo y anclaje  \u2022 Su cuidado dise\u00f1o garantiza seguridad contra todo tipo de deslizamientos o cortes. \u2022 Viene con tapones de pl\u00e1stico que se apoyan contra la pared de la piscina y la protegen de los da\u00f1os, as\u00ed como proporcionan un punto de anclaje, para conectar a tierra una conexi\u00f3n.","og_url":"https:\/\/www.blupools.com\/co\/producto\/escalera-de-3-pasos-acero-inox\/","og_site_name":"Blupools","article_modified_time":"2024-08-02T13:59:15+00:00","og_image":[{"width":488,"height":594,"url":"https:\/\/www.blupools.com\/co\/wp-content\/uploads\/2024\/05\/WhatsApp-Image-2024-06-24-at-9.40.48-PM.jpeg","type":"image\/jpeg"}],"twitter_card":"summary_large_image","twitter_misc":{"Tiempo de lectura":"1 minuto"},"schema":{"@context":"https:\/\/schema.org","@graph":[{"@type":"WebPage","@id":"https:\/\/www.blupools.com\/co\/producto\/escalera-de-3-pasos-acero-inox\/","url":"https:\/\/www.blupools.com\/co\/producto\/escalera-de-3-pasos-acero-inox\/","name":"ESCALERA DE 3 PASOS ACERO INOX HAYWARD - Blupools","isPartOf":{"@id":"https:\/\/www.blupools.com\/co\/#website"},"primaryImageOfPage":{"@id":"https:\/\/www.blupools.com\/co\/producto\/escalera-de-3-pasos-acero-inox\/#primaryimage"},"image":{"@id":"https:\/\/www.blupools.com\/co\/producto\/escalera-de-3-pasos-acero-inox\/#primaryimage"},"thumbnailUrl":"https:\/\/www.blupools.com\/co\/wp-content\/uploads\/2024\/05\/WhatsApp-Image-2024-06-24-at-9.40.48-PM.jpeg","datePublished":"2024-05-23T21:22:00+00:00","dateModified":"2024-08-02T13:59:15+00:00","breadcrumb":{"@id":"https:\/\/www.blupools.com\/co\/producto\/escalera-de-3-pasos-acero-inox\/#breadcrumb"},"inLanguage":"es","potentialAction":[{"@type":"ReadAction","target":["https:\/\/www.blupools.com\/co\/producto\/escalera-de-3-pasos-acero-inox\/"]}]},{"@type":"ImageObject","inLanguage":"es","@id":"https:\/\/www.blupools.com\/co\/producto\/escalera-de-3-pasos-acero-inox\/#primaryimage","url":"https:\/\/www.blupools.com\/co\/wp-content\/uploads\/2024\/05\/WhatsApp-Image-2024-06-24-at-9.40.48-PM.jpeg","contentUrl":"https:\/\/www.blupools.com\/co\/wp-content\/uploads\/2024\/05\/WhatsApp-Image-2024-06-24-at-9.40.48-PM.jpeg","width":488,"height":594},{"@type":"BreadcrumbList","@id":"https:\/\/www.blupools.com\/co\/producto\/escalera-de-3-pasos-acero-inox\/#breadcrumb","itemListElement":[{"@type":"ListItem","position":1,"name":"Portada","item":"https:\/\/www.blupools.com\/co\/"},{"@type":"ListItem","position":2,"name":"Tienda","item":"https:\/\/www.blupools.com\/co\/tienda\/"},{"@type":"ListItem","position":3,"name":"ESCALERA DE 3 PASOS ACERO INOX HAYWARD"}]},{"@type":"WebSite","@id":"https:\/\/www.blupools.com\/co\/#website","url":"https:\/\/www.blupools.com\/co\/","name":"Blupools Colombia","description":"Equipos para Piscinas y Spa&#039;s","publisher":{"@id":"https:\/\/www.blupools.com\/co\/#organization"},"potentialAction":[{"@type":"SearchAction","target":{"@type":"EntryPoint","urlTemplate":"https:\/\/www.blupools.com\/co\/?s={search_term_string}"},"query-input":"required name=search_term_string"}],"inLanguage":"es"},{"@type":"Organization","@id":"https:\/\/www.blupools.com\/co\/#organization","name":"Blupools Colombia","url":"https:\/\/www.blupools.com\/co\/","logo":{"@type":"ImageObject","inLanguage":"es","@id":"https:\/\/www.blupools.com\/co\/#\/schema\/logo\/image\/","url":"https:\/\/www.blupools.com\/co\/wp-content\/uploads\/2024\/06\/Logo_BP_Col.png","contentUrl":"https:\/\/www.blupools.com\/co\/wp-content\/uploads\/2024\/06\/Logo_BP_Col.png","width":5000,"height":5000,"caption":"Blupools Colombia"},"image":{"@id":"https:\/\/www.blupools.com\/co\/#\/schema\/logo\/image\/"}}]}},"_links":{"self":[{"href":"https:\/\/www.blupools.com\/co\/wp-json\/wp\/v2\/product\/18485","targetHints":{"allow":["GET"]}}],"collection":[{"href":"https:\/\/www.blupools.com\/co\/wp-json\/wp\/v2\/product"}],"about":[{"href":"https:\/\/www.blupools.com\/co\/wp-json\/wp\/v2\/types\/product"}],"replies":[{"embeddable":true,"href":"https:\/\/www.blupools.com\/co\/wp-json\/wp\/v2\/comments?post=18485"}],"wp:featuredmedia":[{"embeddable":true,"href":"https:\/\/www.blupools.com\/co\/wp-json\/wp\/v2\/media\/18597"}],"wp:attachment":[{"href":"https:\/\/www.blupools.com\/co\/wp-json\/wp\/v2\/media?parent=18485"}],"wp:term":[{"taxonomy":"product_cat","embeddable":true,"href":"https:\/\/www.blupools.com\/co\/wp-json\/wp\/v2\/product_cat?post=18485"},{"taxonomy":"product_tag","embeddable":true,"href":"https:\/\/www.blupools.com\/co\/wp-json\/wp\/v2\/product_tag?post=18485"}],"curies":[{"name":"wp","href":"https:\/\/api.w.org\/{rel}","templated":true}]}}