{"id":19180,"date":"2024-08-11T21:28:11","date_gmt":"2024-08-12T02:28:11","guid":{"rendered":"https:\/\/www.blupools.com\/co\/?post_type=product&#038;p=19180"},"modified":"2024-08-15T09:53:12","modified_gmt":"2024-08-15T14:53:12","slug":"relif-collection-renolit","status":"publish","type":"product","link":"https:\/\/www.blupools.com\/co\/producto\/relif-collection-renolit\/","title":{"rendered":"RELIF COLLECTION RENOLIT"},"content":{"rendered":"","protected":false},"excerpt":{"rendered":"<p>Membrana armada de 1.8 mm antideslizante, unicolor y con relieve. Atractivo est\u00e9tico y mayor seguridad para disfrutar m\u00e1s del ba\u00f1o.<\/p>\n<p>BLANCO Ref. 81116701 \u2013 1.65m<br \/>\nARENA Ref. 81116705 \u2013 1.65m<br \/>\nAZ\u00daL CLARO Ref. 81116704 \u2013 1.65m<br \/>\nAZ\u00daL ADRI\u00c1TICO Ref. 81116702 \u2013 1.65m<br \/>\nVERDE CARIBE Ref. 81116703 \u2013 1.65m<br \/>\nGRIS CLARO Ref. 81116706 \u2013 1.65m<br \/>\nGRIS OSCURO Ref. 81116707 \u2013 1.65m<br \/>\nNEGRO Ref. 81116708 \u2013 1.65m<\/p>\n","protected":false},"featured_media":19181,"comment_status":"closed","ping_status":"closed","template":"","meta":[],"product_cat":[83],"product_tag":[86],"class_list":{"0":"post-19180","1":"product","2":"type-product","3":"status-publish","4":"has-post-thumbnail","6":"product_cat-revestimiento-de-piscinas","7":"product_tag-renolit","9":"first","10":"instock","11":"shipping-taxable","12":"product-type-simple"},"yoast_head":"<!-- This site is optimized with the Yoast SEO plugin v22.8 - https:\/\/yoast.com\/wordpress\/plugins\/seo\/ -->\n<title>RELIF COLLECTION RENOLIT - Blupools<\/title>\n<meta name=\"robots\" content=\"index, follow, max-snippet:-1, max-image-preview:large, max-video-preview:-1\" \/>\n<link rel=\"canonical\" href=\"https:\/\/www.blupools.com\/co\/producto\/relif-collection-renolit\/\" \/>\n<meta property=\"og:locale\" content=\"es_ES\" \/>\n<meta property=\"og:type\" content=\"article\" \/>\n<meta property=\"og:title\" content=\"RELIF COLLECTION RENOLIT - Blupools\" \/>\n<meta property=\"og:description\" content=\"Membrana armada de 1.8 mm antideslizante, unicolor y con relieve. Atractivo est\u00e9tico y mayor seguridad para disfrutar m\u00e1s del ba\u00f1o.  BLANCO Ref. 81116701 \u2013 1.65m ARENA Ref. 81116705 \u2013 1.65m AZ\u00daL CLARO Ref. 81116704 \u2013 1.65m AZ\u00daL ADRI\u00c1TICO Ref. 81116702 \u2013 1.65m VERDE CARIBE Ref. 81116703 \u2013 1.65m GRIS CLARO Ref. 81116706 \u2013 1.65m GRIS OSCURO Ref. 81116707 \u2013 1.65m NEGRO Ref. 81116708 \u2013 1.65m\" \/>\n<meta property=\"og:url\" content=\"https:\/\/www.blupools.com\/co\/producto\/relif-collection-renolit\/\" \/>\n<meta property=\"og:site_name\" content=\"Blupools\" \/>\n<meta property=\"article:modified_time\" content=\"2024-08-15T14:53:12+00:00\" \/>\n<meta property=\"og:image\" content=\"https:\/\/www.blupools.com\/co\/wp-content\/uploads\/2024\/08\/RELIEF-COLLECTION.png\" \/>\n\t<meta property=\"og:image:width\" content=\"1099\" \/>\n\t<meta property=\"og:image:height\" content=\"818\" \/>\n\t<meta property=\"og:image:type\" content=\"image\/png\" \/>\n<meta name=\"twitter:card\" content=\"summary_large_image\" \/>\n<meta name=\"twitter:label1\" content=\"Tiempo de lectura\" \/>\n\t<meta name=\"twitter:data1\" content=\"1 minuto\" \/>\n<script type=\"application\/ld+json\" class=\"yoast-schema-graph\">{\"@context\":\"https:\/\/schema.org\",\"@graph\":[{\"@type\":\"WebPage\",\"@id\":\"https:\/\/www.blupools.com\/co\/producto\/relif-collection-renolit\/\",\"url\":\"https:\/\/www.blupools.com\/co\/producto\/relif-collection-renolit\/\",\"name\":\"RELIF COLLECTION RENOLIT - Blupools\",\"isPartOf\":{\"@id\":\"https:\/\/www.blupools.com\/co\/#website\"},\"primaryImageOfPage\":{\"@id\":\"https:\/\/www.blupools.com\/co\/producto\/relif-collection-renolit\/#primaryimage\"},\"image\":{\"@id\":\"https:\/\/www.blupools.com\/co\/producto\/relif-collection-renolit\/#primaryimage\"},\"thumbnailUrl\":\"https:\/\/www.blupools.com\/co\/wp-content\/uploads\/2024\/08\/RELIEF-COLLECTION.png\",\"datePublished\":\"2024-08-12T02:28:11+00:00\",\"dateModified\":\"2024-08-15T14:53:12+00:00\",\"breadcrumb\":{\"@id\":\"https:\/\/www.blupools.com\/co\/producto\/relif-collection-renolit\/#breadcrumb\"},\"inLanguage\":\"es\",\"potentialAction\":[{\"@type\":\"ReadAction\",\"target\":[\"https:\/\/www.blupools.com\/co\/producto\/relif-collection-renolit\/\"]}]},{\"@type\":\"ImageObject\",\"inLanguage\":\"es\",\"@id\":\"https:\/\/www.blupools.com\/co\/producto\/relif-collection-renolit\/#primaryimage\",\"url\":\"https:\/\/www.blupools.com\/co\/wp-content\/uploads\/2024\/08\/RELIEF-COLLECTION.png\",\"contentUrl\":\"https:\/\/www.blupools.com\/co\/wp-content\/uploads\/2024\/08\/RELIEF-COLLECTION.png\",\"width\":1099,\"height\":818},{\"@type\":\"BreadcrumbList\",\"@id\":\"https:\/\/www.blupools.com\/co\/producto\/relif-collection-renolit\/#breadcrumb\",\"itemListElement\":[{\"@type\":\"ListItem\",\"position\":1,\"name\":\"Portada\",\"item\":\"https:\/\/www.blupools.com\/co\/\"},{\"@type\":\"ListItem\",\"position\":2,\"name\":\"Tienda\",\"item\":\"https:\/\/www.blupools.com\/co\/tienda\/\"},{\"@type\":\"ListItem\",\"position\":3,\"name\":\"RELIF COLLECTION RENOLIT\"}]},{\"@type\":\"WebSite\",\"@id\":\"https:\/\/www.blupools.com\/co\/#website\",\"url\":\"https:\/\/www.blupools.com\/co\/\",\"name\":\"Blupools Colombia\",\"description\":\"Equipos para Piscinas y Spa&#039;s\",\"publisher\":{\"@id\":\"https:\/\/www.blupools.com\/co\/#organization\"},\"potentialAction\":[{\"@type\":\"SearchAction\",\"target\":{\"@type\":\"EntryPoint\",\"urlTemplate\":\"https:\/\/www.blupools.com\/co\/?s={search_term_string}\"},\"query-input\":\"required name=search_term_string\"}],\"inLanguage\":\"es\"},{\"@type\":\"Organization\",\"@id\":\"https:\/\/www.blupools.com\/co\/#organization\",\"name\":\"Blupools Colombia\",\"url\":\"https:\/\/www.blupools.com\/co\/\",\"logo\":{\"@type\":\"ImageObject\",\"inLanguage\":\"es\",\"@id\":\"https:\/\/www.blupools.com\/co\/#\/schema\/logo\/image\/\",\"url\":\"https:\/\/www.blupools.com\/co\/wp-content\/uploads\/2024\/06\/Logo_BP_Col.png\",\"contentUrl\":\"https:\/\/www.blupools.com\/co\/wp-content\/uploads\/2024\/06\/Logo_BP_Col.png\",\"width\":5000,\"height\":5000,\"caption\":\"Blupools Colombia\"},\"image\":{\"@id\":\"https:\/\/www.blupools.com\/co\/#\/schema\/logo\/image\/\"}}]}<\/script>\n<!-- \/ Yoast SEO plugin. -->","yoast_head_json":{"title":"RELIF COLLECTION RENOLIT - Blupools","robots":{"index":"index","follow":"follow","max-snippet":"max-snippet:-1","max-image-preview":"max-image-preview:large","max-video-preview":"max-video-preview:-1"},"canonical":"https:\/\/www.blupools.com\/co\/producto\/relif-collection-renolit\/","og_locale":"es_ES","og_type":"article","og_title":"RELIF COLLECTION RENOLIT - Blupools","og_description":"Membrana armada de 1.8 mm antideslizante, unicolor y con relieve. Atractivo est\u00e9tico y mayor seguridad para disfrutar m\u00e1s del ba\u00f1o.  BLANCO Ref. 81116701 \u2013 1.65m ARENA Ref. 81116705 \u2013 1.65m AZ\u00daL CLARO Ref. 81116704 \u2013 1.65m AZ\u00daL ADRI\u00c1TICO Ref. 81116702 \u2013 1.65m VERDE CARIBE Ref. 81116703 \u2013 1.65m GRIS CLARO Ref. 81116706 \u2013 1.65m GRIS OSCURO Ref. 81116707 \u2013 1.65m NEGRO Ref. 81116708 \u2013 1.65m","og_url":"https:\/\/www.blupools.com\/co\/producto\/relif-collection-renolit\/","og_site_name":"Blupools","article_modified_time":"2024-08-15T14:53:12+00:00","og_image":[{"width":1099,"height":818,"url":"https:\/\/www.blupools.com\/co\/wp-content\/uploads\/2024\/08\/RELIEF-COLLECTION.png","type":"image\/png"}],"twitter_card":"summary_large_image","twitter_misc":{"Tiempo de lectura":"1 minuto"},"schema":{"@context":"https:\/\/schema.org","@graph":[{"@type":"WebPage","@id":"https:\/\/www.blupools.com\/co\/producto\/relif-collection-renolit\/","url":"https:\/\/www.blupools.com\/co\/producto\/relif-collection-renolit\/","name":"RELIF COLLECTION RENOLIT - Blupools","isPartOf":{"@id":"https:\/\/www.blupools.com\/co\/#website"},"primaryImageOfPage":{"@id":"https:\/\/www.blupools.com\/co\/producto\/relif-collection-renolit\/#primaryimage"},"image":{"@id":"https:\/\/www.blupools.com\/co\/producto\/relif-collection-renolit\/#primaryimage"},"thumbnailUrl":"https:\/\/www.blupools.com\/co\/wp-content\/uploads\/2024\/08\/RELIEF-COLLECTION.png","datePublished":"2024-08-12T02:28:11+00:00","dateModified":"2024-08-15T14:53:12+00:00","breadcrumb":{"@id":"https:\/\/www.blupools.com\/co\/producto\/relif-collection-renolit\/#breadcrumb"},"inLanguage":"es","potentialAction":[{"@type":"ReadAction","target":["https:\/\/www.blupools.com\/co\/producto\/relif-collection-renolit\/"]}]},{"@type":"ImageObject","inLanguage":"es","@id":"https:\/\/www.blupools.com\/co\/producto\/relif-collection-renolit\/#primaryimage","url":"https:\/\/www.blupools.com\/co\/wp-content\/uploads\/2024\/08\/RELIEF-COLLECTION.png","contentUrl":"https:\/\/www.blupools.com\/co\/wp-content\/uploads\/2024\/08\/RELIEF-COLLECTION.png","width":1099,"height":818},{"@type":"BreadcrumbList","@id":"https:\/\/www.blupools.com\/co\/producto\/relif-collection-renolit\/#breadcrumb","itemListElement":[{"@type":"ListItem","position":1,"name":"Portada","item":"https:\/\/www.blupools.com\/co\/"},{"@type":"ListItem","position":2,"name":"Tienda","item":"https:\/\/www.blupools.com\/co\/tienda\/"},{"@type":"ListItem","position":3,"name":"RELIF COLLECTION RENOLIT"}]},{"@type":"WebSite","@id":"https:\/\/www.blupools.com\/co\/#website","url":"https:\/\/www.blupools.com\/co\/","name":"Blupools Colombia","description":"Equipos para Piscinas y Spa&#039;s","publisher":{"@id":"https:\/\/www.blupools.com\/co\/#organization"},"potentialAction":[{"@type":"SearchAction","target":{"@type":"EntryPoint","urlTemplate":"https:\/\/www.blupools.com\/co\/?s={search_term_string}"},"query-input":"required name=search_term_string"}],"inLanguage":"es"},{"@type":"Organization","@id":"https:\/\/www.blupools.com\/co\/#organization","name":"Blupools Colombia","url":"https:\/\/www.blupools.com\/co\/","logo":{"@type":"ImageObject","inLanguage":"es","@id":"https:\/\/www.blupools.com\/co\/#\/schema\/logo\/image\/","url":"https:\/\/www.blupools.com\/co\/wp-content\/uploads\/2024\/06\/Logo_BP_Col.png","contentUrl":"https:\/\/www.blupools.com\/co\/wp-content\/uploads\/2024\/06\/Logo_BP_Col.png","width":5000,"height":5000,"caption":"Blupools Colombia"},"image":{"@id":"https:\/\/www.blupools.com\/co\/#\/schema\/logo\/image\/"}}]}},"_links":{"self":[{"href":"https:\/\/www.blupools.com\/co\/wp-json\/wp\/v2\/product\/19180","targetHints":{"allow":["GET"]}}],"collection":[{"href":"https:\/\/www.blupools.com\/co\/wp-json\/wp\/v2\/product"}],"about":[{"href":"https:\/\/www.blupools.com\/co\/wp-json\/wp\/v2\/types\/product"}],"replies":[{"embeddable":true,"href":"https:\/\/www.blupools.com\/co\/wp-json\/wp\/v2\/comments?post=19180"}],"wp:featuredmedia":[{"embeddable":true,"href":"https:\/\/www.blupools.com\/co\/wp-json\/wp\/v2\/media\/19181"}],"wp:attachment":[{"href":"https:\/\/www.blupools.com\/co\/wp-json\/wp\/v2\/media?parent=19180"}],"wp:term":[{"taxonomy":"product_cat","embeddable":true,"href":"https:\/\/www.blupools.com\/co\/wp-json\/wp\/v2\/product_cat?post=19180"},{"taxonomy":"product_tag","embeddable":true,"href":"https:\/\/www.blupools.com\/co\/wp-json\/wp\/v2\/product_tag?post=19180"}],"curies":[{"name":"wp","href":"https:\/\/api.w.org\/{rel}","templated":true}]}}